{"id":2835,"date":"2024-12-07T11:33:52","date_gmt":"2024-12-07T10:33:52","guid":{"rendered":"https:\/\/www.terres-boix.com\/cookie-politique\/"},"modified":"2024-12-30T22:21:57","modified_gmt":"2024-12-30T21:21:57","slug":"cookie-politique","status":"publish","type":"page","link":"https:\/\/www.terres-boix.com\/fr\/cookie-politique\/","title":{"rendered":"Cookie politique"},"content":{"rendered":"\t\t<div data-elementor-type=\"wp-page\" data-elementor-id=\"2835\" class=\"elementor elementor-2835 elementor-52\" data-elementor-post-type=\"page\">\n\t\t\t\t<div class=\"elementor-element elementor-element-c4ad9a1 e-flex e-con-boxed e-con e-parent\" data-id=\"c4ad9a1\" data-element_type=\"container\" data-settings=\"{&quot;background_background&quot;:&quot;classic&quot;}\">\n\t\t\t\t\t<div class=\"e-con-inner\">\n\t\t\t\t\t<\/div>\n\t\t\t\t<\/div>\n\t\t<div class=\"elementor-element elementor-element-f5ac452 e-flex e-con-boxed e-con e-parent\" data-id=\"f5ac452\" data-element_type=\"container\">\n\t\t\t\t\t<div class=\"e-con-inner\">\n\t\t\t\t<div class=\"elementor-element elementor-element-7307411 elementor-widget elementor-widget-heading\" data-id=\"7307411\" data-element_type=\"widget\" data-widget_type=\"heading.default\">\n\t\t\t\t\t<h2 class=\"elementor-heading-title elementor-size-default\">COOKIES POLITIQUE<\/h2>\t\t\t\t<\/div>\n\t\t\t\t<div class=\"elementor-element elementor-element-52026d6 elementor-widget elementor-widget-text-editor\" data-id=\"52026d6\" data-element_type=\"widget\" data-widget_type=\"text-editor.default\">\n\t\t\t\t\t\t\t\t\t<p>Le cookie est un fichier qui est t\u00e9l\u00e9charg\u00e9 sur votre ordinateur pour acc\u00e9der \u00e0 certaines pages web. Les cookies permettent \u00e0 un site Web, entre autres choses, stocker et r\u00e9cup\u00e9rer des informations sur les habitudes de navigation d&rsquo;un utilisateur ou leur \u00e9quipement et, en fonction des informations qu&rsquo;ils contiennent et la fa\u00e7on dont vous utilisez votre ordinateur, peuvent \u00eatre utilis\u00e9s pour reconna\u00eetre l&rsquo;utilisateur .. Le navigateur de l&rsquo;utilisateur stocke les cookies sur votre disque dur uniquement pendant la session en cours en occupant un espace minimum de m\u00e9moire et ne pas endommager l&rsquo;ordinateur. Les cookies ne contiennent pas de renseignements personnels, et la plupart d&rsquo;entre eux sont supprim\u00e9s du disque dur \u00e0 la fin de la session du navigateur (soi-disant cookies de session).<br \/>\nLa plupart des navigateurs acceptent les cookies en standard et, ind\u00e9pendamment de celui-ci, permettre ou emp\u00eacher les param\u00e8tres de s\u00e9curit\u00e9 dans des cookies temporaires ou stock\u00e9es.<br \/>\nSans leur activation de consentement-\u00e0 travers des cookies dans votre browser-rieracomercial.com sera pas lier dans les cookies avec des donn\u00e9es donn\u00e9es personnelles fournies sur les formes possibles (entr\u00e9e, le contact, l&rsquo;enregistrement, achat &#8230;) stock\u00e9s.<\/p>\n<p><strong>Quels types de cookies peuvent utiliser ce site?<\/strong><\/p>\n<p><strong>&#8211; Cookies techniques:<\/strong> celles qui permettent \u00e0 l&rsquo;utilisateur de naviguer \u00e0 travers un site Web, la plate-forme ou de l&rsquo;application et l&rsquo;utilisation des diff\u00e9rentes options ou services exister comme, par exemple, le trafic de contr\u00f4le et de communication de donn\u00e9es, identifier la session, l&rsquo;acc\u00e8s \u00e0 certaines parties restreintes, rappelez-vous les \u00e9l\u00e9ments d&rsquo;un ordre, rendre le processus d&rsquo;achat d&rsquo;un ordre, faire une demande d&rsquo;inscription ou de participation \u00e0 un \u00e9v\u00e9nement, utiliser les fonctions de s\u00e9curit\u00e9, tout en parcourant le magasin de contenu la diffusion ou le partage de son ou du contenu vid\u00e9o \u00e0 travers les r\u00e9seaux sociaux.<\/p>\n<p><strong>&#8211; Cookies Personnalisation:<\/strong> ceux qui permettent aux utilisateurs d&rsquo;acc\u00e9der au service avec quelques caract\u00e9ristiques de caract\u00e8re g\u00e9n\u00e9ral fond\u00e9es sur un ensemble de crit\u00e8res pr\u00e9d\u00e9finis le terminal de l&rsquo;utilisateur, tels que serait la langue, le type de navigateur qui permet d&rsquo;acc\u00e9der \u00e0 le service, le lieu \u00e0 partir duquel vous acc\u00e9dez au service, etc.<\/p>\n<p><strong>&#8211; Analyse:<\/strong> Ces cookies sont bien trait\u00e9s par nous ou par des tiers, nous permettent de quantifier le nombre d&rsquo;utilisateurs et donc la mesure et l&rsquo;analyse statistique de l&rsquo;utilisation faite par les utilisateurs du service offert. Pour analyser cette navigation sur notre site, afin d&rsquo;am\u00e9liorer la fourniture de produits ou services que nous offrons.<\/p>\n<p><strong>&#8211; Cookies publicitaires:<\/strong> Ceux-ci sont trait\u00e9s par nous ou par des tiers, nous permettent de g\u00e9rer le plus efficacement possible l&rsquo;offre d&rsquo;espaces publicitaires dans le site, en adaptant le contenu du contenu de l&rsquo;annonce ou le service demand\u00e9 utilisation faite de notre site Web. Donc, nous pouvons analyser vos habitudes de navigation sur Internet et nous pouvons montrer la publicit\u00e9 associ\u00e9e \u00e0 votre profil navigation.<\/p>\n<p><strong>&#8211; La publicit\u00e9 comportementale Cookies:<\/strong> ceux qui permettent la gestion, aussi efficacement que possible, de l&rsquo;espace publicitaire qui, si l&rsquo;\u00e9diteur a inclus un site Web, l&rsquo;application ou la plate-forme de fournir le service demand\u00e9. Ces cookies stockent des informations sur le comportement de l&rsquo;utilisateur obtenu par l&rsquo;observation continue de vos habitudes de navigation, permettant de d\u00e9velopper un profil sp\u00e9cifique pour afficher des annonces bas\u00e9es sur le m\u00eame.<\/p>\n<p><strong>Cookies tiers:<\/strong> Le Web de rieracomercial.com peuvent utiliser les services de tiers pour le compte de rieracomercial.com, de compiler des informations \u00e0 des fins statistiques, \u00e0 utiliser le site par l&rsquo;utilisateur et fournir d&rsquo;autres services li\u00e9s \u00e0 l&rsquo;activit\u00e9 Site Web et d&rsquo;autres services Internet.<br \/>\nEntre autres, ce site utilise Google Analytics que je peux Google Translator, un service fourni par Google, Inc., d\u00e9pos\u00e9e aux \u00c9tats-Unis dont le si\u00e8ge est au 1600 Amphitheatre Parkway, Mountain View, Californie 94043. Pour fournir ces services, ceux-ci Ils utilisent des cookies pour collecter des informations, y compris l&rsquo;adresse IP de l&rsquo;utilisateur, qui sera transmis, trait\u00e9es et stock\u00e9es par Google sur les termes \u00e9nonc\u00e9s dans le Web Google.com. Y compris la transmission \u00e9ventuelle de telles informations \u00e0 des tiers pour des raisons d&rsquo;obligation l\u00e9gale ou lorsque ces tiers traitent ces donn\u00e9es pour le compte de Google.<br \/>\nAutres services tiers qui peuvent utiliser ce lien web sont li\u00e9s, recommandation ou vote aux r\u00e9seaux sociaux et utilisent des cookies pour fournir ce service de lien avec les comptes de r\u00e9seaux sociaux pour chaque utilisateur.<\/p>\n<p>Vous convenez express\u00e9ment, en utilisant ce site, le traitement de l&rsquo;information obtenue de la mani\u00e8re et aux fins susmentionn\u00e9es. Et aussi il reconna\u00eet son potentiel de rejeter le traitement de ces donn\u00e9es ou informations en rejetant l&rsquo;utilisation de cookies en s\u00e9lectionnant les param\u00e8tres appropri\u00e9s \u00e0 cet effet dans votre navigateur. Bien que cette option de bloquer les cookies sur votre navigateur ne peut pas permettre la pleine utilisation de toutes les fonctionnalit\u00e9s du site Web.<br \/>\nPouvez-vous autoriser, bloquer ou supprimer les cookies install\u00e9s sur votre ordinateur en configurant vos options de navigation install\u00e9s sur votre ordinateur:<br \/>\nChrome: <a href=\"https:\/\/support.google.com\/chrome\/answer\/95647?hl=es\" target=\"_blank\" rel=\"noopener\">https:\/\/support.google.com\/chrome\/answer\/95647?hl=es<\/a><br \/>\nExplorer: <a href=\"http:\/\/windows.microsoft.com\/es-es\/internet-explorer\/delete-manage-cookies#ie=ie-10\" target=\"_blank\" rel=\"noopener\">http:\/\/windows.microsoft.com\/es-es\/internet-explorer\/delete-manage-cookies#ie=ie-10<\/a><br \/>\nFirefox: <a href=\"https:\/\/support.mozilla.org\/es\/kb\/habilitar-y-deshabilitar-cookies-que-los-sitios-we\" target=\"_blank\" rel=\"noopener\">https:\/\/support.mozilla.org\/es\/kb\/habilitar-y-deshabilitar-cookies-que-los-sitios-we<\/a><br \/>\nSafari: <a href=\"https:\/\/support.apple.com\/kb\/ph5042?locale=es_ES\" target=\"_blank\" rel=\"noopener\">https:\/\/support.apple.com\/kb\/ph5042?locale=es_ES<\/a><br \/>\nOpera: <a href=\"http:\/\/help.opera.com\/Windows\/11.50\/es-ES\/cookies.html\" target=\"_blank\" rel=\"noopener\">http:\/\/help.opera.com\/Windows\/11.50\/es-ES\/cookies.html<\/a><br \/>\nSi vous avez des questions au sujet de cette politique de cookies, vous pouvez contacter terres-boix.com dans <a href=\"mailto:info@terres-boix.com\">info@terres-boix.com <\/a><\/p>\n<div id=\"gtx-trans\" style=\"position: absolute; left: 392px; top: 2206px;\">\n<div class=\"gtx-trans-icon\"><\/div>\n<\/div>\n\t\t\t\t\t\t\t\t<\/div>\n\t\t\t\t\t<\/div>\n\t\t\t\t<\/div>\n\t\t\t\t<\/div>\n\t\t","protected":false},"excerpt":{"rendered":"<p>COOKIES POLITIQUE Le cookie est un fichier qui est t\u00e9l\u00e9charg\u00e9 sur votre ordinateur pour acc\u00e9der \u00e0 certaines pages web. Les cookies permettent \u00e0 un site Web, entre autres choses, stocker et r\u00e9cup\u00e9rer des informations sur les habitudes de navigation d&rsquo;un utilisateur ou leur \u00e9quipement et, en fonction des informations qu&rsquo;ils contiennent et la fa\u00e7on dont [&hellip;]<\/p>\n","protected":false},"author":1,"featured_media":0,"parent":0,"menu_order":0,"comment_status":"closed","ping_status":"closed","template":"","meta":{"_acf_changed":false,"footnotes":""},"class_list":["post-2835","page","type-page","status-publish","hentry"],"acf":[],"_links":{"self":[{"href":"https:\/\/www.terres-boix.com\/fr\/wp-json\/wp\/v2\/pages\/2835","targetHints":{"allow":["GET"]}}],"collection":[{"href":"https:\/\/www.terres-boix.com\/fr\/wp-json\/wp\/v2\/pages"}],"about":[{"href":"https:\/\/www.terres-boix.com\/fr\/wp-json\/wp\/v2\/types\/page"}],"author":[{"embeddable":true,"href":"https:\/\/www.terres-boix.com\/fr\/wp-json\/wp\/v2\/users\/1"}],"replies":[{"embeddable":true,"href":"https:\/\/www.terres-boix.com\/fr\/wp-json\/wp\/v2\/comments?post=2835"}],"version-history":[{"count":0,"href":"https:\/\/www.terres-boix.com\/fr\/wp-json\/wp\/v2\/pages\/2835\/revisions"}],"wp:attachment":[{"href":"https:\/\/www.terres-boix.com\/fr\/wp-json\/wp\/v2\/media?parent=2835"}],"curies":[{"name":"wp","href":"https:\/\/api.w.org\/{rel}","templated":true}]}}