{"id":2804,"date":"2024-12-14T12:26:51","date_gmt":"2024-12-14T11:26:51","guid":{"rendered":"https:\/\/www.terres-boix.com\/ligne-jardinage\/substrats\/"},"modified":"2024-12-31T10:43:53","modified_gmt":"2024-12-31T09:43:53","slug":"substrats","status":"publish","type":"page","link":"https:\/\/www.terres-boix.com\/fr\/ligne-jardinage\/substrats\/","title":{"rendered":"Substrats"},"content":{"rendered":"\t\t<div data-elementor-type=\"wp-page\" data-elementor-id=\"2804\" class=\"elementor elementor-2804 elementor-871\" data-elementor-post-type=\"page\">\n\t\t\t\t<div class=\"elementor-element elementor-element-2c00d05 e-flex e-con-boxed elementor-invisible e-con e-parent\" data-id=\"2c00d05\" data-element_type=\"container\" data-settings=\"{&quot;background_background&quot;:&quot;classic&quot;,&quot;animation&quot;:&quot;fadeIn&quot;}\">\n\t\t\t\t\t<div class=\"e-con-inner\">\n\t\t\t\t<div class=\"elementor-element elementor-element-003a6c1 elementor-invisible elementor-widget elementor-widget-heading\" data-id=\"003a6c1\" data-element_type=\"widget\" data-settings=\"{&quot;_animation&quot;:&quot;fadeInUp&quot;}\" data-widget_type=\"heading.default\">\n\t\t\t\t\t<h2 class=\"elementor-heading-title elementor-size-default\">Engag\u00e9s envers la terre<\/h2>\t\t\t\t<\/div>\n\t\t\t\t\t<\/div>\n\t\t\t\t<\/div>\n\t\t<div class=\"elementor-element elementor-element-f2f578b e-con-full e-flex elementor-invisible e-con e-parent\" data-id=\"f2f578b\" data-element_type=\"container\" data-settings=\"{&quot;background_background&quot;:&quot;classic&quot;,&quot;animation&quot;:&quot;fadeIn&quot;}\">\n\t\t\t\t<div class=\"elementor-element elementor-element-3c647fc elementor-widget elementor-widget-heading\" data-id=\"3c647fc\" data-element_type=\"widget\" data-widget_type=\"heading.default\">\n\t\t\t\t\t<h2 class=\"elementor-heading-title elementor-size-default\">LIGNE JARDINAGE<\/h2>\t\t\t\t<\/div>\n\t\t\t\t<\/div>\n\t\t<div class=\"elementor-element elementor-element-a1d51f2 e-flex e-con-boxed e-con e-parent\" data-id=\"a1d51f2\" data-element_type=\"container\">\n\t\t\t\t\t<div class=\"e-con-inner\">\n\t\t<div class=\"elementor-element elementor-element-0c31168 e-con-full e-flex e-con e-child\" data-id=\"0c31168\" data-element_type=\"container\">\n\t\t\t\t<div class=\"elementor-element elementor-element-7d7f318 elementor-widget elementor-widget-heading\" data-id=\"7d7f318\" data-element_type=\"widget\" data-widget_type=\"heading.default\">\n\t\t\t\t\t<h1 class=\"elementor-heading-title elementor-size-default\">Substrats<\/h1>\t\t\t\t<\/div>\n\t\t\t\t<\/div>\n\t\t\t\t\t<\/div>\n\t\t\t\t<\/div>\n\t\t<div class=\"elementor-element elementor-element-a06daed e-flex e-con-boxed elementor-invisible e-con e-parent\" data-id=\"a06daed\" data-element_type=\"container\" data-settings=\"{&quot;animation&quot;:&quot;fadeInUp&quot;}\">\n\t\t\t\t\t<div class=\"e-con-inner\">\n\t\t<div class=\"elementor-element elementor-element-9e14cdb e-con-full e-flex e-con e-child\" data-id=\"9e14cdb\" data-element_type=\"container\">\n\t\t\t\t<div class=\"elementor-element elementor-element-0522eba elementor-widget elementor-widget-image\" data-id=\"0522eba\" data-element_type=\"widget\" data-widget_type=\"image.default\">\n\t\t\t\t\t\t\t\t\t\t\t\t\t\t\t<img fetchpriority=\"high\" decoding=\"async\" width=\"721\" height=\"454\" src=\"https:\/\/www.terres-boix.com\/wp-content\/uploads\/2024\/12\/jar-substrats.png\" class=\"attachment-large size-large wp-image-875\" alt=\"\" srcset=\"https:\/\/www.terres-boix.com\/wp-content\/uploads\/2024\/12\/jar-substrats.png 721w, https:\/\/www.terres-boix.com\/wp-content\/uploads\/2024\/12\/jar-substrats-600x378.png 600w, https:\/\/www.terres-boix.com\/wp-content\/uploads\/2024\/12\/jar-substrats-300x189.png 300w\" sizes=\"(max-width: 721px) 100vw, 721px\" \/>\t\t\t\t\t\t\t\t\t\t\t\t\t\t\t<\/div>\n\t\t\t\t<\/div>\n\t\t<div class=\"elementor-element elementor-element-121f1fd e-con-full e-flex e-con e-child\" data-id=\"121f1fd\" data-element_type=\"container\">\n\t\t<div class=\"elementor-element elementor-element-7e3e896 e-con-full e-flex e-con e-child\" data-id=\"7e3e896\" data-element_type=\"container\">\n\t\t\t\t<div class=\"elementor-element elementor-element-43fe27b elementor-widget elementor-widget-text-editor\" data-id=\"43fe27b\" data-element_type=\"widget\" data-widget_type=\"text-editor.default\">\n\t\t\t\t\t\t\t\t\t<p>Produit fabriqu\u00e9 \u00e0 partir de mati\u00e8res premi\u00e8res de premi\u00e8re qualit\u00e9. Permet l\u2019ancrage et le d\u00e9veloppement ad\u00e9quat du syst\u00e8me racinaire de la plante. Garantit une floraison optimale pour la plante.<\/p>\n\t\t\t\t\t\t\t\t<\/div>\n\t\t\t\t<div class=\"elementor-element elementor-element-2735b70 elementor-widget elementor-widget-heading\" data-id=\"2735b70\" data-element_type=\"widget\" data-widget_type=\"heading.default\">\n\t\t\t\t\t<span class=\"elementor-heading-title elementor-size-default\">Applications<\/span>\t\t\t\t<\/div>\n\t\t\t\t<div class=\"elementor-element elementor-element-1882f34 elementor-widget elementor-widget-text-editor\" data-id=\"1882f34\" data-element_type=\"widget\" data-widget_type=\"text-editor.default\">\n\t\t\t\t\t\t\t\t\t<ul>\n<li>Plantes fleuries, de balcon, de saison, ornementales, foresti\u00e8res, aromatiques, etc.<\/li>\n<li>Plantation de plantes d\u2019int\u00e9rieur et d\u2019ext\u00e9rieur.<\/li>\n<\/ul>\n\t\t\t\t\t\t\t\t<\/div>\n\t\t\t\t<div class=\"elementor-element elementor-element-5e41ffa elementor-widget elementor-widget-heading\" data-id=\"5e41ffa\" data-element_type=\"widget\" data-widget_type=\"heading.default\">\n\t\t\t\t\t<span class=\"elementor-heading-title elementor-size-default\">Commercialisation<\/span>\t\t\t\t<\/div>\n\t\t\t\t<\/div>\n\t\t<div class=\"elementor-element elementor-element-96e0e5e e-con-full e-flex e-con e-child\" data-id=\"96e0e5e\" data-element_type=\"container\">\n\t\t<div class=\"elementor-element elementor-element-72496c2 e-con-full e-flex e-con e-child\" data-id=\"72496c2\" data-element_type=\"container\">\n\t\t\t\t<div class=\"elementor-element elementor-element-4c2f086 elementor-widget elementor-widget-text-editor\" data-id=\"4c2f086\" data-element_type=\"widget\" data-widget_type=\"text-editor.default\">\n\t\t\t\t\t\t\t\t\t<ul><li>Vrac (m\u00b3)<\/li><li>Big Bag 2.300 litres<\/li><li>Big Bag 2.000 litres<\/li><li>Big Bag 1.700 litres<\/li><li>Big Bag 1.000 litres<br \/>Des substrats sur mesure sont fabriqu\u00e9s.<\/li><\/ul>\t\t\t\t\t\t\t\t<\/div>\n\t\t\t\t<\/div>\n\t\t<div class=\"elementor-element elementor-element-f37508f e-con-full e-flex e-con e-child\" data-id=\"f37508f\" data-element_type=\"container\">\n\t\t\t\t<div class=\"elementor-element elementor-element-a109e3c elementor-widget elementor-widget-image\" data-id=\"a109e3c\" data-element_type=\"widget\" data-widget_type=\"image.default\">\n\t\t\t\t\t\t\t\t\t\t\t\t\t\t\t<img decoding=\"async\" width=\"246\" height=\"150\" src=\"https:\/\/www.terres-boix.com\/wp-content\/uploads\/2024\/12\/icono-jardineria-fr.png\" class=\"attachment-large size-large wp-image-2952\" alt=\"\" \/>\t\t\t\t\t\t\t\t\t\t\t\t\t\t\t<\/div>\n\t\t\t\t<\/div>\n\t\t\t\t<\/div>\n\t\t\t\t<\/div>\n\t\t\t\t\t<\/div>\n\t\t\t\t<\/div>\n\t\t\t\t<\/div>\n\t\t","protected":false},"excerpt":{"rendered":"<p>Engag\u00e9s envers la terre LIGNE JARDINAGE Substrats Produit fabriqu\u00e9 \u00e0 partir de mati\u00e8res premi\u00e8res de premi\u00e8re qualit\u00e9. Permet l\u2019ancrage et le d\u00e9veloppement ad\u00e9quat du syst\u00e8me racinaire de la plante. Garantit une floraison optimale pour la plante. Applications Plantes fleuries, de balcon, de saison, ornementales, foresti\u00e8res, aromatiques, etc. Plantation de plantes d\u2019int\u00e9rieur et d\u2019ext\u00e9rieur. Commercialisation Vrac [&hellip;]<\/p>\n","protected":false},"author":1,"featured_media":0,"parent":2788,"menu_order":0,"comment_status":"closed","ping_status":"closed","template":"","meta":{"_acf_changed":false,"footnotes":""},"class_list":["post-2804","page","type-page","status-publish","hentry"],"acf":[],"_links":{"self":[{"href":"https:\/\/www.terres-boix.com\/fr\/wp-json\/wp\/v2\/pages\/2804","targetHints":{"allow":["GET"]}}],"collection":[{"href":"https:\/\/www.terres-boix.com\/fr\/wp-json\/wp\/v2\/pages"}],"about":[{"href":"https:\/\/www.terres-boix.com\/fr\/wp-json\/wp\/v2\/types\/page"}],"author":[{"embeddable":true,"href":"https:\/\/www.terres-boix.com\/fr\/wp-json\/wp\/v2\/users\/1"}],"replies":[{"embeddable":true,"href":"https:\/\/www.terres-boix.com\/fr\/wp-json\/wp\/v2\/comments?post=2804"}],"version-history":[{"count":0,"href":"https:\/\/www.terres-boix.com\/fr\/wp-json\/wp\/v2\/pages\/2804\/revisions"}],"up":[{"embeddable":true,"href":"https:\/\/www.terres-boix.com\/fr\/wp-json\/wp\/v2\/pages\/2788"}],"wp:attachment":[{"href":"https:\/\/www.terres-boix.com\/fr\/wp-json\/wp\/v2\/media?parent=2804"}],"curies":[{"name":"wp","href":"https:\/\/api.w.org\/{rel}","templated":true}]}}