{"id":2800,"date":"2024-12-15T06:11:24","date_gmt":"2024-12-15T05:11:24","guid":{"rendered":"https:\/\/www.terres-boix.com\/ligne-jardinage\/matiere-organique\/"},"modified":"2024-12-31T10:41:48","modified_gmt":"2024-12-31T09:41:48","slug":"matiere-organique","status":"publish","type":"page","link":"https:\/\/www.terres-boix.com\/fr\/ligne-jardinage\/matiere-organique\/","title":{"rendered":"Mati\u00e8re organique"},"content":{"rendered":"\t\t<div data-elementor-type=\"wp-page\" data-elementor-id=\"2800\" class=\"elementor elementor-2800 elementor-925\" data-elementor-post-type=\"page\">\n\t\t\t\t<div class=\"elementor-element elementor-element-6c9e5e43 e-flex e-con-boxed elementor-invisible e-con e-parent\" data-id=\"6c9e5e43\" data-element_type=\"container\" data-settings=\"{&quot;background_background&quot;:&quot;classic&quot;,&quot;animation&quot;:&quot;fadeIn&quot;}\">\n\t\t\t\t\t<div class=\"e-con-inner\">\n\t\t\t\t<div class=\"elementor-element elementor-element-442e80ba elementor-invisible elementor-widget elementor-widget-heading\" data-id=\"442e80ba\" data-element_type=\"widget\" data-settings=\"{&quot;_animation&quot;:&quot;fadeInUp&quot;}\" data-widget_type=\"heading.default\">\n\t\t\t\t\t<h2 class=\"elementor-heading-title elementor-size-default\">Engag\u00e9s envers la terre<\/h2>\t\t\t\t<\/div>\n\t\t\t\t\t<\/div>\n\t\t\t\t<\/div>\n\t\t<div class=\"elementor-element elementor-element-615541fc e-con-full e-flex elementor-invisible e-con e-parent\" data-id=\"615541fc\" data-element_type=\"container\" data-settings=\"{&quot;background_background&quot;:&quot;classic&quot;,&quot;animation&quot;:&quot;fadeIn&quot;}\">\n\t\t\t\t<div class=\"elementor-element elementor-element-10e152e6 elementor-widget elementor-widget-heading\" data-id=\"10e152e6\" data-element_type=\"widget\" data-widget_type=\"heading.default\">\n\t\t\t\t\t<h2 class=\"elementor-heading-title elementor-size-default\">LIGNE JARDINAGE<\/h2>\t\t\t\t<\/div>\n\t\t\t\t<\/div>\n\t\t<div class=\"elementor-element elementor-element-36acaa3e e-flex e-con-boxed e-con e-parent\" data-id=\"36acaa3e\" data-element_type=\"container\">\n\t\t\t\t\t<div class=\"e-con-inner\">\n\t\t<div class=\"elementor-element elementor-element-3bf756f4 e-con-full e-flex e-con e-child\" data-id=\"3bf756f4\" data-element_type=\"container\">\n\t\t\t\t<div class=\"elementor-element elementor-element-54c7e45c elementor-widget elementor-widget-heading\" data-id=\"54c7e45c\" data-element_type=\"widget\" data-widget_type=\"heading.default\">\n\t\t\t\t\t<h1 class=\"elementor-heading-title elementor-size-default\">Mati\u00e8re organique<\/h1>\t\t\t\t<\/div>\n\t\t\t\t<\/div>\n\t\t\t\t\t<\/div>\n\t\t\t\t<\/div>\n\t\t<div class=\"elementor-element elementor-element-30a648f e-flex e-con-boxed elementor-invisible e-con e-parent\" data-id=\"30a648f\" data-element_type=\"container\" data-settings=\"{&quot;animation&quot;:&quot;fadeInUp&quot;}\">\n\t\t\t\t\t<div class=\"e-con-inner\">\n\t\t<div class=\"elementor-element elementor-element-6597d26c e-con-full e-flex e-con e-child\" data-id=\"6597d26c\" data-element_type=\"container\">\n\t\t\t\t<div class=\"elementor-element elementor-element-252db078 elementor-widget elementor-widget-image\" data-id=\"252db078\" data-element_type=\"widget\" data-widget_type=\"image.default\">\n\t\t\t\t\t\t\t\t\t\t\t\t\t\t\t<img fetchpriority=\"high\" decoding=\"async\" width=\"721\" height=\"454\" src=\"https:\/\/www.terres-boix.com\/wp-content\/uploads\/2024\/12\/jar-substrats.png\" class=\"attachment-large size-large wp-image-875\" alt=\"\" srcset=\"https:\/\/www.terres-boix.com\/wp-content\/uploads\/2024\/12\/jar-substrats.png 721w, https:\/\/www.terres-boix.com\/wp-content\/uploads\/2024\/12\/jar-substrats-600x378.png 600w, https:\/\/www.terres-boix.com\/wp-content\/uploads\/2024\/12\/jar-substrats-300x189.png 300w\" sizes=\"(max-width: 721px) 100vw, 721px\" \/>\t\t\t\t\t\t\t\t\t\t\t\t\t\t\t<\/div>\n\t\t\t\t<\/div>\n\t\t<div class=\"elementor-element elementor-element-7363a5d9 e-con-full e-flex e-con e-child\" data-id=\"7363a5d9\" data-element_type=\"container\">\n\t\t<div class=\"elementor-element elementor-element-4be85756 e-con-full e-flex e-con e-child\" data-id=\"4be85756\" data-element_type=\"container\">\n\t\t\t\t<div class=\"elementor-element elementor-element-5d099eea elementor-widget elementor-widget-text-editor\" data-id=\"5d099eea\" data-element_type=\"widget\" data-widget_type=\"text-editor.default\">\n\t\t\t\t\t\t\t\t\t<p>Produit organique qui am\u00e9liore le sol en fournissant des nutriments et en rendant la terre plus l\u00e9g\u00e8re.<\/p>\n\t\t\t\t\t\t\t\t<\/div>\n\t\t\t\t<div class=\"elementor-element elementor-element-3b2b48c3 elementor-widget elementor-widget-heading\" data-id=\"3b2b48c3\" data-element_type=\"widget\" data-widget_type=\"heading.default\">\n\t\t\t\t\t<span class=\"elementor-heading-title elementor-size-default\">Applications<\/span>\t\t\t\t<\/div>\n\t\t\t\t<div class=\"elementor-element elementor-element-3eb29b54 elementor-widget elementor-widget-text-editor\" data-id=\"3eb29b54\" data-element_type=\"widget\" data-widget_type=\"text-editor.default\">\n\t\t\t\t\t\t\t\t\t<ul>\n<li>Amendement des sols pour plates-bandes, jardins et potagers.<\/li>\n<\/ul>\n\t\t\t\t\t\t\t\t<\/div>\n\t\t\t\t<div class=\"elementor-element elementor-element-6ad32044 elementor-widget elementor-widget-heading\" data-id=\"6ad32044\" data-element_type=\"widget\" data-widget_type=\"heading.default\">\n\t\t\t\t\t<span class=\"elementor-heading-title elementor-size-default\">Commercialisation<\/span>\t\t\t\t<\/div>\n\t\t\t\t<\/div>\n\t\t<div class=\"elementor-element elementor-element-69d7a99d e-con-full e-flex e-con e-child\" data-id=\"69d7a99d\" data-element_type=\"container\">\n\t\t<div class=\"elementor-element elementor-element-3f879adb e-con-full e-flex e-con e-child\" data-id=\"3f879adb\" data-element_type=\"container\">\n\t\t\t\t<div class=\"elementor-element elementor-element-2629bdea elementor-widget elementor-widget-text-editor\" data-id=\"2629bdea\" data-element_type=\"widget\" data-widget_type=\"text-editor.default\">\n\t\t\t\t\t\t\t\t\t<ul><li>Vrac (m\u00b3)<\/li><li>Big Bag 1.000 litres<\/li><\/ul>\t\t\t\t\t\t\t\t<\/div>\n\t\t\t\t<\/div>\n\t\t<div class=\"elementor-element elementor-element-e9c312d e-con-full e-flex e-con e-child\" data-id=\"e9c312d\" data-element_type=\"container\">\n\t\t\t\t<div class=\"elementor-element elementor-element-7679bc4 elementor-widget elementor-widget-image\" data-id=\"7679bc4\" data-element_type=\"widget\" data-widget_type=\"image.default\">\n\t\t\t\t\t\t\t\t\t\t\t\t\t\t\t<img decoding=\"async\" width=\"246\" height=\"150\" src=\"https:\/\/www.terres-boix.com\/wp-content\/uploads\/2024\/12\/icono-jardineria-fr.png\" class=\"attachment-large size-large wp-image-2952\" alt=\"\" \/>\t\t\t\t\t\t\t\t\t\t\t\t\t\t\t<\/div>\n\t\t\t\t<\/div>\n\t\t\t\t<\/div>\n\t\t\t\t<\/div>\n\t\t\t\t\t<\/div>\n\t\t\t\t<\/div>\n\t\t\t\t<\/div>\n\t\t","protected":false},"excerpt":{"rendered":"<p>Engag\u00e9s envers la terre LIGNE JARDINAGE Mati\u00e8re organique Produit organique qui am\u00e9liore le sol en fournissant des nutriments et en rendant la terre plus l\u00e9g\u00e8re. Applications Amendement des sols pour plates-bandes, jardins et potagers. Commercialisation Vrac (m\u00b3) Big Bag 1.000 litres<\/p>\n","protected":false},"author":1,"featured_media":0,"parent":2788,"menu_order":0,"comment_status":"closed","ping_status":"closed","template":"","meta":{"_acf_changed":false,"footnotes":""},"class_list":["post-2800","page","type-page","status-publish","hentry"],"acf":[],"_links":{"self":[{"href":"https:\/\/www.terres-boix.com\/fr\/wp-json\/wp\/v2\/pages\/2800","targetHints":{"allow":["GET"]}}],"collection":[{"href":"https:\/\/www.terres-boix.com\/fr\/wp-json\/wp\/v2\/pages"}],"about":[{"href":"https:\/\/www.terres-boix.com\/fr\/wp-json\/wp\/v2\/types\/page"}],"author":[{"embeddable":true,"href":"https:\/\/www.terres-boix.com\/fr\/wp-json\/wp\/v2\/users\/1"}],"replies":[{"embeddable":true,"href":"https:\/\/www.terres-boix.com\/fr\/wp-json\/wp\/v2\/comments?post=2800"}],"version-history":[{"count":0,"href":"https:\/\/www.terres-boix.com\/fr\/wp-json\/wp\/v2\/pages\/2800\/revisions"}],"up":[{"embeddable":true,"href":"https:\/\/www.terres-boix.com\/fr\/wp-json\/wp\/v2\/pages\/2788"}],"wp:attachment":[{"href":"https:\/\/www.terres-boix.com\/fr\/wp-json\/wp\/v2\/media?parent=2800"}],"curies":[{"name":"wp","href":"https:\/\/api.w.org\/{rel}","templated":true}]}}