{"id":2794,"date":"2024-12-14T13:01:08","date_gmt":"2024-12-14T12:01:08","guid":{"rendered":"https:\/\/www.terres-boix.com\/ligne-jardinage\/terre-vegetale\/"},"modified":"2024-12-31T10:44:53","modified_gmt":"2024-12-31T09:44:53","slug":"terre-vegetale","status":"publish","type":"page","link":"https:\/\/www.terres-boix.com\/fr\/ligne-jardinage\/terre-vegetale\/","title":{"rendered":"Terre v\u00e9g\u00e9tale"},"content":{"rendered":"\t\t<div data-elementor-type=\"wp-page\" data-elementor-id=\"2794\" class=\"elementor elementor-2794 elementor-899\" data-elementor-post-type=\"page\">\n\t\t\t\t<div class=\"elementor-element elementor-element-5a95b27 e-flex e-con-boxed elementor-invisible e-con e-parent\" data-id=\"5a95b27\" data-element_type=\"container\" data-settings=\"{&quot;background_background&quot;:&quot;classic&quot;,&quot;animation&quot;:&quot;fadeIn&quot;}\">\n\t\t\t\t\t<div class=\"e-con-inner\">\n\t\t\t\t<div class=\"elementor-element elementor-element-24d138d6 elementor-invisible elementor-widget elementor-widget-heading\" data-id=\"24d138d6\" data-element_type=\"widget\" data-settings=\"{&quot;_animation&quot;:&quot;fadeInUp&quot;}\" data-widget_type=\"heading.default\">\n\t\t\t\t\t<h2 class=\"elementor-heading-title elementor-size-default\">Engag\u00e9s envers la terre<\/h2>\t\t\t\t<\/div>\n\t\t\t\t\t<\/div>\n\t\t\t\t<\/div>\n\t\t<div class=\"elementor-element elementor-element-60dcfcd6 e-con-full e-flex elementor-invisible e-con e-parent\" data-id=\"60dcfcd6\" data-element_type=\"container\" data-settings=\"{&quot;background_background&quot;:&quot;classic&quot;,&quot;animation&quot;:&quot;fadeIn&quot;}\">\n\t\t\t\t<div class=\"elementor-element elementor-element-46778046 elementor-widget elementor-widget-heading\" data-id=\"46778046\" data-element_type=\"widget\" data-widget_type=\"heading.default\">\n\t\t\t\t\t<h2 class=\"elementor-heading-title elementor-size-default\">LIGNE JARDINAGE<\/h2>\t\t\t\t<\/div>\n\t\t\t\t<\/div>\n\t\t<div class=\"elementor-element elementor-element-37b381c e-flex e-con-boxed e-con e-parent\" data-id=\"37b381c\" data-element_type=\"container\">\n\t\t\t\t\t<div class=\"e-con-inner\">\n\t\t<div class=\"elementor-element elementor-element-6546b413 e-con-full e-flex e-con e-child\" data-id=\"6546b413\" data-element_type=\"container\">\n\t\t\t\t<div class=\"elementor-element elementor-element-7c7a03bc elementor-widget elementor-widget-heading\" data-id=\"7c7a03bc\" data-element_type=\"widget\" data-widget_type=\"heading.default\">\n\t\t\t\t\t<h1 class=\"elementor-heading-title elementor-size-default\">Terre v\u00e9g\u00e9tale<\/h1>\t\t\t\t<\/div>\n\t\t\t\t<\/div>\n\t\t\t\t\t<\/div>\n\t\t\t\t<\/div>\n\t\t<div class=\"elementor-element elementor-element-495ebbe0 e-flex e-con-boxed elementor-invisible e-con e-parent\" data-id=\"495ebbe0\" data-element_type=\"container\" data-settings=\"{&quot;animation&quot;:&quot;fadeInUp&quot;}\">\n\t\t\t\t\t<div class=\"e-con-inner\">\n\t\t<div class=\"elementor-element elementor-element-19171ba3 e-con-full e-flex e-con e-child\" data-id=\"19171ba3\" data-element_type=\"container\">\n\t\t\t\t<div class=\"elementor-element elementor-element-25fc52c9 elementor-widget elementor-widget-image\" data-id=\"25fc52c9\" data-element_type=\"widget\" data-widget_type=\"image.default\">\n\t\t\t\t\t\t\t\t\t\t\t\t\t\t\t<img fetchpriority=\"high\" decoding=\"async\" width=\"721\" height=\"454\" src=\"https:\/\/www.terres-boix.com\/wp-content\/uploads\/2024\/12\/jar-terra-vegetal.png\" class=\"attachment-large size-large wp-image-912\" alt=\"\" srcset=\"https:\/\/www.terres-boix.com\/wp-content\/uploads\/2024\/12\/jar-terra-vegetal.png 721w, https:\/\/www.terres-boix.com\/wp-content\/uploads\/2024\/12\/jar-terra-vegetal-600x378.png 600w, https:\/\/www.terres-boix.com\/wp-content\/uploads\/2024\/12\/jar-terra-vegetal-300x189.png 300w\" sizes=\"(max-width: 721px) 100vw, 721px\" \/>\t\t\t\t\t\t\t\t\t\t\t\t\t\t\t<\/div>\n\t\t\t\t<\/div>\n\t\t<div class=\"elementor-element elementor-element-2cf89c3e e-con-full e-flex e-con e-child\" data-id=\"2cf89c3e\" data-element_type=\"container\">\n\t\t<div class=\"elementor-element elementor-element-36ead641 e-con-full e-flex e-con e-child\" data-id=\"36ead641\" data-element_type=\"container\">\n\t\t\t\t<div class=\"elementor-element elementor-element-122fcedc elementor-widget elementor-widget-text-editor\" data-id=\"122fcedc\" data-element_type=\"widget\" data-widget_type=\"text-editor.default\">\n\t\t\t\t\t\t\t\t\t<p>La terre v\u00e9g\u00e9tale est un produit adapt\u00e9 \u00e0 tous types de plantes, en pots, jardini\u00e8res ou plant\u00e9es directement en pleine terre. Riche en mati\u00e8re organique, elle offre une structure \u00e9quilibr\u00e9e et une bonne a\u00e9ration, avec une r\u00e9serve nutritive pour des p\u00e9riodes de culture prolong\u00e9es.<\/p>\n\t\t\t\t\t\t\t\t<\/div>\n\t\t\t\t<div class=\"elementor-element elementor-element-578ae5fd elementor-widget elementor-widget-heading\" data-id=\"578ae5fd\" data-element_type=\"widget\" data-widget_type=\"heading.default\">\n\t\t\t\t\t<span class=\"elementor-heading-title elementor-size-default\">Applications<\/span>\t\t\t\t<\/div>\n\t\t\t\t<div class=\"elementor-element elementor-element-68917230 elementor-widget elementor-widget-text-editor\" data-id=\"68917230\" data-element_type=\"widget\" data-widget_type=\"text-editor.default\">\n\t\t\t\t\t\t\t\t\t<ul>\n<li>Plantation directe de gazon, plantes ornementales et am\u00e9nagement de plates-bandes.<\/li>\n<li>Plantation d\u2019arbres et d\u2019arbustes.<\/li>\n<li>Am\u00e9nagement des massifs dans les jardins et espaces verts.<\/li>\n<\/ul>\n\t\t\t\t\t\t\t\t<\/div>\n\t\t\t\t<div class=\"elementor-element elementor-element-8b2f9d6 elementor-widget elementor-widget-heading\" data-id=\"8b2f9d6\" data-element_type=\"widget\" data-widget_type=\"heading.default\">\n\t\t\t\t\t<span class=\"elementor-heading-title elementor-size-default\">Commercialisation<\/span>\t\t\t\t<\/div>\n\t\t\t\t<\/div>\n\t\t<div class=\"elementor-element elementor-element-46a9a9d7 e-con-full e-flex e-con e-child\" data-id=\"46a9a9d7\" data-element_type=\"container\">\n\t\t<div class=\"elementor-element elementor-element-4d26473d e-con-full e-flex e-con e-child\" data-id=\"4d26473d\" data-element_type=\"container\">\n\t\t\t\t<div class=\"elementor-element elementor-element-29ec5f11 elementor-widget elementor-widget-text-editor\" data-id=\"29ec5f11\" data-element_type=\"widget\" data-widget_type=\"text-editor.default\">\n\t\t\t\t\t\t\t\t\t<ul><li>Vrac (m\u00b3)<\/li><li>Big Bag 1.000 litres<\/li><\/ul>\t\t\t\t\t\t\t\t<\/div>\n\t\t\t\t<\/div>\n\t\t<div class=\"elementor-element elementor-element-2b685545 e-con-full e-flex e-con e-child\" data-id=\"2b685545\" data-element_type=\"container\">\n\t\t\t\t<div class=\"elementor-element elementor-element-175c6f99 elementor-widget elementor-widget-image\" data-id=\"175c6f99\" data-element_type=\"widget\" data-widget_type=\"image.default\">\n\t\t\t\t\t\t\t\t\t\t\t\t\t\t\t<img decoding=\"async\" width=\"246\" height=\"150\" src=\"https:\/\/www.terres-boix.com\/wp-content\/uploads\/2024\/12\/icono-jardineria-fr.png\" class=\"attachment-large size-large wp-image-2952\" alt=\"\" \/>\t\t\t\t\t\t\t\t\t\t\t\t\t\t\t<\/div>\n\t\t\t\t<\/div>\n\t\t\t\t<\/div>\n\t\t\t\t<\/div>\n\t\t\t\t\t<\/div>\n\t\t\t\t<\/div>\n\t\t\t\t<\/div>\n\t\t","protected":false},"excerpt":{"rendered":"<p>Engag\u00e9s envers la terre LIGNE JARDINAGE Terre v\u00e9g\u00e9tale La terre v\u00e9g\u00e9tale est un produit adapt\u00e9 \u00e0 tous types de plantes, en pots, jardini\u00e8res ou plant\u00e9es directement en pleine terre. Riche en mati\u00e8re organique, elle offre une structure \u00e9quilibr\u00e9e et une bonne a\u00e9ration, avec une r\u00e9serve nutritive pour des p\u00e9riodes de culture prolong\u00e9es. Applications Plantation directe [&hellip;]<\/p>\n","protected":false},"author":1,"featured_media":0,"parent":2788,"menu_order":0,"comment_status":"closed","ping_status":"closed","template":"","meta":{"_acf_changed":false,"footnotes":""},"class_list":["post-2794","page","type-page","status-publish","hentry"],"acf":[],"_links":{"self":[{"href":"https:\/\/www.terres-boix.com\/fr\/wp-json\/wp\/v2\/pages\/2794","targetHints":{"allow":["GET"]}}],"collection":[{"href":"https:\/\/www.terres-boix.com\/fr\/wp-json\/wp\/v2\/pages"}],"about":[{"href":"https:\/\/www.terres-boix.com\/fr\/wp-json\/wp\/v2\/types\/page"}],"author":[{"embeddable":true,"href":"https:\/\/www.terres-boix.com\/fr\/wp-json\/wp\/v2\/users\/1"}],"replies":[{"embeddable":true,"href":"https:\/\/www.terres-boix.com\/fr\/wp-json\/wp\/v2\/comments?post=2794"}],"version-history":[{"count":0,"href":"https:\/\/www.terres-boix.com\/fr\/wp-json\/wp\/v2\/pages\/2794\/revisions"}],"up":[{"embeddable":true,"href":"https:\/\/www.terres-boix.com\/fr\/wp-json\/wp\/v2\/pages\/2788"}],"wp:attachment":[{"href":"https:\/\/www.terres-boix.com\/fr\/wp-json\/wp\/v2\/media?parent=2794"}],"curies":[{"name":"wp","href":"https:\/\/api.w.org\/{rel}","templated":true}]}}