{"id":2792,"date":"2024-12-15T06:12:06","date_gmt":"2024-12-15T05:12:06","guid":{"rendered":"https:\/\/www.terres-boix.com\/ligne-jardinage\/ecorce-de-pin\/"},"modified":"2024-12-31T10:42:11","modified_gmt":"2024-12-31T09:42:11","slug":"ecorce-de-pin","status":"publish","type":"page","link":"https:\/\/www.terres-boix.com\/fr\/ligne-jardinage\/ecorce-de-pin\/","title":{"rendered":"\u00c9corce de pin"},"content":{"rendered":"\t\t<div data-elementor-type=\"wp-page\" data-elementor-id=\"2792\" class=\"elementor elementor-2792 elementor-927\" data-elementor-post-type=\"page\">\n\t\t\t\t<div class=\"elementor-element elementor-element-4ccf9a8a e-flex e-con-boxed elementor-invisible e-con e-parent\" data-id=\"4ccf9a8a\" data-element_type=\"container\" data-settings=\"{&quot;background_background&quot;:&quot;classic&quot;,&quot;animation&quot;:&quot;fadeIn&quot;}\">\n\t\t\t\t\t<div class=\"e-con-inner\">\n\t\t\t\t<div class=\"elementor-element elementor-element-5e179b00 elementor-invisible elementor-widget elementor-widget-heading\" data-id=\"5e179b00\" data-element_type=\"widget\" data-settings=\"{&quot;_animation&quot;:&quot;fadeInUp&quot;}\" data-widget_type=\"heading.default\">\n\t\t\t\t\t<h2 class=\"elementor-heading-title elementor-size-default\">Engag\u00e9s envers la terre<\/h2>\t\t\t\t<\/div>\n\t\t\t\t\t<\/div>\n\t\t\t\t<\/div>\n\t\t<div class=\"elementor-element elementor-element-41a75b4 e-con-full e-flex elementor-invisible e-con e-parent\" data-id=\"41a75b4\" data-element_type=\"container\" data-settings=\"{&quot;background_background&quot;:&quot;classic&quot;,&quot;animation&quot;:&quot;fadeIn&quot;}\">\n\t\t\t\t<div class=\"elementor-element elementor-element-450b8d74 elementor-widget elementor-widget-heading\" data-id=\"450b8d74\" data-element_type=\"widget\" data-widget_type=\"heading.default\">\n\t\t\t\t\t<h2 class=\"elementor-heading-title elementor-size-default\">LIGNE JARDINAGE<\/h2>\t\t\t\t<\/div>\n\t\t\t\t<\/div>\n\t\t<div class=\"elementor-element elementor-element-6919880c e-flex e-con-boxed e-con e-parent\" data-id=\"6919880c\" data-element_type=\"container\">\n\t\t\t\t\t<div class=\"e-con-inner\">\n\t\t<div class=\"elementor-element elementor-element-731331e e-con-full e-flex e-con e-child\" data-id=\"731331e\" data-element_type=\"container\">\n\t\t\t\t<div class=\"elementor-element elementor-element-1e518753 elementor-widget elementor-widget-heading\" data-id=\"1e518753\" data-element_type=\"widget\" data-widget_type=\"heading.default\">\n\t\t\t\t\t<h1 class=\"elementor-heading-title elementor-size-default\">\u00c9corce de pin<\/h1>\t\t\t\t<\/div>\n\t\t\t\t<\/div>\n\t\t\t\t\t<\/div>\n\t\t\t\t<\/div>\n\t\t<div class=\"elementor-element elementor-element-17f63f61 e-flex e-con-boxed elementor-invisible e-con e-parent\" data-id=\"17f63f61\" data-element_type=\"container\" data-settings=\"{&quot;animation&quot;:&quot;fadeInUp&quot;}\">\n\t\t\t\t\t<div class=\"e-con-inner\">\n\t\t<div class=\"elementor-element elementor-element-273fc71b e-con-full e-flex e-con e-child\" data-id=\"273fc71b\" data-element_type=\"container\">\n\t\t\t\t<div class=\"elementor-element elementor-element-327455e3 elementor-widget elementor-widget-image\" data-id=\"327455e3\" data-element_type=\"widget\" data-widget_type=\"image.default\">\n\t\t\t\t\t\t\t\t\t\t\t\t\t\t\t<img fetchpriority=\"high\" decoding=\"async\" width=\"721\" height=\"454\" src=\"https:\/\/www.terres-boix.com\/wp-content\/uploads\/2024\/12\/jar-substrats.png\" class=\"attachment-large size-large wp-image-875\" alt=\"\" srcset=\"https:\/\/www.terres-boix.com\/wp-content\/uploads\/2024\/12\/jar-substrats.png 721w, https:\/\/www.terres-boix.com\/wp-content\/uploads\/2024\/12\/jar-substrats-600x378.png 600w, https:\/\/www.terres-boix.com\/wp-content\/uploads\/2024\/12\/jar-substrats-300x189.png 300w\" sizes=\"(max-width: 721px) 100vw, 721px\" \/>\t\t\t\t\t\t\t\t\t\t\t\t\t\t\t<\/div>\n\t\t\t\t<\/div>\n\t\t<div class=\"elementor-element elementor-element-26a20b e-con-full e-flex e-con e-child\" data-id=\"26a20b\" data-element_type=\"container\">\n\t\t<div class=\"elementor-element elementor-element-45ffe818 e-con-full e-flex e-con e-child\" data-id=\"45ffe818\" data-element_type=\"container\">\n\t\t\t\t<div class=\"elementor-element elementor-element-52a9fee2 elementor-widget elementor-widget-text-editor\" data-id=\"52a9fee2\" data-element_type=\"widget\" data-widget_type=\"text-editor.default\">\n\t\t\t\t\t\t\t\t\t<p>L\u2019\u00e9corce de pin est soigneusement s\u00e9lectionn\u00e9e et calibr\u00e9e pour son application comme paillis et d\u00e9coration dans les jardins et pots. Produit naturel tr\u00e8s appr\u00e9ci\u00e9 pour sa haute valeur d\u00e9corative.<\/p>\n\t\t\t\t\t\t\t\t<\/div>\n\t\t\t\t<div class=\"elementor-element elementor-element-156b78b7 elementor-widget elementor-widget-heading\" data-id=\"156b78b7\" data-element_type=\"widget\" data-widget_type=\"heading.default\">\n\t\t\t\t\t<span class=\"elementor-heading-title elementor-size-default\">Applications<\/span>\t\t\t\t<\/div>\n\t\t\t\t<div class=\"elementor-element elementor-element-e11610d elementor-widget elementor-widget-text-editor\" data-id=\"e11610d\" data-element_type=\"widget\" data-widget_type=\"text-editor.default\">\n\t\t\t\t\t\t\t\t\t<ul>\n<li>Produit naturel de grande valeur esth\u00e9tique.<\/li>\n<li>Utilisation dans des plates-bandes ou zones d\u00e9limit\u00e9es pour plantes ornementales.<\/li>\n<li>Emp\u00eache la prolif\u00e9ration des mauvaises herbes.<\/li>\n<li>Maintient l\u2019humidit\u00e9 n\u00e9cessaire, r\u00e9duisant ainsi la consommation d\u2019eau.<\/li>\n<li>Prot\u00e8ge contre le gel.<\/li>\n<li>Enrichit le sol en mati\u00e8re organique gr\u00e2ce \u00e0 une d\u00e9composition lente.<\/li>\n<\/ul>\n\t\t\t\t\t\t\t\t<\/div>\n\t\t\t\t<div class=\"elementor-element elementor-element-56e95cf6 elementor-widget elementor-widget-heading\" data-id=\"56e95cf6\" data-element_type=\"widget\" data-widget_type=\"heading.default\">\n\t\t\t\t\t<span class=\"elementor-heading-title elementor-size-default\">Commercialisation<\/span>\t\t\t\t<\/div>\n\t\t\t\t<\/div>\n\t\t<div class=\"elementor-element elementor-element-1c719d6e e-con-full e-flex e-con e-child\" data-id=\"1c719d6e\" data-element_type=\"container\">\n\t\t<div class=\"elementor-element elementor-element-594ff538 e-con-full e-flex e-con e-child\" data-id=\"594ff538\" data-element_type=\"container\">\n\t\t\t\t<div class=\"elementor-element elementor-element-15c5a4b4 elementor-widget elementor-widget-text-editor\" data-id=\"15c5a4b4\" data-element_type=\"widget\" data-widget_type=\"text-editor.default\">\n\t\t\t\t\t\t\t\t\t<ul><li>Vrac (m\u00b3)<\/li><li>Big Bag 1.000 litres<\/li><\/ul>\t\t\t\t\t\t\t\t<\/div>\n\t\t\t\t<\/div>\n\t\t<div class=\"elementor-element elementor-element-2c1d4066 e-con-full e-flex e-con e-child\" data-id=\"2c1d4066\" data-element_type=\"container\">\n\t\t\t\t<div class=\"elementor-element elementor-element-105f544a elementor-widget elementor-widget-image\" data-id=\"105f544a\" data-element_type=\"widget\" data-widget_type=\"image.default\">\n\t\t\t\t\t\t\t\t\t\t\t\t\t\t\t<img decoding=\"async\" width=\"246\" height=\"150\" src=\"https:\/\/www.terres-boix.com\/wp-content\/uploads\/2024\/12\/icono-jardineria-fr.png\" class=\"attachment-large size-large wp-image-2952\" alt=\"\" \/>\t\t\t\t\t\t\t\t\t\t\t\t\t\t\t<\/div>\n\t\t\t\t<\/div>\n\t\t\t\t<\/div>\n\t\t\t\t<\/div>\n\t\t\t\t\t<\/div>\n\t\t\t\t<\/div>\n\t\t\t\t<\/div>\n\t\t","protected":false},"excerpt":{"rendered":"<p>Engag\u00e9s envers la terre LIGNE JARDINAGE \u00c9corce de pin L\u2019\u00e9corce de pin est soigneusement s\u00e9lectionn\u00e9e et calibr\u00e9e pour son application comme paillis et d\u00e9coration dans les jardins et pots. Produit naturel tr\u00e8s appr\u00e9ci\u00e9 pour sa haute valeur d\u00e9corative. Applications Produit naturel de grande valeur esth\u00e9tique. Utilisation dans des plates-bandes ou zones d\u00e9limit\u00e9es pour plantes ornementales. [&hellip;]<\/p>\n","protected":false},"author":1,"featured_media":0,"parent":2788,"menu_order":0,"comment_status":"closed","ping_status":"closed","template":"","meta":{"_acf_changed":false,"footnotes":""},"class_list":["post-2792","page","type-page","status-publish","hentry"],"acf":[],"_links":{"self":[{"href":"https:\/\/www.terres-boix.com\/fr\/wp-json\/wp\/v2\/pages\/2792","targetHints":{"allow":["GET"]}}],"collection":[{"href":"https:\/\/www.terres-boix.com\/fr\/wp-json\/wp\/v2\/pages"}],"about":[{"href":"https:\/\/www.terres-boix.com\/fr\/wp-json\/wp\/v2\/types\/page"}],"author":[{"embeddable":true,"href":"https:\/\/www.terres-boix.com\/fr\/wp-json\/wp\/v2\/users\/1"}],"replies":[{"embeddable":true,"href":"https:\/\/www.terres-boix.com\/fr\/wp-json\/wp\/v2\/comments?post=2792"}],"version-history":[{"count":0,"href":"https:\/\/www.terres-boix.com\/fr\/wp-json\/wp\/v2\/pages\/2792\/revisions"}],"up":[{"embeddable":true,"href":"https:\/\/www.terres-boix.com\/fr\/wp-json\/wp\/v2\/pages\/2788"}],"wp:attachment":[{"href":"https:\/\/www.terres-boix.com\/fr\/wp-json\/wp\/v2\/media?parent=2792"}],"curies":[{"name":"wp","href":"https:\/\/api.w.org\/{rel}","templated":true}]}}