{"id":2790,"date":"2024-12-15T06:07:22","date_gmt":"2024-12-15T05:07:22","guid":{"rendered":"https:\/\/www.terres-boix.com\/ligne-jardinage\/compost-fumier\/"},"modified":"2024-12-31T10:42:38","modified_gmt":"2024-12-31T09:42:38","slug":"compost-fumier","status":"publish","type":"page","link":"https:\/\/www.terres-boix.com\/fr\/ligne-jardinage\/compost-fumier\/","title":{"rendered":"Compost fumier"},"content":{"rendered":"\t\t<div data-elementor-type=\"wp-page\" data-elementor-id=\"2790\" class=\"elementor elementor-2790 elementor-919\" data-elementor-post-type=\"page\">\n\t\t\t\t<div class=\"elementor-element elementor-element-705df8ae e-flex e-con-boxed elementor-invisible e-con e-parent\" data-id=\"705df8ae\" data-element_type=\"container\" data-settings=\"{&quot;background_background&quot;:&quot;classic&quot;,&quot;animation&quot;:&quot;fadeIn&quot;}\">\n\t\t\t\t\t<div class=\"e-con-inner\">\n\t\t\t\t<div class=\"elementor-element elementor-element-482a14a2 elementor-invisible elementor-widget elementor-widget-heading\" data-id=\"482a14a2\" data-element_type=\"widget\" data-settings=\"{&quot;_animation&quot;:&quot;fadeInUp&quot;}\" data-widget_type=\"heading.default\">\n\t\t\t\t\t<h2 class=\"elementor-heading-title elementor-size-default\">Engag\u00e9s envers la terre<\/h2>\t\t\t\t<\/div>\n\t\t\t\t\t<\/div>\n\t\t\t\t<\/div>\n\t\t<div class=\"elementor-element elementor-element-2a9a7c03 e-con-full e-flex elementor-invisible e-con e-parent\" data-id=\"2a9a7c03\" data-element_type=\"container\" data-settings=\"{&quot;background_background&quot;:&quot;classic&quot;,&quot;animation&quot;:&quot;fadeIn&quot;}\">\n\t\t\t\t<div class=\"elementor-element elementor-element-26597bcb elementor-widget elementor-widget-heading\" data-id=\"26597bcb\" data-element_type=\"widget\" data-widget_type=\"heading.default\">\n\t\t\t\t\t<h2 class=\"elementor-heading-title elementor-size-default\">LIGNE JARDINAGE<\/h2>\t\t\t\t<\/div>\n\t\t\t\t<\/div>\n\t\t<div class=\"elementor-element elementor-element-728e435e e-flex e-con-boxed e-con e-parent\" data-id=\"728e435e\" data-element_type=\"container\">\n\t\t\t\t\t<div class=\"e-con-inner\">\n\t\t<div class=\"elementor-element elementor-element-3a16eb92 e-con-full e-flex e-con e-child\" data-id=\"3a16eb92\" data-element_type=\"container\">\n\t\t\t\t<div class=\"elementor-element elementor-element-d1b75dc elementor-widget elementor-widget-heading\" data-id=\"d1b75dc\" data-element_type=\"widget\" data-widget_type=\"heading.default\">\n\t\t\t\t\t<h1 class=\"elementor-heading-title elementor-size-default\">Compost fumier<\/h1>\t\t\t\t<\/div>\n\t\t\t\t<\/div>\n\t\t\t\t\t<\/div>\n\t\t\t\t<\/div>\n\t\t<div class=\"elementor-element elementor-element-1f6b7976 e-flex e-con-boxed elementor-invisible e-con e-parent\" data-id=\"1f6b7976\" data-element_type=\"container\" data-settings=\"{&quot;animation&quot;:&quot;fadeInUp&quot;}\">\n\t\t\t\t\t<div class=\"e-con-inner\">\n\t\t<div class=\"elementor-element elementor-element-70eac323 e-con-full e-flex e-con e-child\" data-id=\"70eac323\" data-element_type=\"container\">\n\t\t\t\t<div class=\"elementor-element elementor-element-4a49e840 elementor-widget elementor-widget-image\" data-id=\"4a49e840\" data-element_type=\"widget\" data-widget_type=\"image.default\">\n\t\t\t\t\t\t\t\t\t\t\t\t\t\t\t<img fetchpriority=\"high\" decoding=\"async\" width=\"726\" height=\"457\" src=\"https:\/\/www.terres-boix.com\/wp-content\/uploads\/2024\/12\/jar-compost-fem.png\" class=\"attachment-large size-large wp-image-909\" alt=\"\" srcset=\"https:\/\/www.terres-boix.com\/wp-content\/uploads\/2024\/12\/jar-compost-fem.png 726w, https:\/\/www.terres-boix.com\/wp-content\/uploads\/2024\/12\/jar-compost-fem-600x378.png 600w, https:\/\/www.terres-boix.com\/wp-content\/uploads\/2024\/12\/jar-compost-fem-300x189.png 300w\" sizes=\"(max-width: 726px) 100vw, 726px\" \/>\t\t\t\t\t\t\t\t\t\t\t\t\t\t\t<\/div>\n\t\t\t\t<\/div>\n\t\t<div class=\"elementor-element elementor-element-1d078bcc e-con-full e-flex e-con e-child\" data-id=\"1d078bcc\" data-element_type=\"container\">\n\t\t<div class=\"elementor-element elementor-element-2a3a17c e-con-full e-flex e-con e-child\" data-id=\"2a3a17c\" data-element_type=\"container\">\n\t\t\t\t<div class=\"elementor-element elementor-element-402aca40 elementor-widget elementor-widget-text-editor\" data-id=\"402aca40\" data-element_type=\"widget\" data-widget_type=\"text-editor.default\">\n\t\t\t\t\t\t\t\t\t<p>Le compost fumier, compost\u00e9 et tamis\u00e9, est un produit tr\u00e8s l\u00e9ger et riche en nutriments. Il permet l\u2019ancrage et le d\u00e9veloppement optimal du syst\u00e8me racinaire, favorisant ainsi la croissance efficace des plantes.<\/p>\n\t\t\t\t\t\t\t\t<\/div>\n\t\t\t\t<div class=\"elementor-element elementor-element-ced015 elementor-widget elementor-widget-heading\" data-id=\"ced015\" data-element_type=\"widget\" data-widget_type=\"heading.default\">\n\t\t\t\t\t<span class=\"elementor-heading-title elementor-size-default\">Applications<\/span>\t\t\t\t<\/div>\n\t\t\t\t<div class=\"elementor-element elementor-element-7f7bc4ba elementor-widget elementor-widget-text-editor\" data-id=\"7f7bc4ba\" data-element_type=\"widget\" data-widget_type=\"text-editor.default\">\n\t\t\t\t\t\t\t\t\t<ul>\n<li>Fourniture de nutriments pour le gazon.<\/li>\n<li>Am\u00e9lioration du sol des jardins et potagers.<\/li>\n<li>Augmente la r\u00e9tention d\u2019eau et de nutriments, et favorise l\u2019activit\u00e9 biologique.<\/li>\n<\/ul>\n\t\t\t\t\t\t\t\t<\/div>\n\t\t\t\t<div class=\"elementor-element elementor-element-10842cd6 elementor-widget elementor-widget-heading\" data-id=\"10842cd6\" data-element_type=\"widget\" data-widget_type=\"heading.default\">\n\t\t\t\t\t<span class=\"elementor-heading-title elementor-size-default\">Commercialisation<\/span>\t\t\t\t<\/div>\n\t\t\t\t<\/div>\n\t\t<div class=\"elementor-element elementor-element-2236dbf6 e-con-full e-flex e-con e-child\" data-id=\"2236dbf6\" data-element_type=\"container\">\n\t\t<div class=\"elementor-element elementor-element-11bea1be e-con-full e-flex e-con e-child\" data-id=\"11bea1be\" data-element_type=\"container\">\n\t\t\t\t<div class=\"elementor-element elementor-element-162eda60 elementor-widget elementor-widget-text-editor\" data-id=\"162eda60\" data-element_type=\"widget\" data-widget_type=\"text-editor.default\">\n\t\t\t\t\t\t\t\t\t<ul><li>Vrac (m\u00b3)<\/li><li>Big Bag 1.000 litres<\/li><\/ul>\t\t\t\t\t\t\t\t<\/div>\n\t\t\t\t<\/div>\n\t\t<div class=\"elementor-element elementor-element-3fd7093b e-con-full e-flex e-con e-child\" data-id=\"3fd7093b\" data-element_type=\"container\">\n\t\t\t\t<div class=\"elementor-element elementor-element-47de6400 elementor-widget elementor-widget-image\" data-id=\"47de6400\" data-element_type=\"widget\" data-widget_type=\"image.default\">\n\t\t\t\t\t\t\t\t\t\t\t\t\t\t\t<img decoding=\"async\" width=\"246\" height=\"150\" src=\"https:\/\/www.terres-boix.com\/wp-content\/uploads\/2024\/12\/icono-jardineria-fr.png\" class=\"attachment-large size-large wp-image-2952\" alt=\"\" \/>\t\t\t\t\t\t\t\t\t\t\t\t\t\t\t<\/div>\n\t\t\t\t<\/div>\n\t\t\t\t<\/div>\n\t\t\t\t<\/div>\n\t\t\t\t\t<\/div>\n\t\t\t\t<\/div>\n\t\t\t\t<\/div>\n\t\t","protected":false},"excerpt":{"rendered":"<p>Engag\u00e9s envers la terre LIGNE JARDINAGE Compost fumier Le compost fumier, compost\u00e9 et tamis\u00e9, est un produit tr\u00e8s l\u00e9ger et riche en nutriments. Il permet l\u2019ancrage et le d\u00e9veloppement optimal du syst\u00e8me racinaire, favorisant ainsi la croissance efficace des plantes. Applications Fourniture de nutriments pour le gazon. Am\u00e9lioration du sol des jardins et potagers. Augmente [&hellip;]<\/p>\n","protected":false},"author":1,"featured_media":0,"parent":2788,"menu_order":0,"comment_status":"closed","ping_status":"closed","template":"","meta":{"_acf_changed":false,"footnotes":""},"class_list":["post-2790","page","type-page","status-publish","hentry"],"acf":[],"_links":{"self":[{"href":"https:\/\/www.terres-boix.com\/fr\/wp-json\/wp\/v2\/pages\/2790","targetHints":{"allow":["GET"]}}],"collection":[{"href":"https:\/\/www.terres-boix.com\/fr\/wp-json\/wp\/v2\/pages"}],"about":[{"href":"https:\/\/www.terres-boix.com\/fr\/wp-json\/wp\/v2\/types\/page"}],"author":[{"embeddable":true,"href":"https:\/\/www.terres-boix.com\/fr\/wp-json\/wp\/v2\/users\/1"}],"replies":[{"embeddable":true,"href":"https:\/\/www.terres-boix.com\/fr\/wp-json\/wp\/v2\/comments?post=2790"}],"version-history":[{"count":0,"href":"https:\/\/www.terres-boix.com\/fr\/wp-json\/wp\/v2\/pages\/2790\/revisions"}],"up":[{"embeddable":true,"href":"https:\/\/www.terres-boix.com\/fr\/wp-json\/wp\/v2\/pages\/2788"}],"wp:attachment":[{"href":"https:\/\/www.terres-boix.com\/fr\/wp-json\/wp\/v2\/media?parent=2790"}],"curies":[{"name":"wp","href":"https:\/\/api.w.org\/{rel}","templated":true}]}}