{"id":2786,"date":"2024-12-17T19:20:03","date_gmt":"2024-12-17T18:20:03","guid":{"rendered":"https:\/\/www.terres-boix.com\/ligne-garden\/substrat-pour-semis\/"},"modified":"2025-01-09T19:41:06","modified_gmt":"2025-01-09T18:41:06","slug":"substrat-pour-semis","status":"publish","type":"page","link":"https:\/\/www.terres-boix.com\/fr\/ligne-garden\/substrat-pour-semis\/","title":{"rendered":"Substrat pour Semis"},"content":{"rendered":"\t\t<div data-elementor-type=\"wp-page\" data-elementor-id=\"2786\" class=\"elementor elementor-2786 elementor-1322\" data-elementor-post-type=\"page\">\n\t\t\t\t<div class=\"elementor-element elementor-element-37051f2c e-flex e-con-boxed elementor-invisible e-con e-parent\" data-id=\"37051f2c\" data-element_type=\"container\" data-settings=\"{&quot;background_background&quot;:&quot;classic&quot;,&quot;animation&quot;:&quot;fadeIn&quot;}\">\n\t\t\t\t\t<div class=\"e-con-inner\">\n\t\t\t\t<div class=\"elementor-element elementor-element-7a8ce178 elementor-invisible elementor-widget elementor-widget-heading\" data-id=\"7a8ce178\" data-element_type=\"widget\" data-settings=\"{&quot;_animation&quot;:&quot;fadeInUp&quot;}\" data-widget_type=\"heading.default\">\n\t\t\t\t\t<h2 class=\"elementor-heading-title elementor-size-default\">Engag\u00e9s envers la terre<\/h2>\t\t\t\t<\/div>\n\t\t\t\t<div class=\"elementor-element elementor-element-1ab968be elementor-absolute elementor-invisible elementor-widget elementor-widget-image\" data-id=\"1ab968be\" data-element_type=\"widget\" data-settings=\"{&quot;_position&quot;:&quot;absolute&quot;,&quot;_animation&quot;:&quot;fadeInRight&quot;,&quot;_animation_delay&quot;:500}\" data-widget_type=\"image.default\">\n\t\t\t\t\t\t\t\t\t\t\t\t\t\t\t<img fetchpriority=\"high\" decoding=\"async\" width=\"800\" height=\"890\" src=\"https:\/\/www.terres-boix.com\/wp-content\/uploads\/2025\/01\/sac-semillero-inc.png\" class=\"attachment-large size-large wp-image-3938\" alt=\"\" srcset=\"https:\/\/www.terres-boix.com\/wp-content\/uploads\/2025\/01\/sac-semillero-inc.png 836w, https:\/\/www.terres-boix.com\/wp-content\/uploads\/2025\/01\/sac-semillero-inc-270x300.png 270w, https:\/\/www.terres-boix.com\/wp-content\/uploads\/2025\/01\/sac-semillero-inc-768x854.png 768w, https:\/\/www.terres-boix.com\/wp-content\/uploads\/2025\/01\/sac-semillero-inc-600x667.png 600w\" sizes=\"(max-width: 800px) 100vw, 800px\" \/>\t\t\t\t\t\t\t\t\t\t\t\t\t\t\t<\/div>\n\t\t\t\t\t<\/div>\n\t\t\t\t<\/div>\n\t\t<div class=\"elementor-element elementor-element-4ad638bf e-con-full e-flex elementor-invisible e-con e-parent\" data-id=\"4ad638bf\" data-element_type=\"container\" data-settings=\"{&quot;background_background&quot;:&quot;classic&quot;,&quot;animation&quot;:&quot;fadeIn&quot;}\">\n\t\t\t\t<div class=\"elementor-element elementor-element-6162759c elementor-widget elementor-widget-heading\" data-id=\"6162759c\" data-element_type=\"widget\" data-widget_type=\"heading.default\">\n\t\t\t\t\t<h2 class=\"elementor-heading-title elementor-size-default\">LIGNE GARDEN<\/h2>\t\t\t\t<\/div>\n\t\t\t\t<\/div>\n\t\t<div class=\"elementor-element elementor-element-416fffb6 e-con-full e-flex e-con e-parent\" data-id=\"416fffb6\" data-element_type=\"container\">\n\t\t<div class=\"elementor-element elementor-element-3d9de3bb e-con-full elementor-hidden-tablet elementor-hidden-mobile e-flex e-con e-child\" data-id=\"3d9de3bb\" data-element_type=\"container\">\n\t\t\t\t<div class=\"elementor-element elementor-element-7f156437 elementor-widget elementor-widget-image\" data-id=\"7f156437\" data-element_type=\"widget\" data-widget_type=\"image.default\">\n\t\t\t\t\t\t\t\t\t\t\t\t\t\t\t<img decoding=\"async\" width=\"680\" height=\"1024\" src=\"https:\/\/www.terres-boix.com\/wp-content\/uploads\/2024\/12\/maceta-substrat-semillero-680x1024.png\" class=\"attachment-large size-large wp-image-2469\" alt=\"\" srcset=\"https:\/\/www.terres-boix.com\/wp-content\/uploads\/2024\/12\/maceta-substrat-semillero-680x1024.png 680w, https:\/\/www.terres-boix.com\/wp-content\/uploads\/2024\/12\/maceta-substrat-semillero-600x904.png 600w, https:\/\/www.terres-boix.com\/wp-content\/uploads\/2024\/12\/maceta-substrat-semillero-199x300.png 199w, https:\/\/www.terres-boix.com\/wp-content\/uploads\/2024\/12\/maceta-substrat-semillero-768x1157.png 768w, https:\/\/www.terres-boix.com\/wp-content\/uploads\/2024\/12\/maceta-substrat-semillero.png 835w\" sizes=\"(max-width: 680px) 100vw, 680px\" \/>\t\t\t\t\t\t\t\t\t\t\t\t\t\t\t<\/div>\n\t\t\t\t<\/div>\n\t\t<div class=\"elementor-element elementor-element-3e5f29a3 e-flex e-con-boxed e-con e-child\" data-id=\"3e5f29a3\" data-element_type=\"container\">\n\t\t\t\t\t<div class=\"e-con-inner\">\n\t\t\t\t<div class=\"elementor-element elementor-element-796272de elementor-widget-tablet__width-initial elementor-widget elementor-widget-heading\" data-id=\"796272de\" data-element_type=\"widget\" data-widget_type=\"heading.default\">\n\t\t\t\t\t<h1 class=\"elementor-heading-title elementor-size-default\">Substrat pour Semis<\/h1>\t\t\t\t<\/div>\n\t\t\t\t<div class=\"elementor-element elementor-element-72a1fab1 elementor-widget elementor-widget-image\" data-id=\"72a1fab1\" data-element_type=\"widget\" data-widget_type=\"image.default\">\n\t\t\t\t\t\t\t\t\t\t\t\t\t\t\t<img decoding=\"async\" width=\"565\" height=\"1024\" src=\"https:\/\/www.terres-boix.com\/wp-content\/uploads\/2024\/12\/sac-substrat-planter-565x1024.png\" class=\"attachment-large size-large wp-image-2277\" alt=\"\" srcset=\"https:\/\/www.terres-boix.com\/wp-content\/uploads\/2024\/12\/sac-substrat-planter-565x1024.png 565w, https:\/\/www.terres-boix.com\/wp-content\/uploads\/2024\/12\/sac-substrat-planter-165x300.png 165w, https:\/\/www.terres-boix.com\/wp-content\/uploads\/2024\/12\/sac-substrat-planter.png 600w\" sizes=\"(max-width: 565px) 100vw, 565px\" \/>\t\t\t\t\t\t\t\t\t\t\t\t\t\t\t<\/div>\n\t\t\t\t\t<\/div>\n\t\t\t\t<\/div>\n\t\t<div class=\"elementor-element elementor-element-55032914 e-con-full e-flex e-con e-child\" data-id=\"55032914\" data-element_type=\"container\">\n\t\t\t\t<div class=\"elementor-element elementor-element-7614d791 elementor-widget elementor-widget-heading\" data-id=\"7614d791\" data-element_type=\"widget\" data-widget_type=\"heading.default\">\n\t\t\t\t\t<span class=\"elementor-heading-title elementor-size-default\">Description du produit:<\/span>\t\t\t\t<\/div>\n\t\t\t\t<div class=\"elementor-element elementor-element-18295dd9 elementor-widget elementor-widget-text-editor\" data-id=\"18295dd9\" data-element_type=\"widget\" data-widget_type=\"text-editor.default\">\n\t\t\t\t\t\t\t\t\tSubstrat de culture sp\u00e9cial pour la germination de graines ou la plantation de boutures, il est form\u00e9 d&rsquo;un m\u00e9lange de mati\u00e8res organiques de haute qualit\u00e9.\r\nSa porosit\u00e9 \u00e9tudi\u00e9e offre un \u00e9quilibre id\u00e9al en r\u00e9tention de\r\neau, drainage et a\u00e9ration, avec lesquels on obtient un milieu de culture id\u00e9al pour la germination et\/ou la croissance des plantes.\t\t\t\t\t\t\t\t<\/div>\n\t\t\t\t<div class=\"elementor-element elementor-element-c7e93c7 elementor-widget elementor-widget-heading\" data-id=\"c7e93c7\" data-element_type=\"widget\" data-widget_type=\"heading.default\">\n\t\t\t\t\t<span class=\"elementor-heading-title elementor-size-default\">Applications:<\/span>\t\t\t\t<\/div>\n\t\t\t\t<div class=\"elementor-element elementor-element-462ae137 elementor-widget elementor-widget-text-editor\" data-id=\"462ae137\" data-element_type=\"widget\" data-widget_type=\"text-editor.default\">\n\t\t\t\t\t\t\t\t\t<ul>\n<li>Germination des graines.<\/li>\n<li>Plantation de boutures.<\/li>\n<li>Plantation directe de plantes.<\/li>\n<\/ul>\n\t\t\t\t\t\t\t\t<\/div>\n\t\t\t\t<div class=\"elementor-element elementor-element-c385032 elementor-widget elementor-widget-heading\" data-id=\"c385032\" data-element_type=\"widget\" data-widget_type=\"heading.default\">\n\t\t\t\t\t<span class=\"elementor-heading-title elementor-size-default\">Commercialisation:<\/span>\t\t\t\t<\/div>\n\t\t\t\t<div class=\"elementor-element elementor-element-75cec6bd elementor-widget elementor-widget-Table\" data-id=\"75cec6bd\" data-element_type=\"widget\" data-widget_type=\"Table.default\">\n\t\t\t\t<div class=\"elementor-widget-container\">\n\t\t\t\t\t\t\t<table class=\"tafe-table \">\n\t\t\t<thead  class=\"tafe-table-header\">\n\t\t\t\t<tr>\n\t\t\t\t\t<th class=\"elementor-inline-editing elementor-repeater-item-eaebfde\"   >EAN<\/th><th class=\"elementor-inline-editing elementor-repeater-item-01a807d\"   >VOLUME<\/th><th class=\"elementor-inline-editing elementor-repeater-item-91df6f3\"   >U\/BO\u00ceTE<\/th><th class=\"elementor-inline-editing elementor-repeater-item-4b76ba1\"   >U\/BOX<\/th><th class=\"elementor-inline-editing elementor-repeater-item-d6d594d\"   >PALETTE<\/th>\t\t\t\t<\/tr>\n\t\t\t<\/thead>\n\t\t\t\t\t\t<tbody class=\"tafe-table-body\">\n\t\t\t\t<tr>\n\t\t\t\t\t<td data-label=\"EAN\"   class=\"elementor-repeater-item-20298b9 td-content-type-default\" >8437002614423<\/td><td data-label=\"VOLUME\"   class=\"elementor-repeater-item-2dc1341 td-content-type-default\" >50<\/td><td data-label=\"U\/BO\u00ceTE\"   class=\"elementor-repeater-item-e505e74 td-content-type-default\" >-<\/td><td data-label=\"U\/BOX\"   class=\"elementor-repeater-item-d16b591 td-content-type-default\" >-<\/td><td data-label=\"PALETTE\"   class=\"elementor-repeater-item-927846f td-content-type-default\" >54<\/td>\t\t\t\t<\/tr>\n\t\t\t<\/tbody>\n\t\t<\/table>\n\t\t\n\t\t\t\t\t\t<\/div>\n\t\t\t\t<\/div>\n\t\t\t\t<div class=\"elementor-element elementor-element-3e2b8794 elementor-widget elementor-widget-heading\" data-id=\"3e2b8794\" data-element_type=\"widget\" data-widget_type=\"heading.default\">\n\t\t\t\t\t<span class=\"elementor-heading-title elementor-size-default\">Mod\u00e8les de sacs:<\/span>\t\t\t\t<\/div>\n\t\t\t\t<div class=\"elementor-element elementor-element-660302e elementor-widget elementor-widget-image\" data-id=\"660302e\" data-element_type=\"widget\" data-widget_type=\"image.default\">\n\t\t\t\t\t\t\t\t\t\t\t\t\t\t\t<img loading=\"lazy\" decoding=\"async\" width=\"118\" height=\"223\" src=\"https:\/\/www.terres-boix.com\/wp-content\/uploads\/2024\/12\/model-sac-substrat-semillero.png\" class=\"attachment-large size-large wp-image-2485\" alt=\"\" \/>\t\t\t\t\t\t\t\t\t\t\t\t\t\t\t<\/div>\n\t\t\t\t<\/div>\n\t\t\t\t<\/div>\n\t\t\t\t<\/div>\n\t\t","protected":false},"excerpt":{"rendered":"<p>Engag\u00e9s envers la terre LIGNE GARDEN Substrat pour Semis Description du produit: Substrat de culture sp\u00e9cial pour la germination de graines ou la plantation de boutures, il est form\u00e9 d&rsquo;un m\u00e9lange de mati\u00e8res organiques de haute qualit\u00e9. Sa porosit\u00e9 \u00e9tudi\u00e9e offre un \u00e9quilibre id\u00e9al en r\u00e9tention de eau, drainage et a\u00e9ration, avec lesquels on obtient [&hellip;]<\/p>\n","protected":false},"author":1,"featured_media":0,"parent":2749,"menu_order":0,"comment_status":"closed","ping_status":"closed","template":"","meta":{"_acf_changed":false,"footnotes":""},"class_list":["post-2786","page","type-page","status-publish","hentry"],"acf":[],"_links":{"self":[{"href":"https:\/\/www.terres-boix.com\/fr\/wp-json\/wp\/v2\/pages\/2786","targetHints":{"allow":["GET"]}}],"collection":[{"href":"https:\/\/www.terres-boix.com\/fr\/wp-json\/wp\/v2\/pages"}],"about":[{"href":"https:\/\/www.terres-boix.com\/fr\/wp-json\/wp\/v2\/types\/page"}],"author":[{"embeddable":true,"href":"https:\/\/www.terres-boix.com\/fr\/wp-json\/wp\/v2\/users\/1"}],"replies":[{"embeddable":true,"href":"https:\/\/www.terres-boix.com\/fr\/wp-json\/wp\/v2\/comments?post=2786"}],"version-history":[{"count":3,"href":"https:\/\/www.terres-boix.com\/fr\/wp-json\/wp\/v2\/pages\/2786\/revisions"}],"predecessor-version":[{"id":4326,"href":"https:\/\/www.terres-boix.com\/fr\/wp-json\/wp\/v2\/pages\/2786\/revisions\/4326"}],"up":[{"embeddable":true,"href":"https:\/\/www.terres-boix.com\/fr\/wp-json\/wp\/v2\/pages\/2749"}],"wp:attachment":[{"href":"https:\/\/www.terres-boix.com\/fr\/wp-json\/wp\/v2\/media?parent=2786"}],"curies":[{"name":"wp","href":"https:\/\/api.w.org\/{rel}","templated":true}]}}