{"id":2778,"date":"2024-12-17T19:19:29","date_gmt":"2024-12-17T18:19:29","guid":{"rendered":"https:\/\/www.terres-boix.com\/ligne-garden\/ecorce-de-pin\/"},"modified":"2025-01-09T19:39:17","modified_gmt":"2025-01-09T18:39:17","slug":"ecorce-de-pin","status":"publish","type":"page","link":"https:\/\/www.terres-boix.com\/fr\/ligne-garden\/ecorce-de-pin\/","title":{"rendered":"\u00c9corce de pin"},"content":{"rendered":"\t\t<div data-elementor-type=\"wp-page\" data-elementor-id=\"2778\" class=\"elementor elementor-2778 elementor-1318\" data-elementor-post-type=\"page\">\n\t\t\t\t<div class=\"elementor-element elementor-element-21545253 e-flex e-con-boxed elementor-invisible e-con e-parent\" data-id=\"21545253\" data-element_type=\"container\" data-settings=\"{&quot;background_background&quot;:&quot;classic&quot;,&quot;animation&quot;:&quot;fadeIn&quot;}\">\n\t\t\t\t\t<div class=\"e-con-inner\">\n\t\t\t\t<div class=\"elementor-element elementor-element-27345ae6 elementor-invisible elementor-widget elementor-widget-heading\" data-id=\"27345ae6\" data-element_type=\"widget\" data-settings=\"{&quot;_animation&quot;:&quot;fadeInUp&quot;}\" data-widget_type=\"heading.default\">\n\t\t\t\t\t<h2 class=\"elementor-heading-title elementor-size-default\">Engag\u00e9s envers la terre<\/h2>\t\t\t\t<\/div>\n\t\t\t\t<div class=\"elementor-element elementor-element-220b1e5a elementor-absolute elementor-invisible elementor-widget elementor-widget-image\" data-id=\"220b1e5a\" data-element_type=\"widget\" data-settings=\"{&quot;_position&quot;:&quot;absolute&quot;,&quot;_animation&quot;:&quot;fadeInRight&quot;,&quot;_animation_delay&quot;:500}\" data-widget_type=\"image.default\">\n\t\t\t\t\t\t\t\t\t\t\t\t\t\t\t<img fetchpriority=\"high\" decoding=\"async\" width=\"800\" height=\"890\" src=\"https:\/\/www.terres-boix.com\/wp-content\/uploads\/2025\/01\/sac-corteza-pino-inc.png\" class=\"attachment-large size-large wp-image-3893\" alt=\"\" srcset=\"https:\/\/www.terres-boix.com\/wp-content\/uploads\/2025\/01\/sac-corteza-pino-inc.png 836w, https:\/\/www.terres-boix.com\/wp-content\/uploads\/2025\/01\/sac-corteza-pino-inc-270x300.png 270w, https:\/\/www.terres-boix.com\/wp-content\/uploads\/2025\/01\/sac-corteza-pino-inc-768x854.png 768w, https:\/\/www.terres-boix.com\/wp-content\/uploads\/2025\/01\/sac-corteza-pino-inc-600x667.png 600w\" sizes=\"(max-width: 800px) 100vw, 800px\" \/>\t\t\t\t\t\t\t\t\t\t\t\t\t\t\t<\/div>\n\t\t\t\t\t<\/div>\n\t\t\t\t<\/div>\n\t\t<div class=\"elementor-element elementor-element-592cd388 e-con-full e-flex elementor-invisible e-con e-parent\" data-id=\"592cd388\" data-element_type=\"container\" data-settings=\"{&quot;background_background&quot;:&quot;classic&quot;,&quot;animation&quot;:&quot;fadeIn&quot;}\">\n\t\t\t\t<div class=\"elementor-element elementor-element-6879aac4 elementor-widget elementor-widget-heading\" data-id=\"6879aac4\" data-element_type=\"widget\" data-widget_type=\"heading.default\">\n\t\t\t\t\t<h2 class=\"elementor-heading-title elementor-size-default\">LIGNE GARDEN<\/h2>\t\t\t\t<\/div>\n\t\t\t\t<\/div>\n\t\t<div class=\"elementor-element elementor-element-556bf4a0 e-con-full e-flex e-con e-parent\" data-id=\"556bf4a0\" data-element_type=\"container\">\n\t\t<div class=\"elementor-element elementor-element-60ff5f61 e-con-full elementor-hidden-tablet elementor-hidden-mobile e-flex e-con e-child\" data-id=\"60ff5f61\" data-element_type=\"container\">\n\t\t\t\t<div class=\"elementor-element elementor-element-2782e024 elementor-widget elementor-widget-image\" data-id=\"2782e024\" data-element_type=\"widget\" data-widget_type=\"image.default\">\n\t\t\t\t\t\t\t\t\t\t\t\t\t\t\t<img decoding=\"async\" width=\"553\" height=\"1024\" src=\"https:\/\/www.terres-boix.com\/wp-content\/uploads\/2024\/12\/maceta-corteza-deco-553x1024.png\" class=\"attachment-large size-large wp-image-2455\" alt=\"\" srcset=\"https:\/\/www.terres-boix.com\/wp-content\/uploads\/2024\/12\/maceta-corteza-deco-553x1024.png 553w, https:\/\/www.terres-boix.com\/wp-content\/uploads\/2024\/12\/maceta-corteza-deco-600x1112.png 600w, https:\/\/www.terres-boix.com\/wp-content\/uploads\/2024\/12\/maceta-corteza-deco-162x300.png 162w, https:\/\/www.terres-boix.com\/wp-content\/uploads\/2024\/12\/maceta-corteza-deco.png 674w\" sizes=\"(max-width: 553px) 100vw, 553px\" \/>\t\t\t\t\t\t\t\t\t\t\t\t\t\t\t<\/div>\n\t\t\t\t<\/div>\n\t\t<div class=\"elementor-element elementor-element-774de7b5 e-flex e-con-boxed e-con e-child\" data-id=\"774de7b5\" data-element_type=\"container\">\n\t\t\t\t\t<div class=\"e-con-inner\">\n\t\t\t\t<div class=\"elementor-element elementor-element-43aad4ce elementor-widget-tablet__width-initial elementor-widget elementor-widget-heading\" data-id=\"43aad4ce\" data-element_type=\"widget\" data-widget_type=\"heading.default\">\n\t\t\t\t\t<h1 class=\"elementor-heading-title elementor-size-default\">\u00c9corce de pin<\/h1>\t\t\t\t<\/div>\n\t\t\t\t<div class=\"elementor-element elementor-element-73fe5c2c elementor-widget elementor-widget-image\" data-id=\"73fe5c2c\" data-element_type=\"widget\" data-widget_type=\"image.default\">\n\t\t\t\t\t\t\t\t\t\t\t\t\t\t\t<img decoding=\"async\" width=\"565\" height=\"1024\" src=\"https:\/\/www.terres-boix.com\/wp-content\/uploads\/2024\/12\/sac-escorca-pi-565x1024.png\" class=\"attachment-large size-large wp-image-2267\" alt=\"\" srcset=\"https:\/\/www.terres-boix.com\/wp-content\/uploads\/2024\/12\/sac-escorca-pi-565x1024.png 565w, https:\/\/www.terres-boix.com\/wp-content\/uploads\/2024\/12\/sac-escorca-pi-165x300.png 165w, https:\/\/www.terres-boix.com\/wp-content\/uploads\/2024\/12\/sac-escorca-pi.png 600w\" sizes=\"(max-width: 565px) 100vw, 565px\" \/>\t\t\t\t\t\t\t\t\t\t\t\t\t\t\t<\/div>\n\t\t\t\t\t<\/div>\n\t\t\t\t<\/div>\n\t\t<div class=\"elementor-element elementor-element-760487fb e-con-full e-flex e-con e-child\" data-id=\"760487fb\" data-element_type=\"container\">\n\t\t\t\t<div class=\"elementor-element elementor-element-6e3f328a elementor-widget elementor-widget-heading\" data-id=\"6e3f328a\" data-element_type=\"widget\" data-widget_type=\"heading.default\">\n\t\t\t\t\t<span class=\"elementor-heading-title elementor-size-default\">Description du produit:<\/span>\t\t\t\t<\/div>\n\t\t\t\t<div class=\"elementor-element elementor-element-33e9f174 elementor-widget elementor-widget-text-editor\" data-id=\"33e9f174\" data-element_type=\"widget\" data-widget_type=\"text-editor.default\">\n\t\t\t\t\t\t\t\t\t\u00c9corce de pin rigoureusement s\u00e9lectionn\u00e9e et calibr\u00e9e, id\u00e9ale comme couvre-sol et d\u00e9coration pour les jardins et pots. Produit naturel tr\u00e8s appr\u00e9ci\u00e9 pour sa grande valeur d\u00e9corative.\t\t\t\t\t\t\t\t<\/div>\n\t\t\t\t<div class=\"elementor-element elementor-element-45fc419a elementor-widget elementor-widget-heading\" data-id=\"45fc419a\" data-element_type=\"widget\" data-widget_type=\"heading.default\">\n\t\t\t\t\t<span class=\"elementor-heading-title elementor-size-default\">Applications:<\/span>\t\t\t\t<\/div>\n\t\t\t\t<div class=\"elementor-element elementor-element-62cbb76a elementor-widget elementor-widget-text-editor\" data-id=\"62cbb76a\" data-element_type=\"widget\" data-widget_type=\"text-editor.default\">\n\t\t\t\t\t\t\t\t\t<ul>\n<li>Couvre-sol naturel d\u2019une grande valeur d\u00e9corative.<\/li>\n<li>Utilisation dans les parterres ou zones d\u00e9limit\u00e9es pour plantes ornementales.<\/li>\n<li>R\u00e9duction de la prolif\u00e9ration des mauvaises herbes.<\/li>\n<li>Maintien de l\u2019humidit\u00e9 pour \u00e9conomiser l\u2019eau.<\/li>\n<li>Protection contre les gel\u00e9es.<\/li>\n<li>Enrichissement progressif du sol en mati\u00e8re organique gr\u00e2ce \u00e0 sa d\u00e9composition lente.<\/li>\n<\/ul>\n\t\t\t\t\t\t\t\t<\/div>\n\t\t\t\t<div class=\"elementor-element elementor-element-7ee61b3c elementor-widget elementor-widget-heading\" data-id=\"7ee61b3c\" data-element_type=\"widget\" data-widget_type=\"heading.default\">\n\t\t\t\t\t<span class=\"elementor-heading-title elementor-size-default\">Commercialisation:<\/span>\t\t\t\t<\/div>\n\t\t\t\t<div class=\"elementor-element elementor-element-3a6b5df3 elementor-widget elementor-widget-Table\" data-id=\"3a6b5df3\" data-element_type=\"widget\" data-widget_type=\"Table.default\">\n\t\t\t\t<div class=\"elementor-widget-container\">\n\t\t\t\t\t\t\t<table class=\"tafe-table \">\n\t\t\t<thead  class=\"tafe-table-header\">\n\t\t\t\t<tr>\n\t\t\t\t\t<th class=\"elementor-inline-editing elementor-repeater-item-eaebfde\"   >EAN<\/th><th class=\"elementor-inline-editing elementor-repeater-item-01a807d\"   >VOLUME<\/th><th class=\"elementor-inline-editing elementor-repeater-item-91df6f3\"   >U\/BO\u00ceTE<\/th><th class=\"elementor-inline-editing elementor-repeater-item-4b76ba1\"   >U\/BOX<\/th><th class=\"elementor-inline-editing elementor-repeater-item-d6d594d\"   >PALETTE<\/th>\t\t\t\t<\/tr>\n\t\t\t<\/thead>\n\t\t\t\t\t\t<tbody class=\"tafe-table-body\">\n\t\t\t\t<tr>\n\t\t\t\t\t<td data-label=\"EAN\"   class=\"elementor-repeater-item-20298b9 td-content-type-default\" >8437002614119<\/td><td data-label=\"VOLUME\"   class=\"elementor-repeater-item-2dc1341 td-content-type-default\" >50<\/td><td data-label=\"U\/BO\u00ceTE\"   class=\"elementor-repeater-item-e505e74 td-content-type-default\" >-<\/td><td data-label=\"U\/BOX\"   class=\"elementor-repeater-item-d16b591 td-content-type-default\" >-<\/td><td data-label=\"PALETTE\"   class=\"elementor-repeater-item-927846f td-content-type-default\" >39<\/td><\/tr><tr><td data-label=\"EAN\"   class=\"elementor-repeater-item-0381109 td-content-type-default\" >8437002614430<\/td><td data-label=\"VOLUME\"   class=\"elementor-repeater-item-37507f5 td-content-type-default\" >20<\/td><td data-label=\"U\/BO\u00ceTE\"   class=\"elementor-repeater-item-83c0b0c td-content-type-default\" >-<\/td><td data-label=\"U\/BOX\"   class=\"elementor-repeater-item-bdf1b18 td-content-type-default\" >-<\/td><td data-label=\"PALETTE\"   class=\"elementor-repeater-item-84364b8 td-content-type-default\" >102<\/td><\/tr><tr><td data-label=\"EAN\"   class=\"elementor-repeater-item-4aac9b8 td-content-type-default\" >8437002614294<\/td><td data-label=\"VOLUME\"   class=\"elementor-repeater-item-dba48e3 td-content-type-default\" >5<\/td><td data-label=\"U\/BO\u00ceTE\"   class=\"elementor-repeater-item-6ac3d9f td-content-type-default\" >-<\/td><td data-label=\"U\/BOX\"   class=\"elementor-repeater-item-b139236 td-content-type-default\" >100<\/td><td data-label=\"PALETTE\"   class=\"elementor-repeater-item-da8d271 td-content-type-default\" >-<\/td>\t\t\t\t<\/tr>\n\t\t\t<\/tbody>\n\t\t<\/table>\n\t\t\n\t\t\t\t\t\t<\/div>\n\t\t\t\t<\/div>\n\t\t\t\t<div class=\"elementor-element elementor-element-2c7694c1 elementor-widget elementor-widget-heading\" data-id=\"2c7694c1\" data-element_type=\"widget\" data-widget_type=\"heading.default\">\n\t\t\t\t\t<span class=\"elementor-heading-title elementor-size-default\">Mod\u00e8les de sacs:<\/span>\t\t\t\t<\/div>\n\t\t\t\t<div class=\"elementor-element elementor-element-521cf891 elementor-widget elementor-widget-image\" data-id=\"521cf891\" data-element_type=\"widget\" data-widget_type=\"image.default\">\n\t\t\t\t\t\t\t\t\t\t\t\t\t\t\t<img loading=\"lazy\" decoding=\"async\" width=\"236\" height=\"218\" src=\"https:\/\/www.terres-boix.com\/wp-content\/uploads\/2024\/12\/model-sac-corteza-decoracion.png\" class=\"attachment-large size-large wp-image-2475\" alt=\"\" \/>\t\t\t\t\t\t\t\t\t\t\t\t\t\t\t<\/div>\n\t\t\t\t<\/div>\n\t\t\t\t<\/div>\n\t\t\t\t<\/div>\n\t\t","protected":false},"excerpt":{"rendered":"<p>Engag\u00e9s envers la terre LIGNE GARDEN \u00c9corce de pin Description du produit: \u00c9corce de pin rigoureusement s\u00e9lectionn\u00e9e et calibr\u00e9e, id\u00e9ale comme couvre-sol et d\u00e9coration pour les jardins et pots. Produit naturel tr\u00e8s appr\u00e9ci\u00e9 pour sa grande valeur d\u00e9corative. Applications: Couvre-sol naturel d\u2019une grande valeur d\u00e9corative. Utilisation dans les parterres ou zones d\u00e9limit\u00e9es pour plantes ornementales. [&hellip;]<\/p>\n","protected":false},"author":1,"featured_media":0,"parent":2749,"menu_order":0,"comment_status":"closed","ping_status":"closed","template":"","meta":{"_acf_changed":false,"footnotes":""},"class_list":["post-2778","page","type-page","status-publish","hentry"],"acf":[],"_links":{"self":[{"href":"https:\/\/www.terres-boix.com\/fr\/wp-json\/wp\/v2\/pages\/2778","targetHints":{"allow":["GET"]}}],"collection":[{"href":"https:\/\/www.terres-boix.com\/fr\/wp-json\/wp\/v2\/pages"}],"about":[{"href":"https:\/\/www.terres-boix.com\/fr\/wp-json\/wp\/v2\/types\/page"}],"author":[{"embeddable":true,"href":"https:\/\/www.terres-boix.com\/fr\/wp-json\/wp\/v2\/users\/1"}],"replies":[{"embeddable":true,"href":"https:\/\/www.terres-boix.com\/fr\/wp-json\/wp\/v2\/comments?post=2778"}],"version-history":[{"count":3,"href":"https:\/\/www.terres-boix.com\/fr\/wp-json\/wp\/v2\/pages\/2778\/revisions"}],"predecessor-version":[{"id":4320,"href":"https:\/\/www.terres-boix.com\/fr\/wp-json\/wp\/v2\/pages\/2778\/revisions\/4320"}],"up":[{"embeddable":true,"href":"https:\/\/www.terres-boix.com\/fr\/wp-json\/wp\/v2\/pages\/2749"}],"wp:attachment":[{"href":"https:\/\/www.terres-boix.com\/fr\/wp-json\/wp\/v2\/media?parent=2778"}],"curies":[{"name":"wp","href":"https:\/\/api.w.org\/{rel}","templated":true}]}}