{"id":2774,"date":"2024-12-17T19:18:39","date_gmt":"2024-12-17T18:18:39","guid":{"rendered":"https:\/\/www.terres-boix.com\/ligne-garden\/compost-de-fumier\/"},"modified":"2025-01-09T19:36:49","modified_gmt":"2025-01-09T18:36:49","slug":"compost-de-fumier","status":"publish","type":"page","link":"https:\/\/www.terres-boix.com\/fr\/ligne-garden\/compost-de-fumier\/","title":{"rendered":"Compost de fumier"},"content":{"rendered":"\t\t<div data-elementor-type=\"wp-page\" data-elementor-id=\"2774\" class=\"elementor elementor-2774 elementor-1314\" data-elementor-post-type=\"page\">\n\t\t\t\t<div class=\"elementor-element elementor-element-3d319a63 e-flex e-con-boxed elementor-invisible e-con e-parent\" data-id=\"3d319a63\" data-element_type=\"container\" data-settings=\"{&quot;background_background&quot;:&quot;classic&quot;,&quot;animation&quot;:&quot;fadeIn&quot;}\">\n\t\t\t\t\t<div class=\"e-con-inner\">\n\t\t\t\t<div class=\"elementor-element elementor-element-367425f6 elementor-invisible elementor-widget elementor-widget-heading\" data-id=\"367425f6\" data-element_type=\"widget\" data-settings=\"{&quot;_animation&quot;:&quot;fadeInUp&quot;}\" data-widget_type=\"heading.default\">\n\t\t\t\t\t<h2 class=\"elementor-heading-title elementor-size-default\">Engag\u00e9s envers la terre<\/h2>\t\t\t\t<\/div>\n\t\t\t\t<div class=\"elementor-element elementor-element-306bf81 elementor-absolute elementor-invisible elementor-widget elementor-widget-image\" data-id=\"306bf81\" data-element_type=\"widget\" data-settings=\"{&quot;_position&quot;:&quot;absolute&quot;,&quot;_animation&quot;:&quot;fadeInRight&quot;,&quot;_animation_delay&quot;:500}\" data-widget_type=\"image.default\">\n\t\t\t\t\t\t\t\t\t\t\t\t\t\t\t<img fetchpriority=\"high\" decoding=\"async\" width=\"800\" height=\"890\" src=\"https:\/\/www.terres-boix.com\/wp-content\/uploads\/2025\/01\/sac-estiercol-inc.png\" class=\"attachment-large size-large wp-image-3896\" alt=\"\" srcset=\"https:\/\/www.terres-boix.com\/wp-content\/uploads\/2025\/01\/sac-estiercol-inc.png 836w, https:\/\/www.terres-boix.com\/wp-content\/uploads\/2025\/01\/sac-estiercol-inc-270x300.png 270w, https:\/\/www.terres-boix.com\/wp-content\/uploads\/2025\/01\/sac-estiercol-inc-768x854.png 768w, https:\/\/www.terres-boix.com\/wp-content\/uploads\/2025\/01\/sac-estiercol-inc-600x667.png 600w\" sizes=\"(max-width: 800px) 100vw, 800px\" \/>\t\t\t\t\t\t\t\t\t\t\t\t\t\t\t<\/div>\n\t\t\t\t\t<\/div>\n\t\t\t\t<\/div>\n\t\t<div class=\"elementor-element elementor-element-15f56082 e-con-full e-flex elementor-invisible e-con e-parent\" data-id=\"15f56082\" data-element_type=\"container\" data-settings=\"{&quot;background_background&quot;:&quot;classic&quot;,&quot;animation&quot;:&quot;fadeIn&quot;}\">\n\t\t\t\t<div class=\"elementor-element elementor-element-347fd90e elementor-widget elementor-widget-heading\" data-id=\"347fd90e\" data-element_type=\"widget\" data-widget_type=\"heading.default\">\n\t\t\t\t\t<h2 class=\"elementor-heading-title elementor-size-default\">LIGNE GARDEN<\/h2>\t\t\t\t<\/div>\n\t\t\t\t<\/div>\n\t\t<div class=\"elementor-element elementor-element-54038820 e-con-full e-flex e-con e-parent\" data-id=\"54038820\" data-element_type=\"container\">\n\t\t<div class=\"elementor-element elementor-element-40a114fa e-con-full elementor-hidden-tablet elementor-hidden-mobile e-flex e-con e-child\" data-id=\"40a114fa\" data-element_type=\"container\">\n\t\t\t\t<div class=\"elementor-element elementor-element-183d0ac7 elementor-widget elementor-widget-image\" data-id=\"183d0ac7\" data-element_type=\"widget\" data-widget_type=\"image.default\">\n\t\t\t\t\t\t\t\t\t\t\t\t\t\t\t<img decoding=\"async\" width=\"745\" height=\"1024\" src=\"https:\/\/www.terres-boix.com\/wp-content\/uploads\/2024\/12\/maceta-compost-estiercol-745x1024.png\" class=\"attachment-large size-large wp-image-2453\" alt=\"\" srcset=\"https:\/\/www.terres-boix.com\/wp-content\/uploads\/2024\/12\/maceta-compost-estiercol-745x1024.png 745w, https:\/\/www.terres-boix.com\/wp-content\/uploads\/2024\/12\/maceta-compost-estiercol-600x824.png 600w, https:\/\/www.terres-boix.com\/wp-content\/uploads\/2024\/12\/maceta-compost-estiercol-218x300.png 218w, https:\/\/www.terres-boix.com\/wp-content\/uploads\/2024\/12\/maceta-compost-estiercol-768x1055.png 768w, https:\/\/www.terres-boix.com\/wp-content\/uploads\/2024\/12\/maceta-compost-estiercol.png 925w\" sizes=\"(max-width: 745px) 100vw, 745px\" \/>\t\t\t\t\t\t\t\t\t\t\t\t\t\t\t<\/div>\n\t\t\t\t<\/div>\n\t\t<div class=\"elementor-element elementor-element-64780f09 e-flex e-con-boxed e-con e-child\" data-id=\"64780f09\" data-element_type=\"container\">\n\t\t\t\t\t<div class=\"e-con-inner\">\n\t\t\t\t<div class=\"elementor-element elementor-element-40cbbd02 elementor-widget-tablet__width-initial elementor-widget elementor-widget-heading\" data-id=\"40cbbd02\" data-element_type=\"widget\" data-widget_type=\"heading.default\">\n\t\t\t\t\t<h1 class=\"elementor-heading-title elementor-size-default\">Compost de fumier<\/h1>\t\t\t\t<\/div>\n\t\t\t\t<div class=\"elementor-element elementor-element-5cf12e2 elementor-widget elementor-widget-image\" data-id=\"5cf12e2\" data-element_type=\"widget\" data-widget_type=\"image.default\">\n\t\t\t\t\t\t\t\t\t\t\t\t\t\t\t<img decoding=\"async\" width=\"565\" height=\"1024\" src=\"https:\/\/www.terres-boix.com\/wp-content\/uploads\/2024\/12\/sac-compost-fems-565x1024.png\" class=\"attachment-large size-large wp-image-2263\" alt=\"\" srcset=\"https:\/\/www.terres-boix.com\/wp-content\/uploads\/2024\/12\/sac-compost-fems-565x1024.png 565w, https:\/\/www.terres-boix.com\/wp-content\/uploads\/2024\/12\/sac-compost-fems-165x300.png 165w, https:\/\/www.terres-boix.com\/wp-content\/uploads\/2024\/12\/sac-compost-fems.png 600w\" sizes=\"(max-width: 565px) 100vw, 565px\" \/>\t\t\t\t\t\t\t\t\t\t\t\t\t\t\t<\/div>\n\t\t\t\t\t<\/div>\n\t\t\t\t<\/div>\n\t\t<div class=\"elementor-element elementor-element-6aebe48d e-con-full e-flex e-con e-child\" data-id=\"6aebe48d\" data-element_type=\"container\">\n\t\t\t\t<div class=\"elementor-element elementor-element-60cd9902 elementor-widget elementor-widget-heading\" data-id=\"60cd9902\" data-element_type=\"widget\" data-widget_type=\"heading.default\">\n\t\t\t\t\t<span class=\"elementor-heading-title elementor-size-default\">Description du produit:<\/span>\t\t\t\t<\/div>\n\t\t\t\t<div class=\"elementor-element elementor-element-acb8ea7 elementor-widget elementor-widget-text-editor\" data-id=\"acb8ea7\" data-element_type=\"widget\" data-widget_type=\"text-editor.default\">\n\t\t\t\t\t\t\t\t\tLe compost de fumier tamis\u00e9 est un produit l\u00e9ger et riche en nutriments, favorisant l\u2019ancrage et la croissance ad\u00e9quate du syst\u00e8me racinaire, garantissant un d\u00e9veloppement efficace des plantes.\t\t\t\t\t\t\t\t<\/div>\n\t\t\t\t<div class=\"elementor-element elementor-element-135aad11 elementor-widget elementor-widget-heading\" data-id=\"135aad11\" data-element_type=\"widget\" data-widget_type=\"heading.default\">\n\t\t\t\t\t<span class=\"elementor-heading-title elementor-size-default\">Applications:<\/span>\t\t\t\t<\/div>\n\t\t\t\t<div class=\"elementor-element elementor-element-74098e40 elementor-widget elementor-widget-text-editor\" data-id=\"74098e40\" data-element_type=\"widget\" data-widget_type=\"text-editor.default\">\n\t\t\t\t\t\t\t\t\t<ul>\n<li>Enrichissement en nutriments pour le gazon.<\/li>\n<li>Am\u00e9lioration des sols pour les jardins et potagers.<\/li>\n<li>Augmentation de la capacit\u00e9 de r\u00e9tention d\u2019eau et de nutriments, et stimulation de l\u2019activit\u00e9 biologique.<\/li>\n<\/ul>\n\t\t\t\t\t\t\t\t<\/div>\n\t\t\t\t<div class=\"elementor-element elementor-element-3a9efe9b elementor-widget elementor-widget-heading\" data-id=\"3a9efe9b\" data-element_type=\"widget\" data-widget_type=\"heading.default\">\n\t\t\t\t\t<span class=\"elementor-heading-title elementor-size-default\">Commercialisation:<\/span>\t\t\t\t<\/div>\n\t\t\t\t<div class=\"elementor-element elementor-element-1e5aeb87 elementor-widget elementor-widget-Table\" data-id=\"1e5aeb87\" data-element_type=\"widget\" data-widget_type=\"Table.default\">\n\t\t\t\t<div class=\"elementor-widget-container\">\n\t\t\t\t\t\t\t<table class=\"tafe-table \">\n\t\t\t<thead  class=\"tafe-table-header\">\n\t\t\t\t<tr>\n\t\t\t\t\t<th class=\"elementor-inline-editing elementor-repeater-item-eaebfde\"   >EAN<\/th><th class=\"elementor-inline-editing elementor-repeater-item-01a807d\"   >VOLUME<\/th><th class=\"elementor-inline-editing elementor-repeater-item-91df6f3\"   >U\/BO\u00ceTE<\/th><th class=\"elementor-inline-editing elementor-repeater-item-4b76ba1\"   >U\/BOX<\/th><th class=\"elementor-inline-editing elementor-repeater-item-d6d594d\"   >PALETTE<\/th>\t\t\t\t<\/tr>\n\t\t\t<\/thead>\n\t\t\t\t\t\t<tbody class=\"tafe-table-body\">\n\t\t\t\t<tr>\n\t\t\t\t\t<td data-label=\"EAN\"   class=\"elementor-repeater-item-20298b9 td-content-type-default\" >8437002614058<\/td><td data-label=\"VOLUME\"   class=\"elementor-repeater-item-2dc1341 td-content-type-default\" >50<\/td><td data-label=\"U\/BO\u00ceTE\"   class=\"elementor-repeater-item-e505e74 td-content-type-default\" >-<\/td><td data-label=\"U\/BOX\"   class=\"elementor-repeater-item-d16b591 td-content-type-default\" >-<\/td><td data-label=\"PALETTE\"   class=\"elementor-repeater-item-927846f td-content-type-default\" >54<\/td><\/tr><tr><td data-label=\"EAN\"   class=\"elementor-repeater-item-0381109 td-content-type-default\" >8437002614379<\/td><td data-label=\"VOLUME\"   class=\"elementor-repeater-item-37507f5 td-content-type-default\" >20<\/td><td data-label=\"U\/BO\u00ceTE\"   class=\"elementor-repeater-item-83c0b0c td-content-type-default\" >-<\/td><td data-label=\"U\/BOX\"   class=\"elementor-repeater-item-bdf1b18 td-content-type-default\" >-<\/td><td data-label=\"PALETTE\"   class=\"elementor-repeater-item-84364b8 td-content-type-default\" >144<\/td><\/tr><tr><td data-label=\"EAN\"   class=\"elementor-repeater-item-59be690 td-content-type-default\" >8437002614447<\/td><td data-label=\"VOLUME\"   class=\"elementor-repeater-item-cb16a8f td-content-type-default\" >5<\/td><td data-label=\"U\/BO\u00ceTE\"   class=\"elementor-repeater-item-ba618d5 td-content-type-default\" >-<\/td><td data-label=\"U\/BOX\"   class=\"elementor-repeater-item-090509c td-content-type-default\" >120<\/td><td data-label=\"PALETTE\"   class=\"elementor-repeater-item-8f50320 td-content-type-default\" >-<\/td>\t\t\t\t<\/tr>\n\t\t\t<\/tbody>\n\t\t<\/table>\n\t\t\n\t\t\t\t\t\t<\/div>\n\t\t\t\t<\/div>\n\t\t\t\t<div class=\"elementor-element elementor-element-f641093 elementor-widget elementor-widget-heading\" data-id=\"f641093\" data-element_type=\"widget\" data-widget_type=\"heading.default\">\n\t\t\t\t\t<span class=\"elementor-heading-title elementor-size-default\">Mod\u00e8les de sacs:<\/span>\t\t\t\t<\/div>\n\t\t\t\t<div class=\"elementor-element elementor-element-39d3beb8 elementor-widget elementor-widget-image\" data-id=\"39d3beb8\" data-element_type=\"widget\" data-widget_type=\"image.default\">\n\t\t\t\t\t\t\t\t\t\t\t\t\t\t\t<img loading=\"lazy\" decoding=\"async\" width=\"228\" height=\"209\" src=\"https:\/\/www.terres-boix.com\/wp-content\/uploads\/2024\/12\/model-sac-cmpost.png\" class=\"attachment-large size-large wp-image-2473\" alt=\"\" \/>\t\t\t\t\t\t\t\t\t\t\t\t\t\t\t<\/div>\n\t\t\t\t<\/div>\n\t\t\t\t<\/div>\n\t\t\t\t<\/div>\n\t\t","protected":false},"excerpt":{"rendered":"<p>Engag\u00e9s envers la terre LIGNE GARDEN Compost de fumier Description du produit: Le compost de fumier tamis\u00e9 est un produit l\u00e9ger et riche en nutriments, favorisant l\u2019ancrage et la croissance ad\u00e9quate du syst\u00e8me racinaire, garantissant un d\u00e9veloppement efficace des plantes. Applications: Enrichissement en nutriments pour le gazon. Am\u00e9lioration des sols pour les jardins et potagers. [&hellip;]<\/p>\n","protected":false},"author":1,"featured_media":0,"parent":2749,"menu_order":0,"comment_status":"closed","ping_status":"closed","template":"","meta":{"_acf_changed":false,"footnotes":""},"class_list":["post-2774","page","type-page","status-publish","hentry"],"acf":[],"_links":{"self":[{"href":"https:\/\/www.terres-boix.com\/fr\/wp-json\/wp\/v2\/pages\/2774","targetHints":{"allow":["GET"]}}],"collection":[{"href":"https:\/\/www.terres-boix.com\/fr\/wp-json\/wp\/v2\/pages"}],"about":[{"href":"https:\/\/www.terres-boix.com\/fr\/wp-json\/wp\/v2\/types\/page"}],"author":[{"embeddable":true,"href":"https:\/\/www.terres-boix.com\/fr\/wp-json\/wp\/v2\/users\/1"}],"replies":[{"embeddable":true,"href":"https:\/\/www.terres-boix.com\/fr\/wp-json\/wp\/v2\/comments?post=2774"}],"version-history":[{"count":3,"href":"https:\/\/www.terres-boix.com\/fr\/wp-json\/wp\/v2\/pages\/2774\/revisions"}],"predecessor-version":[{"id":4311,"href":"https:\/\/www.terres-boix.com\/fr\/wp-json\/wp\/v2\/pages\/2774\/revisions\/4311"}],"up":[{"embeddable":true,"href":"https:\/\/www.terres-boix.com\/fr\/wp-json\/wp\/v2\/pages\/2749"}],"wp:attachment":[{"href":"https:\/\/www.terres-boix.com\/fr\/wp-json\/wp\/v2\/media?parent=2774"}],"curies":[{"name":"wp","href":"https:\/\/api.w.org\/{rel}","templated":true}]}}