{"id":2751,"date":"2024-12-13T17:52:14","date_gmt":"2024-12-13T16:52:14","guid":{"rendered":"https:\/\/www.terres-boix.com\/ligne-garden\/substrat-pour-plantes\/"},"modified":"2025-01-09T19:33:31","modified_gmt":"2025-01-09T18:33:31","slug":"substrat-pour-plantes","status":"publish","type":"page","link":"https:\/\/www.terres-boix.com\/fr\/ligne-garden\/substrat-pour-plantes\/","title":{"rendered":"Substrat pour plantes"},"content":{"rendered":"\t\t<div data-elementor-type=\"wp-page\" data-elementor-id=\"2751\" class=\"elementor elementor-2751 elementor-629\" data-elementor-post-type=\"page\">\n\t\t\t\t<div class=\"elementor-element elementor-element-0fbfc4f e-flex e-con-boxed elementor-invisible e-con e-parent\" data-id=\"0fbfc4f\" data-element_type=\"container\" data-settings=\"{&quot;background_background&quot;:&quot;classic&quot;,&quot;animation&quot;:&quot;fadeIn&quot;}\">\n\t\t\t\t\t<div class=\"e-con-inner\">\n\t\t\t\t<div class=\"elementor-element elementor-element-3335e96 elementor-invisible elementor-widget elementor-widget-heading\" data-id=\"3335e96\" data-element_type=\"widget\" data-settings=\"{&quot;_animation&quot;:&quot;fadeInUp&quot;}\" data-widget_type=\"heading.default\">\n\t\t\t\t\t<h2 class=\"elementor-heading-title elementor-size-default\">Engag\u00e9s envers la terre<\/h2>\t\t\t\t<\/div>\n\t\t\t\t<div class=\"elementor-element elementor-element-9bc369a elementor-absolute psa-rotate elementor-invisible elementor-widget elementor-widget-image\" data-id=\"9bc369a\" data-element_type=\"widget\" data-settings=\"{&quot;_position&quot;:&quot;absolute&quot;,&quot;_animation&quot;:&quot;fadeInRight&quot;}\" data-widget_type=\"image.default\">\n\t\t\t\t\t\t\t\t\t\t\t\t\t\t\t<img fetchpriority=\"high\" decoding=\"async\" width=\"800\" height=\"890\" src=\"https:\/\/www.terres-boix.com\/wp-content\/uploads\/2025\/01\/sac-sustrat-inc.png\" class=\"attachment-large size-large wp-image-3884\" alt=\"\" srcset=\"https:\/\/www.terres-boix.com\/wp-content\/uploads\/2025\/01\/sac-sustrat-inc.png 836w, https:\/\/www.terres-boix.com\/wp-content\/uploads\/2025\/01\/sac-sustrat-inc-270x300.png 270w, https:\/\/www.terres-boix.com\/wp-content\/uploads\/2025\/01\/sac-sustrat-inc-768x854.png 768w, https:\/\/www.terres-boix.com\/wp-content\/uploads\/2025\/01\/sac-sustrat-inc-600x667.png 600w\" sizes=\"(max-width: 800px) 100vw, 800px\" \/>\t\t\t\t\t\t\t\t\t\t\t\t\t\t\t<\/div>\n\t\t\t\t\t<\/div>\n\t\t\t\t<\/div>\n\t\t<div class=\"elementor-element elementor-element-191b8ed e-con-full e-flex elementor-invisible e-con e-parent\" data-id=\"191b8ed\" data-element_type=\"container\" data-settings=\"{&quot;background_background&quot;:&quot;classic&quot;,&quot;animation&quot;:&quot;fadeIn&quot;}\">\n\t\t\t\t<div class=\"elementor-element elementor-element-7ed0a84 elementor-widget elementor-widget-heading\" data-id=\"7ed0a84\" data-element_type=\"widget\" data-widget_type=\"heading.default\">\n\t\t\t\t\t<h2 class=\"elementor-heading-title elementor-size-default\">LIGNE GARDEN<\/h2>\t\t\t\t<\/div>\n\t\t\t\t<\/div>\n\t\t<div class=\"elementor-element elementor-element-d690682 e-con-full e-flex e-con e-parent\" data-id=\"d690682\" data-element_type=\"container\">\n\t\t<div class=\"elementor-element elementor-element-84c62e2 e-con-full elementor-hidden-tablet elementor-hidden-mobile e-flex e-con e-child\" data-id=\"84c62e2\" data-element_type=\"container\">\n\t\t\t\t<div class=\"elementor-element elementor-element-4a8b203 elementor-widget elementor-widget-image\" data-id=\"4a8b203\" data-element_type=\"widget\" data-widget_type=\"image.default\">\n\t\t\t\t\t\t\t\t\t\t\t\t\t\t\t<img decoding=\"async\" width=\"743\" height=\"1024\" src=\"https:\/\/www.terres-boix.com\/wp-content\/uploads\/2024\/12\/maceta-substrat-plantes-743x1024.png\" class=\"attachment-large size-large wp-image-2283\" alt=\"\" srcset=\"https:\/\/www.terres-boix.com\/wp-content\/uploads\/2024\/12\/maceta-substrat-plantes-743x1024.png 743w, https:\/\/www.terres-boix.com\/wp-content\/uploads\/2024\/12\/maceta-substrat-plantes-600x827.png 600w, https:\/\/www.terres-boix.com\/wp-content\/uploads\/2024\/12\/maceta-substrat-plantes-218x300.png 218w, https:\/\/www.terres-boix.com\/wp-content\/uploads\/2024\/12\/maceta-substrat-plantes-768x1058.png 768w, https:\/\/www.terres-boix.com\/wp-content\/uploads\/2024\/12\/maceta-substrat-plantes.png 923w\" sizes=\"(max-width: 743px) 100vw, 743px\" \/>\t\t\t\t\t\t\t\t\t\t\t\t\t\t\t<\/div>\n\t\t\t\t<\/div>\n\t\t<div class=\"elementor-element elementor-element-975b625 e-flex e-con-boxed e-con e-child\" data-id=\"975b625\" data-element_type=\"container\">\n\t\t\t\t\t<div class=\"e-con-inner\">\n\t\t\t\t<div class=\"elementor-element elementor-element-32a1c6a elementor-widget-tablet__width-initial elementor-widget elementor-widget-heading\" data-id=\"32a1c6a\" data-element_type=\"widget\" data-widget_type=\"heading.default\">\n\t\t\t\t\t<h1 class=\"elementor-heading-title elementor-size-default\">Substrat pour plantes<\/h1>\t\t\t\t<\/div>\n\t\t\t\t<div class=\"elementor-element elementor-element-ca1806d elementor-widget elementor-widget-image\" data-id=\"ca1806d\" data-element_type=\"widget\" data-widget_type=\"image.default\">\n\t\t\t\t\t\t\t\t\t\t\t\t\t\t\t<img decoding=\"async\" width=\"565\" height=\"1024\" src=\"https:\/\/www.terres-boix.com\/wp-content\/uploads\/2024\/12\/sac-sustrat-per-plantes-565x1024.png\" class=\"attachment-large size-large wp-image-2279\" alt=\"\" srcset=\"https:\/\/www.terres-boix.com\/wp-content\/uploads\/2024\/12\/sac-sustrat-per-plantes-565x1024.png 565w, https:\/\/www.terres-boix.com\/wp-content\/uploads\/2024\/12\/sac-sustrat-per-plantes-165x300.png 165w, https:\/\/www.terres-boix.com\/wp-content\/uploads\/2024\/12\/sac-sustrat-per-plantes.png 600w\" sizes=\"(max-width: 565px) 100vw, 565px\" \/>\t\t\t\t\t\t\t\t\t\t\t\t\t\t\t<\/div>\n\t\t\t\t\t<\/div>\n\t\t\t\t<\/div>\n\t\t<div class=\"elementor-element elementor-element-3810e98 e-con-full e-flex e-con e-child\" data-id=\"3810e98\" data-element_type=\"container\">\n\t\t\t\t<div class=\"elementor-element elementor-element-79533b1 elementor-widget elementor-widget-heading\" data-id=\"79533b1\" data-element_type=\"widget\" data-widget_type=\"heading.default\">\n\t\t\t\t\t<span class=\"elementor-heading-title elementor-size-default\">Description du produit:<\/span>\t\t\t\t<\/div>\n\t\t\t\t<div class=\"elementor-element elementor-element-8136678 elementor-widget elementor-widget-text-editor\" data-id=\"8136678\" data-element_type=\"widget\" data-widget_type=\"text-editor.default\">\n\t\t\t\t\t\t\t\t\t<p>Substrat adapt\u00e9 \u00e0 tous types de plantes d\u2019int\u00e9rieur et d\u2019ext\u00e9rieur, rempla\u00e7ant le sol traditionnel. Il permet l\u2019ancrage et une croissance ad\u00e9quate du syst\u00e8me racinaire de la plante. Enrichi avec un engrais min\u00e9ral \u00e0 lib\u00e9ration contr\u00f4l\u00e9e, garantissant une croissance et une floraison id\u00e9ales.<\/p>\n\t\t\t\t\t\t\t\t<\/div>\n\t\t\t\t<div class=\"elementor-element elementor-element-277835b elementor-widget elementor-widget-heading\" data-id=\"277835b\" data-element_type=\"widget\" data-widget_type=\"heading.default\">\n\t\t\t\t\t<span class=\"elementor-heading-title elementor-size-default\">Applications:<\/span>\t\t\t\t<\/div>\n\t\t\t\t<div class=\"elementor-element elementor-element-3d56833 elementor-widget elementor-widget-text-editor\" data-id=\"3d56833\" data-element_type=\"widget\" data-widget_type=\"text-editor.default\">\n\t\t\t\t\t\t\t\t\t<ul>\n<li>Plantes \u00e0 fleurs, de balcon, saisonni\u00e8res, ornementales, foresti\u00e8res, aromatiques, etc.<\/li>\n<li>Plantation de plantes d\u2019int\u00e9rieur et d\u2019ext\u00e9rieur.<\/li>\n<\/ul>\n\t\t\t\t\t\t\t\t<\/div>\n\t\t\t\t<div class=\"elementor-element elementor-element-6f6658e elementor-widget elementor-widget-heading\" data-id=\"6f6658e\" data-element_type=\"widget\" data-widget_type=\"heading.default\">\n\t\t\t\t\t<span class=\"elementor-heading-title elementor-size-default\">Commercialisation:<\/span>\t\t\t\t<\/div>\n\t\t\t\t<div class=\"elementor-element elementor-element-0374f0b elementor-widget elementor-widget-Table\" data-id=\"0374f0b\" data-element_type=\"widget\" data-widget_type=\"Table.default\">\n\t\t\t\t<div class=\"elementor-widget-container\">\n\t\t\t\t\t\t\t<table class=\"tafe-table \">\n\t\t\t<thead  class=\"tafe-table-header\">\n\t\t\t\t<tr>\n\t\t\t\t\t<th class=\"elementor-inline-editing elementor-repeater-item-eaebfde\"   >EAN<\/th><th class=\"elementor-inline-editing elementor-repeater-item-01a807d\"   >VOLUME<\/th><th class=\"elementor-inline-editing elementor-repeater-item-91df6f3\"   >U\/BO\u00ceTE<\/th><th class=\"elementor-inline-editing elementor-repeater-item-4b76ba1\"   >U\/BOX<\/th><th class=\"elementor-inline-editing elementor-repeater-item-d6d594d\"   >PALETE<\/th>\t\t\t\t<\/tr>\n\t\t\t<\/thead>\n\t\t\t\t\t\t<tbody class=\"tafe-table-body\">\n\t\t\t\t<tr>\n\t\t\t\t\t<td data-label=\"EAN\"   class=\"elementor-repeater-item-20298b9 td-content-type-default\" >8437002614065 <\/td><td data-label=\"VOLUME\"   class=\"elementor-repeater-item-2dc1341 td-content-type-default\" >70<\/td><td data-label=\"U\/BO\u00ceTE\"   class=\"elementor-repeater-item-e505e74 td-content-type-default\" >-<\/td><td data-label=\"U\/BOX\"   class=\"elementor-repeater-item-d16b591 td-content-type-default\" >-<\/td><td data-label=\"PALETE\"   class=\"elementor-repeater-item-927846f td-content-type-default\" >45<\/td><\/tr><tr><td data-label=\"EAN\"   class=\"elementor-repeater-item-0381109 td-content-type-default\" >8437002614010 <\/td><td data-label=\"VOLUME\"   class=\"elementor-repeater-item-37507f5 td-content-type-default\" >50<\/td><td data-label=\"U\/BO\u00ceTE\"   class=\"elementor-repeater-item-83c0b0c td-content-type-default\" >-<\/td><td data-label=\"U\/BOX\"   class=\"elementor-repeater-item-bdf1b18 td-content-type-default\" >-<\/td><td data-label=\"PALETE\"   class=\"elementor-repeater-item-84364b8 td-content-type-default\" >54<\/td><\/tr><tr><td data-label=\"EAN\"   class=\"elementor-repeater-item-59be690 td-content-type-default\" >8437002614041 <\/td><td data-label=\"VOLUME\"   class=\"elementor-repeater-item-cb16a8f td-content-type-default\" >20<\/td><td data-label=\"U\/BO\u00ceTE\"   class=\"elementor-repeater-item-ba618d5 td-content-type-default\" >-<\/td><td data-label=\"U\/BOX\"   class=\"elementor-repeater-item-090509c td-content-type-default\" >-<\/td><td data-label=\"PALETE\"   class=\"elementor-repeater-item-8f50320 td-content-type-default\" >144<\/td><\/tr><tr><td data-label=\"EAN\"   class=\"elementor-repeater-item-4aac9b8 td-content-type-default\" >8437002614140 <\/td><td data-label=\"VOLUME\"   class=\"elementor-repeater-item-dcfb552 td-content-type-default\" >10<\/td><td data-label=\"U\/BO\u00ceTE\"   class=\"elementor-repeater-item-2cd94c9 td-content-type-default\" >-<\/td><td data-label=\"U\/BOX\"   class=\"elementor-repeater-item-e18652c td-content-type-default\" >45<\/td><td data-label=\"PALETE\"   class=\"elementor-repeater-item-e1d3e71 td-content-type-default\" >240<\/td><\/tr><tr><td data-label=\"EAN\"   class=\"elementor-repeater-item-d74fe69 td-content-type-default\" >8437002614133 <\/td><td data-label=\"VOLUME\"   class=\"elementor-repeater-item-dba48e3 td-content-type-default\" >5<\/td><td data-label=\"U\/BO\u00ceTE\"   class=\"elementor-repeater-item-6ac3d9f td-content-type-default\" >6<\/td><td data-label=\"U\/BOX\"   class=\"elementor-repeater-item-b139236 td-content-type-default\" >120<\/td><td data-label=\"PALETE\"   class=\"elementor-repeater-item-da8d271 td-content-type-default\" >-<\/td>\t\t\t\t<\/tr>\n\t\t\t<\/tbody>\n\t\t<\/table>\n\t\t\n\t\t\t\t\t\t<\/div>\n\t\t\t\t<\/div>\n\t\t\t\t<div class=\"elementor-element elementor-element-830aae7 elementor-widget elementor-widget-heading\" data-id=\"830aae7\" data-element_type=\"widget\" data-widget_type=\"heading.default\">\n\t\t\t\t\t<span class=\"elementor-heading-title elementor-size-default\">Mod\u00e8les de sacs:<\/span>\t\t\t\t<\/div>\n\t\t\t\t<div class=\"elementor-element elementor-element-1a98a4d elementor-widget elementor-widget-image\" data-id=\"1a98a4d\" data-element_type=\"widget\" data-widget_type=\"image.default\">\n\t\t\t\t\t\t\t\t\t\t\t\t\t\t\t<img loading=\"lazy\" decoding=\"async\" width=\"416\" height=\"252\" src=\"https:\/\/www.terres-boix.com\/wp-content\/uploads\/2024\/12\/model-sac-substrat-para-plantes.png\" class=\"attachment-large size-large wp-image-2285\" alt=\"\" srcset=\"https:\/\/www.terres-boix.com\/wp-content\/uploads\/2024\/12\/model-sac-substrat-para-plantes.png 416w, https:\/\/www.terres-boix.com\/wp-content\/uploads\/2024\/12\/model-sac-substrat-para-plantes-300x182.png 300w\" sizes=\"(max-width: 416px) 100vw, 416px\" \/>\t\t\t\t\t\t\t\t\t\t\t\t\t\t\t<\/div>\n\t\t\t\t<\/div>\n\t\t\t\t<\/div>\n\t\t\t\t<\/div>\n\t\t","protected":false},"excerpt":{"rendered":"<p>Engag\u00e9s envers la terre LIGNE GARDEN Substrat pour plantes Description du produit: Substrat adapt\u00e9 \u00e0 tous types de plantes d\u2019int\u00e9rieur et d\u2019ext\u00e9rieur, rempla\u00e7ant le sol traditionnel. Il permet l\u2019ancrage et une croissance ad\u00e9quate du syst\u00e8me racinaire de la plante. Enrichi avec un engrais min\u00e9ral \u00e0 lib\u00e9ration contr\u00f4l\u00e9e, garantissant une croissance et une floraison id\u00e9ales. Applications: [&hellip;]<\/p>\n","protected":false},"author":1,"featured_media":0,"parent":2749,"menu_order":0,"comment_status":"closed","ping_status":"closed","template":"","meta":{"_acf_changed":false,"footnotes":""},"class_list":["post-2751","page","type-page","status-publish","hentry"],"acf":[],"_links":{"self":[{"href":"https:\/\/www.terres-boix.com\/fr\/wp-json\/wp\/v2\/pages\/2751","targetHints":{"allow":["GET"]}}],"collection":[{"href":"https:\/\/www.terres-boix.com\/fr\/wp-json\/wp\/v2\/pages"}],"about":[{"href":"https:\/\/www.terres-boix.com\/fr\/wp-json\/wp\/v2\/types\/page"}],"author":[{"embeddable":true,"href":"https:\/\/www.terres-boix.com\/fr\/wp-json\/wp\/v2\/users\/1"}],"replies":[{"embeddable":true,"href":"https:\/\/www.terres-boix.com\/fr\/wp-json\/wp\/v2\/comments?post=2751"}],"version-history":[{"count":6,"href":"https:\/\/www.terres-boix.com\/fr\/wp-json\/wp\/v2\/pages\/2751\/revisions"}],"predecessor-version":[{"id":4302,"href":"https:\/\/www.terres-boix.com\/fr\/wp-json\/wp\/v2\/pages\/2751\/revisions\/4302"}],"up":[{"embeddable":true,"href":"https:\/\/www.terres-boix.com\/fr\/wp-json\/wp\/v2\/pages\/2749"}],"wp:attachment":[{"href":"https:\/\/www.terres-boix.com\/fr\/wp-json\/wp\/v2\/media?parent=2751"}],"curies":[{"name":"wp","href":"https:\/\/api.w.org\/{rel}","templated":true}]}}