{"id":2747,"date":"2024-12-08T08:00:33","date_gmt":"2024-12-08T07:00:33","guid":{"rendered":"https:\/\/www.terres-boix.com\/ligne-floriculture-et-horticulture\/"},"modified":"2024-12-29T21:19:40","modified_gmt":"2024-12-29T20:19:40","slug":"ligne-floriculture-et-horticulture","status":"publish","type":"page","link":"https:\/\/www.terres-boix.com\/fr\/ligne-floriculture-et-horticulture\/","title":{"rendered":"LIGNE FLORICULTURE ET HORTICULTURE"},"content":{"rendered":"\t\t<div data-elementor-type=\"wp-page\" data-elementor-id=\"2747\" class=\"elementor elementor-2747 elementor-345\" data-elementor-post-type=\"page\">\n\t\t\t\t<div class=\"elementor-element elementor-element-f925b5f e-flex e-con-boxed elementor-invisible e-con e-parent\" data-id=\"f925b5f\" data-element_type=\"container\" data-settings=\"{&quot;background_background&quot;:&quot;classic&quot;,&quot;animation&quot;:&quot;fadeIn&quot;}\">\n\t\t\t\t\t<div class=\"e-con-inner\">\n\t\t\t\t<div class=\"elementor-element elementor-element-f71e2c7 elementor-invisible elementor-widget elementor-widget-heading\" data-id=\"f71e2c7\" data-element_type=\"widget\" data-settings=\"{&quot;_animation&quot;:&quot;fadeInUp&quot;}\" data-widget_type=\"heading.default\">\n\t\t\t\t\t<h2 class=\"elementor-heading-title elementor-size-default\">Engag\u00e9s envers la terre<\/h2>\t\t\t\t<\/div>\n\t\t\t\t\t<\/div>\n\t\t\t\t<\/div>\n\t\t<div class=\"elementor-element elementor-element-2940ec0 e-con-full e-flex elementor-invisible e-con e-parent\" data-id=\"2940ec0\" data-element_type=\"container\" data-settings=\"{&quot;background_background&quot;:&quot;classic&quot;,&quot;animation&quot;:&quot;fadeIn&quot;}\">\n\t\t\t\t<div class=\"elementor-element elementor-element-11833bc elementor-widget elementor-widget-heading\" data-id=\"11833bc\" data-element_type=\"widget\" data-widget_type=\"heading.default\">\n\t\t\t\t\t<h2 class=\"elementor-heading-title elementor-size-default\">LIGNE FLORICULTURE ET HORTICULTURE<\/h2>\t\t\t\t<\/div>\n\t\t\t\t<\/div>\n\t\t<div class=\"elementor-element elementor-element-aeea910 e-flex e-con-boxed e-con e-parent\" data-id=\"aeea910\" data-element_type=\"container\">\n\t\t\t\t\t<div class=\"e-con-inner\">\n\t\t\t\t<div class=\"elementor-element elementor-element-e2953c3 elementor-widget elementor-widget-text-editor\" data-id=\"e2953c3\" data-element_type=\"widget\" data-widget_type=\"text-editor.default\">\n\t\t\t\t\t\t\t\t\t<p>Chez Terres Boix, nous sommes engag\u00e9s \u00e0 offrir des produits de la plus haute qualit\u00e9 pour favoriser la croissance et la sant\u00e9 des cultures.<br \/>\nNotre ligne Horticulture et Floriculture est sp\u00e9cialement con\u00e7ue pour fournir des substrats et des solutions sp\u00e9cialis\u00e9es garantissant une croissance optimale, un \u00e9quilibre parfait des nutriments, une bonne r\u00e9tention d&rsquo;humidit\u00e9 et une structure adapt\u00e9e pour le d\u00e9veloppement de plantes vigoureuses et productives.<br \/>\nNous pouvons produire des substrats sur mesure selon les besoins des cultivateurs.<\/p>\n\t\t\t\t\t\t\t\t<\/div>\n\t\t\t\t\t<\/div>\n\t\t\t\t<\/div>\n\t\t<div class=\"elementor-element elementor-element-47c2ba9 e-flex e-con-boxed e-con e-parent\" data-id=\"47c2ba9\" data-element_type=\"container\" data-settings=\"{&quot;background_background&quot;:&quot;classic&quot;}\">\n\t\t\t\t\t<div class=\"e-con-inner\">\n\t\t<div class=\"elementor-element elementor-element-3cad71b e-con-full e-flex elementor-invisible e-con e-child\" data-id=\"3cad71b\" data-element_type=\"container\" data-settings=\"{&quot;background_background&quot;:&quot;classic&quot;,&quot;animation&quot;:&quot;fadeInUp&quot;}\">\n\t\t\t\t<\/div>\n\t\t\t\t\t<\/div>\n\t\t\t\t<\/div>\n\t\t<div class=\"elementor-element elementor-element-1126f20 e-grid e-con-boxed e-con e-parent\" data-id=\"1126f20\" data-element_type=\"container\" data-settings=\"{&quot;background_background&quot;:&quot;classic&quot;}\">\n\t\t\t\t\t<div class=\"e-con-inner\">\n\t\t<div class=\"elementor-element elementor-element-c2df4fc e-con-full e-flex elementor-invisible e-con e-child\" data-id=\"c2df4fc\" data-element_type=\"container\" data-settings=\"{&quot;animation&quot;:&quot;fadeInUp&quot;,&quot;background_background&quot;:&quot;classic&quot;}\">\n\t\t\t\t<\/div>\n\t\t<div class=\"elementor-element elementor-element-d86ecf9 e-con-full e-flex elementor-invisible e-con e-child\" data-id=\"d86ecf9\" data-element_type=\"container\" data-settings=\"{&quot;animation&quot;:&quot;fadeInUp&quot;,&quot;animation_delay&quot;:200,&quot;background_background&quot;:&quot;classic&quot;}\">\n\t\t\t\t<\/div>\n\t\t<div class=\"elementor-element elementor-element-6d136e4 e-con-full e-flex elementor-invisible e-con e-child\" data-id=\"6d136e4\" data-element_type=\"container\" data-settings=\"{&quot;animation&quot;:&quot;fadeInUp&quot;,&quot;animation_delay&quot;:0,&quot;background_background&quot;:&quot;classic&quot;}\">\n\t\t\t\t<\/div>\n\t\t<div class=\"elementor-element elementor-element-4425abb e-con-full e-flex elementor-invisible e-con e-child\" data-id=\"4425abb\" data-element_type=\"container\" data-settings=\"{&quot;animation&quot;:&quot;fadeInUp&quot;,&quot;animation_delay&quot;:200,&quot;background_background&quot;:&quot;classic&quot;}\">\n\t\t\t\t<\/div>\n\t\t<div class=\"elementor-element elementor-element-bca8d28 e-con-full e-flex elementor-invisible e-con e-child\" data-id=\"bca8d28\" data-element_type=\"container\" data-settings=\"{&quot;animation&quot;:&quot;fadeInUp&quot;,&quot;background_background&quot;:&quot;classic&quot;}\">\n\t\t\t\t<\/div>\n\t\t<div class=\"elementor-element elementor-element-dfcda83 e-con-full e-flex elementor-invisible e-con e-child\" data-id=\"dfcda83\" data-element_type=\"container\" data-settings=\"{&quot;animation&quot;:&quot;fadeInUp&quot;,&quot;animation_delay&quot;:200,&quot;background_background&quot;:&quot;classic&quot;}\">\n\t\t\t\t<\/div>\n\t\t\t\t\t<\/div>\n\t\t\t\t<\/div>\n\t\t<div class=\"elementor-element elementor-element-497c858 e-grid e-con-boxed e-con e-parent\" data-id=\"497c858\" data-element_type=\"container\" data-settings=\"{&quot;background_background&quot;:&quot;classic&quot;}\">\n\t\t\t\t\t<div class=\"e-con-inner\">\n\t\t<div class=\"elementor-element elementor-element-d78ce95 e-con-full e-flex elementor-invisible e-con e-child\" data-id=\"d78ce95\" data-element_type=\"container\" data-settings=\"{&quot;animation&quot;:&quot;fadeInUp&quot;,&quot;background_background&quot;:&quot;classic&quot;}\">\n\t\t\t\t<\/div>\n\t\t<div class=\"elementor-element elementor-element-7a88e1c e-con-full e-flex elementor-invisible e-con e-child\" data-id=\"7a88e1c\" data-element_type=\"container\" data-settings=\"{&quot;animation&quot;:&quot;fadeInUp&quot;,&quot;animation_delay&quot;:200,&quot;background_background&quot;:&quot;classic&quot;}\">\n\t\t\t\t<\/div>\n\t\t\t\t\t<\/div>\n\t\t\t\t<\/div>\n\t\t\t\t<\/div>\n\t\t","protected":false},"excerpt":{"rendered":"<p>Engag\u00e9s envers la terre LIGNE FLORICULTURE ET HORTICULTURE Chez Terres Boix, nous sommes engag\u00e9s \u00e0 offrir des produits de la plus haute qualit\u00e9 pour favoriser la croissance et la sant\u00e9 des cultures. Notre ligne Horticulture et Floriculture est sp\u00e9cialement con\u00e7ue pour fournir des substrats et des solutions sp\u00e9cialis\u00e9es garantissant une croissance optimale, un \u00e9quilibre parfait [&hellip;]<\/p>\n","protected":false},"author":1,"featured_media":0,"parent":0,"menu_order":0,"comment_status":"closed","ping_status":"closed","template":"","meta":{"_acf_changed":false,"footnotes":""},"class_list":["post-2747","page","type-page","status-publish","hentry"],"acf":[],"_links":{"self":[{"href":"https:\/\/www.terres-boix.com\/fr\/wp-json\/wp\/v2\/pages\/2747","targetHints":{"allow":["GET"]}}],"collection":[{"href":"https:\/\/www.terres-boix.com\/fr\/wp-json\/wp\/v2\/pages"}],"about":[{"href":"https:\/\/www.terres-boix.com\/fr\/wp-json\/wp\/v2\/types\/page"}],"author":[{"embeddable":true,"href":"https:\/\/www.terres-boix.com\/fr\/wp-json\/wp\/v2\/users\/1"}],"replies":[{"embeddable":true,"href":"https:\/\/www.terres-boix.com\/fr\/wp-json\/wp\/v2\/comments?post=2747"}],"version-history":[{"count":0,"href":"https:\/\/www.terres-boix.com\/fr\/wp-json\/wp\/v2\/pages\/2747\/revisions"}],"wp:attachment":[{"href":"https:\/\/www.terres-boix.com\/fr\/wp-json\/wp\/v2\/media?parent=2747"}],"curies":[{"name":"wp","href":"https:\/\/api.w.org\/{rel}","templated":true}]}}