{"id":2745,"date":"2024-12-16T18:15:24","date_gmt":"2024-12-16T17:15:24","guid":{"rendered":"https:\/\/www.terres-boix.com\/ligne-decoration\/traverses-ecologiques\/"},"modified":"2024-12-29T21:18:26","modified_gmt":"2024-12-29T20:18:26","slug":"traverses-ecologiques","status":"publish","type":"page","link":"https:\/\/www.terres-boix.com\/fr\/ligne-decoration\/traverses-ecologiques\/","title":{"rendered":"Traverses \u00e9cologiques"},"content":{"rendered":"\t\t<div data-elementor-type=\"wp-page\" data-elementor-id=\"2745\" class=\"elementor elementor-2745 elementor-1101\" data-elementor-post-type=\"page\">\n\t\t\t\t<div class=\"elementor-element elementor-element-6dadb80a e-con-full e-flex e-con e-parent\" data-id=\"6dadb80a\" data-element_type=\"container\">\n\t\t\t\t<div class=\"elementor-element elementor-element-597e5c9e elementor--h-position-center elementor--v-position-middle elementor-widget elementor-widget-slides\" data-id=\"597e5c9e\" data-element_type=\"widget\" data-settings=\"{&quot;navigation&quot;:&quot;none&quot;,&quot;autoplay_speed&quot;:4000,&quot;transition&quot;:&quot;fade&quot;,&quot;transition_speed&quot;:2000,&quot;autoplay&quot;:&quot;yes&quot;,&quot;infinite&quot;:&quot;yes&quot;}\" data-widget_type=\"slides.default\">\n\t\t\t\t\t\t\t\t\t\t<div class=\"elementor-slides-wrapper elementor-main-swiper swiper\" role=\"region\" aria-roledescription=\"carousel\" aria-label=\"Slides\" dir=\"ltr\" data-animation=\"fadeInUp\">\n\t\t\t\t<div class=\"swiper-wrapper elementor-slides\">\n\t\t\t\t\t\t\t\t\t\t<div class=\"elementor-repeater-item-ef4bc5d swiper-slide\" role=\"group\" aria-roledescription=\"slide\"><div class=\"swiper-slide-bg\" role=\"img\"><\/div><div class=\"swiper-slide-inner\" ><div class=\"swiper-slide-contents\"><div class=\"elementor-slide-description\"><p>Engag\u00e9s envers la terre<\/p>\n<\/div><\/div><\/div><\/div><div class=\"elementor-repeater-item-53f41c9 swiper-slide\" role=\"group\" aria-roledescription=\"slide\"><div class=\"swiper-slide-bg\" role=\"img\"><\/div><div class=\"swiper-slide-inner\" ><div class=\"swiper-slide-contents\"><div class=\"elementor-slide-description\"><p>Engag\u00e9s envers la terre<\/p>\n<\/div><\/div><\/div><\/div><div class=\"elementor-repeater-item-436b89c swiper-slide\" role=\"group\" aria-roledescription=\"slide\"><div class=\"swiper-slide-bg\" role=\"img\"><\/div><div class=\"swiper-slide-inner\" ><div class=\"swiper-slide-contents\"><div class=\"elementor-slide-description\"><p>Engag\u00e9s envers la terre<\/p>\n<\/div><\/div><\/div><\/div>\t\t\t\t<\/div>\n\t\t\t\t\t\t\t\t\t\t\t\t\t\t\t\t\t\t\t\t\t<\/div>\n\t\t\t\t\t\t\t\t<\/div>\n\t\t\t\t<\/div>\n\t\t<div class=\"elementor-element elementor-element-501ab033 e-con-full e-flex elementor-invisible e-con e-parent\" data-id=\"501ab033\" data-element_type=\"container\" data-settings=\"{&quot;background_background&quot;:&quot;classic&quot;,&quot;animation&quot;:&quot;fadeIn&quot;}\">\n\t\t\t\t<div class=\"elementor-element elementor-element-11740db elementor-widget elementor-widget-heading\" data-id=\"11740db\" data-element_type=\"widget\" data-widget_type=\"heading.default\">\n\t\t\t\t\t<h2 class=\"elementor-heading-title elementor-size-default\">LIGNE D\u00c9CORATION<\/h2>\t\t\t\t<\/div>\n\t\t\t\t<\/div>\n\t\t<div class=\"elementor-element elementor-element-73be3e29 e-flex e-con-boxed e-con e-parent\" data-id=\"73be3e29\" data-element_type=\"container\">\n\t\t\t\t\t<div class=\"e-con-inner\">\n\t\t<div class=\"elementor-element elementor-element-38adc3c5 e-con-full e-flex e-con e-child\" data-id=\"38adc3c5\" data-element_type=\"container\">\n\t\t\t\t<div class=\"elementor-element elementor-element-27e33559 elementor-widget elementor-widget-heading\" data-id=\"27e33559\" data-element_type=\"widget\" data-widget_type=\"heading.default\">\n\t\t\t\t\t<h1 class=\"elementor-heading-title elementor-size-default\">Traverses \u00e9cologiques<\/h1>\t\t\t\t<\/div>\n\t\t\t\t<\/div>\n\t\t\t\t\t<\/div>\n\t\t\t\t<\/div>\n\t\t<div class=\"elementor-element elementor-element-6806d3ad e-flex e-con-boxed e-con e-parent\" data-id=\"6806d3ad\" data-element_type=\"container\" data-settings=\"{&quot;background_background&quot;:&quot;classic&quot;}\">\n\t\t\t\t\t<div class=\"e-con-inner\">\n\t\t<div class=\"elementor-element elementor-element-7f5bd265 e-con-full e-flex elementor-invisible e-con e-child\" data-id=\"7f5bd265\" data-element_type=\"container\" data-settings=\"{&quot;animation&quot;:&quot;fadeIn&quot;}\">\n\t\t\t\t<div class=\"elementor-element elementor-element-51059fc4 elementor-widget elementor-widget-image\" data-id=\"51059fc4\" data-element_type=\"widget\" data-widget_type=\"image.default\">\n\t\t\t\t\t\t\t\t\t\t\t\t\t\t\t<img fetchpriority=\"high\" decoding=\"async\" width=\"726\" height=\"431\" src=\"https:\/\/www.terres-boix.com\/wp-content\/uploads\/2024\/12\/traviesa-ecologica.png\" class=\"attachment-medium_large size-medium_large wp-image-1123\" alt=\"\" srcset=\"https:\/\/www.terres-boix.com\/wp-content\/uploads\/2024\/12\/traviesa-ecologica.png 726w, https:\/\/www.terres-boix.com\/wp-content\/uploads\/2024\/12\/traviesa-ecologica-600x356.png 600w, https:\/\/www.terres-boix.com\/wp-content\/uploads\/2024\/12\/traviesa-ecologica-300x178.png 300w\" sizes=\"(max-width: 726px) 100vw, 726px\" \/>\t\t\t\t\t\t\t\t\t\t\t\t\t\t\t<\/div>\n\t\t\t\t<\/div>\n\t\t<div class=\"elementor-element elementor-element-1cd8ac4a e-con-full e-flex elementor-invisible e-con e-child\" data-id=\"1cd8ac4a\" data-element_type=\"container\" data-settings=\"{&quot;animation&quot;:&quot;fadeIn&quot;}\">\n\t\t<div class=\"elementor-element elementor-element-7fb60df3 e-con-full e-flex e-con e-child\" data-id=\"7fb60df3\" data-element_type=\"container\">\n\t\t\t\t<div class=\"elementor-element elementor-element-d89acc8 elementor-widget elementor-widget-heading\" data-id=\"d89acc8\" data-element_type=\"widget\" data-widget_type=\"heading.default\">\n\t\t\t\t\t<span class=\"elementor-heading-title elementor-size-default\">Commercialisation:<\/span>\t\t\t\t<\/div>\n\t\t\t\t<\/div>\n\t\t<div class=\"elementor-element elementor-element-62e65b12 e-con-full e-flex e-con e-child\" data-id=\"62e65b12\" data-element_type=\"container\">\n\t\t<div class=\"elementor-element elementor-element-bec5eac e-con-full e-grid e-con e-child\" data-id=\"bec5eac\" data-element_type=\"container\">\n\t\t<div class=\"elementor-element elementor-element-695c3f2 e-con-full e-flex e-con e-child\" data-id=\"695c3f2\" data-element_type=\"container\">\n\t\t\t\t<div class=\"elementor-element elementor-element-73cc988c elementor-widget elementor-widget-image\" data-id=\"73cc988c\" data-element_type=\"widget\" data-widget_type=\"image.default\">\n\t\t\t\t\t\t\t\t\t\t\t\t\t\t\t<img decoding=\"async\" width=\"128\" height=\"120\" src=\"https:\/\/www.terres-boix.com\/wp-content\/uploads\/2024\/12\/icon-palets.png\" class=\"attachment-large size-large wp-image-1411\" alt=\"\" \/>\t\t\t\t\t\t\t\t\t\t\t\t\t\t\t<\/div>\n\t\t\t\t<div class=\"elementor-element elementor-element-39b83360 elementor-widget elementor-widget-heading\" data-id=\"39b83360\" data-element_type=\"widget\" data-widget_type=\"heading.default\">\n\t\t\t\t\t<div class=\"elementor-heading-title elementor-size-default\">Lot de 20<br>pi\u00e8ces<\/div>\t\t\t\t<\/div>\n\t\t\t\t<\/div>\n\t\t\t\t<\/div>\n\t\t\t\t<\/div>\n\t\t\t\t<\/div>\n\t\t\t\t\t<\/div>\n\t\t\t\t<\/div>\n\t\t\t\t<\/div>\n\t\t","protected":false},"excerpt":{"rendered":"<p>Engag\u00e9s envers la terre Engag\u00e9s envers la terre Engag\u00e9s envers la terre LIGNE D\u00c9CORATION Traverses \u00e9cologiques Commercialisation: Lot de 20pi\u00e8ces<\/p>\n","protected":false},"author":1,"featured_media":0,"parent":2701,"menu_order":0,"comment_status":"closed","ping_status":"closed","template":"","meta":{"_acf_changed":false,"footnotes":""},"class_list":["post-2745","page","type-page","status-publish","hentry"],"acf":[],"_links":{"self":[{"href":"https:\/\/www.terres-boix.com\/fr\/wp-json\/wp\/v2\/pages\/2745","targetHints":{"allow":["GET"]}}],"collection":[{"href":"https:\/\/www.terres-boix.com\/fr\/wp-json\/wp\/v2\/pages"}],"about":[{"href":"https:\/\/www.terres-boix.com\/fr\/wp-json\/wp\/v2\/types\/page"}],"author":[{"embeddable":true,"href":"https:\/\/www.terres-boix.com\/fr\/wp-json\/wp\/v2\/users\/1"}],"replies":[{"embeddable":true,"href":"https:\/\/www.terres-boix.com\/fr\/wp-json\/wp\/v2\/comments?post=2745"}],"version-history":[{"count":0,"href":"https:\/\/www.terres-boix.com\/fr\/wp-json\/wp\/v2\/pages\/2745\/revisions"}],"up":[{"embeddable":true,"href":"https:\/\/www.terres-boix.com\/fr\/wp-json\/wp\/v2\/pages\/2701"}],"wp:attachment":[{"href":"https:\/\/www.terres-boix.com\/fr\/wp-json\/wp\/v2\/media?parent=2745"}],"curies":[{"name":"wp","href":"https:\/\/api.w.org\/{rel}","templated":true}]}}