{"id":2741,"date":"2024-12-16T18:13:49","date_gmt":"2024-12-16T17:13:49","guid":{"rendered":"https:\/\/www.terres-boix.com\/ligne-decoration\/rocaille\/"},"modified":"2024-12-29T21:17:02","modified_gmt":"2024-12-29T20:17:02","slug":"rocaille","status":"publish","type":"page","link":"https:\/\/www.terres-boix.com\/fr\/ligne-decoration\/rocaille\/","title":{"rendered":"Rocaille"},"content":{"rendered":"\t\t<div data-elementor-type=\"wp-page\" data-elementor-id=\"2741\" class=\"elementor elementor-2741 elementor-1093\" data-elementor-post-type=\"page\">\n\t\t\t\t<div class=\"elementor-element elementor-element-792ee549 e-con-full e-flex e-con e-parent\" data-id=\"792ee549\" data-element_type=\"container\">\n\t\t\t\t<div class=\"elementor-element elementor-element-67d0978d elementor--h-position-center elementor--v-position-middle elementor-widget elementor-widget-slides\" data-id=\"67d0978d\" data-element_type=\"widget\" data-settings=\"{&quot;navigation&quot;:&quot;none&quot;,&quot;autoplay_speed&quot;:4000,&quot;transition&quot;:&quot;fade&quot;,&quot;transition_speed&quot;:2000,&quot;autoplay&quot;:&quot;yes&quot;,&quot;infinite&quot;:&quot;yes&quot;}\" data-widget_type=\"slides.default\">\n\t\t\t\t\t\t\t\t\t\t<div class=\"elementor-slides-wrapper elementor-main-swiper swiper\" role=\"region\" aria-roledescription=\"carousel\" aria-label=\"Slides\" dir=\"ltr\" data-animation=\"fadeInUp\">\n\t\t\t\t<div class=\"swiper-wrapper elementor-slides\">\n\t\t\t\t\t\t\t\t\t\t<div class=\"elementor-repeater-item-ef4bc5d swiper-slide\" role=\"group\" aria-roledescription=\"slide\"><div class=\"swiper-slide-bg\" role=\"img\"><\/div><div class=\"swiper-slide-inner\" ><div class=\"swiper-slide-contents\"><div class=\"elementor-slide-description\"><p>Engag\u00e9s envers la terre<\/p>\n<\/div><\/div><\/div><\/div><div class=\"elementor-repeater-item-53f41c9 swiper-slide\" role=\"group\" aria-roledescription=\"slide\"><div class=\"swiper-slide-bg\" role=\"img\"><\/div><div class=\"swiper-slide-inner\" ><div class=\"swiper-slide-contents\"><div class=\"elementor-slide-description\"><p>Engag\u00e9s envers la terre<\/p>\n<\/div><\/div><\/div><\/div><div class=\"elementor-repeater-item-436b89c swiper-slide\" role=\"group\" aria-roledescription=\"slide\"><div class=\"swiper-slide-bg\" role=\"img\"><\/div><div class=\"swiper-slide-inner\" ><div class=\"swiper-slide-contents\"><div class=\"elementor-slide-description\"><p>Engag\u00e9s envers la terre<\/p>\n<\/div><\/div><\/div><\/div>\t\t\t\t<\/div>\n\t\t\t\t\t\t\t\t\t\t\t\t\t\t\t\t\t\t\t\t\t<\/div>\n\t\t\t\t\t\t\t\t<\/div>\n\t\t\t\t<\/div>\n\t\t<div class=\"elementor-element elementor-element-59d10020 e-con-full e-flex elementor-invisible e-con e-parent\" data-id=\"59d10020\" data-element_type=\"container\" data-settings=\"{&quot;background_background&quot;:&quot;classic&quot;,&quot;animation&quot;:&quot;fadeIn&quot;}\">\n\t\t\t\t<div class=\"elementor-element elementor-element-35db1253 elementor-widget elementor-widget-heading\" data-id=\"35db1253\" data-element_type=\"widget\" data-widget_type=\"heading.default\">\n\t\t\t\t\t<h2 class=\"elementor-heading-title elementor-size-default\">LIGNE D\u00c9CORATION<\/h2>\t\t\t\t<\/div>\n\t\t\t\t<\/div>\n\t\t<div class=\"elementor-element elementor-element-53050afc e-flex e-con-boxed e-con e-parent\" data-id=\"53050afc\" data-element_type=\"container\">\n\t\t\t\t\t<div class=\"e-con-inner\">\n\t\t<div class=\"elementor-element elementor-element-11dd5a2f e-con-full e-flex e-con e-child\" data-id=\"11dd5a2f\" data-element_type=\"container\">\n\t\t\t\t<div class=\"elementor-element elementor-element-2af1c777 elementor-widget elementor-widget-heading\" data-id=\"2af1c777\" data-element_type=\"widget\" data-widget_type=\"heading.default\">\n\t\t\t\t\t<h1 class=\"elementor-heading-title elementor-size-default\">Rocaille<\/h1>\t\t\t\t<\/div>\n\t\t\t\t<\/div>\n\t\t\t\t\t<\/div>\n\t\t\t\t<\/div>\n\t\t<div class=\"elementor-element elementor-element-18d6b327 e-flex e-con-boxed e-con e-parent\" data-id=\"18d6b327\" data-element_type=\"container\" data-settings=\"{&quot;background_background&quot;:&quot;classic&quot;}\">\n\t\t\t\t\t<div class=\"e-con-inner\">\n\t\t<div class=\"elementor-element elementor-element-c6c71a9 e-con-full e-flex elementor-invisible e-con e-child\" data-id=\"c6c71a9\" data-element_type=\"container\" data-settings=\"{&quot;animation&quot;:&quot;fadeIn&quot;}\">\n\t\t\t\t<div class=\"elementor-element elementor-element-4c128c4 elementor-widget elementor-widget-image\" data-id=\"4c128c4\" data-element_type=\"widget\" data-widget_type=\"image.default\">\n\t\t\t\t\t\t\t\t\t\t\t\t\t\t\t<img fetchpriority=\"high\" decoding=\"async\" width=\"734\" height=\"432\" src=\"https:\/\/www.terres-boix.com\/wp-content\/uploads\/2024\/12\/rocalla.png\" class=\"attachment-medium_large size-medium_large wp-image-1122\" alt=\"\" srcset=\"https:\/\/www.terres-boix.com\/wp-content\/uploads\/2024\/12\/rocalla.png 734w, https:\/\/www.terres-boix.com\/wp-content\/uploads\/2024\/12\/rocalla-600x353.png 600w, https:\/\/www.terres-boix.com\/wp-content\/uploads\/2024\/12\/rocalla-300x177.png 300w\" sizes=\"(max-width: 734px) 100vw, 734px\" \/>\t\t\t\t\t\t\t\t\t\t\t\t\t\t\t<\/div>\n\t\t\t\t<\/div>\n\t\t<div class=\"elementor-element elementor-element-5840cb0b e-con-full e-flex elementor-invisible e-con e-child\" data-id=\"5840cb0b\" data-element_type=\"container\" data-settings=\"{&quot;animation&quot;:&quot;fadeIn&quot;}\">\n\t\t<div class=\"elementor-element elementor-element-6d740bad e-con-full e-flex e-con e-child\" data-id=\"6d740bad\" data-element_type=\"container\">\n\t\t<div class=\"elementor-element elementor-element-8eb43e2 e-con-full e-flex e-con e-child\" data-id=\"8eb43e2\" data-element_type=\"container\">\n\t\t\t\t<div class=\"elementor-element elementor-element-7549d60c elementor-widget elementor-widget-heading\" data-id=\"7549d60c\" data-element_type=\"widget\" data-widget_type=\"heading.default\">\n\t\t\t\t\t<span class=\"elementor-heading-title elementor-size-default\">Granulom\u00e9trie:<\/span>\t\t\t\t<\/div>\n\t\t\t\t<div class=\"elementor-element elementor-element-251a60f8 elementor-widget elementor-widget-heading\" data-id=\"251a60f8\" data-element_type=\"widget\" data-widget_type=\"heading.default\">\n\t\t\t\t\t<span class=\"elementor-heading-title elementor-size-default\">200 - 300mm<\/span>\t\t\t\t<\/div>\n\t\t\t\t<\/div>\n\t\t\t\t<\/div>\n\t\t<div class=\"elementor-element elementor-element-225d74c5 e-con-full e-flex e-con e-child\" data-id=\"225d74c5\" data-element_type=\"container\">\n\t\t\t\t<div class=\"elementor-element elementor-element-1fbb1920 elementor-widget elementor-widget-heading\" data-id=\"1fbb1920\" data-element_type=\"widget\" data-widget_type=\"heading.default\">\n\t\t\t\t\t<span class=\"elementor-heading-title elementor-size-default\">Commercialisation:<\/span>\t\t\t\t<\/div>\n\t\t\t\t<\/div>\n\t\t<div class=\"elementor-element elementor-element-3ed292ff e-con-full e-flex e-con e-child\" data-id=\"3ed292ff\" data-element_type=\"container\">\n\t\t<div class=\"elementor-element elementor-element-2295439f e-con-full e-grid e-con e-child\" data-id=\"2295439f\" data-element_type=\"container\">\n\t\t<div class=\"elementor-element elementor-element-26b39d25 e-con-full e-flex e-con e-child\" data-id=\"26b39d25\" data-element_type=\"container\">\n\t\t\t\t<div class=\"elementor-element elementor-element-7299c296 elementor-widget elementor-widget-image\" data-id=\"7299c296\" data-element_type=\"widget\" data-widget_type=\"image.default\">\n\t\t\t\t\t\t\t\t\t\t\t\t\t\t\t<img decoding=\"async\" width=\"120\" height=\"119\" src=\"https:\/\/www.terres-boix.com\/wp-content\/uploads\/2024\/12\/ico-jaula.png\" class=\"attachment-large size-large wp-image-1207\" alt=\"\" srcset=\"https:\/\/www.terres-boix.com\/wp-content\/uploads\/2024\/12\/ico-jaula.png 120w, https:\/\/www.terres-boix.com\/wp-content\/uploads\/2024\/12\/ico-jaula-100x100.png 100w\" sizes=\"(max-width: 120px) 100vw, 120px\" \/>\t\t\t\t\t\t\t\t\t\t\t\t\t\t\t<\/div>\n\t\t\t\t<div class=\"elementor-element elementor-element-6dc5dd97 elementor-widget elementor-widget-heading\" data-id=\"6dc5dd97\" data-element_type=\"widget\" data-widget_type=\"heading.default\">\n\t\t\t\t\t<div class=\"elementor-heading-title elementor-size-default\">G\u00e0bia<br>1.000 Kg +\u2013<\/div>\t\t\t\t<\/div>\n\t\t\t\t<\/div>\n\t\t\t\t<\/div>\n\t\t\t\t<\/div>\n\t\t\t\t<\/div>\n\t\t\t\t\t<\/div>\n\t\t\t\t<\/div>\n\t\t\t\t<\/div>\n\t\t","protected":false},"excerpt":{"rendered":"<p>Engag\u00e9s envers la terre Engag\u00e9s envers la terre Engag\u00e9s envers la terre LIGNE D\u00c9CORATION Rocaille Granulom\u00e9trie: 200 &#8211; 300mm Commercialisation: G\u00e0bia1.000 Kg +\u2013<\/p>\n","protected":false},"author":1,"featured_media":0,"parent":2701,"menu_order":0,"comment_status":"closed","ping_status":"closed","template":"","meta":{"_acf_changed":false,"footnotes":""},"class_list":["post-2741","page","type-page","status-publish","hentry"],"acf":[],"_links":{"self":[{"href":"https:\/\/www.terres-boix.com\/fr\/wp-json\/wp\/v2\/pages\/2741","targetHints":{"allow":["GET"]}}],"collection":[{"href":"https:\/\/www.terres-boix.com\/fr\/wp-json\/wp\/v2\/pages"}],"about":[{"href":"https:\/\/www.terres-boix.com\/fr\/wp-json\/wp\/v2\/types\/page"}],"author":[{"embeddable":true,"href":"https:\/\/www.terres-boix.com\/fr\/wp-json\/wp\/v2\/users\/1"}],"replies":[{"embeddable":true,"href":"https:\/\/www.terres-boix.com\/fr\/wp-json\/wp\/v2\/comments?post=2741"}],"version-history":[{"count":0,"href":"https:\/\/www.terres-boix.com\/fr\/wp-json\/wp\/v2\/pages\/2741\/revisions"}],"up":[{"embeddable":true,"href":"https:\/\/www.terres-boix.com\/fr\/wp-json\/wp\/v2\/pages\/2701"}],"wp:attachment":[{"href":"https:\/\/www.terres-boix.com\/fr\/wp-json\/wp\/v2\/media?parent=2741"}],"curies":[{"name":"wp","href":"https:\/\/api.w.org\/{rel}","templated":true}]}}