{"id":2705,"date":"2024-12-16T18:14:35","date_gmt":"2024-12-16T17:14:35","guid":{"rendered":"https:\/\/www.terres-boix.com\/ligne-decoration\/galets-roules-en-marbre-noir\/"},"modified":"2024-12-29T21:11:29","modified_gmt":"2024-12-29T20:11:29","slug":"galets-roules-en-marbre-noir","status":"publish","type":"page","link":"https:\/\/www.terres-boix.com\/fr\/ligne-decoration\/galets-roules-en-marbre-noir\/","title":{"rendered":"Galets roul\u00e9s en marbre noir"},"content":{"rendered":"\t\t<div data-elementor-type=\"wp-page\" data-elementor-id=\"2705\" class=\"elementor elementor-2705 elementor-1097\" data-elementor-post-type=\"page\">\n\t\t\t\t<div class=\"elementor-element elementor-element-4bce208c e-con-full e-flex e-con e-parent\" data-id=\"4bce208c\" data-element_type=\"container\">\n\t\t\t\t<div class=\"elementor-element elementor-element-4dad58b6 elementor--h-position-center elementor--v-position-middle elementor-widget elementor-widget-slides\" data-id=\"4dad58b6\" data-element_type=\"widget\" data-settings=\"{&quot;navigation&quot;:&quot;none&quot;,&quot;autoplay_speed&quot;:4000,&quot;transition&quot;:&quot;fade&quot;,&quot;transition_speed&quot;:2000,&quot;autoplay&quot;:&quot;yes&quot;,&quot;infinite&quot;:&quot;yes&quot;}\" data-widget_type=\"slides.default\">\n\t\t\t\t\t\t\t\t\t\t<div class=\"elementor-slides-wrapper elementor-main-swiper swiper\" role=\"region\" aria-roledescription=\"carousel\" aria-label=\"Slides\" dir=\"ltr\" data-animation=\"fadeInUp\">\n\t\t\t\t<div class=\"swiper-wrapper elementor-slides\">\n\t\t\t\t\t\t\t\t\t\t<div class=\"elementor-repeater-item-ef4bc5d swiper-slide\" role=\"group\" aria-roledescription=\"slide\"><div class=\"swiper-slide-bg\" role=\"img\"><\/div><div class=\"swiper-slide-inner\" ><div class=\"swiper-slide-contents\"><div class=\"elementor-slide-description\"><p>Engag\u00e9s envers la terre<\/p>\n<\/div><\/div><\/div><\/div><div class=\"elementor-repeater-item-53f41c9 swiper-slide\" role=\"group\" aria-roledescription=\"slide\"><div class=\"swiper-slide-bg\" role=\"img\"><\/div><div class=\"swiper-slide-inner\" ><div class=\"swiper-slide-contents\"><div class=\"elementor-slide-description\"><p>Engag\u00e9s envers la terre<\/p>\n<\/div><\/div><\/div><\/div><div class=\"elementor-repeater-item-436b89c swiper-slide\" role=\"group\" aria-roledescription=\"slide\"><div class=\"swiper-slide-bg\" role=\"img\"><\/div><div class=\"swiper-slide-inner\" ><div class=\"swiper-slide-contents\"><div class=\"elementor-slide-description\"><p>Engag\u00e9s envers la terre<\/p>\n<\/div><\/div><\/div><\/div>\t\t\t\t<\/div>\n\t\t\t\t\t\t\t\t\t\t\t\t\t\t\t\t\t\t\t\t\t<\/div>\n\t\t\t\t\t\t\t\t<\/div>\n\t\t\t\t<\/div>\n\t\t<div class=\"elementor-element elementor-element-186358f2 e-con-full e-flex elementor-invisible e-con e-parent\" data-id=\"186358f2\" data-element_type=\"container\" data-settings=\"{&quot;background_background&quot;:&quot;classic&quot;,&quot;animation&quot;:&quot;fadeIn&quot;}\">\n\t\t\t\t<div class=\"elementor-element elementor-element-10c34978 elementor-widget elementor-widget-heading\" data-id=\"10c34978\" data-element_type=\"widget\" data-widget_type=\"heading.default\">\n\t\t\t\t\t<h2 class=\"elementor-heading-title elementor-size-default\">LIGNE D\u00c9CORATION<\/h2>\t\t\t\t<\/div>\n\t\t\t\t<\/div>\n\t\t<div class=\"elementor-element elementor-element-1727e07e e-flex e-con-boxed e-con e-parent\" data-id=\"1727e07e\" data-element_type=\"container\">\n\t\t\t\t\t<div class=\"e-con-inner\">\n\t\t<div class=\"elementor-element elementor-element-26d87efa e-con-full e-flex e-con e-child\" data-id=\"26d87efa\" data-element_type=\"container\">\n\t\t\t\t<div class=\"elementor-element elementor-element-58756c7a elementor-widget elementor-widget-heading\" data-id=\"58756c7a\" data-element_type=\"widget\" data-widget_type=\"heading.default\">\n\t\t\t\t\t<h1 class=\"elementor-heading-title elementor-size-default\">Galets roul\u00e9s en marbre noir<\/h1>\t\t\t\t<\/div>\n\t\t\t\t<\/div>\n\t\t\t\t\t<\/div>\n\t\t\t\t<\/div>\n\t\t<div class=\"elementor-element elementor-element-706ccb14 e-flex e-con-boxed e-con e-parent\" data-id=\"706ccb14\" data-element_type=\"container\" data-settings=\"{&quot;background_background&quot;:&quot;classic&quot;}\">\n\t\t\t\t\t<div class=\"e-con-inner\">\n\t\t<div class=\"elementor-element elementor-element-3f0e0a5b e-con-full e-flex elementor-invisible e-con e-child\" data-id=\"3f0e0a5b\" data-element_type=\"container\" data-settings=\"{&quot;animation&quot;:&quot;fadeIn&quot;}\">\n\t\t\t\t<div class=\"elementor-element elementor-element-24b4b28d elementor-widget elementor-widget-image\" data-id=\"24b4b28d\" data-element_type=\"widget\" data-widget_type=\"image.default\">\n\t\t\t\t\t\t\t\t\t\t\t\t\t\t\t<img fetchpriority=\"high\" decoding=\"async\" width=\"746\" height=\"449\" src=\"https:\/\/www.terres-boix.com\/wp-content\/uploads\/2024\/12\/bolo-canto-rodado-mamol-negro.png\" class=\"attachment-medium_large size-medium_large wp-image-1104\" alt=\"\" srcset=\"https:\/\/www.terres-boix.com\/wp-content\/uploads\/2024\/12\/bolo-canto-rodado-mamol-negro.png 746w, https:\/\/www.terres-boix.com\/wp-content\/uploads\/2024\/12\/bolo-canto-rodado-mamol-negro-600x361.png 600w, https:\/\/www.terres-boix.com\/wp-content\/uploads\/2024\/12\/bolo-canto-rodado-mamol-negro-300x181.png 300w\" sizes=\"(max-width: 746px) 100vw, 746px\" \/>\t\t\t\t\t\t\t\t\t\t\t\t\t\t\t<\/div>\n\t\t\t\t<\/div>\n\t\t<div class=\"elementor-element elementor-element-26612d2f e-con-full e-flex elementor-invisible e-con e-child\" data-id=\"26612d2f\" data-element_type=\"container\" data-settings=\"{&quot;animation&quot;:&quot;fadeIn&quot;}\">\n\t\t<div class=\"elementor-element elementor-element-4b744873 e-con-full e-flex e-con e-child\" data-id=\"4b744873\" data-element_type=\"container\">\n\t\t<div class=\"elementor-element elementor-element-1b959da7 e-con-full e-flex e-con e-child\" data-id=\"1b959da7\" data-element_type=\"container\">\n\t\t\t\t<div class=\"elementor-element elementor-element-5a5b9478 elementor-widget elementor-widget-heading\" data-id=\"5a5b9478\" data-element_type=\"widget\" data-widget_type=\"heading.default\">\n\t\t\t\t\t<span class=\"elementor-heading-title elementor-size-default\">Granulom\u00e9trie:<\/span>\t\t\t\t<\/div>\n\t\t\t\t<div class=\"elementor-element elementor-element-7701d832 elementor-widget elementor-widget-heading\" data-id=\"7701d832\" data-element_type=\"widget\" data-widget_type=\"heading.default\">\n\t\t\t\t\t<span class=\"elementor-heading-title elementor-size-default\">12 - 25mm<\/span>\t\t\t\t<\/div>\n\t\t\t\t<\/div>\n\t\t\t\t<\/div>\n\t\t<div class=\"elementor-element elementor-element-395cf340 e-con-full e-flex e-con e-child\" data-id=\"395cf340\" data-element_type=\"container\">\n\t\t\t\t<div class=\"elementor-element elementor-element-30d1d7f7 elementor-widget elementor-widget-heading\" data-id=\"30d1d7f7\" data-element_type=\"widget\" data-widget_type=\"heading.default\">\n\t\t\t\t\t<span class=\"elementor-heading-title elementor-size-default\">Commercialisation:<\/span>\t\t\t\t<\/div>\n\t\t\t\t<\/div>\n\t\t<div class=\"elementor-element elementor-element-10bdfff2 e-con-full e-flex e-con e-child\" data-id=\"10bdfff2\" data-element_type=\"container\">\n\t\t<div class=\"elementor-element elementor-element-18d190ef e-con-full e-grid e-con e-child\" data-id=\"18d190ef\" data-element_type=\"container\">\n\t\t<div class=\"elementor-element elementor-element-6ac3452f e-con-full e-flex e-con e-child\" data-id=\"6ac3452f\" data-element_type=\"container\">\n\t\t\t\t<div class=\"elementor-element elementor-element-139de764 elementor-widget elementor-widget-image\" data-id=\"139de764\" data-element_type=\"widget\" data-widget_type=\"image.default\">\n\t\t\t\t\t\t\t\t\t\t\t\t\t\t\t<img decoding=\"async\" width=\"120\" height=\"119\" src=\"https:\/\/www.terres-boix.com\/wp-content\/uploads\/2024\/12\/ico-big-bag.png\" class=\"attachment-large size-large wp-image-1205\" alt=\"\" srcset=\"https:\/\/www.terres-boix.com\/wp-content\/uploads\/2024\/12\/ico-big-bag.png 120w, https:\/\/www.terres-boix.com\/wp-content\/uploads\/2024\/12\/ico-big-bag-100x100.png 100w\" sizes=\"(max-width: 120px) 100vw, 120px\" \/>\t\t\t\t\t\t\t\t\t\t\t\t\t\t\t<\/div>\n\t\t\t\t<div class=\"elementor-element elementor-element-4ac1b4a2 elementor-widget elementor-widget-heading\" data-id=\"4ac1b4a2\" data-element_type=\"widget\" data-widget_type=\"heading.default\">\n\t\t\t\t\t<div class=\"elementor-heading-title elementor-size-default\">Big-Bag <br>1.000 Kg +\u2013<\/div>\t\t\t\t<\/div>\n\t\t\t\t<\/div>\n\t\t<div class=\"elementor-element elementor-element-31ccf7be e-con-full e-flex e-con e-child\" data-id=\"31ccf7be\" data-element_type=\"container\">\n\t\t\t\t<div class=\"elementor-element elementor-element-1415ee6b elementor-widget elementor-widget-image\" data-id=\"1415ee6b\" data-element_type=\"widget\" data-widget_type=\"image.default\">\n\t\t\t\t\t\t\t\t\t\t\t\t\t\t\t<img decoding=\"async\" width=\"120\" height=\"119\" src=\"https:\/\/www.terres-boix.com\/wp-content\/uploads\/2024\/12\/ico-saco.png\" class=\"attachment-large size-large wp-image-1208\" alt=\"\" srcset=\"https:\/\/www.terres-boix.com\/wp-content\/uploads\/2024\/12\/ico-saco.png 120w, https:\/\/www.terres-boix.com\/wp-content\/uploads\/2024\/12\/ico-saco-100x100.png 100w\" sizes=\"(max-width: 120px) 100vw, 120px\" \/>\t\t\t\t\t\t\t\t\t\t\t\t\t\t\t<\/div>\n\t\t\t\t<div class=\"elementor-element elementor-element-19d38d0c elementor-widget elementor-widget-heading\" data-id=\"19d38d0c\" data-element_type=\"widget\" data-widget_type=\"heading.default\">\n\t\t\t\t\t<div class=\"elementor-heading-title elementor-size-default\">Sac 20 Kg<br>(sacs par palette: 64)<\/div>\t\t\t\t<\/div>\n\t\t\t\t<\/div>\n\t\t\t\t<\/div>\n\t\t\t\t<\/div>\n\t\t\t\t<\/div>\n\t\t\t\t\t<\/div>\n\t\t\t\t<\/div>\n\t\t\t\t<\/div>\n\t\t","protected":false},"excerpt":{"rendered":"<p>Engag\u00e9s envers la terre Engag\u00e9s envers la terre Engag\u00e9s envers la terre LIGNE D\u00c9CORATION Galets roul\u00e9s en marbre noir Granulom\u00e9trie: 12 &#8211; 25mm Commercialisation: Big-Bag 1.000 Kg +\u2013 Sac 20 Kg(sacs par palette: 64)<\/p>\n","protected":false},"author":1,"featured_media":0,"parent":2701,"menu_order":0,"comment_status":"closed","ping_status":"closed","template":"","meta":{"_acf_changed":false,"footnotes":""},"class_list":["post-2705","page","type-page","status-publish","hentry"],"acf":[],"_links":{"self":[{"href":"https:\/\/www.terres-boix.com\/fr\/wp-json\/wp\/v2\/pages\/2705","targetHints":{"allow":["GET"]}}],"collection":[{"href":"https:\/\/www.terres-boix.com\/fr\/wp-json\/wp\/v2\/pages"}],"about":[{"href":"https:\/\/www.terres-boix.com\/fr\/wp-json\/wp\/v2\/types\/page"}],"author":[{"embeddable":true,"href":"https:\/\/www.terres-boix.com\/fr\/wp-json\/wp\/v2\/users\/1"}],"replies":[{"embeddable":true,"href":"https:\/\/www.terres-boix.com\/fr\/wp-json\/wp\/v2\/comments?post=2705"}],"version-history":[{"count":0,"href":"https:\/\/www.terres-boix.com\/fr\/wp-json\/wp\/v2\/pages\/2705\/revisions"}],"up":[{"embeddable":true,"href":"https:\/\/www.terres-boix.com\/fr\/wp-json\/wp\/v2\/pages\/2701"}],"wp:attachment":[{"href":"https:\/\/www.terres-boix.com\/fr\/wp-json\/wp\/v2\/media?parent=2705"}],"curies":[{"name":"wp","href":"https:\/\/api.w.org\/{rel}","templated":true}]}}