{"id":2699,"date":"2024-12-08T08:01:31","date_gmt":"2024-12-08T07:01:31","guid":{"rendered":"https:\/\/www.terres-boix.com\/ligne-biofiltres-organiques\/"},"modified":"2024-12-29T20:56:38","modified_gmt":"2024-12-29T19:56:38","slug":"ligne-biofiltres-organiques","status":"publish","type":"page","link":"https:\/\/www.terres-boix.com\/fr\/ligne-biofiltres-organiques\/","title":{"rendered":"LIGNE BIOFILTRES ORGANIQUES"},"content":{"rendered":"\t\t<div data-elementor-type=\"wp-page\" data-elementor-id=\"2699\" class=\"elementor elementor-2699 elementor-349\" data-elementor-post-type=\"page\">\n\t\t\t\t<div class=\"elementor-element elementor-element-cdbdad3 e-flex e-con-boxed elementor-invisible e-con e-parent\" data-id=\"cdbdad3\" data-element_type=\"container\" data-settings=\"{&quot;background_background&quot;:&quot;classic&quot;,&quot;animation&quot;:&quot;fadeIn&quot;}\">\n\t\t\t\t\t<div class=\"e-con-inner\">\n\t\t\t\t<div class=\"elementor-element elementor-element-c1335c4 elementor-invisible elementor-widget elementor-widget-heading\" data-id=\"c1335c4\" data-element_type=\"widget\" data-settings=\"{&quot;_animation&quot;:&quot;fadeInUp&quot;}\" data-widget_type=\"heading.default\">\n\t\t\t\t\t<h2 class=\"elementor-heading-title elementor-size-default\">Engag\u00e9s envers la terre<\/h2>\t\t\t\t<\/div>\n\t\t\t\t\t<\/div>\n\t\t\t\t<\/div>\n\t\t<div class=\"elementor-element elementor-element-b914cf1 e-con-full e-flex elementor-invisible e-con e-parent\" data-id=\"b914cf1\" data-element_type=\"container\" data-settings=\"{&quot;background_background&quot;:&quot;classic&quot;,&quot;animation&quot;:&quot;fadeIn&quot;}\">\n\t\t\t\t<div class=\"elementor-element elementor-element-1bcd4e4 elementor-widget elementor-widget-heading\" data-id=\"1bcd4e4\" data-element_type=\"widget\" data-widget_type=\"heading.default\">\n\t\t\t\t\t<h2 class=\"elementor-heading-title elementor-size-default\">LIGNE BIOFILTRES ORGANIQUES<\/h2>\t\t\t\t<\/div>\n\t\t\t\t<\/div>\n\t\t<div class=\"elementor-element elementor-element-bfb2b4a e-flex e-con-boxed e-con e-parent\" data-id=\"bfb2b4a\" data-element_type=\"container\">\n\t\t\t\t\t<div class=\"e-con-inner\">\n\t\t\t\t<div class=\"elementor-element elementor-element-572b906 elementor-widget__width-initial elementor-widget elementor-widget-text-editor\" data-id=\"572b906\" data-element_type=\"widget\" data-widget_type=\"text-editor.default\">\n\t\t\t\t\t\t\t\t\t<p>Chez Terres Boix, nous nous engageons \u00e0 innover et \u00e0 promouvoir la durabilit\u00e9 dans chacun de nos projets. L\u2019un de nos produits phares est le biofiltre organique, une solution naturelle et \u00e9cologique con\u00e7ue pour am\u00e9liorer la qualit\u00e9 de l\u2019air et de l\u2019eau.<br \/>\nMais qu\u2019est-ce qu\u2019un biofiltre organique ?\u2028Les biofiltres organiques sont des syst\u00e8mes vivants qui utilisent des mat\u00e9riaux naturels tels que le compost ou d\u2019autres substrats organiques pour filtrer les polluants. Gr\u00e2ce \u00e0 l\u2019action de microorganismes b\u00e9n\u00e9fiques, ces biofiltres d\u00e9composent et \u00e9liminent efficacement les compos\u00e9s nocifs, tels que les gaz ou substances chimiques, tout en respectant l\u2019environnement.<br \/>\nCette technologie est largement utilis\u00e9e dans les applications industrielles et urbaines pour r\u00e9duire les \u00e9missions polluantes et prot\u00e9ger notre environnement. D\u00e9couvrez comment Terres Boix transforme les mat\u00e9riaux naturels en solutions durables pour un monde plus propre et plus sain.<\/p>\n\t\t\t\t\t\t\t\t<\/div>\n\t\t\t\t\t<\/div>\n\t\t\t\t<\/div>\n\t\t<div class=\"elementor-element elementor-element-37fb99e e-grid e-con-boxed e-con e-parent\" data-id=\"37fb99e\" data-element_type=\"container\" data-settings=\"{&quot;background_background&quot;:&quot;classic&quot;}\">\n\t\t\t\t\t<div class=\"e-con-inner\">\n\t\t<div class=\"elementor-element elementor-element-d16db19 e-con-full e-flex elementor-invisible e-con e-child\" data-id=\"d16db19\" data-element_type=\"container\" data-settings=\"{&quot;animation&quot;:&quot;fadeInUp&quot;,&quot;background_background&quot;:&quot;classic&quot;}\">\n\t\t\t\t<\/div>\n\t\t<div class=\"elementor-element elementor-element-6d87851 e-con-full e-flex elementor-invisible e-con e-child\" data-id=\"6d87851\" data-element_type=\"container\" data-settings=\"{&quot;animation&quot;:&quot;fadeInUp&quot;,&quot;animation_delay&quot;:200,&quot;background_background&quot;:&quot;classic&quot;}\">\n\t\t\t\t<\/div>\n\t\t<div class=\"elementor-element elementor-element-83e6e67 e-con-full e-flex elementor-invisible e-con e-child\" data-id=\"83e6e67\" data-element_type=\"container\" data-settings=\"{&quot;animation&quot;:&quot;fadeInUp&quot;,&quot;animation_delay&quot;:0,&quot;background_background&quot;:&quot;classic&quot;}\">\n\t\t\t\t<\/div>\n\t\t<div class=\"elementor-element elementor-element-fc6ec42 e-con-full e-flex elementor-invisible e-con e-child\" data-id=\"fc6ec42\" data-element_type=\"container\" data-settings=\"{&quot;animation&quot;:&quot;fadeInUp&quot;,&quot;animation_delay&quot;:200,&quot;background_background&quot;:&quot;classic&quot;}\">\n\t\t\t\t<\/div>\n\t\t\t\t\t<\/div>\n\t\t\t\t<\/div>\n\t\t\t\t<\/div>\n\t\t","protected":false},"excerpt":{"rendered":"<p>Engag\u00e9s envers la terre LIGNE BIOFILTRES ORGANIQUES Chez Terres Boix, nous nous engageons \u00e0 innover et \u00e0 promouvoir la durabilit\u00e9 dans chacun de nos projets. L\u2019un de nos produits phares est le biofiltre organique, une solution naturelle et \u00e9cologique con\u00e7ue pour am\u00e9liorer la qualit\u00e9 de l\u2019air et de l\u2019eau. Mais qu\u2019est-ce qu\u2019un biofiltre organique ?\u2028Les [&hellip;]<\/p>\n","protected":false},"author":1,"featured_media":0,"parent":0,"menu_order":0,"comment_status":"closed","ping_status":"closed","template":"","meta":{"_acf_changed":false,"footnotes":""},"class_list":["post-2699","page","type-page","status-publish","hentry"],"acf":[],"_links":{"self":[{"href":"https:\/\/www.terres-boix.com\/fr\/wp-json\/wp\/v2\/pages\/2699","targetHints":{"allow":["GET"]}}],"collection":[{"href":"https:\/\/www.terres-boix.com\/fr\/wp-json\/wp\/v2\/pages"}],"about":[{"href":"https:\/\/www.terres-boix.com\/fr\/wp-json\/wp\/v2\/types\/page"}],"author":[{"embeddable":true,"href":"https:\/\/www.terres-boix.com\/fr\/wp-json\/wp\/v2\/users\/1"}],"replies":[{"embeddable":true,"href":"https:\/\/www.terres-boix.com\/fr\/wp-json\/wp\/v2\/comments?post=2699"}],"version-history":[{"count":0,"href":"https:\/\/www.terres-boix.com\/fr\/wp-json\/wp\/v2\/pages\/2699\/revisions"}],"wp:attachment":[{"href":"https:\/\/www.terres-boix.com\/fr\/wp-json\/wp\/v2\/media?parent=2699"}],"curies":[{"name":"wp","href":"https:\/\/api.w.org\/{rel}","templated":true}]}}