{"id":2684,"date":"2024-12-07T11:28:57","date_gmt":"2024-12-07T10:28:57","guid":{"rendered":"https:\/\/www.terres-boix.com\/qui-sommes-nous\/"},"modified":"2024-12-29T20:39:44","modified_gmt":"2024-12-29T19:39:44","slug":"qui-sommes-nous","status":"publish","type":"page","link":"https:\/\/www.terres-boix.com\/fr\/qui-sommes-nous\/","title":{"rendered":"QUI SOMMES-NOUS"},"content":{"rendered":"\t\t<div data-elementor-type=\"wp-page\" data-elementor-id=\"2684\" class=\"elementor elementor-2684 elementor-31\" data-elementor-post-type=\"page\">\n\t\t\t\t<div class=\"elementor-element elementor-element-72c9d2b e-flex e-con-boxed elementor-invisible e-con e-parent\" data-id=\"72c9d2b\" data-element_type=\"container\" data-settings=\"{&quot;background_background&quot;:&quot;classic&quot;,&quot;animation&quot;:&quot;fadeIn&quot;}\">\n\t\t\t\t\t<div class=\"e-con-inner\">\n\t\t\t\t<div class=\"elementor-element elementor-element-fac8629 elementor-invisible elementor-widget elementor-widget-heading\" data-id=\"fac8629\" data-element_type=\"widget\" data-settings=\"{&quot;_animation&quot;:&quot;fadeInUp&quot;}\" data-widget_type=\"heading.default\">\n\t\t\t\t\t<h2 class=\"elementor-heading-title elementor-size-default\">Engag\u00e9s envers la terre<\/h2>\t\t\t\t<\/div>\n\t\t\t\t\t<\/div>\n\t\t\t\t<\/div>\n\t\t<div class=\"elementor-element elementor-element-5e95f6d e-flex e-con-boxed elementor-invisible e-con e-parent\" data-id=\"5e95f6d\" data-element_type=\"container\" data-settings=\"{&quot;background_background&quot;:&quot;classic&quot;,&quot;animation&quot;:&quot;fadeIn&quot;}\">\n\t\t\t\t\t<div class=\"e-con-inner\">\n\t\t\t\t<div class=\"elementor-element elementor-element-cdc9c5a elementor-widget elementor-widget-heading\" data-id=\"cdc9c5a\" data-element_type=\"widget\" data-widget_type=\"heading.default\">\n\t\t\t\t\t<h2 class=\"elementor-heading-title elementor-size-default\">Histoire  <span> Fertilisants Organiques Boix SL\u2028<\/span><\/h2>\t\t\t\t<\/div>\n\t\t\t\t\t<\/div>\n\t\t\t\t<\/div>\n\t\t<div class=\"elementor-element elementor-element-1c46e9e e-flex e-con-boxed e-con e-parent\" data-id=\"1c46e9e\" data-element_type=\"container\">\n\t\t\t\t\t<div class=\"e-con-inner\">\n\t\t\t\t<div class=\"elementor-element elementor-element-c8750c6 elementor-widget elementor-widget-text-editor\" data-id=\"c8750c6\" data-element_type=\"widget\" data-widget_type=\"text-editor.default\">\n\t\t\t\t\t\t\t\t\tL&rsquo;histoire de Fertilisants Organiques Boix SL commence en 1988, dans le petit village de Tav\u00e8rnoles, sur un terrain de 5 000 m\u00b2 de la ferme Can Massans, avec trois camions d&rsquo;\u00e9corce de pin et deux de fumier. Sous l&rsquo;impulsion d&rsquo;Isidre Fontdevila et Teresita Boix, les premiers pas d&rsquo;une entreprise familiale d\u00e9di\u00e9e aux terres et substrats pour le jardinage ont vu le jour.\t\t\t\t\t\t\t\t<\/div>\n\t\t\t\t\t<\/div>\n\t\t\t\t<\/div>\n\t\t<div class=\"elementor-element elementor-element-69c6886 e-flex e-con-boxed e-con e-parent\" data-id=\"69c6886\" data-element_type=\"container\" data-settings=\"{&quot;background_background&quot;:&quot;classic&quot;}\">\n\t\t\t\t\t<div class=\"e-con-inner\">\n\t\t\t\t<div class=\"elementor-element elementor-element-006ade3 elementor-widget elementor-widget-text-editor\" data-id=\"006ade3\" data-element_type=\"widget\" data-widget_type=\"text-editor.default\">\n\t\t\t\t\t\t\t\t\t<p>Aujourd&rsquo;hui, gr\u00e2ce aux efforts et au talent de la famille Fontdevila Boix, d\u00e9sormais dirig\u00e9e par leurs enfants, Carme, Eudald et Magda, Terres Boix dispose de technologies modernes pour fabriquer des substrats et offre un excellent service \u00e0 ses clients. Depuis plus de 30 ans, notre obsession est de travailler avec les meilleures mati\u00e8res premi\u00e8res 100% naturelles, afin de proposer une large gamme de produits de haute qualit\u00e9 tout en respectant l&rsquo;environnement.<\/p>\n\t\t\t\t\t\t\t\t<\/div>\n\t\t\t\t\t<\/div>\n\t\t\t\t<\/div>\n\t\t<div class=\"elementor-element elementor-element-b2e5af2 e-flex e-con-boxed elementor-invisible e-con e-parent\" data-id=\"b2e5af2\" data-element_type=\"container\" data-settings=\"{&quot;background_background&quot;:&quot;classic&quot;,&quot;animation&quot;:&quot;fadeIn&quot;}\">\n\t\t\t\t\t<div class=\"e-con-inner\">\n\t\t\t\t\t<\/div>\n\t\t\t\t<\/div>\n\t\t\t\t<\/div>\n\t\t","protected":false},"excerpt":{"rendered":"<p>Engag\u00e9s envers la terre Histoire Fertilisants Organiques Boix SL\u2028 L&rsquo;histoire de Fertilisants Organiques Boix SL commence en 1988, dans le petit village de Tav\u00e8rnoles, sur un terrain de 5 000 m\u00b2 de la ferme Can Massans, avec trois camions d&rsquo;\u00e9corce de pin et deux de fumier. Sous l&rsquo;impulsion d&rsquo;Isidre Fontdevila et Teresita Boix, les premiers [&hellip;]<\/p>\n","protected":false},"author":1,"featured_media":0,"parent":0,"menu_order":0,"comment_status":"closed","ping_status":"closed","template":"","meta":{"_acf_changed":false,"footnotes":""},"class_list":["post-2684","page","type-page","status-publish","hentry"],"acf":[],"_links":{"self":[{"href":"https:\/\/www.terres-boix.com\/fr\/wp-json\/wp\/v2\/pages\/2684","targetHints":{"allow":["GET"]}}],"collection":[{"href":"https:\/\/www.terres-boix.com\/fr\/wp-json\/wp\/v2\/pages"}],"about":[{"href":"https:\/\/www.terres-boix.com\/fr\/wp-json\/wp\/v2\/types\/page"}],"author":[{"embeddable":true,"href":"https:\/\/www.terres-boix.com\/fr\/wp-json\/wp\/v2\/users\/1"}],"replies":[{"embeddable":true,"href":"https:\/\/www.terres-boix.com\/fr\/wp-json\/wp\/v2\/comments?post=2684"}],"version-history":[{"count":0,"href":"https:\/\/www.terres-boix.com\/fr\/wp-json\/wp\/v2\/pages\/2684\/revisions"}],"wp:attachment":[{"href":"https:\/\/www.terres-boix.com\/fr\/wp-json\/wp\/v2\/media?parent=2684"}],"curies":[{"name":"wp","href":"https:\/\/api.w.org\/{rel}","templated":true}]}}