{"id":2682,"date":"2024-12-07T11:29:10","date_gmt":"2024-12-07T10:29:10","guid":{"rendered":"https:\/\/www.terres-boix.com\/rd\/"},"modified":"2024-12-29T20:37:25","modified_gmt":"2024-12-29T19:37:25","slug":"rd","status":"publish","type":"page","link":"https:\/\/www.terres-boix.com\/fr\/rd\/","title":{"rendered":"R+D"},"content":{"rendered":"\t\t<div data-elementor-type=\"wp-page\" data-elementor-id=\"2682\" class=\"elementor elementor-2682 elementor-33\" data-elementor-post-type=\"page\">\n\t\t\t\t<div class=\"elementor-element elementor-element-8c55b55 e-flex e-con-boxed elementor-invisible e-con e-parent\" data-id=\"8c55b55\" data-element_type=\"container\" data-settings=\"{&quot;background_background&quot;:&quot;classic&quot;,&quot;animation&quot;:&quot;fadeIn&quot;}\">\n\t\t\t\t\t<div class=\"e-con-inner\">\n\t\t\t\t<div class=\"elementor-element elementor-element-ec26d53 elementor-invisible elementor-widget elementor-widget-heading\" data-id=\"ec26d53\" data-element_type=\"widget\" data-settings=\"{&quot;_animation&quot;:&quot;fadeInUp&quot;}\" data-widget_type=\"heading.default\">\n\t\t\t\t\t<h2 class=\"elementor-heading-title elementor-size-default\">Engag\u00e9s envers la terre<\/h2>\t\t\t\t<\/div>\n\t\t\t\t\t<\/div>\n\t\t\t\t<\/div>\n\t\t<div class=\"elementor-element elementor-element-823a860 e-flex e-con-boxed elementor-invisible e-con e-parent\" data-id=\"823a860\" data-element_type=\"container\" data-settings=\"{&quot;background_background&quot;:&quot;classic&quot;,&quot;animation&quot;:&quot;fadeIn&quot;}\">\n\t\t\t\t\t<div class=\"e-con-inner\">\n\t\t\t\t<div class=\"elementor-element elementor-element-a5c0d1e elementor-widget elementor-widget-heading\" data-id=\"a5c0d1e\" data-element_type=\"widget\" data-widget_type=\"heading.default\">\n\t\t\t\t\t<h2 class=\"elementor-heading-title elementor-size-default\">RECHERCHE ET D\u00c9VELOPPEMENT<\/h2>\t\t\t\t<\/div>\n\t\t\t\t\t<\/div>\n\t\t\t\t<\/div>\n\t\t<div class=\"elementor-element elementor-element-26825d2 e-flex e-con-boxed e-con e-parent\" data-id=\"26825d2\" data-element_type=\"container\">\n\t\t\t\t\t<div class=\"e-con-inner\">\n\t\t\t\t<div class=\"elementor-element elementor-element-efa8f7b elementor-widget elementor-widget-text-editor\" data-id=\"efa8f7b\" data-element_type=\"widget\" data-widget_type=\"text-editor.default\">\n\t\t\t\t\t\t\t\t\t<p>Chez TERRES BOIX, nous sommes engag\u00e9s envers la qualit\u00e9 et le respect de la nature pour am\u00e9liorer continuellement nos produits et r\u00e9pondre aux besoins de nos clients.<\/p>\n<div id=\"gtx-trans\" style=\"position: absolute; left: 55px; top: -9px;\">\n<div class=\"gtx-trans-icon\"><\/div>\n<\/div>\n\t\t\t\t\t\t\t\t<\/div>\n\t\t\t\t\t<\/div>\n\t\t\t\t<\/div>\n\t\t<div class=\"elementor-element elementor-element-2fcbe5b e-grid e-con-boxed e-con e-parent\" data-id=\"2fcbe5b\" data-element_type=\"container\">\n\t\t\t\t\t<div class=\"e-con-inner\">\n\t\t\t\t<div class=\"elementor-element elementor-element-ee63d1e elementor-invisible elementor-widget elementor-widget-image\" data-id=\"ee63d1e\" data-element_type=\"widget\" data-settings=\"{&quot;_animation&quot;:&quot;fadeInUp&quot;}\" data-widget_type=\"image.default\">\n\t\t\t\t\t\t\t\t\t\t\t\t\t\t\t<img fetchpriority=\"high\" decoding=\"async\" width=\"370\" height=\"370\" src=\"https:\/\/www.terres-boix.com\/wp-content\/uploads\/2024\/12\/id-05.png\" class=\"attachment-large size-large wp-image-318\" alt=\"\" srcset=\"https:\/\/www.terres-boix.com\/wp-content\/uploads\/2024\/12\/id-05.png 370w, https:\/\/www.terres-boix.com\/wp-content\/uploads\/2024\/12\/id-05-300x300.png 300w, https:\/\/www.terres-boix.com\/wp-content\/uploads\/2024\/12\/id-05-100x100.png 100w, https:\/\/www.terres-boix.com\/wp-content\/uploads\/2024\/12\/id-05-150x150.png 150w\" sizes=\"(max-width: 370px) 100vw, 370px\" \/>\t\t\t\t\t\t\t\t\t\t\t\t\t\t\t<\/div>\n\t\t\t\t<div class=\"elementor-element elementor-element-d2da5a1 elementor-invisible elementor-widget elementor-widget-image\" data-id=\"d2da5a1\" data-element_type=\"widget\" data-settings=\"{&quot;_animation&quot;:&quot;fadeInUp&quot;,&quot;_animation_delay&quot;:300}\" data-widget_type=\"image.default\">\n\t\t\t\t\t\t\t\t\t\t\t\t\t\t\t<img decoding=\"async\" width=\"370\" height=\"370\" src=\"https:\/\/www.terres-boix.com\/wp-content\/uploads\/2024\/12\/id-04.png\" class=\"attachment-large size-large wp-image-317\" alt=\"\" srcset=\"https:\/\/www.terres-boix.com\/wp-content\/uploads\/2024\/12\/id-04.png 370w, https:\/\/www.terres-boix.com\/wp-content\/uploads\/2024\/12\/id-04-300x300.png 300w, https:\/\/www.terres-boix.com\/wp-content\/uploads\/2024\/12\/id-04-100x100.png 100w, https:\/\/www.terres-boix.com\/wp-content\/uploads\/2024\/12\/id-04-150x150.png 150w\" sizes=\"(max-width: 370px) 100vw, 370px\" \/>\t\t\t\t\t\t\t\t\t\t\t\t\t\t\t<\/div>\n\t\t\t\t<div class=\"elementor-element elementor-element-aa81e40 elementor-invisible elementor-widget elementor-widget-image\" data-id=\"aa81e40\" data-element_type=\"widget\" data-settings=\"{&quot;_animation&quot;:&quot;fadeInUp&quot;,&quot;_animation_delay&quot;:600}\" data-widget_type=\"image.default\">\n\t\t\t\t\t\t\t\t\t\t\t\t\t\t\t<img decoding=\"async\" width=\"371\" height=\"370\" src=\"https:\/\/www.terres-boix.com\/wp-content\/uploads\/2024\/12\/13-03.png\" class=\"attachment-large size-large wp-image-314\" alt=\"\" srcset=\"https:\/\/www.terres-boix.com\/wp-content\/uploads\/2024\/12\/13-03.png 371w, https:\/\/www.terres-boix.com\/wp-content\/uploads\/2024\/12\/13-03-300x300.png 300w, https:\/\/www.terres-boix.com\/wp-content\/uploads\/2024\/12\/13-03-100x100.png 100w, https:\/\/www.terres-boix.com\/wp-content\/uploads\/2024\/12\/13-03-150x150.png 150w\" sizes=\"(max-width: 371px) 100vw, 371px\" \/>\t\t\t\t\t\t\t\t\t\t\t\t\t\t\t<\/div>\n\t\t\t\t<div class=\"elementor-element elementor-element-9c884ec elementor-invisible elementor-widget elementor-widget-image\" data-id=\"9c884ec\" data-element_type=\"widget\" data-settings=\"{&quot;_animation&quot;:&quot;fadeInUp&quot;,&quot;_animation_delay&quot;:900}\" data-widget_type=\"image.default\">\n\t\t\t\t\t\t\t\t\t\t\t\t\t\t\t<img loading=\"lazy\" decoding=\"async\" width=\"371\" height=\"371\" src=\"https:\/\/www.terres-boix.com\/wp-content\/uploads\/2024\/12\/1d-04.png\" class=\"attachment-large size-large wp-image-315\" alt=\"\" srcset=\"https:\/\/www.terres-boix.com\/wp-content\/uploads\/2024\/12\/1d-04.png 371w, https:\/\/www.terres-boix.com\/wp-content\/uploads\/2024\/12\/1d-04-300x300.png 300w, https:\/\/www.terres-boix.com\/wp-content\/uploads\/2024\/12\/1d-04-100x100.png 100w, https:\/\/www.terres-boix.com\/wp-content\/uploads\/2024\/12\/1d-04-150x150.png 150w\" sizes=\"(max-width: 371px) 100vw, 371px\" \/>\t\t\t\t\t\t\t\t\t\t\t\t\t\t\t<\/div>\n\t\t\t\t<div class=\"elementor-element elementor-element-d210d80 elementor-invisible elementor-widget elementor-widget-image\" data-id=\"d210d80\" data-element_type=\"widget\" data-settings=\"{&quot;_animation&quot;:&quot;fadeInUp&quot;,&quot;_animation_delay&quot;:1200}\" data-widget_type=\"image.default\">\n\t\t\t\t\t\t\t\t\t\t\t\t\t\t\t<img loading=\"lazy\" decoding=\"async\" width=\"374\" height=\"373\" src=\"https:\/\/www.terres-boix.com\/wp-content\/uploads\/2024\/12\/1d-05.png\" class=\"attachment-large size-large wp-image-316\" alt=\"\" srcset=\"https:\/\/www.terres-boix.com\/wp-content\/uploads\/2024\/12\/1d-05.png 374w, https:\/\/www.terres-boix.com\/wp-content\/uploads\/2024\/12\/1d-05-300x300.png 300w, https:\/\/www.terres-boix.com\/wp-content\/uploads\/2024\/12\/1d-05-100x100.png 100w, https:\/\/www.terres-boix.com\/wp-content\/uploads\/2024\/12\/1d-05-150x150.png 150w\" sizes=\"(max-width: 374px) 100vw, 374px\" \/>\t\t\t\t\t\t\t\t\t\t\t\t\t\t\t<\/div>\n\t\t\t\t\t<\/div>\n\t\t\t\t<\/div>\n\t\t<div class=\"elementor-element elementor-element-0d7e624 e-flex e-con-boxed elementor-invisible e-con e-parent\" data-id=\"0d7e624\" data-element_type=\"container\" data-settings=\"{&quot;background_background&quot;:&quot;classic&quot;,&quot;animation&quot;:&quot;fadeIn&quot;}\">\n\t\t\t\t\t<div class=\"e-con-inner\">\n\t\t\t\t\t<\/div>\n\t\t\t\t<\/div>\n\t\t\t\t<\/div>\n\t\t","protected":false},"excerpt":{"rendered":"<p>Engag\u00e9s envers la terre RECHERCHE ET D\u00c9VELOPPEMENT Chez TERRES BOIX, nous sommes engag\u00e9s envers la qualit\u00e9 et le respect de la nature pour am\u00e9liorer continuellement nos produits et r\u00e9pondre aux besoins de nos clients.<\/p>\n","protected":false},"author":1,"featured_media":0,"parent":0,"menu_order":0,"comment_status":"closed","ping_status":"closed","template":"","meta":{"_acf_changed":false,"footnotes":""},"class_list":["post-2682","page","type-page","status-publish","hentry"],"acf":[],"_links":{"self":[{"href":"https:\/\/www.terres-boix.com\/fr\/wp-json\/wp\/v2\/pages\/2682","targetHints":{"allow":["GET"]}}],"collection":[{"href":"https:\/\/www.terres-boix.com\/fr\/wp-json\/wp\/v2\/pages"}],"about":[{"href":"https:\/\/www.terres-boix.com\/fr\/wp-json\/wp\/v2\/types\/page"}],"author":[{"embeddable":true,"href":"https:\/\/www.terres-boix.com\/fr\/wp-json\/wp\/v2\/users\/1"}],"replies":[{"embeddable":true,"href":"https:\/\/www.terres-boix.com\/fr\/wp-json\/wp\/v2\/comments?post=2682"}],"version-history":[{"count":0,"href":"https:\/\/www.terres-boix.com\/fr\/wp-json\/wp\/v2\/pages\/2682\/revisions"}],"wp:attachment":[{"href":"https:\/\/www.terres-boix.com\/fr\/wp-json\/wp\/v2\/media?parent=2682"}],"curies":[{"name":"wp","href":"https:\/\/api.w.org\/{rel}","templated":true}]}}