{"id":2678,"date":"2024-12-07T11:28:44","date_gmt":"2024-12-07T10:28:44","guid":{"rendered":"https:\/\/www.terres-boix.com\/conseils\/"},"modified":"2024-12-29T20:25:51","modified_gmt":"2024-12-29T19:25:51","slug":"conseils","status":"publish","type":"page","link":"https:\/\/www.terres-boix.com\/fr\/conseils\/","title":{"rendered":"CONSEILS"},"content":{"rendered":"\t\t<div data-elementor-type=\"wp-page\" data-elementor-id=\"2678\" class=\"elementor elementor-2678 elementor-29\" data-elementor-post-type=\"page\">\n\t\t\t\t<div class=\"elementor-element elementor-element-324f0c3 e-flex e-con-boxed elementor-invisible e-con e-parent\" data-id=\"324f0c3\" data-element_type=\"container\" data-settings=\"{&quot;background_background&quot;:&quot;classic&quot;,&quot;animation&quot;:&quot;fadeIn&quot;}\">\n\t\t\t\t\t<div class=\"e-con-inner\">\n\t\t\t\t<div class=\"elementor-element elementor-element-4a8e3e5 elementor-invisible elementor-widget elementor-widget-heading\" data-id=\"4a8e3e5\" data-element_type=\"widget\" data-settings=\"{&quot;_animation&quot;:&quot;fadeInUp&quot;}\" data-widget_type=\"heading.default\">\n\t\t\t\t\t<h2 class=\"elementor-heading-title elementor-size-default\">Engag\u00e9s envers la terre<\/h2>\t\t\t\t<\/div>\n\t\t\t\t\t<\/div>\n\t\t\t\t<\/div>\n\t\t<div class=\"elementor-element elementor-element-d1783ef e-flex e-con-boxed elementor-invisible e-con e-parent\" data-id=\"d1783ef\" data-element_type=\"container\" data-settings=\"{&quot;background_background&quot;:&quot;classic&quot;,&quot;animation&quot;:&quot;fadeIn&quot;}\">\n\t\t\t\t\t<div class=\"e-con-inner\">\n\t\t\t\t<div class=\"elementor-element elementor-element-6d638a7 elementor-widget elementor-widget-heading\" data-id=\"6d638a7\" data-element_type=\"widget\" data-widget_type=\"heading.default\">\n\t\t\t\t\t<h2 class=\"elementor-heading-title elementor-size-default\">Comment transplanter une plante ?<\/h2>\t\t\t\t<\/div>\n\t\t\t\t\t<\/div>\n\t\t\t\t<\/div>\n\t\t<div class=\"elementor-element elementor-element-b59620c e-flex e-con-boxed e-con e-parent\" data-id=\"b59620c\" data-element_type=\"container\">\n\t\t\t\t\t<div class=\"e-con-inner\">\n\t\t\t\t<div class=\"elementor-element elementor-element-04c1a42 elementor-widget elementor-widget-text-editor\" data-id=\"04c1a42\" data-element_type=\"widget\" data-widget_type=\"text-editor.default\">\n\t\t\t\t\t\t\t\t\tPour savoir quand un transplant est n\u00e9cessaire, il faut pr\u00eater attention aux racines. Si elles remplissent tout le pot, arrosez l&rsquo;ancien substrat et retirez d\u00e9licatement la plante pour observer leur croissance.\t\t\t\t\t\t\t\t<\/div>\n\t\t\t\t\t<\/div>\n\t\t\t\t<\/div>\n\t\t<div class=\"elementor-element elementor-element-38bf5d1 e-con-full e-flex e-con e-parent\" data-id=\"38bf5d1\" data-element_type=\"container\">\n\t\t\t\t<div class=\"elementor-element elementor-element-c2061bc elementor-widget elementor-widget-template\" data-id=\"c2061bc\" data-element_type=\"widget\" data-widget_type=\"template.default\">\n\t\t\t\t<div class=\"elementor-widget-container\">\n\t\t\t\t\t\t\t<div class=\"elementor-template\">\n\t\t\t\t\t<div data-elementor-type=\"container\" data-elementor-id=\"2688\" class=\"elementor elementor-2688 elementor-436\" data-elementor-post-type=\"elementor_library\">\n\t\t\t\t<div class=\"elementor-element elementor-element-6cb8648f e-flex e-con-boxed e-con e-parent\" data-id=\"6cb8648f\" data-element_type=\"container\" data-settings=\"{&quot;background_background&quot;:&quot;classic&quot;}\">\n\t\t\t\t\t<div class=\"e-con-inner\">\n\t\t\t\t<div class=\"elementor-element elementor-element-7f1d2063 elementor-widget elementor-widget-heading\" data-id=\"7f1d2063\" data-element_type=\"widget\" data-widget_type=\"heading.default\">\n\t\t\t\t\t<h2 class=\"elementor-heading-title elementor-size-default\">CONSEILS POUR UN TRANSPLANT<\/h2>\t\t\t\t<\/div>\n\t\t<div class=\"elementor-element elementor-element-707b8bda e-grid e-con-full e-con e-child\" data-id=\"707b8bda\" data-element_type=\"container\">\n\t\t<div class=\"elementor-element elementor-element-5d92f8e2 e-con-full e-flex elementor-invisible e-con e-child\" data-id=\"5d92f8e2\" data-element_type=\"container\" data-settings=\"{&quot;animation&quot;:&quot;fadeInUp&quot;}\">\n\t\t<div class=\"elementor-element elementor-element-1c1ed251 e-con-full e-flex e-con e-child\" data-id=\"1c1ed251\" data-element_type=\"container\">\n\t\t\t\t<div class=\"elementor-element elementor-element-64d4e5e5 elementor-widget elementor-widget-image\" data-id=\"64d4e5e5\" data-element_type=\"widget\" data-widget_type=\"image.default\">\n\t\t\t\t\t\t\t\t\t\t\t\t\t\t\t<img decoding=\"async\" width=\"36\" height=\"36\" src=\"https:\/\/www.terres-boix.com\/wp-content\/uploads\/2024\/12\/1.svg\" class=\"attachment-large size-large wp-image-185\" alt=\"\" \/>\t\t\t\t\t\t\t\t\t\t\t\t\t\t\t<\/div>\n\t\t\t\t<div class=\"elementor-element elementor-element-45659990 elementor-widget elementor-widget-text-editor\" data-id=\"45659990\" data-element_type=\"widget\" data-widget_type=\"text-editor.default\">\n\t\t\t\t\t\t\t\t\t<p>V\u00e9rifiez que le nouveau pot soit proportionnel \u00e0 l&rsquo;ancien.<\/p>\n\t\t\t\t\t\t\t\t<\/div>\n\t\t\t\t<\/div>\n\t\t<div class=\"elementor-element elementor-element-435e7446 e-con-full e-flex e-con e-child\" data-id=\"435e7446\" data-element_type=\"container\">\n\t\t\t\t<div class=\"elementor-element elementor-element-3c345ee6 elementor-widget elementor-widget-image\" data-id=\"3c345ee6\" data-element_type=\"widget\" data-widget_type=\"image.default\">\n\t\t\t\t\t\t\t\t\t\t\t\t\t\t\t<img decoding=\"async\" width=\"222\" height=\"222\" src=\"https:\/\/www.terres-boix.com\/wp-content\/uploads\/2024\/12\/ico-1.svg\" class=\"attachment-large size-large wp-image-189\" alt=\"\" \/>\t\t\t\t\t\t\t\t\t\t\t\t\t\t\t<\/div>\n\t\t\t\t<\/div>\n\t\t\t\t<\/div>\n\t\t<div class=\"elementor-element elementor-element-1bace19c e-con-full e-flex elementor-invisible e-con e-child\" data-id=\"1bace19c\" data-element_type=\"container\" data-settings=\"{&quot;animation&quot;:&quot;fadeInUp&quot;,&quot;animation_delay&quot;:300}\">\n\t\t<div class=\"elementor-element elementor-element-5f36aa74 e-con-full e-flex e-con e-child\" data-id=\"5f36aa74\" data-element_type=\"container\">\n\t\t\t\t<div class=\"elementor-element elementor-element-76dcb6b1 elementor-widget elementor-widget-image\" data-id=\"76dcb6b1\" data-element_type=\"widget\" data-widget_type=\"image.default\">\n\t\t\t\t\t\t\t\t\t\t\t\t\t\t\t<img decoding=\"async\" width=\"36\" height=\"36\" src=\"https:\/\/www.terres-boix.com\/wp-content\/uploads\/2024\/12\/2.svg\" class=\"attachment-large size-large wp-image-186\" alt=\"\" \/>\t\t\t\t\t\t\t\t\t\t\t\t\t\t\t<\/div>\n\t\t\t\t<div class=\"elementor-element elementor-element-11af34a2 elementor-widget elementor-widget-text-editor\" data-id=\"11af34a2\" data-element_type=\"widget\" data-widget_type=\"text-editor.default\">\n\t\t\t\t\t\t\t\t\t<p>Placez une couche de drainage avec du gravier, de la terre volcanique ou un substrat similaire.<\/p>\n\t\t\t\t\t\t\t\t<\/div>\n\t\t\t\t<\/div>\n\t\t<div class=\"elementor-element elementor-element-183dd3ed e-con-full e-flex e-con e-child\" data-id=\"183dd3ed\" data-element_type=\"container\">\n\t\t\t\t<div class=\"elementor-element elementor-element-7d214e7a elementor-widget elementor-widget-image\" data-id=\"7d214e7a\" data-element_type=\"widget\" data-widget_type=\"image.default\">\n\t\t\t\t\t\t\t\t\t\t\t\t\t\t\t<img loading=\"lazy\" decoding=\"async\" width=\"222\" height=\"222\" src=\"https:\/\/www.terres-boix.com\/wp-content\/uploads\/2024\/12\/ico-2.svg\" class=\"attachment-large size-large wp-image-190\" alt=\"\" \/>\t\t\t\t\t\t\t\t\t\t\t\t\t\t\t<\/div>\n\t\t\t\t<\/div>\n\t\t\t\t<\/div>\n\t\t<div class=\"elementor-element elementor-element-29fb3b7c e-con-full e-flex elementor-invisible e-con e-child\" data-id=\"29fb3b7c\" data-element_type=\"container\" data-settings=\"{&quot;animation&quot;:&quot;fadeInUp&quot;,&quot;animation_delay&quot;:600}\">\n\t\t<div class=\"elementor-element elementor-element-1aeb32b4 e-con-full e-flex e-con e-child\" data-id=\"1aeb32b4\" data-element_type=\"container\">\n\t\t\t\t<div class=\"elementor-element elementor-element-51b7a526 elementor-widget elementor-widget-image\" data-id=\"51b7a526\" data-element_type=\"widget\" data-widget_type=\"image.default\">\n\t\t\t\t\t\t\t\t\t\t\t\t\t\t\t<img loading=\"lazy\" decoding=\"async\" width=\"36\" height=\"36\" src=\"https:\/\/www.terres-boix.com\/wp-content\/uploads\/2024\/12\/3.svg\" class=\"attachment-large size-large wp-image-187\" alt=\"\" \/>\t\t\t\t\t\t\t\t\t\t\t\t\t\t\t<\/div>\n\t\t\t\t<div class=\"elementor-element elementor-element-56f54fa9 elementor-widget elementor-widget-text-editor\" data-id=\"56f54fa9\" data-element_type=\"widget\" data-widget_type=\"text-editor.default\">\n\t\t\t\t\t\t\t\t\t<p>Retirez d\u00e9licatement la plante de son pot actuel.<\/p>\n\t\t\t\t\t\t\t\t<\/div>\n\t\t\t\t<\/div>\n\t\t<div class=\"elementor-element elementor-element-56fdbc77 e-con-full e-flex e-con e-child\" data-id=\"56fdbc77\" data-element_type=\"container\">\n\t\t\t\t<div class=\"elementor-element elementor-element-27e535ff elementor-widget elementor-widget-image\" data-id=\"27e535ff\" data-element_type=\"widget\" data-widget_type=\"image.default\">\n\t\t\t\t\t\t\t\t\t\t\t\t\t\t\t<img loading=\"lazy\" decoding=\"async\" width=\"222\" height=\"222\" src=\"https:\/\/www.terres-boix.com\/wp-content\/uploads\/2024\/12\/ico-3.svg\" class=\"attachment-large size-large wp-image-191\" alt=\"\" \/>\t\t\t\t\t\t\t\t\t\t\t\t\t\t\t<\/div>\n\t\t\t\t<\/div>\n\t\t\t\t<\/div>\n\t\t<div class=\"elementor-element elementor-element-82f8dff e-con-full e-flex elementor-invisible e-con e-child\" data-id=\"82f8dff\" data-element_type=\"container\" data-settings=\"{&quot;animation&quot;:&quot;fadeInUp&quot;,&quot;animation_delay&quot;:900}\">\n\t\t<div class=\"elementor-element elementor-element-6f80231c e-con-full e-flex e-con e-child\" data-id=\"6f80231c\" data-element_type=\"container\">\n\t\t\t\t<div class=\"elementor-element elementor-element-60cfb53e elementor-widget elementor-widget-image\" data-id=\"60cfb53e\" data-element_type=\"widget\" data-widget_type=\"image.default\">\n\t\t\t\t\t\t\t\t\t\t\t\t\t\t\t<img loading=\"lazy\" decoding=\"async\" width=\"36\" height=\"36\" src=\"https:\/\/www.terres-boix.com\/wp-content\/uploads\/2024\/12\/4.svg\" class=\"attachment-large size-large wp-image-188\" alt=\"\" \/>\t\t\t\t\t\t\t\t\t\t\t\t\t\t\t<\/div>\n\t\t\t\t<div class=\"elementor-element elementor-element-4403010e elementor-widget elementor-widget-text-editor\" data-id=\"4403010e\" data-element_type=\"widget\" data-widget_type=\"text-editor.default\">\n\t\t\t\t\t\t\t\t\tPlacez la plante dans le nouveau pot et remplissez-le avec le substrat TERRES BOIX.\t\t\t\t\t\t\t\t<\/div>\n\t\t\t\t<\/div>\n\t\t<div class=\"elementor-element elementor-element-507f6fdb e-con-full e-flex e-con e-child\" data-id=\"507f6fdb\" data-element_type=\"container\">\n\t\t\t\t<div class=\"elementor-element elementor-element-86c272d elementor-widget elementor-widget-image\" data-id=\"86c272d\" data-element_type=\"widget\" data-widget_type=\"image.default\">\n\t\t\t\t\t\t\t\t\t\t\t\t\t\t\t<img loading=\"lazy\" decoding=\"async\" width=\"222\" height=\"222\" src=\"https:\/\/www.terres-boix.com\/wp-content\/uploads\/2024\/12\/ico-4.svg\" class=\"attachment-large size-large wp-image-192\" alt=\"\" \/>\t\t\t\t\t\t\t\t\t\t\t\t\t\t\t<\/div>\n\t\t\t\t<\/div>\n\t\t\t\t<\/div>\n\t\t\t\t<\/div>\n\t\t\t\t\t<\/div>\n\t\t\t\t<\/div>\n\t\t\t\t<\/div>\n\t\t\t\t<\/div>\n\t\t\t\t\t\t<\/div>\n\t\t\t\t<\/div>\n\t\t\t\t<\/div>\n\t\t<div class=\"elementor-element elementor-element-14bbdf8 e-flex e-con-boxed elementor-invisible e-con e-parent\" data-id=\"14bbdf8\" data-element_type=\"container\" data-settings=\"{&quot;background_background&quot;:&quot;classic&quot;,&quot;animation&quot;:&quot;fadeIn&quot;}\">\n\t\t\t\t\t<div class=\"e-con-inner\">\n\t\t\t\t<div class=\"elementor-element elementor-element-b00c82f elementor-widget elementor-widget-heading\" data-id=\"b00c82f\" data-element_type=\"widget\" data-widget_type=\"heading.default\">\n\t\t\t\t\t<h2 class=\"elementor-heading-title elementor-size-default\">Cr\u00e9er un potager<\/h2>\t\t\t\t<\/div>\n\t\t\t\t\t<\/div>\n\t\t\t\t<\/div>\n\t\t<div class=\"elementor-element elementor-element-f190cad e-flex e-con-boxed e-con e-parent\" data-id=\"f190cad\" data-element_type=\"container\">\n\t\t\t\t\t<div class=\"e-con-inner\">\n\t\t\t\t<div class=\"elementor-element elementor-element-83f9b83 elementor-widget elementor-widget-text-editor\" data-id=\"83f9b83\" data-element_type=\"widget\" data-widget_type=\"text-editor.default\">\n\t\t\t\t\t\t\t\t\t<p><strong>Le soin d&rsquo;un potager demande d\u00e9vouement et attention. Assurez-vous qu&rsquo;il re\u00e7oive du soleil et dispose d&rsquo;eau. La qualit\u00e9 de la terre et du substrat est essentielle.<\/strong><\/p>\n<div id=\"gtx-trans\" style=\"position: absolute; left: -13px; top: -9px;\">\n<div class=\"gtx-trans-icon\"><\/div>\n<\/div>\n\t\t\t\t\t\t\t\t<\/div>\n\t\t\t\t<div class=\"elementor-element elementor-element-ce9d7ef elementor-widget elementor-widget-text-editor\" data-id=\"ce9d7ef\" data-element_type=\"widget\" data-widget_type=\"text-editor.default\">\n\t\t\t\t\t\t\t\t\t<p>Le jardin demande du d\u00e9vouement, des soins et de la pr\u00e9sence. Si nous voulons avoir un bon jardin avec des l\u00e9gumes de qualit\u00e9, nous devons prendre en compte diff\u00e9rents aspects.<\/p>\n<p>Tout d\u2019abord, il est important que le soleil le frappe et qu\u2019il y ait de l\u2019eau. Pour que nos l\u00e9gumes poussent forts et sains, il est essentiel que le sol soit bon et que nous choisissions un bon substrat. Il est essentiel qu\u2019il apporte les nutriments n\u00e9cessaires aux diff\u00e9rentes plantes en quantit\u00e9 \u00e9quilibr\u00e9e, continue et suffisante.<br \/>\nIl est important de conna\u00eetre les moments de semis, de repiquage, la dur\u00e9e de croissance, les jours de r\u00e9colte, etc.<\/p>\n\t\t\t\t\t\t\t\t<\/div>\n\t\t\t\t\t<\/div>\n\t\t\t\t<\/div>\n\t\t<div class=\"elementor-element elementor-element-c796148 e-flex e-con-boxed e-con e-parent\" data-id=\"c796148\" data-element_type=\"container\" data-settings=\"{&quot;background_background&quot;:&quot;classic&quot;}\">\n\t\t\t\t\t<div class=\"e-con-inner\">\n\t\t\t\t<div class=\"elementor-element elementor-element-00ca903 elementor-widget elementor-widget-text-editor\" data-id=\"00ca903\" data-element_type=\"widget\" data-widget_type=\"text-editor.default\">\n\t\t\t\t\t\t\t\t\t<p>PR\u00c9PARATI\u00d3N DE LA TERRE<\/p>\n\t\t\t\t\t\t\t\t<\/div>\n\t\t\t\t<div class=\"elementor-element elementor-element-8e83c29 elementor-widget elementor-widget-text-editor\" data-id=\"8e83c29\" data-element_type=\"widget\" data-widget_type=\"text-editor.default\">\n\t\t\t\t\t\t\t\t\t<p>Utilisez un bon substrat organique pour enrichir le sol en humus, favorisant ainsi la structure et la r\u00e9tention d&rsquo;eau.<\/p>\n\t\t\t\t\t\t\t\t<\/div>\n\t\t\t\t<div class=\"elementor-element elementor-element-cb95b77 elementor-widget elementor-widget-text-editor\" data-id=\"cb95b77\" data-element_type=\"widget\" data-widget_type=\"text-editor.default\">\n\t\t\t\t\t\t\t\t\t<p>SEMIS ET PLANTATION<\/p>\n\t\t\t\t\t\t\t\t<\/div>\n\t\t\t\t<div class=\"elementor-element elementor-element-1bbfbfb elementor-widget elementor-widget-text-editor\" data-id=\"1bbfbfb\" data-element_type=\"widget\" data-widget_type=\"text-editor.default\">\n\t\t\t\t\t\t\t\t\t<p>Tous les l\u00e9gumes ne sont pas plant\u00e9s ou sem\u00e9s de la m\u00eame mani\u00e8re :<\/p>\n<div id=\"gtx-trans\" style=\"position: absolute; left: -42px; top: -9px;\">\n<div class=\"gtx-trans-icon\"><\/div>\n<\/div>\n\t\t\t\t\t\t\t\t<\/div>\n\t\t\t\t<div class=\"elementor-element elementor-element-a5e1ea0 elementor-widget elementor-widget-text-editor\" data-id=\"a5e1ea0\" data-element_type=\"widget\" data-widget_type=\"text-editor.default\">\n\t\t\t\t\t\t\t\t\t<p>Semis et plantation<\/p>\n\t\t\t\t\t\t\t\t<\/div>\n\t\t\t\t<div class=\"elementor-element elementor-element-24daa44 elementor-widget elementor-widget-text-editor\" data-id=\"24daa44\" data-element_type=\"widget\" data-widget_type=\"text-editor.default\">\n\t\t\t\t\t\t\t\t\t<p>-Semis en vol\u00e9e : Dispersez les graines et enterrez-les au r\u00e2teau.<br \/>\n-Semis en sillon : Tracez un sillon, dispersez les graines, recouvrez et compactez l\u00e9g\u00e8rement.<\/p>\n\t\t\t\t\t\t\t\t<\/div>\n\t\t\t\t<div class=\"elementor-element elementor-element-7275ae5 elementor-widget elementor-widget-text-editor\" data-id=\"7275ae5\" data-element_type=\"widget\" data-widget_type=\"text-editor.default\">\n\t\t\t\t\t\t\t\t\t<p>Plantation:<\/p>\n\t\t\t\t\t\t\t\t<\/div>\n\t\t\t\t<div class=\"elementor-element elementor-element-0feb4d9 elementor-widget elementor-widget-text-editor\" data-id=\"0feb4d9\" data-element_type=\"widget\" data-widget_type=\"text-editor.default\">\n\t\t\t\t\t\t\t\t\t<p>Utilisez des jeunes plants ou pr\u00e9parez vos semis dans des contenants adapt\u00e9s.<\/p>\n\t\t\t\t\t\t\t\t<\/div>\n\t\t\t\t<div class=\"elementor-element elementor-element-7683466 elementor-widget elementor-widget-text-editor\" data-id=\"7683466\" data-element_type=\"widget\" data-widget_type=\"text-editor.default\">\n\t\t\t\t\t\t\t\t\t<p>ARROSAGE:<\/p>\n\t\t\t\t\t\t\t\t<\/div>\n\t\t\t\t<div class=\"elementor-element elementor-element-e4f522c elementor-widget elementor-widget-text-editor\" data-id=\"e4f522c\" data-element_type=\"widget\" data-widget_type=\"text-editor.default\">\n\t\t\t\t\t\t\t\t\tPrivil\u00e9giez des arrosages abondants et espac\u00e9s pour encourager un enracinement en profondeur.\t\t\t\t\t\t\t\t<\/div>\n\t\t\t\t\t<\/div>\n\t\t\t\t<\/div>\n\t\t\t\t<\/div>\n\t\t","protected":false},"excerpt":{"rendered":"<p>Engag\u00e9s envers la terre Comment transplanter une plante ? Pour savoir quand un transplant est n\u00e9cessaire, il faut pr\u00eater attention aux racines. Si elles remplissent tout le pot, arrosez l&rsquo;ancien substrat et retirez d\u00e9licatement la plante pour observer leur croissance. Cr\u00e9er un potager Le soin d&rsquo;un potager demande d\u00e9vouement et attention. Assurez-vous qu&rsquo;il re\u00e7oive du [&hellip;]<\/p>\n","protected":false},"author":1,"featured_media":0,"parent":0,"menu_order":0,"comment_status":"closed","ping_status":"closed","template":"","meta":{"_acf_changed":false,"footnotes":""},"class_list":["post-2678","page","type-page","status-publish","hentry"],"acf":[],"_links":{"self":[{"href":"https:\/\/www.terres-boix.com\/fr\/wp-json\/wp\/v2\/pages\/2678","targetHints":{"allow":["GET"]}}],"collection":[{"href":"https:\/\/www.terres-boix.com\/fr\/wp-json\/wp\/v2\/pages"}],"about":[{"href":"https:\/\/www.terres-boix.com\/fr\/wp-json\/wp\/v2\/types\/page"}],"author":[{"embeddable":true,"href":"https:\/\/www.terres-boix.com\/fr\/wp-json\/wp\/v2\/users\/1"}],"replies":[{"embeddable":true,"href":"https:\/\/www.terres-boix.com\/fr\/wp-json\/wp\/v2\/comments?post=2678"}],"version-history":[{"count":0,"href":"https:\/\/www.terres-boix.com\/fr\/wp-json\/wp\/v2\/pages\/2678\/revisions"}],"wp:attachment":[{"href":"https:\/\/www.terres-boix.com\/fr\/wp-json\/wp\/v2\/media?parent=2678"}],"curies":[{"name":"wp","href":"https:\/\/api.w.org\/{rel}","templated":true}]}}