{"id":2676,"date":"2024-12-07T11:29:40","date_gmt":"2024-12-07T10:29:40","guid":{"rendered":"https:\/\/www.terres-boix.com\/collaborations\/"},"modified":"2024-12-29T20:16:42","modified_gmt":"2024-12-29T19:16:42","slug":"collaborations","status":"publish","type":"page","link":"https:\/\/www.terres-boix.com\/fr\/collaborations\/","title":{"rendered":"COLLABORATIONS"},"content":{"rendered":"\t\t<div data-elementor-type=\"wp-page\" data-elementor-id=\"2676\" class=\"elementor elementor-2676 elementor-35\" data-elementor-post-type=\"page\">\n\t\t\t\t<div class=\"elementor-element elementor-element-96b234d e-flex e-con-boxed elementor-invisible e-con e-parent\" data-id=\"96b234d\" data-element_type=\"container\" data-settings=\"{&quot;background_background&quot;:&quot;classic&quot;,&quot;animation&quot;:&quot;fadeIn&quot;}\">\n\t\t\t\t\t<div class=\"e-con-inner\">\n\t\t\t\t<div class=\"elementor-element elementor-element-32e73a3 elementor-invisible elementor-widget elementor-widget-heading\" data-id=\"32e73a3\" data-element_type=\"widget\" data-settings=\"{&quot;_animation&quot;:&quot;fadeInUp&quot;}\" data-widget_type=\"heading.default\">\n\t\t\t\t\t<h2 class=\"elementor-heading-title elementor-size-default\">Envie de collaborer avec nous ?\u2028<\/h2>\t\t\t\t<\/div>\n\t\t\t\t\t<\/div>\n\t\t\t\t<\/div>\n\t\t<div class=\"elementor-element elementor-element-795b26a e-flex e-con-boxed elementor-invisible e-con e-parent\" data-id=\"795b26a\" data-element_type=\"container\" data-settings=\"{&quot;background_background&quot;:&quot;classic&quot;,&quot;animation&quot;:&quot;fadeIn&quot;}\">\n\t\t\t\t\t<div class=\"e-con-inner\">\n\t\t\t\t<div class=\"elementor-element elementor-element-8724024 elementor-widget elementor-widget-heading\" data-id=\"8724024\" data-element_type=\"widget\" data-widget_type=\"heading.default\">\n\t\t\t\t\t<h2 class=\"elementor-heading-title elementor-size-default\">Envie de collaborer avec nous ?\u2028<\/h2>\t\t\t\t<\/div>\n\t\t\t\t\t<\/div>\n\t\t\t\t<\/div>\n\t\t<div class=\"elementor-element elementor-element-5f65fca e-flex e-con-boxed e-con e-parent\" data-id=\"5f65fca\" data-element_type=\"container\">\n\t\t\t\t\t<div class=\"e-con-inner\">\n\t\t\t\t<div class=\"elementor-element elementor-element-007a0fa elementor-widget elementor-widget-text-editor\" data-id=\"007a0fa\" data-element_type=\"widget\" data-widget_type=\"text-editor.default\">\n\t\t\t\t\t\t\t\t\t<p>Chez Terres Boix, nous croyons en la force des alliances et \u00e0 la valeur de la collaboration pour promouvoir des projets innovants et durables. Si vous avez une proposition, une id\u00e9e d&rsquo;affaires ou un projet en ad\u00e9quation avec notre philosophie de qualit\u00e9, durabilit\u00e9 et engagement envers l&rsquo;environnement, nous serions ravis de vous \u00e9couter.<\/p>\n\t\t\t\t\t\t\t\t<\/div>\n\t\t\t\t\t<\/div>\n\t\t\t\t<\/div>\n\t\t<div class=\"elementor-element elementor-element-875b6c9 e-flex e-con-boxed elementor-invisible e-con e-parent\" data-id=\"875b6c9\" data-element_type=\"container\" data-settings=\"{&quot;background_background&quot;:&quot;classic&quot;,&quot;animation&quot;:&quot;fadeIn&quot;}\">\n\t\t\t\t\t<div class=\"e-con-inner\">\n\t\t\t\t\t<\/div>\n\t\t\t\t<\/div>\n\t\t\t\t<\/div>\n\t\t","protected":false},"excerpt":{"rendered":"<p>Envie de collaborer avec nous ?\u2028 Envie de collaborer avec nous ?\u2028 Chez Terres Boix, nous croyons en la force des alliances et \u00e0 la valeur de la collaboration pour promouvoir des projets innovants et durables. Si vous avez une proposition, une id\u00e9e d&rsquo;affaires ou un projet en ad\u00e9quation avec notre philosophie de qualit\u00e9, durabilit\u00e9 [&hellip;]<\/p>\n","protected":false},"author":1,"featured_media":0,"parent":0,"menu_order":0,"comment_status":"closed","ping_status":"closed","template":"","meta":{"_acf_changed":false,"footnotes":""},"class_list":["post-2676","page","type-page","status-publish","hentry"],"acf":[],"_links":{"self":[{"href":"https:\/\/www.terres-boix.com\/fr\/wp-json\/wp\/v2\/pages\/2676","targetHints":{"allow":["GET"]}}],"collection":[{"href":"https:\/\/www.terres-boix.com\/fr\/wp-json\/wp\/v2\/pages"}],"about":[{"href":"https:\/\/www.terres-boix.com\/fr\/wp-json\/wp\/v2\/types\/page"}],"author":[{"embeddable":true,"href":"https:\/\/www.terres-boix.com\/fr\/wp-json\/wp\/v2\/users\/1"}],"replies":[{"embeddable":true,"href":"https:\/\/www.terres-boix.com\/fr\/wp-json\/wp\/v2\/comments?post=2676"}],"version-history":[{"count":0,"href":"https:\/\/www.terres-boix.com\/fr\/wp-json\/wp\/v2\/pages\/2676\/revisions"}],"wp:attachment":[{"href":"https:\/\/www.terres-boix.com\/fr\/wp-json\/wp\/v2\/media?parent=2676"}],"curies":[{"name":"wp","href":"https:\/\/api.w.org\/{rel}","templated":true}]}}