{"id":3107,"date":"2024-11-29T13:32:14","date_gmt":"2024-11-29T12:32:14","guid":{"rendered":"https:\/\/www.terres-boix.com\/my-account\/"},"modified":"2025-01-04T13:54:48","modified_gmt":"2025-01-04T12:54:48","slug":"cuenta","status":"publish","type":"page","link":"https:\/\/www.terres-boix.com\/es\/cuenta\/","title":{"rendered":"Cuenta"},"content":{"rendered":"\t\t<div data-elementor-type=\"wp-page\" data-elementor-id=\"3107\" class=\"elementor elementor-3107 elementor-9\" data-elementor-post-type=\"page\">\n\t\t\t\t<div class=\"elementor-element elementor-element-ee0df64 e-flex e-con-boxed e-con e-parent\" data-id=\"ee0df64\" data-element_type=\"container\">\n\t\t\t\t\t<div class=\"e-con-inner\">\n\t\t\t\t<div class=\"elementor-element elementor-element-20eb963 elementor-widget elementor-widget-button\" data-id=\"20eb963\" data-element_type=\"widget\" data-widget_type=\"button.default\">\n\t\t\t\t\t\t\t\t\t\t<a class=\"elementor-button elementor-button-link elementor-size-sm\" href=\"https:\/\/www.terres-boix.com\/es\/pagina-privada\/\">\n\t\t\t\t\t\t<span class=\"elementor-button-content-wrapper\">\n\t\t\t\t\t\t\t\t\t<span class=\"elementor-button-text\">\u00bfQuieres reliazar una nueva comanda?<\/span>\n\t\t\t\t\t<\/span>\n\t\t\t\t\t<\/a>\n\t\t\t\t\t\t\t\t<\/div>\n\t\t\t\t\t<\/div>\n\t\t\t\t<\/div>\n\t\t<div class=\"elementor-element elementor-element-6db7f8e e-flex e-con-boxed e-con e-parent\" data-id=\"6db7f8e\" data-element_type=\"container\">\n\t\t\t\t\t<div class=\"e-con-inner\">\n\t\t\t\t<div class=\"elementor-element elementor-element-aa7f2b4 e-my-account-tabs-vertical elementor-widget elementor-widget-woocommerce-my-account\" data-id=\"aa7f2b4\" data-element_type=\"widget\" data-widget_type=\"woocommerce-my-account.default\">\n\t\t\t\t\t<div class=\"e-my-account-tab e-my-account-tab__ \">\t\t\t<div class=\"woocommerce\"><\/div>\t\t<\/div>\n\t\t\t\t\t\t<\/div>\n\t\t\t\t\t<\/div>\n\t\t\t\t<\/div>\n\t\t\t\t<\/div>\n\t\t","protected":false},"excerpt":{"rendered":"<p>\u00bfQuieres reliazar una nueva comanda? Usuario Comandas Direcci\u00f3n Detalles de la cuenta Cerrar sesi\u00f3n Hola (\u00bfno eres ? Cerrar sesi\u00f3n) Desde el escritorio de tu cuenta puedes ver tus pedidos recientes, gestionar tus direcciones de env\u00edo y facturaci\u00f3n y editar tu contrase\u00f1a y los detalles de tu cuenta.<\/p>\n","protected":false},"author":1,"featured_media":0,"parent":0,"menu_order":0,"comment_status":"closed","ping_status":"closed","template":"","meta":{"_acf_changed":false,"footnotes":""},"class_list":["post-3107","page","type-page","status-publish","hentry"],"acf":[],"_links":{"self":[{"href":"https:\/\/www.terres-boix.com\/es\/wp-json\/wp\/v2\/pages\/3107","targetHints":{"allow":["GET"]}}],"collection":[{"href":"https:\/\/www.terres-boix.com\/es\/wp-json\/wp\/v2\/pages"}],"about":[{"href":"https:\/\/www.terres-boix.com\/es\/wp-json\/wp\/v2\/types\/page"}],"author":[{"embeddable":true,"href":"https:\/\/www.terres-boix.com\/es\/wp-json\/wp\/v2\/users\/1"}],"replies":[{"embeddable":true,"href":"https:\/\/www.terres-boix.com\/es\/wp-json\/wp\/v2\/comments?post=3107"}],"version-history":[{"count":0,"href":"https:\/\/www.terres-boix.com\/es\/wp-json\/wp\/v2\/pages\/3107\/revisions"}],"wp:attachment":[{"href":"https:\/\/www.terres-boix.com\/es\/wp-json\/wp\/v2\/media?parent=3107"}],"curies":[{"name":"wp","href":"https:\/\/api.w.org\/{rel}","templated":true}]}}