{"id":2639,"date":"2024-12-15T06:11:00","date_gmt":"2024-12-15T05:11:00","guid":{"rendered":"https:\/\/www.terres-boix.com\/linea-jardineria\/recebo\/"},"modified":"2024-12-29T12:15:06","modified_gmt":"2024-12-29T11:15:06","slug":"recebo","status":"publish","type":"page","link":"https:\/\/www.terres-boix.com\/es\/linea-jardineria\/recebo\/","title":{"rendered":"Recebo"},"content":{"rendered":"\t\t<div data-elementor-type=\"wp-page\" data-elementor-id=\"2639\" class=\"elementor elementor-2639 elementor-923\" data-elementor-post-type=\"page\">\n\t\t\t\t<div class=\"elementor-element elementor-element-1e6ade5e e-flex e-con-boxed elementor-invisible e-con e-parent\" data-id=\"1e6ade5e\" data-element_type=\"container\" data-settings=\"{&quot;background_background&quot;:&quot;classic&quot;,&quot;animation&quot;:&quot;fadeIn&quot;}\">\n\t\t\t\t\t<div class=\"e-con-inner\">\n\t\t\t\t<div class=\"elementor-element elementor-element-30a061ad elementor-invisible elementor-widget elementor-widget-heading\" data-id=\"30a061ad\" data-element_type=\"widget\" data-settings=\"{&quot;_animation&quot;:&quot;fadeInUp&quot;}\" data-widget_type=\"heading.default\">\n\t\t\t\t\t<h2 class=\"elementor-heading-title elementor-size-default\">Comprometidos con la tierra<\/h2>\t\t\t\t<\/div>\n\t\t\t\t\t<\/div>\n\t\t\t\t<\/div>\n\t\t<div class=\"elementor-element elementor-element-297788fb e-con-full e-flex elementor-invisible e-con e-parent\" data-id=\"297788fb\" data-element_type=\"container\" data-settings=\"{&quot;background_background&quot;:&quot;classic&quot;,&quot;animation&quot;:&quot;fadeIn&quot;}\">\n\t\t\t\t<div class=\"elementor-element elementor-element-14aeed9d elementor-widget elementor-widget-heading\" data-id=\"14aeed9d\" data-element_type=\"widget\" data-widget_type=\"heading.default\">\n\t\t\t\t\t<h2 class=\"elementor-heading-title elementor-size-default\">L\u00cdNEA JARDINER\u00cdA <\/h2>\t\t\t\t<\/div>\n\t\t\t\t<\/div>\n\t\t<div class=\"elementor-element elementor-element-26176d4 e-flex e-con-boxed e-con e-parent\" data-id=\"26176d4\" data-element_type=\"container\">\n\t\t\t\t\t<div class=\"e-con-inner\">\n\t\t<div class=\"elementor-element elementor-element-7d484259 e-con-full e-flex e-con e-child\" data-id=\"7d484259\" data-element_type=\"container\">\n\t\t\t\t<div class=\"elementor-element elementor-element-7e120b15 elementor-widget elementor-widget-heading\" data-id=\"7e120b15\" data-element_type=\"widget\" data-widget_type=\"heading.default\">\n\t\t\t\t\t<h1 class=\"elementor-heading-title elementor-size-default\">Recebo<\/h1>\t\t\t\t<\/div>\n\t\t\t\t<\/div>\n\t\t\t\t\t<\/div>\n\t\t\t\t<\/div>\n\t\t<div class=\"elementor-element elementor-element-3cbb4ce2 e-flex e-con-boxed elementor-invisible e-con e-parent\" data-id=\"3cbb4ce2\" data-element_type=\"container\" data-settings=\"{&quot;animation&quot;:&quot;fadeInUp&quot;}\">\n\t\t\t\t\t<div class=\"e-con-inner\">\n\t\t<div class=\"elementor-element elementor-element-298b9225 e-con-full e-flex e-con e-child\" data-id=\"298b9225\" data-element_type=\"container\">\n\t\t\t\t<div class=\"elementor-element elementor-element-3c651d1f elementor-widget elementor-widget-image\" data-id=\"3c651d1f\" data-element_type=\"widget\" data-widget_type=\"image.default\">\n\t\t\t\t\t\t\t\t\t\t\t\t\t\t\t<img fetchpriority=\"high\" decoding=\"async\" width=\"726\" height=\"457\" src=\"https:\/\/www.terres-boix.com\/wp-content\/uploads\/2024\/12\/jar-recebo.png\" class=\"attachment-large size-large wp-image-911\" alt=\"\" srcset=\"https:\/\/www.terres-boix.com\/wp-content\/uploads\/2024\/12\/jar-recebo.png 726w, https:\/\/www.terres-boix.com\/wp-content\/uploads\/2024\/12\/jar-recebo-600x378.png 600w, https:\/\/www.terres-boix.com\/wp-content\/uploads\/2024\/12\/jar-recebo-300x189.png 300w\" sizes=\"(max-width: 726px) 100vw, 726px\" \/>\t\t\t\t\t\t\t\t\t\t\t\t\t\t\t<\/div>\n\t\t\t\t<\/div>\n\t\t<div class=\"elementor-element elementor-element-35bf8831 e-con-full e-flex e-con e-child\" data-id=\"35bf8831\" data-element_type=\"container\">\n\t\t<div class=\"elementor-element elementor-element-504fa2e e-con-full e-flex e-con e-child\" data-id=\"504fa2e\" data-element_type=\"container\">\n\t\t\t\t<div class=\"elementor-element elementor-element-f8a7c98 elementor-widget elementor-widget-text-editor\" data-id=\"f8a7c98\" data-element_type=\"widget\" data-widget_type=\"text-editor.default\">\n\t\t\t\t\t\t\t\t\t<p>El Recebo es un producto arenoso, compuesto de las mejores materias org\u00e1nicas. Tiene una granulometr\u00eda muy fina para favorecer el recebado y la cubresiembra de cualquier tipo de c\u00e9sped, as\u00ed como potenciar la emisi\u00f3n de nuevas razas para renovar el pasto.<\/p>\n\t\t\t\t\t\t\t\t<\/div>\n\t\t\t\t<div class=\"elementor-element elementor-element-309a9752 elementor-widget elementor-widget-heading\" data-id=\"309a9752\" data-element_type=\"widget\" data-widget_type=\"heading.default\">\n\t\t\t\t\t<span class=\"elementor-heading-title elementor-size-default\">Aplicaci\u00f3n<\/span>\t\t\t\t<\/div>\n\t\t\t\t<div class=\"elementor-element elementor-element-24e55822 elementor-widget elementor-widget-text-editor\" data-id=\"24e55822\" data-element_type=\"widget\" data-widget_type=\"text-editor.default\">\n\t\t\t\t\t\t\t\t\t<ul>\n<li>Recibimiento de peque\u00f1as y grandes extensiones de c\u00e9sped.<\/li>\n<li>Mejora la estructura de las superficies de c\u00e9sped..<\/li>\n<li>Enriquece la superficie con la materia org\u00e1nica.<\/li>\n<\/ul>\n\t\t\t\t\t\t\t\t<\/div>\n\t\t\t\t<div class=\"elementor-element elementor-element-31ee4e9e elementor-widget elementor-widget-heading\" data-id=\"31ee4e9e\" data-element_type=\"widget\" data-widget_type=\"heading.default\">\n\t\t\t\t\t<span class=\"elementor-heading-title elementor-size-default\">Comercializaci\u00f3n<\/span>\t\t\t\t<\/div>\n\t\t\t\t<\/div>\n\t\t<div class=\"elementor-element elementor-element-25b6e0e2 e-con-full e-flex e-con e-child\" data-id=\"25b6e0e2\" data-element_type=\"container\">\n\t\t<div class=\"elementor-element elementor-element-67ce8ad1 e-con-full e-flex e-con e-child\" data-id=\"67ce8ad1\" data-element_type=\"container\">\n\t\t\t\t<div class=\"elementor-element elementor-element-1d713bf3 elementor-widget elementor-widget-text-editor\" data-id=\"1d713bf3\" data-element_type=\"widget\" data-widget_type=\"text-editor.default\">\n\t\t\t\t\t\t\t\t\t<ul>\n<li>Granel (m3)<\/li>\n<li>Big Bag 1000 litros.<\/li>\n<\/ul>\n\t\t\t\t\t\t\t\t<\/div>\n\t\t\t\t<\/div>\n\t\t<div class=\"elementor-element elementor-element-19a05861 e-con-full e-flex e-con e-child\" data-id=\"19a05861\" data-element_type=\"container\">\n\t\t\t\t<div class=\"elementor-element elementor-element-7ed74375 elementor-widget elementor-widget-image\" data-id=\"7ed74375\" data-element_type=\"widget\" data-widget_type=\"image.default\">\n\t\t\t\t\t\t\t\t\t\t\t\t\t\t\t<img decoding=\"async\" width=\"248\" height=\"150\" src=\"https:\/\/www.terres-boix.com\/wp-content\/uploads\/2024\/12\/iconoso-jardineria.png\" class=\"attachment-large size-large wp-image-874\" alt=\"\" \/>\t\t\t\t\t\t\t\t\t\t\t\t\t\t\t<\/div>\n\t\t\t\t<\/div>\n\t\t\t\t<\/div>\n\t\t\t\t<\/div>\n\t\t\t\t\t<\/div>\n\t\t\t\t<\/div>\n\t\t\t\t<\/div>\n\t\t","protected":false},"excerpt":{"rendered":"<p>Comprometidos con la tierra L\u00cdNEA JARDINER\u00cdA Recebo El Recebo es un producto arenoso, compuesto de las mejores materias org\u00e1nicas. Tiene una granulometr\u00eda muy fina para favorecer el recebado y la cubresiembra de cualquier tipo de c\u00e9sped, as\u00ed como potenciar la emisi\u00f3n de nuevas razas para renovar el pasto. Aplicaci\u00f3n Recibimiento de peque\u00f1as y grandes extensiones [&hellip;]<\/p>\n","protected":false},"author":1,"featured_media":0,"parent":2625,"menu_order":0,"comment_status":"closed","ping_status":"closed","template":"","meta":{"_acf_changed":false,"footnotes":""},"class_list":["post-2639","page","type-page","status-publish","hentry"],"acf":[],"_links":{"self":[{"href":"https:\/\/www.terres-boix.com\/es\/wp-json\/wp\/v2\/pages\/2639","targetHints":{"allow":["GET"]}}],"collection":[{"href":"https:\/\/www.terres-boix.com\/es\/wp-json\/wp\/v2\/pages"}],"about":[{"href":"https:\/\/www.terres-boix.com\/es\/wp-json\/wp\/v2\/types\/page"}],"author":[{"embeddable":true,"href":"https:\/\/www.terres-boix.com\/es\/wp-json\/wp\/v2\/users\/1"}],"replies":[{"embeddable":true,"href":"https:\/\/www.terres-boix.com\/es\/wp-json\/wp\/v2\/comments?post=2639"}],"version-history":[{"count":0,"href":"https:\/\/www.terres-boix.com\/es\/wp-json\/wp\/v2\/pages\/2639\/revisions"}],"up":[{"embeddable":true,"href":"https:\/\/www.terres-boix.com\/es\/wp-json\/wp\/v2\/pages\/2625"}],"wp:attachment":[{"href":"https:\/\/www.terres-boix.com\/es\/wp-json\/wp\/v2\/media?parent=2639"}],"curies":[{"name":"wp","href":"https:\/\/api.w.org\/{rel}","templated":true}]}}