{"id":2635,"date":"2024-12-15T06:12:06","date_gmt":"2024-12-15T05:12:06","guid":{"rendered":"https:\/\/www.terres-boix.com\/linea-jardineria\/corteza-de-pino\/"},"modified":"2024-12-29T12:12:38","modified_gmt":"2024-12-29T11:12:38","slug":"corteza-de-pino","status":"publish","type":"page","link":"https:\/\/www.terres-boix.com\/es\/linea-jardineria\/corteza-de-pino\/","title":{"rendered":"Corteza de pino"},"content":{"rendered":"\t\t<div data-elementor-type=\"wp-page\" data-elementor-id=\"2635\" class=\"elementor elementor-2635 elementor-927\" data-elementor-post-type=\"page\">\n\t\t\t\t<div class=\"elementor-element elementor-element-4ccf9a8a e-flex e-con-boxed elementor-invisible e-con e-parent\" data-id=\"4ccf9a8a\" data-element_type=\"container\" data-settings=\"{&quot;background_background&quot;:&quot;classic&quot;,&quot;animation&quot;:&quot;fadeIn&quot;}\">\n\t\t\t\t\t<div class=\"e-con-inner\">\n\t\t\t\t<div class=\"elementor-element elementor-element-5e179b00 elementor-invisible elementor-widget elementor-widget-heading\" data-id=\"5e179b00\" data-element_type=\"widget\" data-settings=\"{&quot;_animation&quot;:&quot;fadeInUp&quot;}\" data-widget_type=\"heading.default\">\n\t\t\t\t\t<h2 class=\"elementor-heading-title elementor-size-default\">Comprometidos con la tierra<\/h2>\t\t\t\t<\/div>\n\t\t\t\t\t<\/div>\n\t\t\t\t<\/div>\n\t\t<div class=\"elementor-element elementor-element-41a75b4 e-con-full e-flex elementor-invisible e-con e-parent\" data-id=\"41a75b4\" data-element_type=\"container\" data-settings=\"{&quot;background_background&quot;:&quot;classic&quot;,&quot;animation&quot;:&quot;fadeIn&quot;}\">\n\t\t\t\t<div class=\"elementor-element elementor-element-450b8d74 elementor-widget elementor-widget-heading\" data-id=\"450b8d74\" data-element_type=\"widget\" data-widget_type=\"heading.default\">\n\t\t\t\t\t<h2 class=\"elementor-heading-title elementor-size-default\">L\u00cdNEA JARDINER\u00cdA <\/h2>\t\t\t\t<\/div>\n\t\t\t\t<\/div>\n\t\t<div class=\"elementor-element elementor-element-6919880c e-flex e-con-boxed e-con e-parent\" data-id=\"6919880c\" data-element_type=\"container\">\n\t\t\t\t\t<div class=\"e-con-inner\">\n\t\t<div class=\"elementor-element elementor-element-731331e e-con-full e-flex e-con e-child\" data-id=\"731331e\" data-element_type=\"container\">\n\t\t\t\t<div class=\"elementor-element elementor-element-1e518753 elementor-widget elementor-widget-heading\" data-id=\"1e518753\" data-element_type=\"widget\" data-widget_type=\"heading.default\">\n\t\t\t\t\t<h1 class=\"elementor-heading-title elementor-size-default\">Corteza de pino <\/h1>\t\t\t\t<\/div>\n\t\t\t\t<\/div>\n\t\t\t\t\t<\/div>\n\t\t\t\t<\/div>\n\t\t<div class=\"elementor-element elementor-element-17f63f61 e-flex e-con-boxed elementor-invisible e-con e-parent\" data-id=\"17f63f61\" data-element_type=\"container\" data-settings=\"{&quot;animation&quot;:&quot;fadeInUp&quot;}\">\n\t\t\t\t\t<div class=\"e-con-inner\">\n\t\t<div class=\"elementor-element elementor-element-273fc71b e-con-full e-flex e-con e-child\" data-id=\"273fc71b\" data-element_type=\"container\">\n\t\t\t\t<div class=\"elementor-element elementor-element-327455e3 elementor-widget elementor-widget-image\" data-id=\"327455e3\" data-element_type=\"widget\" data-widget_type=\"image.default\">\n\t\t\t\t\t\t\t\t\t\t\t\t\t\t\t<img fetchpriority=\"high\" decoding=\"async\" width=\"721\" height=\"454\" src=\"https:\/\/www.terres-boix.com\/wp-content\/uploads\/2024\/12\/jar-substrats.png\" class=\"attachment-large size-large wp-image-875\" alt=\"\" srcset=\"https:\/\/www.terres-boix.com\/wp-content\/uploads\/2024\/12\/jar-substrats.png 721w, https:\/\/www.terres-boix.com\/wp-content\/uploads\/2024\/12\/jar-substrats-600x378.png 600w, https:\/\/www.terres-boix.com\/wp-content\/uploads\/2024\/12\/jar-substrats-300x189.png 300w\" sizes=\"(max-width: 721px) 100vw, 721px\" \/>\t\t\t\t\t\t\t\t\t\t\t\t\t\t\t<\/div>\n\t\t\t\t<\/div>\n\t\t<div class=\"elementor-element elementor-element-26a20b e-con-full e-flex e-con e-child\" data-id=\"26a20b\" data-element_type=\"container\">\n\t\t<div class=\"elementor-element elementor-element-45ffe818 e-con-full e-flex e-con e-child\" data-id=\"45ffe818\" data-element_type=\"container\">\n\t\t\t\t<div class=\"elementor-element elementor-element-52a9fee2 elementor-widget elementor-widget-text-editor\" data-id=\"52a9fee2\" data-element_type=\"widget\" data-widget_type=\"text-editor.default\">\n\t\t\t\t\t\t\t\t\t<p>La corteza de pino est\u00e1 seleccionada con el mayor rigor, adecuadamente calibradas para su aplicaci\u00f3n como cubresueldos y decoraci\u00f3n de jardines y macetas. Producto natural y muy apreciado por su alto valor decorativo.<\/p>\n\t\t\t\t\t\t\t\t<\/div>\n\t\t\t\t<div class=\"elementor-element elementor-element-156b78b7 elementor-widget elementor-widget-heading\" data-id=\"156b78b7\" data-element_type=\"widget\" data-widget_type=\"heading.default\">\n\t\t\t\t\t<span class=\"elementor-heading-title elementor-size-default\">Aplicaci\u00f3n<\/span>\t\t\t\t<\/div>\n\t\t\t\t<div class=\"elementor-element elementor-element-e11610d elementor-widget elementor-widget-text-editor\" data-id=\"e11610d\" data-element_type=\"widget\" data-widget_type=\"text-editor.default\">\n\t\t\t\t\t\t\t\t\t<ul>\n<li>Producto natural de alto valor decorativo.<\/li>\n<li>En parterres o \u00e1reas delimitadas para plantas ornamentales.<\/li>\n<li>Evita la proliferaci\u00f3n de las malas hierbas.<\/li>\n<li>Mantiene la humedad necesaria economizando el consumo de agua.<\/li>\n<li>Protege de las heladas.<\/li>\n<li>Enriquece el suelo en materia org\u00e1nica al descomponerse lentamente.<\/li>\n<\/ul>\n\t\t\t\t\t\t\t\t<\/div>\n\t\t\t\t<div class=\"elementor-element elementor-element-56e95cf6 elementor-widget elementor-widget-heading\" data-id=\"56e95cf6\" data-element_type=\"widget\" data-widget_type=\"heading.default\">\n\t\t\t\t\t<span class=\"elementor-heading-title elementor-size-default\">Comercializaci\u00f3n<\/span>\t\t\t\t<\/div>\n\t\t\t\t<\/div>\n\t\t<div class=\"elementor-element elementor-element-1c719d6e e-con-full e-flex e-con e-child\" data-id=\"1c719d6e\" data-element_type=\"container\">\n\t\t<div class=\"elementor-element elementor-element-594ff538 e-con-full e-flex e-con e-child\" data-id=\"594ff538\" data-element_type=\"container\">\n\t\t\t\t<div class=\"elementor-element elementor-element-15c5a4b4 elementor-widget elementor-widget-text-editor\" data-id=\"15c5a4b4\" data-element_type=\"widget\" data-widget_type=\"text-editor.default\">\n\t\t\t\t\t\t\t\t\t<ul>\n<li>Granel (m3)<\/li>\n<li>Big Bag 1000 litros.<\/li>\n<\/ul>\n\t\t\t\t\t\t\t\t<\/div>\n\t\t\t\t<\/div>\n\t\t<div class=\"elementor-element elementor-element-2c1d4066 e-con-full e-flex e-con e-child\" data-id=\"2c1d4066\" data-element_type=\"container\">\n\t\t\t\t<div class=\"elementor-element elementor-element-105f544a elementor-widget elementor-widget-image\" data-id=\"105f544a\" data-element_type=\"widget\" data-widget_type=\"image.default\">\n\t\t\t\t\t\t\t\t\t\t\t\t\t\t\t<img decoding=\"async\" width=\"248\" height=\"150\" src=\"https:\/\/www.terres-boix.com\/wp-content\/uploads\/2024\/12\/iconoso-jardineria.png\" class=\"attachment-large size-large wp-image-874\" alt=\"\" \/>\t\t\t\t\t\t\t\t\t\t\t\t\t\t\t<\/div>\n\t\t\t\t<\/div>\n\t\t\t\t<\/div>\n\t\t\t\t<\/div>\n\t\t\t\t\t<\/div>\n\t\t\t\t<\/div>\n\t\t\t\t<\/div>\n\t\t","protected":false},"excerpt":{"rendered":"<p>Comprometidos con la tierra L\u00cdNEA JARDINER\u00cdA Corteza de pino La corteza de pino est\u00e1 seleccionada con el mayor rigor, adecuadamente calibradas para su aplicaci\u00f3n como cubresueldos y decoraci\u00f3n de jardines y macetas. Producto natural y muy apreciado por su alto valor decorativo. Aplicaci\u00f3n Producto natural de alto valor decorativo. En parterres o \u00e1reas delimitadas para [&hellip;]<\/p>\n","protected":false},"author":1,"featured_media":0,"parent":2625,"menu_order":0,"comment_status":"closed","ping_status":"closed","template":"","meta":{"_acf_changed":false,"footnotes":""},"class_list":["post-2635","page","type-page","status-publish","hentry"],"acf":[],"_links":{"self":[{"href":"https:\/\/www.terres-boix.com\/es\/wp-json\/wp\/v2\/pages\/2635","targetHints":{"allow":["GET"]}}],"collection":[{"href":"https:\/\/www.terres-boix.com\/es\/wp-json\/wp\/v2\/pages"}],"about":[{"href":"https:\/\/www.terres-boix.com\/es\/wp-json\/wp\/v2\/types\/page"}],"author":[{"embeddable":true,"href":"https:\/\/www.terres-boix.com\/es\/wp-json\/wp\/v2\/users\/1"}],"replies":[{"embeddable":true,"href":"https:\/\/www.terres-boix.com\/es\/wp-json\/wp\/v2\/comments?post=2635"}],"version-history":[{"count":0,"href":"https:\/\/www.terres-boix.com\/es\/wp-json\/wp\/v2\/pages\/2635\/revisions"}],"up":[{"embeddable":true,"href":"https:\/\/www.terres-boix.com\/es\/wp-json\/wp\/v2\/pages\/2625"}],"wp:attachment":[{"href":"https:\/\/www.terres-boix.com\/es\/wp-json\/wp\/v2\/media?parent=2635"}],"curies":[{"name":"wp","href":"https:\/\/api.w.org\/{rel}","templated":true}]}}