{"id":2627,"date":"2024-12-14T12:26:51","date_gmt":"2024-12-14T11:26:51","guid":{"rendered":"https:\/\/www.terres-boix.com\/linea-jardineria\/sustratos\/"},"modified":"2024-12-29T12:06:29","modified_gmt":"2024-12-29T11:06:29","slug":"sustratos","status":"publish","type":"page","link":"https:\/\/www.terres-boix.com\/es\/linea-jardineria\/sustratos\/","title":{"rendered":"Sustratos"},"content":{"rendered":"\t\t<div data-elementor-type=\"wp-page\" data-elementor-id=\"2627\" class=\"elementor elementor-2627 elementor-871\" data-elementor-post-type=\"page\">\n\t\t\t\t<div class=\"elementor-element elementor-element-2c00d05 e-flex e-con-boxed elementor-invisible e-con e-parent\" data-id=\"2c00d05\" data-element_type=\"container\" data-settings=\"{&quot;background_background&quot;:&quot;classic&quot;,&quot;animation&quot;:&quot;fadeIn&quot;}\">\n\t\t\t\t\t<div class=\"e-con-inner\">\n\t\t\t\t<div class=\"elementor-element elementor-element-003a6c1 elementor-invisible elementor-widget elementor-widget-heading\" data-id=\"003a6c1\" data-element_type=\"widget\" data-settings=\"{&quot;_animation&quot;:&quot;fadeInUp&quot;}\" data-widget_type=\"heading.default\">\n\t\t\t\t\t<h2 class=\"elementor-heading-title elementor-size-default\">Comprometidos con la tierra<\/h2>\t\t\t\t<\/div>\n\t\t\t\t\t<\/div>\n\t\t\t\t<\/div>\n\t\t<div class=\"elementor-element elementor-element-f2f578b e-con-full e-flex elementor-invisible e-con e-parent\" data-id=\"f2f578b\" data-element_type=\"container\" data-settings=\"{&quot;background_background&quot;:&quot;classic&quot;,&quot;animation&quot;:&quot;fadeIn&quot;}\">\n\t\t\t\t<div class=\"elementor-element elementor-element-3c647fc elementor-widget elementor-widget-heading\" data-id=\"3c647fc\" data-element_type=\"widget\" data-widget_type=\"heading.default\">\n\t\t\t\t\t<h2 class=\"elementor-heading-title elementor-size-default\">L\u00cdNEA JARDINER\u00cdA <\/h2>\t\t\t\t<\/div>\n\t\t\t\t<\/div>\n\t\t<div class=\"elementor-element elementor-element-a1d51f2 e-flex e-con-boxed e-con e-parent\" data-id=\"a1d51f2\" data-element_type=\"container\">\n\t\t\t\t\t<div class=\"e-con-inner\">\n\t\t<div class=\"elementor-element elementor-element-0c31168 e-con-full e-flex e-con e-child\" data-id=\"0c31168\" data-element_type=\"container\">\n\t\t\t\t<div class=\"elementor-element elementor-element-7d7f318 elementor-widget elementor-widget-heading\" data-id=\"7d7f318\" data-element_type=\"widget\" data-widget_type=\"heading.default\">\n\t\t\t\t\t<h1 class=\"elementor-heading-title elementor-size-default\">Sustratos<\/h1>\t\t\t\t<\/div>\n\t\t\t\t<\/div>\n\t\t\t\t\t<\/div>\n\t\t\t\t<\/div>\n\t\t<div class=\"elementor-element elementor-element-a06daed e-flex e-con-boxed elementor-invisible e-con e-parent\" data-id=\"a06daed\" data-element_type=\"container\" data-settings=\"{&quot;animation&quot;:&quot;fadeInUp&quot;}\">\n\t\t\t\t\t<div class=\"e-con-inner\">\n\t\t<div class=\"elementor-element elementor-element-9e14cdb e-con-full e-flex e-con e-child\" data-id=\"9e14cdb\" data-element_type=\"container\">\n\t\t\t\t<div class=\"elementor-element elementor-element-0522eba elementor-widget elementor-widget-image\" data-id=\"0522eba\" data-element_type=\"widget\" data-widget_type=\"image.default\">\n\t\t\t\t\t\t\t\t\t\t\t\t\t\t\t<img fetchpriority=\"high\" decoding=\"async\" width=\"721\" height=\"454\" src=\"https:\/\/www.terres-boix.com\/wp-content\/uploads\/2024\/12\/jar-substrats.png\" class=\"attachment-large size-large wp-image-875\" alt=\"\" srcset=\"https:\/\/www.terres-boix.com\/wp-content\/uploads\/2024\/12\/jar-substrats.png 721w, https:\/\/www.terres-boix.com\/wp-content\/uploads\/2024\/12\/jar-substrats-600x378.png 600w, https:\/\/www.terres-boix.com\/wp-content\/uploads\/2024\/12\/jar-substrats-300x189.png 300w\" sizes=\"(max-width: 721px) 100vw, 721px\" \/>\t\t\t\t\t\t\t\t\t\t\t\t\t\t\t<\/div>\n\t\t\t\t<\/div>\n\t\t<div class=\"elementor-element elementor-element-121f1fd e-con-full e-flex e-con e-child\" data-id=\"121f1fd\" data-element_type=\"container\">\n\t\t<div class=\"elementor-element elementor-element-7e3e896 e-con-full e-flex e-con e-child\" data-id=\"7e3e896\" data-element_type=\"container\">\n\t\t\t\t<div class=\"elementor-element elementor-element-43fe27b elementor-widget elementor-widget-text-editor\" data-id=\"43fe27b\" data-element_type=\"widget\" data-widget_type=\"text-editor.default\">\n\t\t\t\t\t\t\t\t\t<p>Es un producto elaborado a partir de materias primas de primera calidad. Permite el anclaje y el adecuado crecimiento del sistema radicular de la planta. Garantiza la floraci\u00f3n ideal para la planta.<\/p>\n\t\t\t\t\t\t\t\t<\/div>\n\t\t\t\t<div class=\"elementor-element elementor-element-2735b70 elementor-widget elementor-widget-heading\" data-id=\"2735b70\" data-element_type=\"widget\" data-widget_type=\"heading.default\">\n\t\t\t\t\t<span class=\"elementor-heading-title elementor-size-default\">Aplicaci\u00f3n<\/span>\t\t\t\t<\/div>\n\t\t\t\t<div class=\"elementor-element elementor-element-1882f34 elementor-widget elementor-widget-text-editor\" data-id=\"1882f34\" data-element_type=\"widget\" data-widget_type=\"text-editor.default\">\n\t\t\t\t\t\t\t\t\t<ul>\n<li>Plantas de flor, balc\u00f3n, temporada, ornamentales, forestales, arom\u00e1ticas, etc.<\/li>\n<li>Plantaci\u00f3n de plantas de interior y exterior.<\/li>\n<\/ul>\n\t\t\t\t\t\t\t\t<\/div>\n\t\t\t\t<div class=\"elementor-element elementor-element-5e41ffa elementor-widget elementor-widget-heading\" data-id=\"5e41ffa\" data-element_type=\"widget\" data-widget_type=\"heading.default\">\n\t\t\t\t\t<span class=\"elementor-heading-title elementor-size-default\">Comercializaci\u00f3n<\/span>\t\t\t\t<\/div>\n\t\t\t\t<\/div>\n\t\t<div class=\"elementor-element elementor-element-96e0e5e e-con-full e-flex e-con e-child\" data-id=\"96e0e5e\" data-element_type=\"container\">\n\t\t<div class=\"elementor-element elementor-element-72496c2 e-con-full e-flex e-con e-child\" data-id=\"72496c2\" data-element_type=\"container\">\n\t\t\t\t<div class=\"elementor-element elementor-element-4c2f086 elementor-widget elementor-widget-text-editor\" data-id=\"4c2f086\" data-element_type=\"widget\" data-widget_type=\"text-editor.default\">\n\t\t\t\t\t\t\t\t\t<ul>\n<li>Granel (m3)<\/li>\n<li>Big Bag 2.300 litros.<\/li>\n<li>Big Bag 2.000 litros.<\/li>\n<li>Big Bag 1.700 litros.<\/li>\n<li>Big Bag 1.000 litros.<\/li>\n<\/ul>\n<p>Se fabrican los sustratos a la carta. Big-Bag Granel (m3)<br \/>\nBig-Bag Granel (m3)<\/p>\n\t\t\t\t\t\t\t\t<\/div>\n\t\t\t\t<\/div>\n\t\t<div class=\"elementor-element elementor-element-f37508f e-con-full e-flex e-con e-child\" data-id=\"f37508f\" data-element_type=\"container\">\n\t\t\t\t<div class=\"elementor-element elementor-element-a109e3c elementor-widget elementor-widget-image\" data-id=\"a109e3c\" data-element_type=\"widget\" data-widget_type=\"image.default\">\n\t\t\t\t\t\t\t\t\t\t\t\t\t\t\t<img decoding=\"async\" width=\"248\" height=\"150\" src=\"https:\/\/www.terres-boix.com\/wp-content\/uploads\/2024\/12\/iconoso-jardineria.png\" class=\"attachment-large size-large wp-image-874\" alt=\"\" \/>\t\t\t\t\t\t\t\t\t\t\t\t\t\t\t<\/div>\n\t\t\t\t<\/div>\n\t\t\t\t<\/div>\n\t\t\t\t<\/div>\n\t\t\t\t\t<\/div>\n\t\t\t\t<\/div>\n\t\t\t\t<\/div>\n\t\t","protected":false},"excerpt":{"rendered":"<p>Comprometidos con la tierra L\u00cdNEA JARDINER\u00cdA Sustratos Es un producto elaborado a partir de materias primas de primera calidad. Permite el anclaje y el adecuado crecimiento del sistema radicular de la planta. Garantiza la floraci\u00f3n ideal para la planta. Aplicaci\u00f3n Plantas de flor, balc\u00f3n, temporada, ornamentales, forestales, arom\u00e1ticas, etc. Plantaci\u00f3n de plantas de interior y [&hellip;]<\/p>\n","protected":false},"author":1,"featured_media":0,"parent":2625,"menu_order":0,"comment_status":"closed","ping_status":"closed","template":"","meta":{"_acf_changed":false,"footnotes":""},"class_list":["post-2627","page","type-page","status-publish","hentry"],"acf":[],"_links":{"self":[{"href":"https:\/\/www.terres-boix.com\/es\/wp-json\/wp\/v2\/pages\/2627","targetHints":{"allow":["GET"]}}],"collection":[{"href":"https:\/\/www.terres-boix.com\/es\/wp-json\/wp\/v2\/pages"}],"about":[{"href":"https:\/\/www.terres-boix.com\/es\/wp-json\/wp\/v2\/types\/page"}],"author":[{"embeddable":true,"href":"https:\/\/www.terres-boix.com\/es\/wp-json\/wp\/v2\/users\/1"}],"replies":[{"embeddable":true,"href":"https:\/\/www.terres-boix.com\/es\/wp-json\/wp\/v2\/comments?post=2627"}],"version-history":[{"count":0,"href":"https:\/\/www.terres-boix.com\/es\/wp-json\/wp\/v2\/pages\/2627\/revisions"}],"up":[{"embeddable":true,"href":"https:\/\/www.terres-boix.com\/es\/wp-json\/wp\/v2\/pages\/2625"}],"wp:attachment":[{"href":"https:\/\/www.terres-boix.com\/es\/wp-json\/wp\/v2\/media?parent=2627"}],"curies":[{"name":"wp","href":"https:\/\/api.w.org\/{rel}","templated":true}]}}