{"id":2625,"date":"2024-12-08T07:59:48","date_gmt":"2024-12-08T06:59:48","guid":{"rendered":"https:\/\/www.terres-boix.com\/linea-jardineria\/"},"modified":"2024-12-29T12:28:39","modified_gmt":"2024-12-29T11:28:39","slug":"linea-jardineria","status":"publish","type":"page","link":"https:\/\/www.terres-boix.com\/es\/linea-jardineria\/","title":{"rendered":"L\u00cdNEA JARDINER\u00cdA"},"content":{"rendered":"\t\t<div data-elementor-type=\"wp-page\" data-elementor-id=\"2625\" class=\"elementor elementor-2625 elementor-343\" data-elementor-post-type=\"page\">\n\t\t\t\t<div class=\"elementor-element elementor-element-f4678d2 e-flex e-con-boxed elementor-invisible e-con e-parent\" data-id=\"f4678d2\" data-element_type=\"container\" data-settings=\"{&quot;background_background&quot;:&quot;classic&quot;,&quot;animation&quot;:&quot;fadeIn&quot;}\">\n\t\t\t\t\t<div class=\"e-con-inner\">\n\t\t\t\t<div class=\"elementor-element elementor-element-7a8df15 elementor-invisible elementor-widget elementor-widget-heading\" data-id=\"7a8df15\" data-element_type=\"widget\" data-settings=\"{&quot;_animation&quot;:&quot;fadeInUp&quot;}\" data-widget_type=\"heading.default\">\n\t\t\t\t\t<h2 class=\"elementor-heading-title elementor-size-default\">Comprometidos con la tierra<\/h2>\t\t\t\t<\/div>\n\t\t\t\t\t<\/div>\n\t\t\t\t<\/div>\n\t\t<div class=\"elementor-element elementor-element-57f2374 e-flex e-con-boxed e-con e-parent\" data-id=\"57f2374\" data-element_type=\"container\">\n\t\t\t\t\t<div class=\"e-con-inner\">\n\t\t\t\t<div class=\"elementor-element elementor-element-afaa61b elementor-widget elementor-widget-menu-anchor\" data-id=\"afaa61b\" data-element_type=\"widget\" data-widget_type=\"menu-anchor.default\">\n\t\t\t\t\t\t\t<div class=\"elementor-menu-anchor\" id=\"jardineria\"><\/div>\n\t\t\t\t\t\t<\/div>\n\t\t\t\t\t<\/div>\n\t\t\t\t<\/div>\n\t\t<div class=\"elementor-element elementor-element-3c3f35f e-con-full e-flex elementor-invisible e-con e-parent\" data-id=\"3c3f35f\" data-element_type=\"container\" data-settings=\"{&quot;background_background&quot;:&quot;classic&quot;,&quot;animation&quot;:&quot;fadeIn&quot;}\">\n\t\t\t\t<div class=\"elementor-element elementor-element-84d561a elementor-widget elementor-widget-heading\" data-id=\"84d561a\" data-element_type=\"widget\" data-widget_type=\"heading.default\">\n\t\t\t\t\t<h2 class=\"elementor-heading-title elementor-size-default\">L\u00cdNEA JARDINER\u00cdA <\/h2>\t\t\t\t<\/div>\n\t\t\t\t<\/div>\n\t\t<div class=\"elementor-element elementor-element-bb80cf1 e-grid e-con-boxed e-con e-parent\" data-id=\"bb80cf1\" data-element_type=\"container\" data-settings=\"{&quot;background_background&quot;:&quot;classic&quot;}\">\n\t\t\t\t\t<div class=\"e-con-inner\">\n\t\t<div class=\"elementor-element elementor-element-44f9d95 e-con-full e-flex elementor-invisible e-con e-child\" data-id=\"44f9d95\" data-element_type=\"container\" data-settings=\"{&quot;animation&quot;:&quot;fadeInUp&quot;}\">\n\t\t\t\t<div class=\"elementor-element elementor-element-1c63a3f elementor-widget elementor-widget-heading\" data-id=\"1c63a3f\" data-element_type=\"widget\" data-widget_type=\"heading.default\">\n\t\t\t\t\t<h2 class=\"elementor-heading-title elementor-size-default\">Sustratos<\/h2>\t\t\t\t<\/div>\n\t\t\t\t<div class=\"elementor-element elementor-element-a00352b elementor-widget elementor-widget-image\" data-id=\"a00352b\" data-element_type=\"widget\" data-widget_type=\"image.default\">\n\t\t\t\t\t\t\t\t\t\t\t\t\t\t\t\t<a href=\"https:\/\/www.terres-boix.com\/es\/linea-jardineria\/sustratos\/\">\n\t\t\t\t\t\t\t<img fetchpriority=\"high\" decoding=\"async\" width=\"348\" height=\"219\" src=\"https:\/\/www.terres-boix.com\/wp-content\/uploads\/2024\/12\/jardineria-substrats.png\" class=\"elementor-animation-float attachment-large size-large wp-image-855\" alt=\"\" srcset=\"https:\/\/www.terres-boix.com\/wp-content\/uploads\/2024\/12\/jardineria-substrats.png 348w, https:\/\/www.terres-boix.com\/wp-content\/uploads\/2024\/12\/jardineria-substrats-300x189.png 300w\" sizes=\"(max-width: 348px) 100vw, 348px\" \/>\t\t\t\t\t\t\t\t<\/a>\n\t\t\t\t\t\t\t\t\t\t\t\t\t\t\t<\/div>\n\t\t\t\t<\/div>\n\t\t<div class=\"elementor-element elementor-element-a168643 e-con-full e-flex elementor-invisible e-con e-child\" data-id=\"a168643\" data-element_type=\"container\" data-settings=\"{&quot;animation&quot;:&quot;fadeInUp&quot;,&quot;animation_delay&quot;:200}\">\n\t\t\t\t<div class=\"elementor-element elementor-element-11f82d5 elementor-widget elementor-widget-heading\" data-id=\"11f82d5\" data-element_type=\"widget\" data-widget_type=\"heading.default\">\n\t\t\t\t\t<h2 class=\"elementor-heading-title elementor-size-default\">Tierra vegetal <\/h2>\t\t\t\t<\/div>\n\t\t\t\t<div class=\"elementor-element elementor-element-1da41d4 elementor-widget elementor-widget-image\" data-id=\"1da41d4\" data-element_type=\"widget\" data-widget_type=\"image.default\">\n\t\t\t\t\t\t\t\t\t\t\t\t\t\t\t\t<a href=\"https:\/\/www.terres-boix.com\/es\/linea-jardineria\/tierra-vegetal\/\">\n\t\t\t\t\t\t\t<img decoding=\"async\" width=\"348\" height=\"219\" src=\"https:\/\/www.terres-boix.com\/wp-content\/uploads\/2024\/12\/jardineria-terra-vegetal.png\" class=\"attachment-large size-large wp-image-856\" alt=\"\" srcset=\"https:\/\/www.terres-boix.com\/wp-content\/uploads\/2024\/12\/jardineria-terra-vegetal.png 348w, https:\/\/www.terres-boix.com\/wp-content\/uploads\/2024\/12\/jardineria-terra-vegetal-300x189.png 300w\" sizes=\"(max-width: 348px) 100vw, 348px\" \/>\t\t\t\t\t\t\t\t<\/a>\n\t\t\t\t\t\t\t\t\t\t\t\t\t\t\t<\/div>\n\t\t\t\t<\/div>\n\t\t<div class=\"elementor-element elementor-element-d8c931a e-con-full e-flex elementor-invisible e-con e-child\" data-id=\"d8c931a\" data-element_type=\"container\" data-settings=\"{&quot;animation&quot;:&quot;fadeInUp&quot;,&quot;animation_delay&quot;:400}\">\n\t\t\t\t<div class=\"elementor-element elementor-element-1e37fcd elementor-widget elementor-widget-heading\" data-id=\"1e37fcd\" data-element_type=\"widget\" data-widget_type=\"heading.default\">\n\t\t\t\t\t<h2 class=\"elementor-heading-title elementor-size-default\">Recebo<\/h2>\t\t\t\t<\/div>\n\t\t\t\t<div class=\"elementor-element elementor-element-a8d8c4c elementor-widget elementor-widget-image\" data-id=\"a8d8c4c\" data-element_type=\"widget\" data-widget_type=\"image.default\">\n\t\t\t\t\t\t\t\t\t\t\t\t\t\t\t\t<a href=\"https:\/\/www.terres-boix.com\/es\/linea-jardineria\/recebo\/\">\n\t\t\t\t\t\t\t<img decoding=\"async\" width=\"348\" height=\"223\" src=\"https:\/\/www.terres-boix.com\/wp-content\/uploads\/2024\/12\/jardineria-recebo.png\" class=\"attachment-large size-large wp-image-853\" alt=\"\" srcset=\"https:\/\/www.terres-boix.com\/wp-content\/uploads\/2024\/12\/jardineria-recebo.png 348w, https:\/\/www.terres-boix.com\/wp-content\/uploads\/2024\/12\/jardineria-recebo-300x192.png 300w\" sizes=\"(max-width: 348px) 100vw, 348px\" \/>\t\t\t\t\t\t\t\t<\/a>\n\t\t\t\t\t\t\t\t\t\t\t\t\t\t\t<\/div>\n\t\t\t\t<\/div>\n\t\t<div class=\"elementor-element elementor-element-bdad0a1 e-con-full e-flex elementor-invisible e-con e-child\" data-id=\"bdad0a1\" data-element_type=\"container\" data-settings=\"{&quot;animation&quot;:&quot;fadeInUp&quot;,&quot;animation_delay&quot;:600}\">\n\t\t\t\t<div class=\"elementor-element elementor-element-3be452f elementor-widget elementor-widget-heading\" data-id=\"3be452f\" data-element_type=\"widget\" data-widget_type=\"heading.default\">\n\t\t\t\t\t<h2 class=\"elementor-heading-title elementor-size-default\">Materia org\u00e1nica <\/h2>\t\t\t\t<\/div>\n\t\t\t\t<div class=\"elementor-element elementor-element-fe2714b elementor-widget elementor-widget-image\" data-id=\"fe2714b\" data-element_type=\"widget\" data-widget_type=\"image.default\">\n\t\t\t\t\t\t\t\t\t\t\t\t\t\t\t\t<a href=\"https:\/\/www.terres-boix.com\/es\/linea-jardineria\/materia-organica\/\">\n\t\t\t\t\t\t\t<img loading=\"lazy\" decoding=\"async\" width=\"348\" height=\"219\" src=\"https:\/\/www.terres-boix.com\/wp-content\/uploads\/2024\/12\/jardineria-mat-organica.png\" class=\"attachment-large size-large wp-image-851\" alt=\"\" srcset=\"https:\/\/www.terres-boix.com\/wp-content\/uploads\/2024\/12\/jardineria-mat-organica.png 348w, https:\/\/www.terres-boix.com\/wp-content\/uploads\/2024\/12\/jardineria-mat-organica-300x189.png 300w\" sizes=\"(max-width: 348px) 100vw, 348px\" \/>\t\t\t\t\t\t\t\t<\/a>\n\t\t\t\t\t\t\t\t\t\t\t\t\t\t\t<\/div>\n\t\t\t\t<\/div>\n\t\t<div class=\"elementor-element elementor-element-3b28d9f e-con-full e-flex elementor-invisible e-con e-child\" data-id=\"3b28d9f\" data-element_type=\"container\" data-settings=\"{&quot;animation&quot;:&quot;fadeInUp&quot;}\">\n\t\t\t\t<div class=\"elementor-element elementor-element-603ce77 elementor-widget elementor-widget-heading\" data-id=\"603ce77\" data-element_type=\"widget\" data-widget_type=\"heading.default\">\n\t\t\t\t\t<h2 class=\"elementor-heading-title elementor-size-default\">Compuesto Esti\u00e9rcol <\/h2>\t\t\t\t<\/div>\n\t\t\t\t<div class=\"elementor-element elementor-element-e21019c elementor-widget elementor-widget-image\" data-id=\"e21019c\" data-element_type=\"widget\" data-widget_type=\"image.default\">\n\t\t\t\t\t\t\t\t\t\t\t\t\t\t\t\t<a href=\"https:\/\/www.terres-boix.com\/es\/linea-jardineria\/compuesto-estiercol\/\">\n\t\t\t\t\t\t\t<img loading=\"lazy\" decoding=\"async\" width=\"348\" height=\"219\" src=\"https:\/\/www.terres-boix.com\/wp-content\/uploads\/2024\/12\/jardineria-compost-fem.png\" class=\"attachment-large size-large wp-image-850\" alt=\"\" srcset=\"https:\/\/www.terres-boix.com\/wp-content\/uploads\/2024\/12\/jardineria-compost-fem.png 348w, https:\/\/www.terres-boix.com\/wp-content\/uploads\/2024\/12\/jardineria-compost-fem-300x189.png 300w\" sizes=\"(max-width: 348px) 100vw, 348px\" \/>\t\t\t\t\t\t\t\t<\/a>\n\t\t\t\t\t\t\t\t\t\t\t\t\t\t\t<\/div>\n\t\t\t\t<\/div>\n\t\t<div class=\"elementor-element elementor-element-b292946 e-con-full e-flex elementor-invisible e-con e-child\" data-id=\"b292946\" data-element_type=\"container\" data-settings=\"{&quot;animation&quot;:&quot;fadeInUp&quot;,&quot;animation_delay&quot;:200}\">\n\t\t\t\t<div class=\"elementor-element elementor-element-5529268 elementor-widget elementor-widget-heading\" data-id=\"5529268\" data-element_type=\"widget\" data-widget_type=\"heading.default\">\n\t\t\t\t\t<h2 class=\"elementor-heading-title elementor-size-default\">Rold\u00f3<\/h2>\t\t\t\t<\/div>\n\t\t\t\t<div class=\"elementor-element elementor-element-a069f2e elementor-widget elementor-widget-image\" data-id=\"a069f2e\" data-element_type=\"widget\" data-widget_type=\"image.default\">\n\t\t\t\t\t\t\t\t\t\t\t\t\t\t\t\t<a href=\"https:\/\/www.terres-boix.com\/es\/linea-jardineria\/roldo\/\">\n\t\t\t\t\t\t\t<img loading=\"lazy\" decoding=\"async\" width=\"348\" height=\"223\" src=\"https:\/\/www.terres-boix.com\/wp-content\/uploads\/2024\/12\/jardineria-rodo.png\" class=\"attachment-large size-large wp-image-854\" alt=\"\" srcset=\"https:\/\/www.terres-boix.com\/wp-content\/uploads\/2024\/12\/jardineria-rodo.png 348w, https:\/\/www.terres-boix.com\/wp-content\/uploads\/2024\/12\/jardineria-rodo-300x192.png 300w\" sizes=\"(max-width: 348px) 100vw, 348px\" \/>\t\t\t\t\t\t\t\t<\/a>\n\t\t\t\t\t\t\t\t\t\t\t\t\t\t\t<\/div>\n\t\t\t\t<\/div>\n\t\t<div class=\"elementor-element elementor-element-fd395c1 e-con-full e-flex elementor-invisible e-con e-child\" data-id=\"fd395c1\" data-element_type=\"container\" data-settings=\"{&quot;animation&quot;:&quot;fadeInUp&quot;,&quot;animation_delay&quot;:400}\">\n\t\t\t\t<div class=\"elementor-element elementor-element-95452d3 elementor-widget elementor-widget-heading\" data-id=\"95452d3\" data-element_type=\"widget\" data-widget_type=\"heading.default\">\n\t\t\t\t\t<h2 class=\"elementor-heading-title elementor-size-default\">Corteza de pino <\/h2>\t\t\t\t<\/div>\n\t\t\t\t<div class=\"elementor-element elementor-element-f44914b elementor-widget elementor-widget-image\" data-id=\"f44914b\" data-element_type=\"widget\" data-widget_type=\"image.default\">\n\t\t\t\t\t\t\t\t\t\t\t\t\t\t\t\t<a href=\"https:\/\/www.terres-boix.com\/es\/linea-jardineria\/corteza-de-pino\/\">\n\t\t\t\t\t\t\t<img loading=\"lazy\" decoding=\"async\" width=\"348\" height=\"219\" src=\"https:\/\/www.terres-boix.com\/wp-content\/uploads\/2024\/12\/jardineria-pi.png\" class=\"attachment-large size-large wp-image-852\" alt=\"\" srcset=\"https:\/\/www.terres-boix.com\/wp-content\/uploads\/2024\/12\/jardineria-pi.png 348w, https:\/\/www.terres-boix.com\/wp-content\/uploads\/2024\/12\/jardineria-pi-300x189.png 300w\" sizes=\"(max-width: 348px) 100vw, 348px\" \/>\t\t\t\t\t\t\t\t<\/a>\n\t\t\t\t\t\t\t\t\t\t\t\t\t\t\t<\/div>\n\t\t\t\t<\/div>\n\t\t\t\t\t<\/div>\n\t\t\t\t<\/div>\n\t\t\t\t<\/div>\n\t\t","protected":false},"excerpt":{"rendered":"<p>Comprometidos con la tierra L\u00cdNEA JARDINER\u00cdA Sustratos Tierra vegetal Recebo Materia org\u00e1nica Compuesto Esti\u00e9rcol Rold\u00f3 Corteza de pino<\/p>\n","protected":false},"author":1,"featured_media":0,"parent":0,"menu_order":0,"comment_status":"closed","ping_status":"closed","template":"","meta":{"_acf_changed":false,"footnotes":""},"class_list":["post-2625","page","type-page","status-publish","hentry"],"acf":[],"_links":{"self":[{"href":"https:\/\/www.terres-boix.com\/es\/wp-json\/wp\/v2\/pages\/2625","targetHints":{"allow":["GET"]}}],"collection":[{"href":"https:\/\/www.terres-boix.com\/es\/wp-json\/wp\/v2\/pages"}],"about":[{"href":"https:\/\/www.terres-boix.com\/es\/wp-json\/wp\/v2\/types\/page"}],"author":[{"embeddable":true,"href":"https:\/\/www.terres-boix.com\/es\/wp-json\/wp\/v2\/users\/1"}],"replies":[{"embeddable":true,"href":"https:\/\/www.terres-boix.com\/es\/wp-json\/wp\/v2\/comments?post=2625"}],"version-history":[{"count":0,"href":"https:\/\/www.terres-boix.com\/es\/wp-json\/wp\/v2\/pages\/2625\/revisions"}],"wp:attachment":[{"href":"https:\/\/www.terres-boix.com\/es\/wp-json\/wp\/v2\/media?parent=2625"}],"curies":[{"name":"wp","href":"https:\/\/api.w.org\/{rel}","templated":true}]}}