{"id":2623,"date":"2024-12-17T19:20:03","date_gmt":"2024-12-17T18:20:03","guid":{"rendered":"https:\/\/www.terres-boix.com\/linea-garden\/sustrato-semillero\/"},"modified":"2025-01-09T19:31:18","modified_gmt":"2025-01-09T18:31:18","slug":"sustrato-semillero","status":"publish","type":"page","link":"https:\/\/www.terres-boix.com\/es\/linea-garden\/sustrato-semillero\/","title":{"rendered":"Sustrato Semillero"},"content":{"rendered":"\t\t<div data-elementor-type=\"wp-page\" data-elementor-id=\"2623\" class=\"elementor elementor-2623 elementor-1322\" data-elementor-post-type=\"page\">\n\t\t\t\t<div class=\"elementor-element elementor-element-37051f2c e-flex e-con-boxed elementor-invisible e-con e-parent\" data-id=\"37051f2c\" data-element_type=\"container\" data-settings=\"{&quot;background_background&quot;:&quot;classic&quot;,&quot;animation&quot;:&quot;fadeIn&quot;}\">\n\t\t\t\t\t<div class=\"e-con-inner\">\n\t\t\t\t<div class=\"elementor-element elementor-element-7a8ce178 elementor-invisible elementor-widget elementor-widget-heading\" data-id=\"7a8ce178\" data-element_type=\"widget\" data-settings=\"{&quot;_animation&quot;:&quot;fadeInUp&quot;}\" data-widget_type=\"heading.default\">\n\t\t\t\t\t<h2 class=\"elementor-heading-title elementor-size-default\">Comprometidos con la tierra<\/h2>\t\t\t\t<\/div>\n\t\t\t\t<div class=\"elementor-element elementor-element-1ab968be elementor-absolute elementor-invisible elementor-widget elementor-widget-image\" data-id=\"1ab968be\" data-element_type=\"widget\" data-settings=\"{&quot;_position&quot;:&quot;absolute&quot;,&quot;_animation&quot;:&quot;fadeInRight&quot;,&quot;_animation_delay&quot;:500}\" data-widget_type=\"image.default\">\n\t\t\t\t\t\t\t\t\t\t\t\t\t\t\t<img fetchpriority=\"high\" decoding=\"async\" width=\"800\" height=\"890\" src=\"https:\/\/www.terres-boix.com\/wp-content\/uploads\/2025\/01\/sac-semillero-inc.png\" class=\"attachment-large size-large wp-image-3936\" alt=\"\" srcset=\"https:\/\/www.terres-boix.com\/wp-content\/uploads\/2025\/01\/sac-semillero-inc.png 836w, https:\/\/www.terres-boix.com\/wp-content\/uploads\/2025\/01\/sac-semillero-inc-270x300.png 270w, https:\/\/www.terres-boix.com\/wp-content\/uploads\/2025\/01\/sac-semillero-inc-768x854.png 768w, https:\/\/www.terres-boix.com\/wp-content\/uploads\/2025\/01\/sac-semillero-inc-600x667.png 600w\" sizes=\"(max-width: 800px) 100vw, 800px\" \/>\t\t\t\t\t\t\t\t\t\t\t\t\t\t\t<\/div>\n\t\t\t\t\t<\/div>\n\t\t\t\t<\/div>\n\t\t<div class=\"elementor-element elementor-element-4ad638bf e-con-full e-flex elementor-invisible e-con e-parent\" data-id=\"4ad638bf\" data-element_type=\"container\" data-settings=\"{&quot;background_background&quot;:&quot;classic&quot;,&quot;animation&quot;:&quot;fadeIn&quot;}\">\n\t\t\t\t<div class=\"elementor-element elementor-element-6162759c elementor-widget elementor-widget-heading\" data-id=\"6162759c\" data-element_type=\"widget\" data-widget_type=\"heading.default\">\n\t\t\t\t\t<h2 class=\"elementor-heading-title elementor-size-default\">L\u00cdNEA GARDEN <\/h2>\t\t\t\t<\/div>\n\t\t\t\t<\/div>\n\t\t<div class=\"elementor-element elementor-element-416fffb6 e-con-full e-flex e-con e-parent\" data-id=\"416fffb6\" data-element_type=\"container\">\n\t\t<div class=\"elementor-element elementor-element-3d9de3bb e-con-full elementor-hidden-tablet elementor-hidden-mobile e-flex e-con e-child\" data-id=\"3d9de3bb\" data-element_type=\"container\">\n\t\t\t\t<div class=\"elementor-element elementor-element-7f156437 elementor-widget elementor-widget-image\" data-id=\"7f156437\" data-element_type=\"widget\" data-widget_type=\"image.default\">\n\t\t\t\t\t\t\t\t\t\t\t\t\t\t\t<img decoding=\"async\" width=\"680\" height=\"1024\" src=\"https:\/\/www.terres-boix.com\/wp-content\/uploads\/2024\/12\/maceta-substrat-semillero-680x1024.png\" class=\"attachment-large size-large wp-image-2470\" alt=\"\" srcset=\"https:\/\/www.terres-boix.com\/wp-content\/uploads\/2024\/12\/maceta-substrat-semillero-680x1024.png 680w, https:\/\/www.terres-boix.com\/wp-content\/uploads\/2024\/12\/maceta-substrat-semillero-600x904.png 600w, https:\/\/www.terres-boix.com\/wp-content\/uploads\/2024\/12\/maceta-substrat-semillero-199x300.png 199w, https:\/\/www.terres-boix.com\/wp-content\/uploads\/2024\/12\/maceta-substrat-semillero-768x1157.png 768w, https:\/\/www.terres-boix.com\/wp-content\/uploads\/2024\/12\/maceta-substrat-semillero.png 835w\" sizes=\"(max-width: 680px) 100vw, 680px\" \/>\t\t\t\t\t\t\t\t\t\t\t\t\t\t\t<\/div>\n\t\t\t\t<\/div>\n\t\t<div class=\"elementor-element elementor-element-3e5f29a3 e-flex e-con-boxed e-con e-child\" data-id=\"3e5f29a3\" data-element_type=\"container\">\n\t\t\t\t\t<div class=\"e-con-inner\">\n\t\t\t\t<div class=\"elementor-element elementor-element-796272de elementor-widget-tablet__width-initial elementor-widget elementor-widget-heading\" data-id=\"796272de\" data-element_type=\"widget\" data-widget_type=\"heading.default\">\n\t\t\t\t\t<h1 class=\"elementor-heading-title elementor-size-default\">Sustrato para plantas <\/h1>\t\t\t\t<\/div>\n\t\t\t\t<div class=\"elementor-element elementor-element-72a1fab1 elementor-widget elementor-widget-image\" data-id=\"72a1fab1\" data-element_type=\"widget\" data-widget_type=\"image.default\">\n\t\t\t\t\t\t\t\t\t\t\t\t\t\t\t<img decoding=\"async\" width=\"565\" height=\"1024\" src=\"https:\/\/www.terres-boix.com\/wp-content\/uploads\/2024\/12\/sac-substrat-planter-565x1024.png\" class=\"attachment-large size-large wp-image-2278\" alt=\"\" srcset=\"https:\/\/www.terres-boix.com\/wp-content\/uploads\/2024\/12\/sac-substrat-planter-565x1024.png 565w, https:\/\/www.terres-boix.com\/wp-content\/uploads\/2024\/12\/sac-substrat-planter-165x300.png 165w, https:\/\/www.terres-boix.com\/wp-content\/uploads\/2024\/12\/sac-substrat-planter.png 600w\" sizes=\"(max-width: 565px) 100vw, 565px\" \/>\t\t\t\t\t\t\t\t\t\t\t\t\t\t\t<\/div>\n\t\t\t\t\t<\/div>\n\t\t\t\t<\/div>\n\t\t<div class=\"elementor-element elementor-element-55032914 e-con-full e-flex e-con e-child\" data-id=\"55032914\" data-element_type=\"container\">\n\t\t\t\t<div class=\"elementor-element elementor-element-7614d791 elementor-widget elementor-widget-heading\" data-id=\"7614d791\" data-element_type=\"widget\" data-widget_type=\"heading.default\">\n\t\t\t\t\t<span class=\"elementor-heading-title elementor-size-default\">Descripci\u00f3n producto: <\/span>\t\t\t\t<\/div>\n\t\t\t\t<div class=\"elementor-element elementor-element-18295dd9 elementor-widget elementor-widget-text-editor\" data-id=\"18295dd9\" data-element_type=\"widget\" data-widget_type=\"text-editor.default\">\n\t\t\t\t\t\t\t\t\tSustrato de cultivo especial para la germinaci\u00f3n de semillas o plantaci\u00f3n de esquejes, est\u00e1 formado a partir de una mezcla de materiales org\u00e1nicos de alta calidad.\r\nSu estudiada porosidad ofrece un equilibrio ideal en retenci\u00f3n de\r\nagua, drenaje y aireaci\u00f3n, con lo que se consigue un medio de cultivo ideal para la germinaci\u00f3n y\/o crecimiento de las plantas.\t\t\t\t\t\t\t\t<\/div>\n\t\t\t\t<div class=\"elementor-element elementor-element-c7e93c7 elementor-widget elementor-widget-heading\" data-id=\"c7e93c7\" data-element_type=\"widget\" data-widget_type=\"heading.default\">\n\t\t\t\t\t<span class=\"elementor-heading-title elementor-size-default\">Aplicaci\u00f3n: <\/span>\t\t\t\t<\/div>\n\t\t\t\t<div class=\"elementor-element elementor-element-462ae137 elementor-widget elementor-widget-text-editor\" data-id=\"462ae137\" data-element_type=\"widget\" data-widget_type=\"text-editor.default\">\n\t\t\t\t\t\t\t\t\t<ul>\n<li>Germinaci\u00f3n de semillas.<\/li>\n<li>Plantaci\u00f3n de esquejes.<\/li>\n<li>Plantaci\u00f3n directa de plantas.<\/li>\n<\/ul>\n\t\t\t\t\t\t\t\t<\/div>\n\t\t\t\t<div class=\"elementor-element elementor-element-c385032 elementor-widget elementor-widget-heading\" data-id=\"c385032\" data-element_type=\"widget\" data-widget_type=\"heading.default\">\n\t\t\t\t\t<span class=\"elementor-heading-title elementor-size-default\">Comercializaci\u00f3n:<\/span>\t\t\t\t<\/div>\n\t\t\t\t<div class=\"elementor-element elementor-element-75cec6bd elementor-widget elementor-widget-Table\" data-id=\"75cec6bd\" data-element_type=\"widget\" data-widget_type=\"Table.default\">\n\t\t\t\t<div class=\"elementor-widget-container\">\n\t\t\t\t\t\t\t<table class=\"tafe-table \">\n\t\t\t<thead  class=\"tafe-table-header\">\n\t\t\t\t<tr>\n\t\t\t\t\t<th class=\"elementor-inline-editing elementor-repeater-item-eaebfde\"   >EAN<\/th><th class=\"elementor-inline-editing elementor-repeater-item-01a807d\"   >VOLUMEN<\/th><th class=\"elementor-inline-editing elementor-repeater-item-91df6f3\"   >U\/CAJA<\/th><th class=\"elementor-inline-editing elementor-repeater-item-4b76ba1\"   >U\/BOX<\/th><th class=\"elementor-inline-editing elementor-repeater-item-d6d594d\"   >PALET<\/th>\t\t\t\t<\/tr>\n\t\t\t<\/thead>\n\t\t\t\t\t\t<tbody class=\"tafe-table-body\">\n\t\t\t\t<tr>\n\t\t\t\t\t<td data-label=\"EAN\"   class=\"elementor-repeater-item-20298b9 td-content-type-default\" >8437002614423<\/td><td data-label=\"VOLUMEN\"   class=\"elementor-repeater-item-2dc1341 td-content-type-default\" >50<\/td><td data-label=\"U\/CAJA\"   class=\"elementor-repeater-item-e505e74 td-content-type-default\" >-<\/td><td data-label=\"U\/BOX\"   class=\"elementor-repeater-item-d16b591 td-content-type-default\" >-<\/td><td data-label=\"PALET\"   class=\"elementor-repeater-item-927846f td-content-type-default\" >54<\/td>\t\t\t\t<\/tr>\n\t\t\t<\/tbody>\n\t\t<\/table>\n\t\t\n\t\t\t\t\t\t<\/div>\n\t\t\t\t<\/div>\n\t\t\t\t<div class=\"elementor-element elementor-element-3e2b8794 elementor-widget elementor-widget-heading\" data-id=\"3e2b8794\" data-element_type=\"widget\" data-widget_type=\"heading.default\">\n\t\t\t\t\t<span class=\"elementor-heading-title elementor-size-default\">Modelos de sacos: <\/span>\t\t\t\t<\/div>\n\t\t\t\t<div class=\"elementor-element elementor-element-660302e elementor-widget elementor-widget-image\" data-id=\"660302e\" data-element_type=\"widget\" data-widget_type=\"image.default\">\n\t\t\t\t\t\t\t\t\t\t\t\t\t\t\t<img loading=\"lazy\" decoding=\"async\" width=\"118\" height=\"223\" src=\"https:\/\/www.terres-boix.com\/wp-content\/uploads\/2024\/12\/model-sac-substrat-semillero.png\" class=\"attachment-large size-large wp-image-2486\" alt=\"\" \/>\t\t\t\t\t\t\t\t\t\t\t\t\t\t\t<\/div>\n\t\t\t\t<\/div>\n\t\t\t\t<\/div>\n\t\t\t\t<\/div>\n\t\t","protected":false},"excerpt":{"rendered":"<p>Comprometidos con la tierra L\u00cdNEA GARDEN Sustrato para plantas Descripci\u00f3n producto: Sustrato de cultivo especial para la germinaci\u00f3n de semillas o plantaci\u00f3n de esquejes, est\u00e1 formado a partir de una mezcla de materiales org\u00e1nicos de alta calidad. Su estudiada porosidad ofrece un equilibrio ideal en retenci\u00f3n de agua, drenaje y aireaci\u00f3n, con lo que se [&hellip;]<\/p>\n","protected":false},"author":1,"featured_media":0,"parent":2590,"menu_order":0,"comment_status":"closed","ping_status":"closed","template":"","meta":{"_acf_changed":false,"footnotes":""},"class_list":["post-2623","page","type-page","status-publish","hentry"],"acf":[],"_links":{"self":[{"href":"https:\/\/www.terres-boix.com\/es\/wp-json\/wp\/v2\/pages\/2623","targetHints":{"allow":["GET"]}}],"collection":[{"href":"https:\/\/www.terres-boix.com\/es\/wp-json\/wp\/v2\/pages"}],"about":[{"href":"https:\/\/www.terres-boix.com\/es\/wp-json\/wp\/v2\/types\/page"}],"author":[{"embeddable":true,"href":"https:\/\/www.terres-boix.com\/es\/wp-json\/wp\/v2\/users\/1"}],"replies":[{"embeddable":true,"href":"https:\/\/www.terres-boix.com\/es\/wp-json\/wp\/v2\/comments?post=2623"}],"version-history":[{"count":3,"href":"https:\/\/www.terres-boix.com\/es\/wp-json\/wp\/v2\/pages\/2623\/revisions"}],"predecessor-version":[{"id":4296,"href":"https:\/\/www.terres-boix.com\/es\/wp-json\/wp\/v2\/pages\/2623\/revisions\/4296"}],"up":[{"embeddable":true,"href":"https:\/\/www.terres-boix.com\/es\/wp-json\/wp\/v2\/pages\/2590"}],"wp:attachment":[{"href":"https:\/\/www.terres-boix.com\/es\/wp-json\/wp\/v2\/media?parent=2623"}],"curies":[{"name":"wp","href":"https:\/\/api.w.org\/{rel}","templated":true}]}}