{"id":2620,"date":"2024-12-17T19:19:05","date_gmt":"2024-12-17T18:19:05","guid":{"rendered":"https:\/\/www.terres-boix.com\/linea-garden\/sustrato-plantas-acidas\/"},"modified":"2025-01-09T19:28:05","modified_gmt":"2025-01-09T18:28:05","slug":"sustrato-plantas-acidas","status":"publish","type":"page","link":"https:\/\/www.terres-boix.com\/es\/linea-garden\/sustrato-plantas-acidas\/","title":{"rendered":"Sustrato Plantas \u00c1cidas"},"content":{"rendered":"\t\t<div data-elementor-type=\"wp-page\" data-elementor-id=\"2620\" class=\"elementor elementor-2620 elementor-1316\" data-elementor-post-type=\"page\">\n\t\t\t\t<div class=\"elementor-element elementor-element-74bec789 e-flex e-con-boxed elementor-invisible e-con e-parent\" data-id=\"74bec789\" data-element_type=\"container\" data-settings=\"{&quot;background_background&quot;:&quot;classic&quot;,&quot;animation&quot;:&quot;fadeIn&quot;}\">\n\t\t\t\t\t<div class=\"e-con-inner\">\n\t\t\t\t<div class=\"elementor-element elementor-element-57c9866d elementor-invisible elementor-widget elementor-widget-heading\" data-id=\"57c9866d\" data-element_type=\"widget\" data-settings=\"{&quot;_animation&quot;:&quot;fadeInUp&quot;}\" data-widget_type=\"heading.default\">\n\t\t\t\t\t<h2 class=\"elementor-heading-title elementor-size-default\">Comprometidos con la tierra<\/h2>\t\t\t\t<\/div>\n\t\t\t\t<div class=\"elementor-element elementor-element-72f6b5c0 elementor-absolute elementor-invisible elementor-widget elementor-widget-image\" data-id=\"72f6b5c0\" data-element_type=\"widget\" data-settings=\"{&quot;_position&quot;:&quot;absolute&quot;,&quot;_animation&quot;:&quot;fadeInRight&quot;,&quot;_animation_delay&quot;:500}\" data-widget_type=\"image.default\">\n\t\t\t\t\t\t\t\t\t\t\t\t\t\t\t<img fetchpriority=\"high\" decoding=\"async\" width=\"800\" height=\"890\" src=\"https:\/\/www.terres-boix.com\/wp-content\/uploads\/2025\/01\/sac-plantas-acidas-inc.png\" class=\"attachment-large size-large wp-image-3903\" alt=\"\" srcset=\"https:\/\/www.terres-boix.com\/wp-content\/uploads\/2025\/01\/sac-plantas-acidas-inc.png 836w, https:\/\/www.terres-boix.com\/wp-content\/uploads\/2025\/01\/sac-plantas-acidas-inc-270x300.png 270w, https:\/\/www.terres-boix.com\/wp-content\/uploads\/2025\/01\/sac-plantas-acidas-inc-768x854.png 768w, https:\/\/www.terres-boix.com\/wp-content\/uploads\/2025\/01\/sac-plantas-acidas-inc-600x667.png 600w\" sizes=\"(max-width: 800px) 100vw, 800px\" \/>\t\t\t\t\t\t\t\t\t\t\t\t\t\t\t<\/div>\n\t\t\t\t\t<\/div>\n\t\t\t\t<\/div>\n\t\t<div class=\"elementor-element elementor-element-4f05cfba e-con-full e-flex elementor-invisible e-con e-parent\" data-id=\"4f05cfba\" data-element_type=\"container\" data-settings=\"{&quot;background_background&quot;:&quot;classic&quot;,&quot;animation&quot;:&quot;fadeIn&quot;}\">\n\t\t\t\t<div class=\"elementor-element elementor-element-1297147d elementor-widget elementor-widget-heading\" data-id=\"1297147d\" data-element_type=\"widget\" data-widget_type=\"heading.default\">\n\t\t\t\t\t<h2 class=\"elementor-heading-title elementor-size-default\">L\u00cdNEA GARDEN <\/h2>\t\t\t\t<\/div>\n\t\t\t\t<\/div>\n\t\t<div class=\"elementor-element elementor-element-72955d28 e-con-full e-flex e-con e-parent\" data-id=\"72955d28\" data-element_type=\"container\">\n\t\t<div class=\"elementor-element elementor-element-4fd55ae9 e-con-full elementor-hidden-tablet elementor-hidden-mobile e-flex e-con e-child\" data-id=\"4fd55ae9\" data-element_type=\"container\">\n\t\t\t\t<div class=\"elementor-element elementor-element-2cf33141 elementor-widget elementor-widget-image\" data-id=\"2cf33141\" data-element_type=\"widget\" data-widget_type=\"image.default\">\n\t\t\t\t\t\t\t\t\t\t\t\t\t\t\t<img decoding=\"async\" width=\"718\" height=\"1024\" src=\"https:\/\/www.terres-boix.com\/wp-content\/uploads\/2024\/12\/maceta-substrat-plantes-acides-718x1024.png\" class=\"attachment-large size-large wp-image-2466\" alt=\"\" srcset=\"https:\/\/www.terres-boix.com\/wp-content\/uploads\/2024\/12\/maceta-substrat-plantes-acides-718x1024.png 718w, https:\/\/www.terres-boix.com\/wp-content\/uploads\/2024\/12\/maceta-substrat-plantes-acides-600x855.png 600w, https:\/\/www.terres-boix.com\/wp-content\/uploads\/2024\/12\/maceta-substrat-plantes-acides-210x300.png 210w, https:\/\/www.terres-boix.com\/wp-content\/uploads\/2024\/12\/maceta-substrat-plantes-acides-768x1095.png 768w, https:\/\/www.terres-boix.com\/wp-content\/uploads\/2024\/12\/maceta-substrat-plantes-acides.png 903w\" sizes=\"(max-width: 718px) 100vw, 718px\" \/>\t\t\t\t\t\t\t\t\t\t\t\t\t\t\t<\/div>\n\t\t\t\t<\/div>\n\t\t<div class=\"elementor-element elementor-element-c551d8e e-flex e-con-boxed e-con e-child\" data-id=\"c551d8e\" data-element_type=\"container\">\n\t\t\t\t\t<div class=\"e-con-inner\">\n\t\t\t\t<div class=\"elementor-element elementor-element-69b58bf3 elementor-widget-tablet__width-initial elementor-widget elementor-widget-heading\" data-id=\"69b58bf3\" data-element_type=\"widget\" data-widget_type=\"heading.default\">\n\t\t\t\t\t<h1 class=\"elementor-heading-title elementor-size-default\">Sustrato Plantas \u00c1cidas <\/h1>\t\t\t\t<\/div>\n\t\t\t\t<div class=\"elementor-element elementor-element-161287ef elementor-widget elementor-widget-image\" data-id=\"161287ef\" data-element_type=\"widget\" data-widget_type=\"image.default\">\n\t\t\t\t\t\t\t\t\t\t\t\t\t\t\t<img decoding=\"async\" width=\"565\" height=\"1024\" src=\"https:\/\/www.terres-boix.com\/wp-content\/uploads\/2024\/12\/sac-plantes-acides-565x1024.png\" class=\"attachment-large size-large wp-image-2270\" alt=\"\" srcset=\"https:\/\/www.terres-boix.com\/wp-content\/uploads\/2024\/12\/sac-plantes-acides-565x1024.png 565w, https:\/\/www.terres-boix.com\/wp-content\/uploads\/2024\/12\/sac-plantes-acides-165x300.png 165w, https:\/\/www.terres-boix.com\/wp-content\/uploads\/2024\/12\/sac-plantes-acides.png 600w\" sizes=\"(max-width: 565px) 100vw, 565px\" \/>\t\t\t\t\t\t\t\t\t\t\t\t\t\t\t<\/div>\n\t\t\t\t\t<\/div>\n\t\t\t\t<\/div>\n\t\t<div class=\"elementor-element elementor-element-24939ee6 e-con-full e-flex e-con e-child\" data-id=\"24939ee6\" data-element_type=\"container\">\n\t\t\t\t<div class=\"elementor-element elementor-element-5f94015a elementor-widget elementor-widget-heading\" data-id=\"5f94015a\" data-element_type=\"widget\" data-widget_type=\"heading.default\">\n\t\t\t\t\t<span class=\"elementor-heading-title elementor-size-default\">Descripci\u00f3n producto: <\/span>\t\t\t\t<\/div>\n\t\t\t\t<div class=\"elementor-element elementor-element-3d15ec9f elementor-widget elementor-widget-text-editor\" data-id=\"3d15ec9f\" data-element_type=\"widget\" data-widget_type=\"text-editor.default\">\n\t\t\t\t\t\t\t\t\t<p>El Sustrato para Plantas \u00c1cidas est\u00e1 compuesto a base de materias org\u00e1nicas de origen vegetal con PH \u00e1cido. Garantiza el crecimiento r\u00e1pido y la floraci\u00f3n de las plantas acid\u00f3filas. Incorpora abono mineral de liberaci\u00f3n controlada de nutrientes.<\/p>\n\t\t\t\t\t\t\t\t<\/div>\n\t\t\t\t<div class=\"elementor-element elementor-element-71ebabaa elementor-widget elementor-widget-heading\" data-id=\"71ebabaa\" data-element_type=\"widget\" data-widget_type=\"heading.default\">\n\t\t\t\t\t<span class=\"elementor-heading-title elementor-size-default\">Aplicaci\u00f3n: <\/span>\t\t\t\t<\/div>\n\t\t\t\t<div class=\"elementor-element elementor-element-7af62aae elementor-widget elementor-widget-text-editor\" data-id=\"7af62aae\" data-element_type=\"widget\" data-widget_type=\"text-editor.default\">\n\t\t\t\t\t\t\t\t\t<ul>\n<li>Ideal para cultivar y trasplantar plantas acid\u00f3filas como hortensias, gardenias, camelias, azaleas, etc.<\/li>\n<\/ul>\n\t\t\t\t\t\t\t\t<\/div>\n\t\t\t\t<div class=\"elementor-element elementor-element-5d530ad0 elementor-widget elementor-widget-heading\" data-id=\"5d530ad0\" data-element_type=\"widget\" data-widget_type=\"heading.default\">\n\t\t\t\t\t<span class=\"elementor-heading-title elementor-size-default\">Comercializaci\u00f3n:<\/span>\t\t\t\t<\/div>\n\t\t\t\t<div class=\"elementor-element elementor-element-3f74c7fc elementor-widget elementor-widget-Table\" data-id=\"3f74c7fc\" data-element_type=\"widget\" data-widget_type=\"Table.default\">\n\t\t\t\t<div class=\"elementor-widget-container\">\n\t\t\t\t\t\t\t<table class=\"tafe-table \">\n\t\t\t<thead  class=\"tafe-table-header\">\n\t\t\t\t<tr>\n\t\t\t\t\t<th class=\"elementor-inline-editing elementor-repeater-item-eaebfde\"   >EAN<\/th><th class=\"elementor-inline-editing elementor-repeater-item-01a807d\"   >VOLUMEN<\/th><th class=\"elementor-inline-editing elementor-repeater-item-91df6f3\"   >U\/CAJA<\/th><th class=\"elementor-inline-editing elementor-repeater-item-4b76ba1\"   >U\/BOX<\/th><th class=\"elementor-inline-editing elementor-repeater-item-d6d594d\"   >PALET<\/th>\t\t\t\t<\/tr>\n\t\t\t<\/thead>\n\t\t\t\t\t\t<tbody class=\"tafe-table-body\">\n\t\t\t\t<tr>\n\t\t\t\t\t<td data-label=\"EAN\"   class=\"elementor-repeater-item-20298b9 td-content-type-default\" >8437002614157<\/td><td data-label=\"VOLUMEN\"   class=\"elementor-repeater-item-2dc1341 td-content-type-default\" >50<\/td><td data-label=\"U\/CAJA\"   class=\"elementor-repeater-item-e505e74 td-content-type-default\" >-<\/td><td data-label=\"U\/BOX\"   class=\"elementor-repeater-item-d16b591 td-content-type-default\" >-<\/td><td data-label=\"PALET\"   class=\"elementor-repeater-item-927846f td-content-type-default\" >54<\/td><\/tr><tr><td data-label=\"EAN\"   class=\"elementor-repeater-item-0381109 td-content-type-default\" >8437002614102<\/td><td data-label=\"VOLUMEN\"   class=\"elementor-repeater-item-37507f5 td-content-type-default\" >20<\/td><td data-label=\"U\/CAJA\"   class=\"elementor-repeater-item-83c0b0c td-content-type-default\" >-<\/td><td data-label=\"U\/BOX\"   class=\"elementor-repeater-item-bdf1b18 td-content-type-default\" >-<\/td><td data-label=\"PALET\"   class=\"elementor-repeater-item-84364b8 td-content-type-default\" >144<\/td><\/tr><tr><td data-label=\"EAN\"   class=\"elementor-repeater-item-59be690 td-content-type-default\" >8437002614270<\/td><td data-label=\"VOLUMEN\"   class=\"elementor-repeater-item-cb16a8f td-content-type-default\" >5<\/td><td data-label=\"U\/CAJA\"   class=\"elementor-repeater-item-ba618d5 td-content-type-default\" >-<\/td><td data-label=\"U\/BOX\"   class=\"elementor-repeater-item-090509c td-content-type-default\" >120<\/td><td data-label=\"PALET\"   class=\"elementor-repeater-item-8f50320 td-content-type-default\" >-<\/td>\t\t\t\t<\/tr>\n\t\t\t<\/tbody>\n\t\t<\/table>\n\t\t\n\t\t\t\t\t\t<\/div>\n\t\t\t\t<\/div>\n\t\t\t\t<div class=\"elementor-element elementor-element-2cdb4e94 elementor-widget elementor-widget-heading\" data-id=\"2cdb4e94\" data-element_type=\"widget\" data-widget_type=\"heading.default\">\n\t\t\t\t\t<span class=\"elementor-heading-title elementor-size-default\">Modelos de sacos: <\/span>\t\t\t\t<\/div>\n\t\t\t\t<div class=\"elementor-element elementor-element-113140da elementor-widget elementor-widget-image\" data-id=\"113140da\" data-element_type=\"widget\" data-widget_type=\"image.default\">\n\t\t\t\t\t\t\t\t\t\t\t\t\t\t\t<img loading=\"lazy\" decoding=\"async\" width=\"248\" height=\"230\" src=\"https:\/\/www.terres-boix.com\/wp-content\/uploads\/2024\/12\/model-sac-substrat-plantes-acides.png\" class=\"attachment-large size-large wp-image-2484\" alt=\"\" \/>\t\t\t\t\t\t\t\t\t\t\t\t\t\t\t<\/div>\n\t\t\t\t<\/div>\n\t\t\t\t<\/div>\n\t\t\t\t<\/div>\n\t\t","protected":false},"excerpt":{"rendered":"<p>Comprometidos con la tierra L\u00cdNEA GARDEN Sustrato Plantas \u00c1cidas Descripci\u00f3n producto: El Sustrato para Plantas \u00c1cidas est\u00e1 compuesto a base de materias org\u00e1nicas de origen vegetal con PH \u00e1cido. Garantiza el crecimiento r\u00e1pido y la floraci\u00f3n de las plantas acid\u00f3filas. Incorpora abono mineral de liberaci\u00f3n controlada de nutrientes. Aplicaci\u00f3n: Ideal para cultivar y trasplantar plantas [&hellip;]<\/p>\n","protected":false},"author":1,"featured_media":0,"parent":2590,"menu_order":0,"comment_status":"closed","ping_status":"closed","template":"","meta":{"_acf_changed":false,"footnotes":""},"class_list":["post-2620","page","type-page","status-publish","hentry"],"acf":[],"_links":{"self":[{"href":"https:\/\/www.terres-boix.com\/es\/wp-json\/wp\/v2\/pages\/2620","targetHints":{"allow":["GET"]}}],"collection":[{"href":"https:\/\/www.terres-boix.com\/es\/wp-json\/wp\/v2\/pages"}],"about":[{"href":"https:\/\/www.terres-boix.com\/es\/wp-json\/wp\/v2\/types\/page"}],"author":[{"embeddable":true,"href":"https:\/\/www.terres-boix.com\/es\/wp-json\/wp\/v2\/users\/1"}],"replies":[{"embeddable":true,"href":"https:\/\/www.terres-boix.com\/es\/wp-json\/wp\/v2\/comments?post=2620"}],"version-history":[{"count":3,"href":"https:\/\/www.terres-boix.com\/es\/wp-json\/wp\/v2\/pages\/2620\/revisions"}],"predecessor-version":[{"id":4287,"href":"https:\/\/www.terres-boix.com\/es\/wp-json\/wp\/v2\/pages\/2620\/revisions\/4287"}],"up":[{"embeddable":true,"href":"https:\/\/www.terres-boix.com\/es\/wp-json\/wp\/v2\/pages\/2590"}],"wp:attachment":[{"href":"https:\/\/www.terres-boix.com\/es\/wp-json\/wp\/v2\/media?parent=2620"}],"curies":[{"name":"wp","href":"https:\/\/api.w.org\/{rel}","templated":true}]}}