{"id":2603,"date":"2024-12-17T19:19:44","date_gmt":"2024-12-17T18:19:44","guid":{"rendered":"https:\/\/www.terres-boix.com\/linea-garden\/sustrato-huerto\/"},"modified":"2025-01-09T19:30:16","modified_gmt":"2025-01-09T18:30:16","slug":"sustrato-huerto","status":"publish","type":"page","link":"https:\/\/www.terres-boix.com\/es\/linea-garden\/sustrato-huerto\/","title":{"rendered":"Sustrato Huerto"},"content":{"rendered":"\t\t<div data-elementor-type=\"wp-page\" data-elementor-id=\"2603\" class=\"elementor elementor-2603 elementor-1320\" data-elementor-post-type=\"page\">\n\t\t\t\t<div class=\"elementor-element elementor-element-57a5ca1e e-flex e-con-boxed elementor-invisible e-con e-parent\" data-id=\"57a5ca1e\" data-element_type=\"container\" data-settings=\"{&quot;background_background&quot;:&quot;classic&quot;,&quot;animation&quot;:&quot;fadeIn&quot;}\">\n\t\t\t\t\t<div class=\"e-con-inner\">\n\t\t\t\t<div class=\"elementor-element elementor-element-4f097f6e elementor-invisible elementor-widget elementor-widget-heading\" data-id=\"4f097f6e\" data-element_type=\"widget\" data-settings=\"{&quot;_animation&quot;:&quot;fadeInUp&quot;}\" data-widget_type=\"heading.default\">\n\t\t\t\t\t<h2 class=\"elementor-heading-title elementor-size-default\">Comprometidos con la tierra<\/h2>\t\t\t\t<\/div>\n\t\t\t\t<div class=\"elementor-element elementor-element-39b28fdb elementor-absolute elementor-invisible elementor-widget elementor-widget-image\" data-id=\"39b28fdb\" data-element_type=\"widget\" data-settings=\"{&quot;_position&quot;:&quot;absolute&quot;,&quot;_animation&quot;:&quot;fadeInRight&quot;,&quot;_animation_delay&quot;:500}\" data-widget_type=\"image.default\">\n\t\t\t\t\t\t\t\t\t\t\t\t\t\t\t<img fetchpriority=\"high\" decoding=\"async\" width=\"800\" height=\"890\" src=\"https:\/\/www.terres-boix.com\/wp-content\/uploads\/2025\/01\/sac-huerto-inc.png\" class=\"attachment-large size-large wp-image-3897\" alt=\"\" srcset=\"https:\/\/www.terres-boix.com\/wp-content\/uploads\/2025\/01\/sac-huerto-inc.png 836w, https:\/\/www.terres-boix.com\/wp-content\/uploads\/2025\/01\/sac-huerto-inc-270x300.png 270w, https:\/\/www.terres-boix.com\/wp-content\/uploads\/2025\/01\/sac-huerto-inc-768x854.png 768w, https:\/\/www.terres-boix.com\/wp-content\/uploads\/2025\/01\/sac-huerto-inc-600x667.png 600w\" sizes=\"(max-width: 800px) 100vw, 800px\" \/>\t\t\t\t\t\t\t\t\t\t\t\t\t\t\t<\/div>\n\t\t\t\t\t<\/div>\n\t\t\t\t<\/div>\n\t\t<div class=\"elementor-element elementor-element-61741596 e-con-full e-flex elementor-invisible e-con e-parent\" data-id=\"61741596\" data-element_type=\"container\" data-settings=\"{&quot;background_background&quot;:&quot;classic&quot;,&quot;animation&quot;:&quot;fadeIn&quot;}\">\n\t\t\t\t<div class=\"elementor-element elementor-element-54ce8ec7 elementor-widget elementor-widget-heading\" data-id=\"54ce8ec7\" data-element_type=\"widget\" data-widget_type=\"heading.default\">\n\t\t\t\t\t<h2 class=\"elementor-heading-title elementor-size-default\">L\u00cdNEA GARDEN <\/h2>\t\t\t\t<\/div>\n\t\t\t\t<\/div>\n\t\t<div class=\"elementor-element elementor-element-3fa39638 e-con-full e-flex e-con e-parent\" data-id=\"3fa39638\" data-element_type=\"container\">\n\t\t<div class=\"elementor-element elementor-element-54aa0e8f e-con-full elementor-hidden-tablet elementor-hidden-mobile e-flex e-con e-child\" data-id=\"54aa0e8f\" data-element_type=\"container\">\n\t\t\t\t<div class=\"elementor-element elementor-element-34652d07 elementor-widget elementor-widget-image\" data-id=\"34652d07\" data-element_type=\"widget\" data-widget_type=\"image.default\">\n\t\t\t\t\t\t\t\t\t\t\t\t\t\t\t<img decoding=\"async\" width=\"673\" height=\"1024\" src=\"https:\/\/www.terres-boix.com\/wp-content\/uploads\/2024\/12\/maceta-substrat-hort-673x1024.png\" class=\"attachment-large size-large wp-image-2462\" alt=\"\" srcset=\"https:\/\/www.terres-boix.com\/wp-content\/uploads\/2024\/12\/maceta-substrat-hort-673x1024.png 673w, https:\/\/www.terres-boix.com\/wp-content\/uploads\/2024\/12\/maceta-substrat-hort-600x913.png 600w, https:\/\/www.terres-boix.com\/wp-content\/uploads\/2024\/12\/maceta-substrat-hort-197x300.png 197w, https:\/\/www.terres-boix.com\/wp-content\/uploads\/2024\/12\/maceta-substrat-hort-768x1169.png 768w, https:\/\/www.terres-boix.com\/wp-content\/uploads\/2024\/12\/maceta-substrat-hort.png 829w\" sizes=\"(max-width: 673px) 100vw, 673px\" \/>\t\t\t\t\t\t\t\t\t\t\t\t\t\t\t<\/div>\n\t\t\t\t<\/div>\n\t\t<div class=\"elementor-element elementor-element-5f717aa6 e-flex e-con-boxed e-con e-child\" data-id=\"5f717aa6\" data-element_type=\"container\">\n\t\t\t\t\t<div class=\"e-con-inner\">\n\t\t\t\t<div class=\"elementor-element elementor-element-4ed75979 elementor-widget-tablet__width-initial elementor-widget elementor-widget-heading\" data-id=\"4ed75979\" data-element_type=\"widget\" data-widget_type=\"heading.default\">\n\t\t\t\t\t<h1 class=\"elementor-heading-title elementor-size-default\">Sustrato Huerto <\/h1>\t\t\t\t<\/div>\n\t\t\t\t<div class=\"elementor-element elementor-element-7726f919 elementor-widget elementor-widget-image\" data-id=\"7726f919\" data-element_type=\"widget\" data-widget_type=\"image.default\">\n\t\t\t\t\t\t\t\t\t\t\t\t\t\t\t<img decoding=\"async\" width=\"565\" height=\"1024\" src=\"https:\/\/www.terres-boix.com\/wp-content\/uploads\/2024\/12\/sac-substrat-hort-565x1024.png\" class=\"attachment-large size-large wp-image-2274\" alt=\"\" srcset=\"https:\/\/www.terres-boix.com\/wp-content\/uploads\/2024\/12\/sac-substrat-hort-565x1024.png 565w, https:\/\/www.terres-boix.com\/wp-content\/uploads\/2024\/12\/sac-substrat-hort-165x300.png 165w, https:\/\/www.terres-boix.com\/wp-content\/uploads\/2024\/12\/sac-substrat-hort.png 600w\" sizes=\"(max-width: 565px) 100vw, 565px\" \/>\t\t\t\t\t\t\t\t\t\t\t\t\t\t\t<\/div>\n\t\t\t\t\t<\/div>\n\t\t\t\t<\/div>\n\t\t<div class=\"elementor-element elementor-element-23085a26 e-con-full e-flex e-con e-child\" data-id=\"23085a26\" data-element_type=\"container\">\n\t\t\t\t<div class=\"elementor-element elementor-element-673b2929 elementor-widget elementor-widget-heading\" data-id=\"673b2929\" data-element_type=\"widget\" data-widget_type=\"heading.default\">\n\t\t\t\t\t<span class=\"elementor-heading-title elementor-size-default\">Descripci\u00f3n producto: <\/span>\t\t\t\t<\/div>\n\t\t\t\t<div class=\"elementor-element elementor-element-1e579fba elementor-widget elementor-widget-text-editor\" data-id=\"1e579fba\" data-element_type=\"widget\" data-widget_type=\"text-editor.default\">\n\t\t\t\t\t\t\t\t\tSustrato de cultivo especial para plantas hort\u00edcolas y culinarias, est\u00e1 formado a partir de una completa mezcla de materiales org\u00e1nicos de alta calidad. Su estudiada porosidad ofrece un equilibrio ideal en retenci\u00f3n de agua, drenaje y aireaci\u00f3n, con lo que se consigue un medio de cultivo ideal para las plantas hort\u00edcolas. Es un sustrato de alto rendimiento debido a su contenido en nutrientes de origen org\u00e1nico.\t\t\t\t\t\t\t\t<\/div>\n\t\t\t\t<div class=\"elementor-element elementor-element-22ed95b1 elementor-widget elementor-widget-heading\" data-id=\"22ed95b1\" data-element_type=\"widget\" data-widget_type=\"heading.default\">\n\t\t\t\t\t<span class=\"elementor-heading-title elementor-size-default\">Aplicaci\u00f3n: <\/span>\t\t\t\t<\/div>\n\t\t\t\t<div class=\"elementor-element elementor-element-24c61808 elementor-widget elementor-widget-text-editor\" data-id=\"24c61808\" data-element_type=\"widget\" data-widget_type=\"text-editor.default\">\n\t\t\t\t\t\t\t\t\t<ul>\n<li>Plantas hort\u00edcolas y culinarias.<\/li>\n<li>Plantaci\u00f3n directa.<\/li>\n<li>Cultivo tradicional y urbano.<\/li>\n<\/ul>\n\t\t\t\t\t\t\t\t<\/div>\n\t\t\t\t<div class=\"elementor-element elementor-element-2a884770 elementor-widget elementor-widget-heading\" data-id=\"2a884770\" data-element_type=\"widget\" data-widget_type=\"heading.default\">\n\t\t\t\t\t<span class=\"elementor-heading-title elementor-size-default\">Comercializaci\u00f3n:<\/span>\t\t\t\t<\/div>\n\t\t\t\t<div class=\"elementor-element elementor-element-75edeab2 elementor-widget elementor-widget-Table\" data-id=\"75edeab2\" data-element_type=\"widget\" data-widget_type=\"Table.default\">\n\t\t\t\t<div class=\"elementor-widget-container\">\n\t\t\t\t\t\t\t<table class=\"tafe-table \">\n\t\t\t<thead  class=\"tafe-table-header\">\n\t\t\t\t<tr>\n\t\t\t\t\t<th class=\"elementor-inline-editing elementor-repeater-item-eaebfde\"   >EAN<\/th><th class=\"elementor-inline-editing elementor-repeater-item-01a807d\"   >VOLUMEN<\/th><th class=\"elementor-inline-editing elementor-repeater-item-91df6f3\"   >U\/CAJA<\/th><th class=\"elementor-inline-editing elementor-repeater-item-4b76ba1\"   >U\/BOX<\/th><th class=\"elementor-inline-editing elementor-repeater-item-d6d594d\"   >PALET<\/th>\t\t\t\t<\/tr>\n\t\t\t<\/thead>\n\t\t\t\t\t\t<tbody class=\"tafe-table-body\">\n\t\t\t\t<tr>\n\t\t\t\t\t<td data-label=\"EAN\"   class=\"elementor-repeater-item-20298b9 td-content-type-default\" >8437002614195<\/td><td data-label=\"VOLUMEN\"   class=\"elementor-repeater-item-2dc1341 td-content-type-default\" >50<\/td><td data-label=\"U\/CAJA\"   class=\"elementor-repeater-item-e505e74 td-content-type-default\" >-<\/td><td data-label=\"U\/BOX\"   class=\"elementor-repeater-item-d16b591 td-content-type-default\" >-<\/td><td data-label=\"PALET\"   class=\"elementor-repeater-item-927846f td-content-type-default\" >54<\/td>\t\t\t\t<\/tr>\n\t\t\t<\/tbody>\n\t\t<\/table>\n\t\t\n\t\t\t\t\t\t<\/div>\n\t\t\t\t<\/div>\n\t\t\t\t<div class=\"elementor-element elementor-element-4b6b34a7 elementor-widget elementor-widget-heading\" data-id=\"4b6b34a7\" data-element_type=\"widget\" data-widget_type=\"heading.default\">\n\t\t\t\t\t<span class=\"elementor-heading-title elementor-size-default\">Modelos de sacos: <\/span>\t\t\t\t<\/div>\n\t\t\t\t<div class=\"elementor-element elementor-element-467cdc2 elementor-widget elementor-widget-image\" data-id=\"467cdc2\" data-element_type=\"widget\" data-widget_type=\"image.default\">\n\t\t\t\t\t\t\t\t\t\t\t\t\t\t\t<img loading=\"lazy\" decoding=\"async\" width=\"118\" height=\"225\" src=\"https:\/\/www.terres-boix.com\/wp-content\/uploads\/2024\/12\/model-sac-substrato-huerto.png\" class=\"attachment-large size-large wp-image-2488\" alt=\"\" \/>\t\t\t\t\t\t\t\t\t\t\t\t\t\t\t<\/div>\n\t\t\t\t<\/div>\n\t\t\t\t<\/div>\n\t\t\t\t<\/div>\n\t\t","protected":false},"excerpt":{"rendered":"<p>Comprometidos con la tierra L\u00cdNEA GARDEN Sustrato Huerto Descripci\u00f3n producto: Sustrato de cultivo especial para plantas hort\u00edcolas y culinarias, est\u00e1 formado a partir de una completa mezcla de materiales org\u00e1nicos de alta calidad. Su estudiada porosidad ofrece un equilibrio ideal en retenci\u00f3n de agua, drenaje y aireaci\u00f3n, con lo que se consigue un medio de [&hellip;]<\/p>\n","protected":false},"author":1,"featured_media":0,"parent":2590,"menu_order":0,"comment_status":"closed","ping_status":"closed","template":"","meta":{"_acf_changed":false,"footnotes":""},"class_list":["post-2603","page","type-page","status-publish","hentry"],"acf":[],"_links":{"self":[{"href":"https:\/\/www.terres-boix.com\/es\/wp-json\/wp\/v2\/pages\/2603","targetHints":{"allow":["GET"]}}],"collection":[{"href":"https:\/\/www.terres-boix.com\/es\/wp-json\/wp\/v2\/pages"}],"about":[{"href":"https:\/\/www.terres-boix.com\/es\/wp-json\/wp\/v2\/types\/page"}],"author":[{"embeddable":true,"href":"https:\/\/www.terres-boix.com\/es\/wp-json\/wp\/v2\/users\/1"}],"replies":[{"embeddable":true,"href":"https:\/\/www.terres-boix.com\/es\/wp-json\/wp\/v2\/comments?post=2603"}],"version-history":[{"count":3,"href":"https:\/\/www.terres-boix.com\/es\/wp-json\/wp\/v2\/pages\/2603\/revisions"}],"predecessor-version":[{"id":4293,"href":"https:\/\/www.terres-boix.com\/es\/wp-json\/wp\/v2\/pages\/2603\/revisions\/4293"}],"up":[{"embeddable":true,"href":"https:\/\/www.terres-boix.com\/es\/wp-json\/wp\/v2\/pages\/2590"}],"wp:attachment":[{"href":"https:\/\/www.terres-boix.com\/es\/wp-json\/wp\/v2\/media?parent=2603"}],"curies":[{"name":"wp","href":"https:\/\/api.w.org\/{rel}","templated":true}]}}