{"id":2601,"date":"2024-12-17T19:20:40","date_gmt":"2024-12-17T18:20:40","guid":{"rendered":"https:\/\/www.terres-boix.com\/linea-garden\/sustrato-cactus\/"},"modified":"2025-01-09T19:32:32","modified_gmt":"2025-01-09T18:32:32","slug":"sustrato-cactus","status":"publish","type":"page","link":"https:\/\/www.terres-boix.com\/es\/linea-garden\/sustrato-cactus\/","title":{"rendered":"Sustrato Cactus"},"content":{"rendered":"\t\t<div data-elementor-type=\"wp-page\" data-elementor-id=\"2601\" class=\"elementor elementor-2601 elementor-1327\" data-elementor-post-type=\"page\">\n\t\t\t\t<div class=\"elementor-element elementor-element-2012d7a5 e-flex e-con-boxed elementor-invisible e-con e-parent\" data-id=\"2012d7a5\" data-element_type=\"container\" data-settings=\"{&quot;background_background&quot;:&quot;classic&quot;,&quot;animation&quot;:&quot;fadeIn&quot;}\">\n\t\t\t\t\t<div class=\"e-con-inner\">\n\t\t\t\t<div class=\"elementor-element elementor-element-399094a elementor-invisible elementor-widget elementor-widget-heading\" data-id=\"399094a\" data-element_type=\"widget\" data-settings=\"{&quot;_animation&quot;:&quot;fadeInUp&quot;}\" data-widget_type=\"heading.default\">\n\t\t\t\t\t<h2 class=\"elementor-heading-title elementor-size-default\">Comprometidos con la tierra<\/h2>\t\t\t\t<\/div>\n\t\t\t\t<div class=\"elementor-element elementor-element-796acd69 elementor-absolute elementor-invisible elementor-widget elementor-widget-image\" data-id=\"796acd69\" data-element_type=\"widget\" data-settings=\"{&quot;_position&quot;:&quot;absolute&quot;,&quot;_animation&quot;:&quot;fadeInRight&quot;,&quot;_animation_delay&quot;:500}\" data-widget_type=\"image.default\">\n\t\t\t\t\t\t\t\t\t\t\t\t\t\t\t<img fetchpriority=\"high\" decoding=\"async\" width=\"800\" height=\"890\" src=\"https:\/\/www.terres-boix.com\/wp-content\/uploads\/2025\/01\/sac-cactus-inc.png\" class=\"attachment-large size-large wp-image-3888\" alt=\"\" srcset=\"https:\/\/www.terres-boix.com\/wp-content\/uploads\/2025\/01\/sac-cactus-inc.png 836w, https:\/\/www.terres-boix.com\/wp-content\/uploads\/2025\/01\/sac-cactus-inc-270x300.png 270w, https:\/\/www.terres-boix.com\/wp-content\/uploads\/2025\/01\/sac-cactus-inc-768x854.png 768w, https:\/\/www.terres-boix.com\/wp-content\/uploads\/2025\/01\/sac-cactus-inc-600x667.png 600w\" sizes=\"(max-width: 800px) 100vw, 800px\" \/>\t\t\t\t\t\t\t\t\t\t\t\t\t\t\t<\/div>\n\t\t\t\t\t<\/div>\n\t\t\t\t<\/div>\n\t\t<div class=\"elementor-element elementor-element-42c58aef e-con-full e-flex elementor-invisible e-con e-parent\" data-id=\"42c58aef\" data-element_type=\"container\" data-settings=\"{&quot;background_background&quot;:&quot;classic&quot;,&quot;animation&quot;:&quot;fadeIn&quot;}\">\n\t\t\t\t<div class=\"elementor-element elementor-element-665683f8 elementor-widget elementor-widget-heading\" data-id=\"665683f8\" data-element_type=\"widget\" data-widget_type=\"heading.default\">\n\t\t\t\t\t<h2 class=\"elementor-heading-title elementor-size-default\">L\u00cdNEA GARDEN <\/h2>\t\t\t\t<\/div>\n\t\t\t\t<\/div>\n\t\t<div class=\"elementor-element elementor-element-458c5617 e-con-full e-flex e-con e-parent\" data-id=\"458c5617\" data-element_type=\"container\">\n\t\t<div class=\"elementor-element elementor-element-74e125f6 e-con-full elementor-hidden-tablet elementor-hidden-mobile e-flex e-con e-child\" data-id=\"74e125f6\" data-element_type=\"container\">\n\t\t\t\t<div class=\"elementor-element elementor-element-16d7ed6b elementor-widget elementor-widget-image\" data-id=\"16d7ed6b\" data-element_type=\"widget\" data-widget_type=\"image.default\">\n\t\t\t\t\t\t\t\t\t\t\t\t\t\t\t<img decoding=\"async\" width=\"684\" height=\"1024\" src=\"https:\/\/www.terres-boix.com\/wp-content\/uploads\/2024\/12\/maceta-substrat-cactus-684x1024.png\" class=\"attachment-large size-large wp-image-2460\" alt=\"\" srcset=\"https:\/\/www.terres-boix.com\/wp-content\/uploads\/2024\/12\/maceta-substrat-cactus-684x1024.png 684w, https:\/\/www.terres-boix.com\/wp-content\/uploads\/2024\/12\/maceta-substrat-cactus-600x898.png 600w, https:\/\/www.terres-boix.com\/wp-content\/uploads\/2024\/12\/maceta-substrat-cactus-200x300.png 200w, https:\/\/www.terres-boix.com\/wp-content\/uploads\/2024\/12\/maceta-substrat-cactus-768x1150.png 768w, https:\/\/www.terres-boix.com\/wp-content\/uploads\/2024\/12\/maceta-substrat-cactus.png 839w\" sizes=\"(max-width: 684px) 100vw, 684px\" \/>\t\t\t\t\t\t\t\t\t\t\t\t\t\t\t<\/div>\n\t\t\t\t<\/div>\n\t\t<div class=\"elementor-element elementor-element-ffe94f e-flex e-con-boxed e-con e-child\" data-id=\"ffe94f\" data-element_type=\"container\">\n\t\t\t\t\t<div class=\"e-con-inner\">\n\t\t\t\t<div class=\"elementor-element elementor-element-48a0a8a2 elementor-widget-tablet__width-initial elementor-widget elementor-widget-heading\" data-id=\"48a0a8a2\" data-element_type=\"widget\" data-widget_type=\"heading.default\">\n\t\t\t\t\t<h1 class=\"elementor-heading-title elementor-size-default\">Sustrato Cactus<\/h1>\t\t\t\t<\/div>\n\t\t\t\t<div class=\"elementor-element elementor-element-5308e245 elementor-widget elementor-widget-image\" data-id=\"5308e245\" data-element_type=\"widget\" data-widget_type=\"image.default\">\n\t\t\t\t\t\t\t\t\t\t\t\t\t\t\t<img decoding=\"async\" width=\"565\" height=\"1024\" src=\"https:\/\/www.terres-boix.com\/wp-content\/uploads\/2024\/12\/sac-substrat-cactus-565x1024.png\" class=\"attachment-large size-large wp-image-2272\" alt=\"\" srcset=\"https:\/\/www.terres-boix.com\/wp-content\/uploads\/2024\/12\/sac-substrat-cactus-565x1024.png 565w, https:\/\/www.terres-boix.com\/wp-content\/uploads\/2024\/12\/sac-substrat-cactus-165x300.png 165w, https:\/\/www.terres-boix.com\/wp-content\/uploads\/2024\/12\/sac-substrat-cactus.png 600w\" sizes=\"(max-width: 565px) 100vw, 565px\" \/>\t\t\t\t\t\t\t\t\t\t\t\t\t\t\t<\/div>\n\t\t\t\t\t<\/div>\n\t\t\t\t<\/div>\n\t\t<div class=\"elementor-element elementor-element-32e9d85d e-con-full e-flex e-con e-child\" data-id=\"32e9d85d\" data-element_type=\"container\">\n\t\t\t\t<div class=\"elementor-element elementor-element-117aa9ec elementor-widget elementor-widget-heading\" data-id=\"117aa9ec\" data-element_type=\"widget\" data-widget_type=\"heading.default\">\n\t\t\t\t\t<span class=\"elementor-heading-title elementor-size-default\">Descripci\u00f3n producto: <\/span>\t\t\t\t<\/div>\n\t\t\t\t<div class=\"elementor-element elementor-element-5dd1958c elementor-widget elementor-widget-text-editor\" data-id=\"5dd1958c\" data-element_type=\"widget\" data-widget_type=\"text-editor.default\">\n\t\t\t\t\t\t\t\t\t<p>El Sustrato Cactus est\u00e1 dise\u00f1ado para ser utilizado en la plantaci\u00f3n y trasplante de cactus y de todo tipo de plantas crasas. Perfecta ventilaci\u00f3n y buen drenaje.<\/p>\n\t\t\t\t\t\t\t\t<\/div>\n\t\t\t\t<div class=\"elementor-element elementor-element-6373d8dc elementor-widget elementor-widget-heading\" data-id=\"6373d8dc\" data-element_type=\"widget\" data-widget_type=\"heading.default\">\n\t\t\t\t\t<span class=\"elementor-heading-title elementor-size-default\">Aplicaci\u00f3n: <\/span>\t\t\t\t<\/div>\n\t\t\t\t<div class=\"elementor-element elementor-element-189b5d01 elementor-widget elementor-widget-text-editor\" data-id=\"189b5d01\" data-element_type=\"widget\" data-widget_type=\"text-editor.default\">\n\t\t\t\t\t\t\t\t\t<ul>\n<li>Plantaci\u00f3n y trasplante de todo tipo de cactus y plantas crasas.<\/li>\n<li>Apto para zonas rocosas.<\/li>\n<li>Xerojardiner\u00eda.<\/li>\n<\/ul>\n\t\t\t\t\t\t\t\t<\/div>\n\t\t\t\t<div class=\"elementor-element elementor-element-5519d4a6 elementor-widget elementor-widget-heading\" data-id=\"5519d4a6\" data-element_type=\"widget\" data-widget_type=\"heading.default\">\n\t\t\t\t\t<span class=\"elementor-heading-title elementor-size-default\">Comercializaci\u00f3n:<\/span>\t\t\t\t<\/div>\n\t\t\t\t<div class=\"elementor-element elementor-element-7d0bddb2 elementor-widget elementor-widget-Table\" data-id=\"7d0bddb2\" data-element_type=\"widget\" data-widget_type=\"Table.default\">\n\t\t\t\t<div class=\"elementor-widget-container\">\n\t\t\t\t\t\t\t<table class=\"tafe-table \">\n\t\t\t<thead  class=\"tafe-table-header\">\n\t\t\t\t<tr>\n\t\t\t\t\t<th class=\"elementor-inline-editing elementor-repeater-item-eaebfde\"   >EAN<\/th><th class=\"elementor-inline-editing elementor-repeater-item-01a807d\"   >VOLUMEN<\/th><th class=\"elementor-inline-editing elementor-repeater-item-91df6f3\"   >U\/CAJA<\/th><th class=\"elementor-inline-editing elementor-repeater-item-4b76ba1\"   >U\/BOX<\/th><th class=\"elementor-inline-editing elementor-repeater-item-d6d594d\"   >PALET<\/th>\t\t\t\t<\/tr>\n\t\t\t<\/thead>\n\t\t\t\t\t\t<tbody class=\"tafe-table-body\">\n\t\t\t\t<tr>\n\t\t\t\t\t<td data-label=\"EAN\"   class=\"elementor-repeater-item-20298b9 td-content-type-default\" >8437002614171<\/td><td data-label=\"VOLUMEN\"   class=\"elementor-repeater-item-2dc1341 td-content-type-default\" >5<\/td><td data-label=\"U\/CAJA\"   class=\"elementor-repeater-item-e505e74 td-content-type-default\" >6<\/td><td data-label=\"U\/BOX\"   class=\"elementor-repeater-item-d16b591 td-content-type-default\" >130<\/td><td data-label=\"PALET\"   class=\"elementor-repeater-item-927846f td-content-type-default\" >-<\/td><\/tr><tr><td data-label=\"EAN\"   class=\"elementor-repeater-item-0381109 td-content-type-default\" >8437002614188<\/td><td data-label=\"VOLUMEN\"   class=\"elementor-repeater-item-37507f5 td-content-type-default\" >20<\/td><td data-label=\"U\/CAJA\"   class=\"elementor-repeater-item-83c0b0c td-content-type-default\" >-<\/td><td data-label=\"U\/BOX\"   class=\"elementor-repeater-item-bdf1b18 td-content-type-default\" >-<\/td><td data-label=\"PALET\"   class=\"elementor-repeater-item-84364b8 td-content-type-default\" >144<\/td>\t\t\t\t<\/tr>\n\t\t\t<\/tbody>\n\t\t<\/table>\n\t\t\n\t\t\t\t\t\t<\/div>\n\t\t\t\t<\/div>\n\t\t\t\t<div class=\"elementor-element elementor-element-712bda42 elementor-widget elementor-widget-heading\" data-id=\"712bda42\" data-element_type=\"widget\" data-widget_type=\"heading.default\">\n\t\t\t\t\t<span class=\"elementor-heading-title elementor-size-default\">Modelos de sacos: <\/span>\t\t\t\t<\/div>\n\t\t\t\t<div class=\"elementor-element elementor-element-56d27fc1 elementor-widget elementor-widget-image\" data-id=\"56d27fc1\" data-element_type=\"widget\" data-widget_type=\"image.default\">\n\t\t\t\t\t\t\t\t\t\t\t\t\t\t\t<img loading=\"lazy\" decoding=\"async\" width=\"141\" height=\"186\" src=\"https:\/\/www.terres-boix.com\/wp-content\/uploads\/2024\/12\/model-sac-substrat-cactus.png\" class=\"attachment-large size-large wp-image-2480\" alt=\"\" \/>\t\t\t\t\t\t\t\t\t\t\t\t\t\t\t<\/div>\n\t\t\t\t<\/div>\n\t\t\t\t<\/div>\n\t\t\t\t<\/div>\n\t\t","protected":false},"excerpt":{"rendered":"<p>Comprometidos con la tierra L\u00cdNEA GARDEN Sustrato Cactus Descripci\u00f3n producto: El Sustrato Cactus est\u00e1 dise\u00f1ado para ser utilizado en la plantaci\u00f3n y trasplante de cactus y de todo tipo de plantas crasas. Perfecta ventilaci\u00f3n y buen drenaje. Aplicaci\u00f3n: Plantaci\u00f3n y trasplante de todo tipo de cactus y plantas crasas. Apto para zonas rocosas. Xerojardiner\u00eda. Comercializaci\u00f3n: [&hellip;]<\/p>\n","protected":false},"author":1,"featured_media":0,"parent":2590,"menu_order":0,"comment_status":"closed","ping_status":"closed","template":"","meta":{"_acf_changed":false,"footnotes":""},"class_list":["post-2601","page","type-page","status-publish","hentry"],"acf":[],"_links":{"self":[{"href":"https:\/\/www.terres-boix.com\/es\/wp-json\/wp\/v2\/pages\/2601","targetHints":{"allow":["GET"]}}],"collection":[{"href":"https:\/\/www.terres-boix.com\/es\/wp-json\/wp\/v2\/pages"}],"about":[{"href":"https:\/\/www.terres-boix.com\/es\/wp-json\/wp\/v2\/types\/page"}],"author":[{"embeddable":true,"href":"https:\/\/www.terres-boix.com\/es\/wp-json\/wp\/v2\/users\/1"}],"replies":[{"embeddable":true,"href":"https:\/\/www.terres-boix.com\/es\/wp-json\/wp\/v2\/comments?post=2601"}],"version-history":[{"count":3,"href":"https:\/\/www.terres-boix.com\/es\/wp-json\/wp\/v2\/pages\/2601\/revisions"}],"predecessor-version":[{"id":4299,"href":"https:\/\/www.terres-boix.com\/es\/wp-json\/wp\/v2\/pages\/2601\/revisions\/4299"}],"up":[{"embeddable":true,"href":"https:\/\/www.terres-boix.com\/es\/wp-json\/wp\/v2\/pages\/2590"}],"wp:attachment":[{"href":"https:\/\/www.terres-boix.com\/es\/wp-json\/wp\/v2\/media?parent=2601"}],"curies":[{"name":"wp","href":"https:\/\/api.w.org\/{rel}","templated":true}]}}