{"id":2588,"date":"2024-12-08T08:00:33","date_gmt":"2024-12-08T07:00:33","guid":{"rendered":"https:\/\/www.terres-boix.com\/linea-floricultura-y-horticultura\/"},"modified":"2024-12-29T11:29:44","modified_gmt":"2024-12-29T10:29:44","slug":"linea-floricultura-y-horticultura","status":"publish","type":"page","link":"https:\/\/www.terres-boix.com\/es\/linea-floricultura-y-horticultura\/","title":{"rendered":"L\u00cdNEA FLORICULTURA Y HORTICULTURA"},"content":{"rendered":"\t\t<div data-elementor-type=\"wp-page\" data-elementor-id=\"2588\" class=\"elementor elementor-2588 elementor-345\" data-elementor-post-type=\"page\">\n\t\t\t\t<div class=\"elementor-element elementor-element-f925b5f e-flex e-con-boxed elementor-invisible e-con e-parent\" data-id=\"f925b5f\" data-element_type=\"container\" data-settings=\"{&quot;background_background&quot;:&quot;classic&quot;,&quot;animation&quot;:&quot;fadeIn&quot;}\">\n\t\t\t\t\t<div class=\"e-con-inner\">\n\t\t\t\t<div class=\"elementor-element elementor-element-f71e2c7 elementor-invisible elementor-widget elementor-widget-heading\" data-id=\"f71e2c7\" data-element_type=\"widget\" data-settings=\"{&quot;_animation&quot;:&quot;fadeInUp&quot;}\" data-widget_type=\"heading.default\">\n\t\t\t\t\t<h2 class=\"elementor-heading-title elementor-size-default\">Comprometidos con la tierra<\/h2>\t\t\t\t<\/div>\n\t\t\t\t\t<\/div>\n\t\t\t\t<\/div>\n\t\t<div class=\"elementor-element elementor-element-2940ec0 e-con-full e-flex elementor-invisible e-con e-parent\" data-id=\"2940ec0\" data-element_type=\"container\" data-settings=\"{&quot;background_background&quot;:&quot;classic&quot;,&quot;animation&quot;:&quot;fadeIn&quot;}\">\n\t\t\t\t<div class=\"elementor-element elementor-element-11833bc elementor-widget elementor-widget-heading\" data-id=\"11833bc\" data-element_type=\"widget\" data-widget_type=\"heading.default\">\n\t\t\t\t\t<h2 class=\"elementor-heading-title elementor-size-default\">L\u00cdNEA FLORICULTURA Y HORTICULTURA <\/h2>\t\t\t\t<\/div>\n\t\t\t\t<\/div>\n\t\t<div class=\"elementor-element elementor-element-aeea910 e-flex e-con-boxed e-con e-parent\" data-id=\"aeea910\" data-element_type=\"container\">\n\t\t\t\t\t<div class=\"e-con-inner\">\n\t\t\t\t<div class=\"elementor-element elementor-element-e2953c3 elementor-widget elementor-widget-text-editor\" data-id=\"e2953c3\" data-element_type=\"widget\" data-widget_type=\"text-editor.default\">\n\t\t\t\t\t\t\t\t\t<p>En Terres Boix, estamos comprometidos a ofrecer productos de m\u00e1xima calidad para potenciar el crecimiento y la salud de cultivos.<br \/>\nNuestra l\u00ednea de Horticultura y Floricultura ha sido dise\u00f1ada espec\u00edficamente para proporcionar sustratos y soluciones especializadas que garantizan un crecimiento perfecto, equilibrio \u00f3ptimo de nutrientes, una buena retenci\u00f3n de humedad y una estructura adecuada para el desarrollo de plantas vigorosas y productivas.<br \/>\nPodemos fabricar sustratos a la carta seg\u00fan las demandas de los cultivadores.<\/p>\n\t\t\t\t\t\t\t\t<\/div>\n\t\t\t\t\t<\/div>\n\t\t\t\t<\/div>\n\t\t<div class=\"elementor-element elementor-element-47c2ba9 e-flex e-con-boxed e-con e-parent\" data-id=\"47c2ba9\" data-element_type=\"container\" data-settings=\"{&quot;background_background&quot;:&quot;classic&quot;}\">\n\t\t\t\t\t<div class=\"e-con-inner\">\n\t\t<div class=\"elementor-element elementor-element-3cad71b e-con-full e-flex elementor-invisible e-con e-child\" data-id=\"3cad71b\" data-element_type=\"container\" data-settings=\"{&quot;background_background&quot;:&quot;classic&quot;,&quot;animation&quot;:&quot;fadeInUp&quot;}\">\n\t\t\t\t<\/div>\n\t\t\t\t\t<\/div>\n\t\t\t\t<\/div>\n\t\t<div class=\"elementor-element elementor-element-1126f20 e-grid e-con-boxed e-con e-parent\" data-id=\"1126f20\" data-element_type=\"container\" data-settings=\"{&quot;background_background&quot;:&quot;classic&quot;}\">\n\t\t\t\t\t<div class=\"e-con-inner\">\n\t\t<div class=\"elementor-element elementor-element-c2df4fc e-con-full e-flex elementor-invisible e-con e-child\" data-id=\"c2df4fc\" data-element_type=\"container\" data-settings=\"{&quot;animation&quot;:&quot;fadeInUp&quot;,&quot;background_background&quot;:&quot;classic&quot;}\">\n\t\t\t\t<\/div>\n\t\t<div class=\"elementor-element elementor-element-d86ecf9 e-con-full e-flex elementor-invisible e-con e-child\" data-id=\"d86ecf9\" data-element_type=\"container\" data-settings=\"{&quot;animation&quot;:&quot;fadeInUp&quot;,&quot;animation_delay&quot;:200,&quot;background_background&quot;:&quot;classic&quot;}\">\n\t\t\t\t<\/div>\n\t\t<div class=\"elementor-element elementor-element-6d136e4 e-con-full e-flex elementor-invisible e-con e-child\" data-id=\"6d136e4\" data-element_type=\"container\" data-settings=\"{&quot;animation&quot;:&quot;fadeInUp&quot;,&quot;animation_delay&quot;:0,&quot;background_background&quot;:&quot;classic&quot;}\">\n\t\t\t\t<\/div>\n\t\t<div class=\"elementor-element elementor-element-4425abb e-con-full e-flex elementor-invisible e-con e-child\" data-id=\"4425abb\" data-element_type=\"container\" data-settings=\"{&quot;animation&quot;:&quot;fadeInUp&quot;,&quot;animation_delay&quot;:200,&quot;background_background&quot;:&quot;classic&quot;}\">\n\t\t\t\t<\/div>\n\t\t<div class=\"elementor-element elementor-element-bca8d28 e-con-full e-flex elementor-invisible e-con e-child\" data-id=\"bca8d28\" data-element_type=\"container\" data-settings=\"{&quot;animation&quot;:&quot;fadeInUp&quot;,&quot;background_background&quot;:&quot;classic&quot;}\">\n\t\t\t\t<\/div>\n\t\t<div class=\"elementor-element elementor-element-dfcda83 e-con-full e-flex elementor-invisible e-con e-child\" data-id=\"dfcda83\" data-element_type=\"container\" data-settings=\"{&quot;animation&quot;:&quot;fadeInUp&quot;,&quot;animation_delay&quot;:200,&quot;background_background&quot;:&quot;classic&quot;}\">\n\t\t\t\t<\/div>\n\t\t\t\t\t<\/div>\n\t\t\t\t<\/div>\n\t\t<div class=\"elementor-element elementor-element-497c858 e-grid e-con-boxed e-con e-parent\" data-id=\"497c858\" data-element_type=\"container\" data-settings=\"{&quot;background_background&quot;:&quot;classic&quot;}\">\n\t\t\t\t\t<div class=\"e-con-inner\">\n\t\t<div class=\"elementor-element elementor-element-d78ce95 e-con-full e-flex elementor-invisible e-con e-child\" data-id=\"d78ce95\" data-element_type=\"container\" data-settings=\"{&quot;animation&quot;:&quot;fadeInUp&quot;,&quot;background_background&quot;:&quot;classic&quot;}\">\n\t\t\t\t<\/div>\n\t\t<div class=\"elementor-element elementor-element-7a88e1c e-con-full e-flex elementor-invisible e-con e-child\" data-id=\"7a88e1c\" data-element_type=\"container\" data-settings=\"{&quot;animation&quot;:&quot;fadeInUp&quot;,&quot;animation_delay&quot;:200,&quot;background_background&quot;:&quot;classic&quot;}\">\n\t\t\t\t<\/div>\n\t\t\t\t\t<\/div>\n\t\t\t\t<\/div>\n\t\t\t\t<\/div>\n\t\t","protected":false},"excerpt":{"rendered":"<p>Comprometidos con la tierra L\u00cdNEA FLORICULTURA Y HORTICULTURA En Terres Boix, estamos comprometidos a ofrecer productos de m\u00e1xima calidad para potenciar el crecimiento y la salud de cultivos. Nuestra l\u00ednea de Horticultura y Floricultura ha sido dise\u00f1ada espec\u00edficamente para proporcionar sustratos y soluciones especializadas que garantizan un crecimiento perfecto, equilibrio \u00f3ptimo de nutrientes, una buena [&hellip;]<\/p>\n","protected":false},"author":1,"featured_media":0,"parent":0,"menu_order":0,"comment_status":"closed","ping_status":"closed","template":"","meta":{"_acf_changed":false,"footnotes":""},"class_list":["post-2588","page","type-page","status-publish","hentry"],"acf":[],"_links":{"self":[{"href":"https:\/\/www.terres-boix.com\/es\/wp-json\/wp\/v2\/pages\/2588","targetHints":{"allow":["GET"]}}],"collection":[{"href":"https:\/\/www.terres-boix.com\/es\/wp-json\/wp\/v2\/pages"}],"about":[{"href":"https:\/\/www.terres-boix.com\/es\/wp-json\/wp\/v2\/types\/page"}],"author":[{"embeddable":true,"href":"https:\/\/www.terres-boix.com\/es\/wp-json\/wp\/v2\/users\/1"}],"replies":[{"embeddable":true,"href":"https:\/\/www.terres-boix.com\/es\/wp-json\/wp\/v2\/comments?post=2588"}],"version-history":[{"count":0,"href":"https:\/\/www.terres-boix.com\/es\/wp-json\/wp\/v2\/pages\/2588\/revisions"}],"wp:attachment":[{"href":"https:\/\/www.terres-boix.com\/es\/wp-json\/wp\/v2\/media?parent=2588"}],"curies":[{"name":"wp","href":"https:\/\/api.w.org\/{rel}","templated":true}]}}