{"id":2581,"date":"2024-12-16T18:15:10","date_gmt":"2024-12-16T17:15:10","guid":{"rendered":"https:\/\/www.terres-boix.com\/linea-decoracion\/arena-de-rio-lavada\/"},"modified":"2024-12-29T11:26:31","modified_gmt":"2024-12-29T10:26:31","slug":"arena-de-rio-lavada","status":"publish","type":"page","link":"https:\/\/www.terres-boix.com\/es\/linea-decoracion\/arena-de-rio-lavada\/","title":{"rendered":"Arena de r\u00edo lavada"},"content":{"rendered":"\t\t<div data-elementor-type=\"wp-page\" data-elementor-id=\"2581\" class=\"elementor elementor-2581 elementor-1099\" data-elementor-post-type=\"page\">\n\t\t\t\t<div class=\"elementor-element elementor-element-7e6cb598 e-con-full e-flex e-con e-parent\" data-id=\"7e6cb598\" data-element_type=\"container\">\n\t\t\t\t<div class=\"elementor-element elementor-element-14434383 elementor--h-position-center elementor--v-position-middle elementor-widget elementor-widget-slides\" data-id=\"14434383\" data-element_type=\"widget\" data-settings=\"{&quot;navigation&quot;:&quot;none&quot;,&quot;autoplay_speed&quot;:4000,&quot;transition&quot;:&quot;fade&quot;,&quot;transition_speed&quot;:2000,&quot;autoplay&quot;:&quot;yes&quot;,&quot;infinite&quot;:&quot;yes&quot;}\" data-widget_type=\"slides.default\">\n\t\t\t\t\t\t\t\t\t\t<div class=\"elementor-slides-wrapper elementor-main-swiper swiper\" role=\"region\" aria-roledescription=\"carousel\" aria-label=\"Slides\" dir=\"ltr\" data-animation=\"fadeInUp\">\n\t\t\t\t<div class=\"swiper-wrapper elementor-slides\">\n\t\t\t\t\t\t\t\t\t\t<div class=\"elementor-repeater-item-ef4bc5d swiper-slide\" role=\"group\" aria-roledescription=\"slide\"><div class=\"swiper-slide-bg\" role=\"img\"><\/div><div class=\"swiper-slide-inner\" ><div class=\"swiper-slide-contents\"><div class=\"elementor-slide-description\"><p>Comprometidos con la tierra<\/p>\n<\/div><\/div><\/div><\/div><div class=\"elementor-repeater-item-53f41c9 swiper-slide\" role=\"group\" aria-roledescription=\"slide\"><div class=\"swiper-slide-bg\" role=\"img\"><\/div><div class=\"swiper-slide-inner\" ><div class=\"swiper-slide-contents\"><div class=\"elementor-slide-description\"><p>Comprometidos con la tierra<\/p>\n<\/div><\/div><\/div><\/div><div class=\"elementor-repeater-item-436b89c swiper-slide\" role=\"group\" aria-roledescription=\"slide\"><div class=\"swiper-slide-bg\" role=\"img\"><\/div><div class=\"swiper-slide-inner\" ><div class=\"swiper-slide-contents\"><div class=\"elementor-slide-description\"><p>Comprometidos con la tierra<\/p>\n<\/div><\/div><\/div><\/div>\t\t\t\t<\/div>\n\t\t\t\t\t\t\t\t\t\t\t\t\t\t\t\t\t\t\t\t\t<\/div>\n\t\t\t\t\t\t\t\t<\/div>\n\t\t\t\t<\/div>\n\t\t<div class=\"elementor-element elementor-element-18229092 e-con-full e-flex elementor-invisible e-con e-parent\" data-id=\"18229092\" data-element_type=\"container\" data-settings=\"{&quot;background_background&quot;:&quot;classic&quot;,&quot;animation&quot;:&quot;fadeIn&quot;}\">\n\t\t\t\t<div class=\"elementor-element elementor-element-34ae19ab elementor-widget elementor-widget-heading\" data-id=\"34ae19ab\" data-element_type=\"widget\" data-widget_type=\"heading.default\">\n\t\t\t\t\t<h2 class=\"elementor-heading-title elementor-size-default\">L\u00cdNEA DECORACI\u00d3N <\/h2>\t\t\t\t<\/div>\n\t\t\t\t<\/div>\n\t\t<div class=\"elementor-element elementor-element-4a0e0e8d e-flex e-con-boxed e-con e-parent\" data-id=\"4a0e0e8d\" data-element_type=\"container\">\n\t\t\t\t\t<div class=\"e-con-inner\">\n\t\t<div class=\"elementor-element elementor-element-4616cbe4 e-con-full e-flex e-con e-child\" data-id=\"4616cbe4\" data-element_type=\"container\">\n\t\t\t\t<div class=\"elementor-element elementor-element-65285aa1 elementor-widget elementor-widget-heading\" data-id=\"65285aa1\" data-element_type=\"widget\" data-widget_type=\"heading.default\">\n\t\t\t\t\t<h1 class=\"elementor-heading-title elementor-size-default\">Arena de r\u00edo lavada <\/h1>\t\t\t\t<\/div>\n\t\t\t\t<\/div>\n\t\t\t\t\t<\/div>\n\t\t\t\t<\/div>\n\t\t<div class=\"elementor-element elementor-element-16f2c602 e-flex e-con-boxed e-con e-parent\" data-id=\"16f2c602\" data-element_type=\"container\" data-settings=\"{&quot;background_background&quot;:&quot;classic&quot;}\">\n\t\t\t\t\t<div class=\"e-con-inner\">\n\t\t<div class=\"elementor-element elementor-element-3d49342a e-con-full e-flex elementor-invisible e-con e-child\" data-id=\"3d49342a\" data-element_type=\"container\" data-settings=\"{&quot;animation&quot;:&quot;fadeIn&quot;}\">\n\t\t\t\t<div class=\"elementor-element elementor-element-499171a1 elementor-widget elementor-widget-image\" data-id=\"499171a1\" data-element_type=\"widget\" data-widget_type=\"image.default\">\n\t\t\t\t\t\t\t\t\t\t\t\t\t\t\t<img fetchpriority=\"high\" decoding=\"async\" width=\"737\" height=\"442\" src=\"https:\/\/www.terres-boix.com\/wp-content\/uploads\/2024\/12\/arena-rio-lavada.png\" class=\"attachment-medium_large size-medium_large wp-image-1103\" alt=\"\" srcset=\"https:\/\/www.terres-boix.com\/wp-content\/uploads\/2024\/12\/arena-rio-lavada.png 737w, https:\/\/www.terres-boix.com\/wp-content\/uploads\/2024\/12\/arena-rio-lavada-600x360.png 600w, https:\/\/www.terres-boix.com\/wp-content\/uploads\/2024\/12\/arena-rio-lavada-300x180.png 300w\" sizes=\"(max-width: 737px) 100vw, 737px\" \/>\t\t\t\t\t\t\t\t\t\t\t\t\t\t\t<\/div>\n\t\t\t\t<\/div>\n\t\t<div class=\"elementor-element elementor-element-3c8472a e-con-full e-flex elementor-invisible e-con e-child\" data-id=\"3c8472a\" data-element_type=\"container\" data-settings=\"{&quot;animation&quot;:&quot;fadeIn&quot;}\">\n\t\t<div class=\"elementor-element elementor-element-7b0d5923 e-con-full e-flex e-con e-child\" data-id=\"7b0d5923\" data-element_type=\"container\">\n\t\t\t\t<div class=\"elementor-element elementor-element-4af814d3 elementor-widget elementor-widget-heading\" data-id=\"4af814d3\" data-element_type=\"widget\" data-widget_type=\"heading.default\">\n\t\t\t\t\t<span class=\"elementor-heading-title elementor-size-default\">Comercializaci\u00f3n:<\/span>\t\t\t\t<\/div>\n\t\t\t\t<\/div>\n\t\t<div class=\"elementor-element elementor-element-116754d e-con-full e-flex e-con e-child\" data-id=\"116754d\" data-element_type=\"container\">\n\t\t<div class=\"elementor-element elementor-element-3d097821 e-con-full e-grid e-con e-child\" data-id=\"3d097821\" data-element_type=\"container\">\n\t\t<div class=\"elementor-element elementor-element-6b65d431 e-con-full e-flex e-con e-child\" data-id=\"6b65d431\" data-element_type=\"container\">\n\t\t\t\t<div class=\"elementor-element elementor-element-49e45402 elementor-widget elementor-widget-image\" data-id=\"49e45402\" data-element_type=\"widget\" data-widget_type=\"image.default\">\n\t\t\t\t\t\t\t\t\t\t\t\t\t\t\t<img decoding=\"async\" width=\"120\" height=\"119\" src=\"https:\/\/www.terres-boix.com\/wp-content\/uploads\/2024\/12\/ico-big-bag.png\" class=\"attachment-large size-large wp-image-1205\" alt=\"\" srcset=\"https:\/\/www.terres-boix.com\/wp-content\/uploads\/2024\/12\/ico-big-bag.png 120w, https:\/\/www.terres-boix.com\/wp-content\/uploads\/2024\/12\/ico-big-bag-100x100.png 100w\" sizes=\"(max-width: 120px) 100vw, 120px\" \/>\t\t\t\t\t\t\t\t\t\t\t\t\t\t\t<\/div>\n\t\t\t\t<div class=\"elementor-element elementor-element-2ca40ce0 elementor-widget elementor-widget-heading\" data-id=\"2ca40ce0\" data-element_type=\"widget\" data-widget_type=\"heading.default\">\n\t\t\t\t\t<div class=\"elementor-heading-title elementor-size-default\">Big-Bag <br>1.000 Kg +\u2013<\/div>\t\t\t\t<\/div>\n\t\t\t\t<\/div>\n\t\t<div class=\"elementor-element elementor-element-94018a7 e-con-full e-flex e-con e-child\" data-id=\"94018a7\" data-element_type=\"container\">\n\t\t\t\t<div class=\"elementor-element elementor-element-2ce4be0e elementor-widget elementor-widget-image\" data-id=\"2ce4be0e\" data-element_type=\"widget\" data-widget_type=\"image.default\">\n\t\t\t\t\t\t\t\t\t\t\t\t\t\t\t<img decoding=\"async\" width=\"119\" height=\"119\" src=\"https:\/\/www.terres-boix.com\/wp-content\/uploads\/2024\/12\/ico-granel.png\" class=\"attachment-large size-large wp-image-1206\" alt=\"\" srcset=\"https:\/\/www.terres-boix.com\/wp-content\/uploads\/2024\/12\/ico-granel.png 119w, https:\/\/www.terres-boix.com\/wp-content\/uploads\/2024\/12\/ico-granel-100x100.png 100w\" sizes=\"(max-width: 119px) 100vw, 119px\" \/>\t\t\t\t\t\t\t\t\t\t\t\t\t\t\t<\/div>\n\t\t\t\t<div class=\"elementor-element elementor-element-202f242f elementor-widget elementor-widget-heading\" data-id=\"202f242f\" data-element_type=\"widget\" data-widget_type=\"heading.default\">\n\t\t\t\t\t<div class=\"elementor-heading-title elementor-size-default\">Granel (Tn)<\/div>\t\t\t\t<\/div>\n\t\t\t\t<\/div>\n\t\t<div class=\"elementor-element elementor-element-1be7e3be e-con-full e-flex e-con e-child\" data-id=\"1be7e3be\" data-element_type=\"container\">\n\t\t\t\t<div class=\"elementor-element elementor-element-2f4540c0 elementor-widget elementor-widget-image\" data-id=\"2f4540c0\" data-element_type=\"widget\" data-widget_type=\"image.default\">\n\t\t\t\t\t\t\t\t\t\t\t\t\t\t\t<img loading=\"lazy\" decoding=\"async\" width=\"120\" height=\"119\" src=\"https:\/\/www.terres-boix.com\/wp-content\/uploads\/2024\/12\/ico-saco.png\" class=\"attachment-large size-large wp-image-1208\" alt=\"\" srcset=\"https:\/\/www.terres-boix.com\/wp-content\/uploads\/2024\/12\/ico-saco.png 120w, https:\/\/www.terres-boix.com\/wp-content\/uploads\/2024\/12\/ico-saco-100x100.png 100w\" sizes=\"(max-width: 120px) 100vw, 120px\" \/>\t\t\t\t\t\t\t\t\t\t\t\t\t\t\t<\/div>\n\t\t\t\t<div class=\"elementor-element elementor-element-f5df6de elementor-widget elementor-widget-heading\" data-id=\"f5df6de\" data-element_type=\"widget\" data-widget_type=\"heading.default\">\n\t\t\t\t\t<div class=\"elementor-heading-title elementor-size-default\">Saco 20 Kg<br>(sacos por palet: 60)<\/div>\t\t\t\t<\/div>\n\t\t\t\t<\/div>\n\t\t\t\t<\/div>\n\t\t\t\t<\/div>\n\t\t\t\t<\/div>\n\t\t\t\t\t<\/div>\n\t\t\t\t<\/div>\n\t\t\t\t<\/div>\n\t\t","protected":false},"excerpt":{"rendered":"<p>Comprometidos con la tierra Comprometidos con la tierra Comprometidos con la tierra L\u00cdNEA DECORACI\u00d3N Arena de r\u00edo lavada Comercializaci\u00f3n: Big-Bag 1.000 Kg +\u2013 Granel (Tn) Saco 20 Kg(sacos por palet: 60)<\/p>\n","protected":false},"author":1,"featured_media":0,"parent":2545,"menu_order":0,"comment_status":"closed","ping_status":"closed","template":"","meta":{"_acf_changed":false,"footnotes":""},"class_list":["post-2581","page","type-page","status-publish","hentry"],"acf":[],"_links":{"self":[{"href":"https:\/\/www.terres-boix.com\/es\/wp-json\/wp\/v2\/pages\/2581","targetHints":{"allow":["GET"]}}],"collection":[{"href":"https:\/\/www.terres-boix.com\/es\/wp-json\/wp\/v2\/pages"}],"about":[{"href":"https:\/\/www.terres-boix.com\/es\/wp-json\/wp\/v2\/types\/page"}],"author":[{"embeddable":true,"href":"https:\/\/www.terres-boix.com\/es\/wp-json\/wp\/v2\/users\/1"}],"replies":[{"embeddable":true,"href":"https:\/\/www.terres-boix.com\/es\/wp-json\/wp\/v2\/comments?post=2581"}],"version-history":[{"count":0,"href":"https:\/\/www.terres-boix.com\/es\/wp-json\/wp\/v2\/pages\/2581\/revisions"}],"up":[{"embeddable":true,"href":"https:\/\/www.terres-boix.com\/es\/wp-json\/wp\/v2\/pages\/2545"}],"wp:attachment":[{"href":"https:\/\/www.terres-boix.com\/es\/wp-json\/wp\/v2\/media?parent=2581"}],"curies":[{"name":"wp","href":"https:\/\/api.w.org\/{rel}","templated":true}]}}