{"id":2573,"date":"2024-12-16T18:11:29","date_gmt":"2024-12-16T17:11:29","guid":{"rendered":"https:\/\/www.terres-boix.com\/linea-decoracion\/marmolina-rosa\/"},"modified":"2024-12-29T11:23:17","modified_gmt":"2024-12-29T10:23:17","slug":"marmolina-rosa","status":"publish","type":"page","link":"https:\/\/www.terres-boix.com\/es\/linea-decoracion\/marmolina-rosa\/","title":{"rendered":"Marmolina rosa"},"content":{"rendered":"\t\t<div data-elementor-type=\"wp-page\" data-elementor-id=\"2573\" class=\"elementor elementor-2573 elementor-1081\" data-elementor-post-type=\"page\">\n\t\t\t\t<div class=\"elementor-element elementor-element-ccad52 e-con-full e-flex e-con e-parent\" data-id=\"ccad52\" data-element_type=\"container\">\n\t\t\t\t<div class=\"elementor-element elementor-element-2ebe3ebd elementor--h-position-center elementor--v-position-middle elementor-widget elementor-widget-slides\" data-id=\"2ebe3ebd\" data-element_type=\"widget\" data-settings=\"{&quot;navigation&quot;:&quot;none&quot;,&quot;autoplay_speed&quot;:4000,&quot;transition&quot;:&quot;fade&quot;,&quot;transition_speed&quot;:2000,&quot;autoplay&quot;:&quot;yes&quot;,&quot;infinite&quot;:&quot;yes&quot;}\" data-widget_type=\"slides.default\">\n\t\t\t\t\t\t\t\t\t\t<div class=\"elementor-slides-wrapper elementor-main-swiper swiper\" role=\"region\" aria-roledescription=\"carousel\" aria-label=\"Slides\" dir=\"ltr\" data-animation=\"fadeInUp\">\n\t\t\t\t<div class=\"swiper-wrapper elementor-slides\">\n\t\t\t\t\t\t\t\t\t\t<div class=\"elementor-repeater-item-ef4bc5d swiper-slide\" role=\"group\" aria-roledescription=\"slide\"><div class=\"swiper-slide-bg\" role=\"img\"><\/div><div class=\"swiper-slide-inner\" ><div class=\"swiper-slide-contents\"><div class=\"elementor-slide-description\"><p>Comprometidos con la tierra<\/p>\n<\/div><\/div><\/div><\/div><div class=\"elementor-repeater-item-53f41c9 swiper-slide\" role=\"group\" aria-roledescription=\"slide\"><div class=\"swiper-slide-bg\" role=\"img\"><\/div><div class=\"swiper-slide-inner\" ><div class=\"swiper-slide-contents\"><div class=\"elementor-slide-description\"><p>Comprometidos con la tierra<\/p>\n<\/div><\/div><\/div><\/div><div class=\"elementor-repeater-item-436b89c swiper-slide\" role=\"group\" aria-roledescription=\"slide\"><div class=\"swiper-slide-bg\" role=\"img\"><\/div><div class=\"swiper-slide-inner\" ><div class=\"swiper-slide-contents\"><div class=\"elementor-slide-description\"><p>Comprometidos con la tierra<\/p>\n<\/div><\/div><\/div><\/div>\t\t\t\t<\/div>\n\t\t\t\t\t\t\t\t\t\t\t\t\t\t\t\t\t\t\t\t\t<\/div>\n\t\t\t\t\t\t\t\t<\/div>\n\t\t\t\t<\/div>\n\t\t<div class=\"elementor-element elementor-element-41e734a6 e-con-full e-flex elementor-invisible e-con e-parent\" data-id=\"41e734a6\" data-element_type=\"container\" data-settings=\"{&quot;background_background&quot;:&quot;classic&quot;,&quot;animation&quot;:&quot;fadeIn&quot;}\">\n\t\t\t\t<div class=\"elementor-element elementor-element-4b16e235 elementor-widget elementor-widget-heading\" data-id=\"4b16e235\" data-element_type=\"widget\" data-widget_type=\"heading.default\">\n\t\t\t\t\t<h2 class=\"elementor-heading-title elementor-size-default\">L\u00cdNEA DECORACI\u00d3N <\/h2>\t\t\t\t<\/div>\n\t\t\t\t<\/div>\n\t\t<div class=\"elementor-element elementor-element-5295ea4e e-flex e-con-boxed e-con e-parent\" data-id=\"5295ea4e\" data-element_type=\"container\">\n\t\t\t\t\t<div class=\"e-con-inner\">\n\t\t<div class=\"elementor-element elementor-element-79e09cad e-con-full e-flex e-con e-child\" data-id=\"79e09cad\" data-element_type=\"container\">\n\t\t\t\t<div class=\"elementor-element elementor-element-409f49eb elementor-widget elementor-widget-heading\" data-id=\"409f49eb\" data-element_type=\"widget\" data-widget_type=\"heading.default\">\n\t\t\t\t\t<h1 class=\"elementor-heading-title elementor-size-default\">Marmolina rosa<\/h1>\t\t\t\t<\/div>\n\t\t\t\t<\/div>\n\t\t\t\t\t<\/div>\n\t\t\t\t<\/div>\n\t\t<div class=\"elementor-element elementor-element-2d753117 e-flex e-con-boxed e-con e-parent\" data-id=\"2d753117\" data-element_type=\"container\" data-settings=\"{&quot;background_background&quot;:&quot;classic&quot;}\">\n\t\t\t\t\t<div class=\"e-con-inner\">\n\t\t<div class=\"elementor-element elementor-element-6c0bf540 e-con-full e-flex elementor-invisible e-con e-child\" data-id=\"6c0bf540\" data-element_type=\"container\" data-settings=\"{&quot;animation&quot;:&quot;fadeIn&quot;}\">\n\t\t\t\t<div class=\"elementor-element elementor-element-585a1a00 elementor-widget elementor-widget-image\" data-id=\"585a1a00\" data-element_type=\"widget\" data-widget_type=\"image.default\">\n\t\t\t\t\t\t\t\t\t\t\t\t\t\t\t<img fetchpriority=\"high\" decoding=\"async\" width=\"758\" height=\"453\" src=\"https:\/\/www.terres-boix.com\/wp-content\/uploads\/2024\/12\/marmolina-rosa.png\" class=\"attachment-medium_large size-medium_large wp-image-1119\" alt=\"\" srcset=\"https:\/\/www.terres-boix.com\/wp-content\/uploads\/2024\/12\/marmolina-rosa.png 758w, https:\/\/www.terres-boix.com\/wp-content\/uploads\/2024\/12\/marmolina-rosa-600x359.png 600w, https:\/\/www.terres-boix.com\/wp-content\/uploads\/2024\/12\/marmolina-rosa-300x179.png 300w\" sizes=\"(max-width: 758px) 100vw, 758px\" \/>\t\t\t\t\t\t\t\t\t\t\t\t\t\t\t<\/div>\n\t\t\t\t<\/div>\n\t\t<div class=\"elementor-element elementor-element-4d32bf7b e-con-full e-flex elementor-invisible e-con e-child\" data-id=\"4d32bf7b\" data-element_type=\"container\" data-settings=\"{&quot;animation&quot;:&quot;fadeIn&quot;}\">\n\t\t<div class=\"elementor-element elementor-element-2d43a59b e-con-full e-flex e-con e-child\" data-id=\"2d43a59b\" data-element_type=\"container\">\n\t\t<div class=\"elementor-element elementor-element-7f911f83 e-con-full e-flex e-con e-child\" data-id=\"7f911f83\" data-element_type=\"container\">\n\t\t\t\t<div class=\"elementor-element elementor-element-914fbec elementor-widget elementor-widget-heading\" data-id=\"914fbec\" data-element_type=\"widget\" data-widget_type=\"heading.default\">\n\t\t\t\t\t<span class=\"elementor-heading-title elementor-size-default\">Granulometr\u00eda:<\/span>\t\t\t\t<\/div>\n\t\t\t\t<div class=\"elementor-element elementor-element-1e5f1346 elementor-widget elementor-widget-heading\" data-id=\"1e5f1346\" data-element_type=\"widget\" data-widget_type=\"heading.default\">\n\t\t\t\t\t<span class=\"elementor-heading-title elementor-size-default\">7 - 15mm<\/span>\t\t\t\t<\/div>\n\t\t\t\t<\/div>\n\t\t\t\t<\/div>\n\t\t<div class=\"elementor-element elementor-element-159d3858 e-con-full e-flex e-con e-child\" data-id=\"159d3858\" data-element_type=\"container\">\n\t\t\t\t<div class=\"elementor-element elementor-element-5b0cc207 elementor-widget elementor-widget-heading\" data-id=\"5b0cc207\" data-element_type=\"widget\" data-widget_type=\"heading.default\">\n\t\t\t\t\t<span class=\"elementor-heading-title elementor-size-default\">Comercializaci\u00f3n:<\/span>\t\t\t\t<\/div>\n\t\t\t\t<\/div>\n\t\t<div class=\"elementor-element elementor-element-05efb2a e-con-full e-flex e-con e-child\" data-id=\"05efb2a\" data-element_type=\"container\">\n\t\t<div class=\"elementor-element elementor-element-ecd32e4 e-con-full e-grid e-con e-child\" data-id=\"ecd32e4\" data-element_type=\"container\">\n\t\t<div class=\"elementor-element elementor-element-f72e263 e-con-full e-flex e-con e-child\" data-id=\"f72e263\" data-element_type=\"container\">\n\t\t\t\t<div class=\"elementor-element elementor-element-a1dac77 elementor-widget elementor-widget-image\" data-id=\"a1dac77\" data-element_type=\"widget\" data-widget_type=\"image.default\">\n\t\t\t\t\t\t\t\t\t\t\t\t\t\t\t<img decoding=\"async\" width=\"120\" height=\"119\" src=\"https:\/\/www.terres-boix.com\/wp-content\/uploads\/2024\/12\/ico-big-bag.png\" class=\"attachment-large size-large wp-image-1205\" alt=\"\" srcset=\"https:\/\/www.terres-boix.com\/wp-content\/uploads\/2024\/12\/ico-big-bag.png 120w, https:\/\/www.terres-boix.com\/wp-content\/uploads\/2024\/12\/ico-big-bag-100x100.png 100w\" sizes=\"(max-width: 120px) 100vw, 120px\" \/>\t\t\t\t\t\t\t\t\t\t\t\t\t\t\t<\/div>\n\t\t\t\t<div class=\"elementor-element elementor-element-3ca858d elementor-widget elementor-widget-heading\" data-id=\"3ca858d\" data-element_type=\"widget\" data-widget_type=\"heading.default\">\n\t\t\t\t\t<div class=\"elementor-heading-title elementor-size-default\">Big-Bag <br>1.000 Kg +\u2013<\/div>\t\t\t\t<\/div>\n\t\t\t\t<\/div>\n\t\t<div class=\"elementor-element elementor-element-4885cfa e-con-full e-flex e-con e-child\" data-id=\"4885cfa\" data-element_type=\"container\">\n\t\t\t\t<div class=\"elementor-element elementor-element-7e94861 elementor-widget elementor-widget-image\" data-id=\"7e94861\" data-element_type=\"widget\" data-widget_type=\"image.default\">\n\t\t\t\t\t\t\t\t\t\t\t\t\t\t\t<img decoding=\"async\" width=\"119\" height=\"119\" src=\"https:\/\/www.terres-boix.com\/wp-content\/uploads\/2024\/12\/ico-granel.png\" class=\"attachment-large size-large wp-image-1206\" alt=\"\" srcset=\"https:\/\/www.terres-boix.com\/wp-content\/uploads\/2024\/12\/ico-granel.png 119w, https:\/\/www.terres-boix.com\/wp-content\/uploads\/2024\/12\/ico-granel-100x100.png 100w\" sizes=\"(max-width: 119px) 100vw, 119px\" \/>\t\t\t\t\t\t\t\t\t\t\t\t\t\t\t<\/div>\n\t\t\t\t<div class=\"elementor-element elementor-element-d849ddd elementor-widget elementor-widget-heading\" data-id=\"d849ddd\" data-element_type=\"widget\" data-widget_type=\"heading.default\">\n\t\t\t\t\t<div class=\"elementor-heading-title elementor-size-default\">Granel (Tn)<\/div>\t\t\t\t<\/div>\n\t\t\t\t<\/div>\n\t\t<div class=\"elementor-element elementor-element-14ebb36 e-con-full e-flex e-con e-child\" data-id=\"14ebb36\" data-element_type=\"container\">\n\t\t\t\t<div class=\"elementor-element elementor-element-50c7713 elementor-widget elementor-widget-image\" data-id=\"50c7713\" data-element_type=\"widget\" data-widget_type=\"image.default\">\n\t\t\t\t\t\t\t\t\t\t\t\t\t\t\t<img loading=\"lazy\" decoding=\"async\" width=\"120\" height=\"119\" src=\"https:\/\/www.terres-boix.com\/wp-content\/uploads\/2024\/12\/ico-saco.png\" class=\"attachment-large size-large wp-image-1208\" alt=\"\" srcset=\"https:\/\/www.terres-boix.com\/wp-content\/uploads\/2024\/12\/ico-saco.png 120w, https:\/\/www.terres-boix.com\/wp-content\/uploads\/2024\/12\/ico-saco-100x100.png 100w\" sizes=\"(max-width: 120px) 100vw, 120px\" \/>\t\t\t\t\t\t\t\t\t\t\t\t\t\t\t<\/div>\n\t\t\t\t<div class=\"elementor-element elementor-element-b4959be elementor-widget elementor-widget-heading\" data-id=\"b4959be\" data-element_type=\"widget\" data-widget_type=\"heading.default\">\n\t\t\t\t\t<div class=\"elementor-heading-title elementor-size-default\">Saco 20 Kg<br>(sacos por palet: 64)<\/div>\t\t\t\t<\/div>\n\t\t\t\t<\/div>\n\t\t\t\t<\/div>\n\t\t\t\t<\/div>\n\t\t\t\t<\/div>\n\t\t\t\t\t<\/div>\n\t\t\t\t<\/div>\n\t\t\t\t<\/div>\n\t\t","protected":false},"excerpt":{"rendered":"<p>Comprometidos con la tierra Comprometidos con la tierra Comprometidos con la tierra L\u00cdNEA DECORACI\u00d3N Marmolina rosa Granulometr\u00eda: 7 &#8211; 15mm Comercializaci\u00f3n: Big-Bag 1.000 Kg +\u2013 Granel (Tn) Saco 20 Kg(sacos por palet: 64)<\/p>\n","protected":false},"author":1,"featured_media":0,"parent":2545,"menu_order":0,"comment_status":"closed","ping_status":"closed","template":"","meta":{"_acf_changed":false,"footnotes":""},"class_list":["post-2573","page","type-page","status-publish","hentry"],"acf":[],"_links":{"self":[{"href":"https:\/\/www.terres-boix.com\/es\/wp-json\/wp\/v2\/pages\/2573","targetHints":{"allow":["GET"]}}],"collection":[{"href":"https:\/\/www.terres-boix.com\/es\/wp-json\/wp\/v2\/pages"}],"about":[{"href":"https:\/\/www.terres-boix.com\/es\/wp-json\/wp\/v2\/types\/page"}],"author":[{"embeddable":true,"href":"https:\/\/www.terres-boix.com\/es\/wp-json\/wp\/v2\/users\/1"}],"replies":[{"embeddable":true,"href":"https:\/\/www.terres-boix.com\/es\/wp-json\/wp\/v2\/comments?post=2573"}],"version-history":[{"count":0,"href":"https:\/\/www.terres-boix.com\/es\/wp-json\/wp\/v2\/pages\/2573\/revisions"}],"up":[{"embeddable":true,"href":"https:\/\/www.terres-boix.com\/es\/wp-json\/wp\/v2\/pages\/2545"}],"wp:attachment":[{"href":"https:\/\/www.terres-boix.com\/es\/wp-json\/wp\/v2\/media?parent=2573"}],"curies":[{"name":"wp","href":"https:\/\/api.w.org\/{rel}","templated":true}]}}