{"id":2571,"date":"2024-12-16T18:09:26","date_gmt":"2024-12-16T17:09:26","guid":{"rendered":"https:\/\/www.terres-boix.com\/linea-decoracion\/marmolina-marfil\/"},"modified":"2024-12-29T11:22:45","modified_gmt":"2024-12-29T10:22:45","slug":"marmolina-marfil","status":"publish","type":"page","link":"https:\/\/www.terres-boix.com\/es\/linea-decoracion\/marmolina-marfil\/","title":{"rendered":"Marmolina marfil"},"content":{"rendered":"\t\t<div data-elementor-type=\"wp-page\" data-elementor-id=\"2571\" class=\"elementor elementor-2571 elementor-1073\" data-elementor-post-type=\"page\">\n\t\t\t\t<div class=\"elementor-element elementor-element-76bf95e2 e-con-full e-flex e-con e-parent\" data-id=\"76bf95e2\" data-element_type=\"container\">\n\t\t\t\t<div class=\"elementor-element elementor-element-14ed80a1 elementor--h-position-center elementor--v-position-middle elementor-widget elementor-widget-slides\" data-id=\"14ed80a1\" data-element_type=\"widget\" data-settings=\"{&quot;navigation&quot;:&quot;none&quot;,&quot;autoplay_speed&quot;:4000,&quot;transition&quot;:&quot;fade&quot;,&quot;transition_speed&quot;:2000,&quot;autoplay&quot;:&quot;yes&quot;,&quot;infinite&quot;:&quot;yes&quot;}\" data-widget_type=\"slides.default\">\n\t\t\t\t\t\t\t\t\t\t<div class=\"elementor-slides-wrapper elementor-main-swiper swiper\" role=\"region\" aria-roledescription=\"carousel\" aria-label=\"Slides\" dir=\"ltr\" data-animation=\"fadeInUp\">\n\t\t\t\t<div class=\"swiper-wrapper elementor-slides\">\n\t\t\t\t\t\t\t\t\t\t<div class=\"elementor-repeater-item-ef4bc5d swiper-slide\" role=\"group\" aria-roledescription=\"slide\"><div class=\"swiper-slide-bg\" role=\"img\"><\/div><div class=\"swiper-slide-inner\" ><div class=\"swiper-slide-contents\"><div class=\"elementor-slide-description\"><p>Comprometidos con la tierra<\/p>\n<\/div><\/div><\/div><\/div><div class=\"elementor-repeater-item-53f41c9 swiper-slide\" role=\"group\" aria-roledescription=\"slide\"><div class=\"swiper-slide-bg\" role=\"img\"><\/div><div class=\"swiper-slide-inner\" ><div class=\"swiper-slide-contents\"><div class=\"elementor-slide-description\"><p>Comprometidos con la tierra<\/p>\n<\/div><\/div><\/div><\/div><div class=\"elementor-repeater-item-436b89c swiper-slide\" role=\"group\" aria-roledescription=\"slide\"><div class=\"swiper-slide-bg\" role=\"img\"><\/div><div class=\"swiper-slide-inner\" ><div class=\"swiper-slide-contents\"><div class=\"elementor-slide-description\"><p>Comprometidos con la tierra<\/p>\n<\/div><\/div><\/div><\/div>\t\t\t\t<\/div>\n\t\t\t\t\t\t\t\t\t\t\t\t\t\t\t\t\t\t\t\t\t<\/div>\n\t\t\t\t\t\t\t\t<\/div>\n\t\t\t\t<\/div>\n\t\t<div class=\"elementor-element elementor-element-3653ca23 e-con-full e-flex elementor-invisible e-con e-parent\" data-id=\"3653ca23\" data-element_type=\"container\" data-settings=\"{&quot;background_background&quot;:&quot;classic&quot;,&quot;animation&quot;:&quot;fadeIn&quot;}\">\n\t\t\t\t<div class=\"elementor-element elementor-element-628672cf elementor-widget elementor-widget-heading\" data-id=\"628672cf\" data-element_type=\"widget\" data-widget_type=\"heading.default\">\n\t\t\t\t\t<h2 class=\"elementor-heading-title elementor-size-default\">L\u00cdNEA DECORACI\u00d3N <\/h2>\t\t\t\t<\/div>\n\t\t\t\t<\/div>\n\t\t<div class=\"elementor-element elementor-element-1b07f0e7 e-flex e-con-boxed e-con e-parent\" data-id=\"1b07f0e7\" data-element_type=\"container\">\n\t\t\t\t\t<div class=\"e-con-inner\">\n\t\t<div class=\"elementor-element elementor-element-5833a58 e-con-full e-flex e-con e-child\" data-id=\"5833a58\" data-element_type=\"container\">\n\t\t\t\t<div class=\"elementor-element elementor-element-719608bf elementor-widget elementor-widget-heading\" data-id=\"719608bf\" data-element_type=\"widget\" data-widget_type=\"heading.default\">\n\t\t\t\t\t<h1 class=\"elementor-heading-title elementor-size-default\">Marmolina marfil <\/h1>\t\t\t\t<\/div>\n\t\t\t\t<\/div>\n\t\t\t\t\t<\/div>\n\t\t\t\t<\/div>\n\t\t<div class=\"elementor-element elementor-element-18ad32c2 e-flex e-con-boxed e-con e-parent\" data-id=\"18ad32c2\" data-element_type=\"container\" data-settings=\"{&quot;background_background&quot;:&quot;classic&quot;}\">\n\t\t\t\t\t<div class=\"e-con-inner\">\n\t\t<div class=\"elementor-element elementor-element-27f41f03 e-con-full e-flex elementor-invisible e-con e-child\" data-id=\"27f41f03\" data-element_type=\"container\" data-settings=\"{&quot;animation&quot;:&quot;fadeIn&quot;}\">\n\t\t\t\t<div class=\"elementor-element elementor-element-cc3e644 elementor-widget elementor-widget-image\" data-id=\"cc3e644\" data-element_type=\"widget\" data-widget_type=\"image.default\">\n\t\t\t\t\t\t\t\t\t\t\t\t\t\t\t<img fetchpriority=\"high\" decoding=\"async\" width=\"748\" height=\"446\" src=\"https:\/\/www.terres-boix.com\/wp-content\/uploads\/2024\/12\/marmolina-marfil.png\" class=\"attachment-medium_large size-medium_large wp-image-1117\" alt=\"\" srcset=\"https:\/\/www.terres-boix.com\/wp-content\/uploads\/2024\/12\/marmolina-marfil.png 748w, https:\/\/www.terres-boix.com\/wp-content\/uploads\/2024\/12\/marmolina-marfil-600x358.png 600w, https:\/\/www.terres-boix.com\/wp-content\/uploads\/2024\/12\/marmolina-marfil-300x179.png 300w\" sizes=\"(max-width: 748px) 100vw, 748px\" \/>\t\t\t\t\t\t\t\t\t\t\t\t\t\t\t<\/div>\n\t\t\t\t<\/div>\n\t\t<div class=\"elementor-element elementor-element-468b5b44 e-con-full e-flex elementor-invisible e-con e-child\" data-id=\"468b5b44\" data-element_type=\"container\" data-settings=\"{&quot;animation&quot;:&quot;fadeIn&quot;}\">\n\t\t<div class=\"elementor-element elementor-element-601852cf e-con-full e-flex e-con e-child\" data-id=\"601852cf\" data-element_type=\"container\">\n\t\t<div class=\"elementor-element elementor-element-52dc9806 e-con-full e-flex e-con e-child\" data-id=\"52dc9806\" data-element_type=\"container\">\n\t\t\t\t<div class=\"elementor-element elementor-element-159fa7c6 elementor-widget elementor-widget-heading\" data-id=\"159fa7c6\" data-element_type=\"widget\" data-widget_type=\"heading.default\">\n\t\t\t\t\t<span class=\"elementor-heading-title elementor-size-default\">Granulometr\u00eda:<\/span>\t\t\t\t<\/div>\n\t\t\t\t<div class=\"elementor-element elementor-element-458b370d elementor-widget elementor-widget-heading\" data-id=\"458b370d\" data-element_type=\"widget\" data-widget_type=\"heading.default\">\n\t\t\t\t\t<span class=\"elementor-heading-title elementor-size-default\">7 - 15mm<\/span>\t\t\t\t<\/div>\n\t\t\t\t<\/div>\n\t\t\t\t<\/div>\n\t\t<div class=\"elementor-element elementor-element-9090ed e-con-full e-flex e-con e-child\" data-id=\"9090ed\" data-element_type=\"container\">\n\t\t\t\t<div class=\"elementor-element elementor-element-1c4214f1 elementor-widget elementor-widget-heading\" data-id=\"1c4214f1\" data-element_type=\"widget\" data-widget_type=\"heading.default\">\n\t\t\t\t\t<span class=\"elementor-heading-title elementor-size-default\">Comercializaci\u00f3n:<\/span>\t\t\t\t<\/div>\n\t\t\t\t<\/div>\n\t\t<div class=\"elementor-element elementor-element-ccff2b4 e-con-full e-flex e-con e-child\" data-id=\"ccff2b4\" data-element_type=\"container\">\n\t\t<div class=\"elementor-element elementor-element-db9f0b2 e-con-full e-grid e-con e-child\" data-id=\"db9f0b2\" data-element_type=\"container\">\n\t\t<div class=\"elementor-element elementor-element-ae37577 e-con-full e-flex e-con e-child\" data-id=\"ae37577\" data-element_type=\"container\">\n\t\t\t\t<div class=\"elementor-element elementor-element-d99c515 elementor-widget elementor-widget-image\" data-id=\"d99c515\" data-element_type=\"widget\" data-widget_type=\"image.default\">\n\t\t\t\t\t\t\t\t\t\t\t\t\t\t\t<img decoding=\"async\" width=\"120\" height=\"119\" src=\"https:\/\/www.terres-boix.com\/wp-content\/uploads\/2024\/12\/ico-big-bag.png\" class=\"attachment-large size-large wp-image-1205\" alt=\"\" srcset=\"https:\/\/www.terres-boix.com\/wp-content\/uploads\/2024\/12\/ico-big-bag.png 120w, https:\/\/www.terres-boix.com\/wp-content\/uploads\/2024\/12\/ico-big-bag-100x100.png 100w\" sizes=\"(max-width: 120px) 100vw, 120px\" \/>\t\t\t\t\t\t\t\t\t\t\t\t\t\t\t<\/div>\n\t\t\t\t<div class=\"elementor-element elementor-element-10f84ec elementor-widget elementor-widget-heading\" data-id=\"10f84ec\" data-element_type=\"widget\" data-widget_type=\"heading.default\">\n\t\t\t\t\t<div class=\"elementor-heading-title elementor-size-default\">Big-Bag <br>1.000 Kg +\u2013<\/div>\t\t\t\t<\/div>\n\t\t\t\t<\/div>\n\t\t<div class=\"elementor-element elementor-element-d58c3e3 e-con-full e-flex e-con e-child\" data-id=\"d58c3e3\" data-element_type=\"container\">\n\t\t\t\t<div class=\"elementor-element elementor-element-162efda elementor-widget elementor-widget-image\" data-id=\"162efda\" data-element_type=\"widget\" data-widget_type=\"image.default\">\n\t\t\t\t\t\t\t\t\t\t\t\t\t\t\t<img decoding=\"async\" width=\"119\" height=\"119\" src=\"https:\/\/www.terres-boix.com\/wp-content\/uploads\/2024\/12\/ico-granel.png\" class=\"attachment-large size-large wp-image-1206\" alt=\"\" srcset=\"https:\/\/www.terres-boix.com\/wp-content\/uploads\/2024\/12\/ico-granel.png 119w, https:\/\/www.terres-boix.com\/wp-content\/uploads\/2024\/12\/ico-granel-100x100.png 100w\" sizes=\"(max-width: 119px) 100vw, 119px\" \/>\t\t\t\t\t\t\t\t\t\t\t\t\t\t\t<\/div>\n\t\t\t\t<div class=\"elementor-element elementor-element-2835c5d elementor-widget elementor-widget-heading\" data-id=\"2835c5d\" data-element_type=\"widget\" data-widget_type=\"heading.default\">\n\t\t\t\t\t<div class=\"elementor-heading-title elementor-size-default\">Granel (Tn)<\/div>\t\t\t\t<\/div>\n\t\t\t\t<\/div>\n\t\t<div class=\"elementor-element elementor-element-39cc0a0 e-con-full e-flex e-con e-child\" data-id=\"39cc0a0\" data-element_type=\"container\">\n\t\t\t\t<div class=\"elementor-element elementor-element-1496060 elementor-widget elementor-widget-image\" data-id=\"1496060\" data-element_type=\"widget\" data-widget_type=\"image.default\">\n\t\t\t\t\t\t\t\t\t\t\t\t\t\t\t<img loading=\"lazy\" decoding=\"async\" width=\"120\" height=\"119\" src=\"https:\/\/www.terres-boix.com\/wp-content\/uploads\/2024\/12\/ico-saco.png\" class=\"attachment-large size-large wp-image-1208\" alt=\"\" srcset=\"https:\/\/www.terres-boix.com\/wp-content\/uploads\/2024\/12\/ico-saco.png 120w, https:\/\/www.terres-boix.com\/wp-content\/uploads\/2024\/12\/ico-saco-100x100.png 100w\" sizes=\"(max-width: 120px) 100vw, 120px\" \/>\t\t\t\t\t\t\t\t\t\t\t\t\t\t\t<\/div>\n\t\t\t\t<div class=\"elementor-element elementor-element-9cc89d6 elementor-widget elementor-widget-heading\" data-id=\"9cc89d6\" data-element_type=\"widget\" data-widget_type=\"heading.default\">\n\t\t\t\t\t<div class=\"elementor-heading-title elementor-size-default\">Saco 20 Kg<br>(sacos por palet: 64)<\/div>\t\t\t\t<\/div>\n\t\t\t\t<\/div>\n\t\t\t\t<\/div>\n\t\t\t\t<\/div>\n\t\t\t\t<\/div>\n\t\t\t\t\t<\/div>\n\t\t\t\t<\/div>\n\t\t\t\t<\/div>\n\t\t","protected":false},"excerpt":{"rendered":"<p>Comprometidos con la tierra Comprometidos con la tierra Comprometidos con la tierra L\u00cdNEA DECORACI\u00d3N Marmolina marfil Granulometr\u00eda: 7 &#8211; 15mm Comercializaci\u00f3n: Big-Bag 1.000 Kg +\u2013 Granel (Tn) Saco 20 Kg(sacos por palet: 64)<\/p>\n","protected":false},"author":1,"featured_media":0,"parent":2545,"menu_order":0,"comment_status":"closed","ping_status":"closed","template":"","meta":{"_acf_changed":false,"footnotes":""},"class_list":["post-2571","page","type-page","status-publish","hentry"],"acf":[],"_links":{"self":[{"href":"https:\/\/www.terres-boix.com\/es\/wp-json\/wp\/v2\/pages\/2571","targetHints":{"allow":["GET"]}}],"collection":[{"href":"https:\/\/www.terres-boix.com\/es\/wp-json\/wp\/v2\/pages"}],"about":[{"href":"https:\/\/www.terres-boix.com\/es\/wp-json\/wp\/v2\/types\/page"}],"author":[{"embeddable":true,"href":"https:\/\/www.terres-boix.com\/es\/wp-json\/wp\/v2\/users\/1"}],"replies":[{"embeddable":true,"href":"https:\/\/www.terres-boix.com\/es\/wp-json\/wp\/v2\/comments?post=2571"}],"version-history":[{"count":0,"href":"https:\/\/www.terres-boix.com\/es\/wp-json\/wp\/v2\/pages\/2571\/revisions"}],"up":[{"embeddable":true,"href":"https:\/\/www.terres-boix.com\/es\/wp-json\/wp\/v2\/pages\/2545"}],"wp:attachment":[{"href":"https:\/\/www.terres-boix.com\/es\/wp-json\/wp\/v2\/media?parent=2571"}],"curies":[{"name":"wp","href":"https:\/\/api.w.org\/{rel}","templated":true}]}}