{"id":2561,"date":"2024-12-16T18:14:14","date_gmt":"2024-12-16T17:14:14","guid":{"rendered":"https:\/\/www.terres-boix.com\/linea-decoracion\/bolo-canto-rodado-marmol-rojo\/"},"modified":"2024-12-29T11:17:56","modified_gmt":"2024-12-29T10:17:56","slug":"bolo-canto-rodado-marmol-rojo","status":"publish","type":"page","link":"https:\/\/www.terres-boix.com\/es\/linea-decoracion\/bolo-canto-rodado-marmol-rojo\/","title":{"rendered":"Bolo canto rodado m\u00e1rmol rojo"},"content":{"rendered":"\t\t<div data-elementor-type=\"wp-page\" data-elementor-id=\"2561\" class=\"elementor elementor-2561 elementor-1095\" data-elementor-post-type=\"page\">\n\t\t\t\t<div class=\"elementor-element elementor-element-1a5092e1 e-con-full e-flex e-con e-parent\" data-id=\"1a5092e1\" data-element_type=\"container\">\n\t\t\t\t<div class=\"elementor-element elementor-element-39c435ee elementor--h-position-center elementor--v-position-middle elementor-widget elementor-widget-slides\" data-id=\"39c435ee\" data-element_type=\"widget\" data-settings=\"{&quot;navigation&quot;:&quot;none&quot;,&quot;autoplay_speed&quot;:4000,&quot;transition&quot;:&quot;fade&quot;,&quot;transition_speed&quot;:2000,&quot;autoplay&quot;:&quot;yes&quot;,&quot;infinite&quot;:&quot;yes&quot;}\" data-widget_type=\"slides.default\">\n\t\t\t\t\t\t\t\t\t\t<div class=\"elementor-slides-wrapper elementor-main-swiper swiper\" role=\"region\" aria-roledescription=\"carousel\" aria-label=\"Slides\" dir=\"ltr\" data-animation=\"fadeInUp\">\n\t\t\t\t<div class=\"swiper-wrapper elementor-slides\">\n\t\t\t\t\t\t\t\t\t\t<div class=\"elementor-repeater-item-ef4bc5d swiper-slide\" role=\"group\" aria-roledescription=\"slide\"><div class=\"swiper-slide-bg\" role=\"img\"><\/div><div class=\"swiper-slide-inner\" ><div class=\"swiper-slide-contents\"><div class=\"elementor-slide-description\"><p>Comprometidos con la tierra<\/p>\n<\/div><\/div><\/div><\/div><div class=\"elementor-repeater-item-53f41c9 swiper-slide\" role=\"group\" aria-roledescription=\"slide\"><div class=\"swiper-slide-bg\" role=\"img\"><\/div><div class=\"swiper-slide-inner\" ><div class=\"swiper-slide-contents\"><div class=\"elementor-slide-description\"><p>Comprometidos con la tierra<\/p>\n<\/div><\/div><\/div><\/div><div class=\"elementor-repeater-item-436b89c swiper-slide\" role=\"group\" aria-roledescription=\"slide\"><div class=\"swiper-slide-bg\" role=\"img\"><\/div><div class=\"swiper-slide-inner\" ><div class=\"swiper-slide-contents\"><div class=\"elementor-slide-description\"><p>Comprometidos con la tierra<\/p>\n<\/div><\/div><\/div><\/div>\t\t\t\t<\/div>\n\t\t\t\t\t\t\t\t\t\t\t\t\t\t\t\t\t\t\t\t\t<\/div>\n\t\t\t\t\t\t\t\t<\/div>\n\t\t\t\t<\/div>\n\t\t<div class=\"elementor-element elementor-element-8c35b37 e-con-full e-flex elementor-invisible e-con e-parent\" data-id=\"8c35b37\" data-element_type=\"container\" data-settings=\"{&quot;background_background&quot;:&quot;classic&quot;,&quot;animation&quot;:&quot;fadeIn&quot;}\">\n\t\t\t\t<div class=\"elementor-element elementor-element-65919037 elementor-widget elementor-widget-heading\" data-id=\"65919037\" data-element_type=\"widget\" data-widget_type=\"heading.default\">\n\t\t\t\t\t<h2 class=\"elementor-heading-title elementor-size-default\">L\u00cdNEA DECORACI\u00d3N <\/h2>\t\t\t\t<\/div>\n\t\t\t\t<\/div>\n\t\t<div class=\"elementor-element elementor-element-275c45ea e-flex e-con-boxed e-con e-parent\" data-id=\"275c45ea\" data-element_type=\"container\">\n\t\t\t\t\t<div class=\"e-con-inner\">\n\t\t<div class=\"elementor-element elementor-element-5e1b2018 e-con-full e-flex e-con e-child\" data-id=\"5e1b2018\" data-element_type=\"container\">\n\t\t\t\t<div class=\"elementor-element elementor-element-51dfa48f elementor-widget elementor-widget-heading\" data-id=\"51dfa48f\" data-element_type=\"widget\" data-widget_type=\"heading.default\">\n\t\t\t\t\t<h1 class=\"elementor-heading-title elementor-size-default\">Bolo canto rodado m\u00e1rmol rojo <\/h1>\t\t\t\t<\/div>\n\t\t\t\t<\/div>\n\t\t\t\t\t<\/div>\n\t\t\t\t<\/div>\n\t\t<div class=\"elementor-element elementor-element-3dd721d0 e-flex e-con-boxed e-con e-parent\" data-id=\"3dd721d0\" data-element_type=\"container\" data-settings=\"{&quot;background_background&quot;:&quot;classic&quot;}\">\n\t\t\t\t\t<div class=\"e-con-inner\">\n\t\t<div class=\"elementor-element elementor-element-2e69175b e-con-full e-flex elementor-invisible e-con e-child\" data-id=\"2e69175b\" data-element_type=\"container\" data-settings=\"{&quot;animation&quot;:&quot;fadeIn&quot;}\">\n\t\t\t\t<div class=\"elementor-element elementor-element-2b16cb95 elementor-widget elementor-widget-image\" data-id=\"2b16cb95\" data-element_type=\"widget\" data-widget_type=\"image.default\">\n\t\t\t\t\t\t\t\t\t\t\t\t\t\t\t<img fetchpriority=\"high\" decoding=\"async\" width=\"765\" height=\"459\" src=\"https:\/\/www.terres-boix.com\/wp-content\/uploads\/2024\/12\/bolo-canto-rodado-marmol-rojo.png\" class=\"attachment-medium_large size-medium_large wp-image-1106\" alt=\"\" srcset=\"https:\/\/www.terres-boix.com\/wp-content\/uploads\/2024\/12\/bolo-canto-rodado-marmol-rojo.png 765w, https:\/\/www.terres-boix.com\/wp-content\/uploads\/2024\/12\/bolo-canto-rodado-marmol-rojo-600x360.png 600w, https:\/\/www.terres-boix.com\/wp-content\/uploads\/2024\/12\/bolo-canto-rodado-marmol-rojo-300x180.png 300w\" sizes=\"(max-width: 765px) 100vw, 765px\" \/>\t\t\t\t\t\t\t\t\t\t\t\t\t\t\t<\/div>\n\t\t\t\t<\/div>\n\t\t<div class=\"elementor-element elementor-element-52bf75c e-con-full e-flex elementor-invisible e-con e-child\" data-id=\"52bf75c\" data-element_type=\"container\" data-settings=\"{&quot;animation&quot;:&quot;fadeIn&quot;}\">\n\t\t<div class=\"elementor-element elementor-element-18d155a5 e-con-full e-flex e-con e-child\" data-id=\"18d155a5\" data-element_type=\"container\">\n\t\t<div class=\"elementor-element elementor-element-e4998bc e-con-full e-flex e-con e-child\" data-id=\"e4998bc\" data-element_type=\"container\">\n\t\t\t\t<div class=\"elementor-element elementor-element-2803f559 elementor-widget elementor-widget-heading\" data-id=\"2803f559\" data-element_type=\"widget\" data-widget_type=\"heading.default\">\n\t\t\t\t\t<span class=\"elementor-heading-title elementor-size-default\">Granulometr\u00eda:<\/span>\t\t\t\t<\/div>\n\t\t\t\t<div class=\"elementor-element elementor-element-5b24887c elementor-widget elementor-widget-heading\" data-id=\"5b24887c\" data-element_type=\"widget\" data-widget_type=\"heading.default\">\n\t\t\t\t\t<span class=\"elementor-heading-title elementor-size-default\">12 - 25mm \/ 25-40mm<\/span>\t\t\t\t<\/div>\n\t\t\t\t<\/div>\n\t\t\t\t<\/div>\n\t\t<div class=\"elementor-element elementor-element-7b84a95 e-con-full e-flex e-con e-child\" data-id=\"7b84a95\" data-element_type=\"container\">\n\t\t\t\t<div class=\"elementor-element elementor-element-76d436b3 elementor-widget elementor-widget-heading\" data-id=\"76d436b3\" data-element_type=\"widget\" data-widget_type=\"heading.default\">\n\t\t\t\t\t<span class=\"elementor-heading-title elementor-size-default\">Comercializaci\u00f3n:<\/span>\t\t\t\t<\/div>\n\t\t\t\t<\/div>\n\t\t<div class=\"elementor-element elementor-element-3cf0e8cd e-con-full e-flex e-con e-child\" data-id=\"3cf0e8cd\" data-element_type=\"container\">\n\t\t<div class=\"elementor-element elementor-element-4a4f7e64 e-con-full e-grid e-con e-child\" data-id=\"4a4f7e64\" data-element_type=\"container\">\n\t\t<div class=\"elementor-element elementor-element-58316254 e-con-full e-flex e-con e-child\" data-id=\"58316254\" data-element_type=\"container\">\n\t\t\t\t<div class=\"elementor-element elementor-element-61af4eb6 elementor-widget elementor-widget-image\" data-id=\"61af4eb6\" data-element_type=\"widget\" data-widget_type=\"image.default\">\n\t\t\t\t\t\t\t\t\t\t\t\t\t\t\t<img decoding=\"async\" width=\"120\" height=\"119\" src=\"https:\/\/www.terres-boix.com\/wp-content\/uploads\/2024\/12\/ico-big-bag.png\" class=\"attachment-large size-large wp-image-1205\" alt=\"\" srcset=\"https:\/\/www.terres-boix.com\/wp-content\/uploads\/2024\/12\/ico-big-bag.png 120w, https:\/\/www.terres-boix.com\/wp-content\/uploads\/2024\/12\/ico-big-bag-100x100.png 100w\" sizes=\"(max-width: 120px) 100vw, 120px\" \/>\t\t\t\t\t\t\t\t\t\t\t\t\t\t\t<\/div>\n\t\t\t\t<div class=\"elementor-element elementor-element-5db7c7ec elementor-widget elementor-widget-heading\" data-id=\"5db7c7ec\" data-element_type=\"widget\" data-widget_type=\"heading.default\">\n\t\t\t\t\t<div class=\"elementor-heading-title elementor-size-default\">Big-Bag <br>1.000 Kg +\u2013<\/div>\t\t\t\t<\/div>\n\t\t\t\t<\/div>\n\t\t<div class=\"elementor-element elementor-element-2c6a8066 e-con-full e-flex e-con e-child\" data-id=\"2c6a8066\" data-element_type=\"container\">\n\t\t\t\t<div class=\"elementor-element elementor-element-2bb4c513 elementor-widget elementor-widget-image\" data-id=\"2bb4c513\" data-element_type=\"widget\" data-widget_type=\"image.default\">\n\t\t\t\t\t\t\t\t\t\t\t\t\t\t\t<img decoding=\"async\" width=\"119\" height=\"119\" src=\"https:\/\/www.terres-boix.com\/wp-content\/uploads\/2024\/12\/ico-granel.png\" class=\"attachment-large size-large wp-image-1206\" alt=\"\" srcset=\"https:\/\/www.terres-boix.com\/wp-content\/uploads\/2024\/12\/ico-granel.png 119w, https:\/\/www.terres-boix.com\/wp-content\/uploads\/2024\/12\/ico-granel-100x100.png 100w\" sizes=\"(max-width: 119px) 100vw, 119px\" \/>\t\t\t\t\t\t\t\t\t\t\t\t\t\t\t<\/div>\n\t\t\t\t<div class=\"elementor-element elementor-element-3e9e9331 elementor-widget elementor-widget-heading\" data-id=\"3e9e9331\" data-element_type=\"widget\" data-widget_type=\"heading.default\">\n\t\t\t\t\t<div class=\"elementor-heading-title elementor-size-default\">Granel (Tn)<\/div>\t\t\t\t<\/div>\n\t\t\t\t<\/div>\n\t\t<div class=\"elementor-element elementor-element-5ae7393b e-con-full e-flex e-con e-child\" data-id=\"5ae7393b\" data-element_type=\"container\">\n\t\t\t\t<div class=\"elementor-element elementor-element-8a16402 elementor-widget elementor-widget-image\" data-id=\"8a16402\" data-element_type=\"widget\" data-widget_type=\"image.default\">\n\t\t\t\t\t\t\t\t\t\t\t\t\t\t\t<img loading=\"lazy\" decoding=\"async\" width=\"120\" height=\"119\" src=\"https:\/\/www.terres-boix.com\/wp-content\/uploads\/2024\/12\/ico-saco.png\" class=\"attachment-large size-large wp-image-1208\" alt=\"\" srcset=\"https:\/\/www.terres-boix.com\/wp-content\/uploads\/2024\/12\/ico-saco.png 120w, https:\/\/www.terres-boix.com\/wp-content\/uploads\/2024\/12\/ico-saco-100x100.png 100w\" sizes=\"(max-width: 120px) 100vw, 120px\" \/>\t\t\t\t\t\t\t\t\t\t\t\t\t\t\t<\/div>\n\t\t\t\t<div class=\"elementor-element elementor-element-92e9f99 elementor-widget elementor-widget-heading\" data-id=\"92e9f99\" data-element_type=\"widget\" data-widget_type=\"heading.default\">\n\t\t\t\t\t<div class=\"elementor-heading-title elementor-size-default\">Saco 20 Kg<br>(sacos por palet: 64)<\/div>\t\t\t\t<\/div>\n\t\t\t\t<\/div>\n\t\t\t\t<\/div>\n\t\t\t\t<\/div>\n\t\t\t\t<\/div>\n\t\t\t\t\t<\/div>\n\t\t\t\t<\/div>\n\t\t\t\t<\/div>\n\t\t","protected":false},"excerpt":{"rendered":"<p>Comprometidos con la tierra Comprometidos con la tierra Comprometidos con la tierra L\u00cdNEA DECORACI\u00d3N Bolo canto rodado m\u00e1rmol rojo Granulometr\u00eda: 12 &#8211; 25mm \/ 25-40mm Comercializaci\u00f3n: Big-Bag 1.000 Kg +\u2013 Granel (Tn) Saco 20 Kg(sacos por palet: 64)<\/p>\n","protected":false},"author":1,"featured_media":0,"parent":2545,"menu_order":0,"comment_status":"closed","ping_status":"closed","template":"","meta":{"_acf_changed":false,"footnotes":""},"class_list":["post-2561","page","type-page","status-publish","hentry"],"acf":[],"_links":{"self":[{"href":"https:\/\/www.terres-boix.com\/es\/wp-json\/wp\/v2\/pages\/2561","targetHints":{"allow":["GET"]}}],"collection":[{"href":"https:\/\/www.terres-boix.com\/es\/wp-json\/wp\/v2\/pages"}],"about":[{"href":"https:\/\/www.terres-boix.com\/es\/wp-json\/wp\/v2\/types\/page"}],"author":[{"embeddable":true,"href":"https:\/\/www.terres-boix.com\/es\/wp-json\/wp\/v2\/users\/1"}],"replies":[{"embeddable":true,"href":"https:\/\/www.terres-boix.com\/es\/wp-json\/wp\/v2\/comments?post=2561"}],"version-history":[{"count":0,"href":"https:\/\/www.terres-boix.com\/es\/wp-json\/wp\/v2\/pages\/2561\/revisions"}],"up":[{"embeddable":true,"href":"https:\/\/www.terres-boix.com\/es\/wp-json\/wp\/v2\/pages\/2545"}],"wp:attachment":[{"href":"https:\/\/www.terres-boix.com\/es\/wp-json\/wp\/v2\/media?parent=2561"}],"curies":[{"name":"wp","href":"https:\/\/api.w.org\/{rel}","templated":true}]}}