{"id":2553,"date":"2024-12-16T18:12:43","date_gmt":"2024-12-16T17:12:43","guid":{"rendered":"https:\/\/www.terres-boix.com\/linea-decoracion\/bolo-canto-rodado-marmol-rosa\/"},"modified":"2024-12-29T11:15:58","modified_gmt":"2024-12-29T10:15:58","slug":"bolo-canto-rodado-marmol-rosa","status":"publish","type":"page","link":"https:\/\/www.terres-boix.com\/es\/linea-decoracion\/bolo-canto-rodado-marmol-rosa\/","title":{"rendered":"Bolo canto rodado m\u00e1rmol rosa"},"content":{"rendered":"\t\t<div data-elementor-type=\"wp-page\" data-elementor-id=\"2553\" class=\"elementor elementor-2553 elementor-1087\" data-elementor-post-type=\"page\">\n\t\t\t\t<div class=\"elementor-element elementor-element-60de793d e-con-full e-flex e-con e-parent\" data-id=\"60de793d\" data-element_type=\"container\">\n\t\t\t\t<div class=\"elementor-element elementor-element-512a6293 elementor--h-position-center elementor--v-position-middle elementor-widget elementor-widget-slides\" data-id=\"512a6293\" data-element_type=\"widget\" data-settings=\"{&quot;navigation&quot;:&quot;none&quot;,&quot;autoplay_speed&quot;:4000,&quot;transition&quot;:&quot;fade&quot;,&quot;transition_speed&quot;:2000,&quot;autoplay&quot;:&quot;yes&quot;,&quot;infinite&quot;:&quot;yes&quot;}\" data-widget_type=\"slides.default\">\n\t\t\t\t\t\t\t\t\t\t<div class=\"elementor-slides-wrapper elementor-main-swiper swiper\" role=\"region\" aria-roledescription=\"carousel\" aria-label=\"Slides\" dir=\"ltr\" data-animation=\"fadeInUp\">\n\t\t\t\t<div class=\"swiper-wrapper elementor-slides\">\n\t\t\t\t\t\t\t\t\t\t<div class=\"elementor-repeater-item-ef4bc5d swiper-slide\" role=\"group\" aria-roledescription=\"slide\"><div class=\"swiper-slide-bg\" role=\"img\"><\/div><div class=\"swiper-slide-inner\" ><div class=\"swiper-slide-contents\"><div class=\"elementor-slide-description\"><p>Comprometidos con la tierra<\/p>\n<\/div><\/div><\/div><\/div><div class=\"elementor-repeater-item-53f41c9 swiper-slide\" role=\"group\" aria-roledescription=\"slide\"><div class=\"swiper-slide-bg\" role=\"img\"><\/div><div class=\"swiper-slide-inner\" ><div class=\"swiper-slide-contents\"><div class=\"elementor-slide-description\"><p>Comprometidos con la tierra<\/p>\n<\/div><\/div><\/div><\/div><div class=\"elementor-repeater-item-436b89c swiper-slide\" role=\"group\" aria-roledescription=\"slide\"><div class=\"swiper-slide-bg\" role=\"img\"><\/div><div class=\"swiper-slide-inner\" ><div class=\"swiper-slide-contents\"><div class=\"elementor-slide-description\"><p>Comprometidos con la tierra<\/p>\n<\/div><\/div><\/div><\/div>\t\t\t\t<\/div>\n\t\t\t\t\t\t\t\t\t\t\t\t\t\t\t\t\t\t\t\t\t<\/div>\n\t\t\t\t\t\t\t\t<\/div>\n\t\t\t\t<\/div>\n\t\t<div class=\"elementor-element elementor-element-12bc55e0 e-con-full e-flex elementor-invisible e-con e-parent\" data-id=\"12bc55e0\" data-element_type=\"container\" data-settings=\"{&quot;background_background&quot;:&quot;classic&quot;,&quot;animation&quot;:&quot;fadeIn&quot;}\">\n\t\t\t\t<div class=\"elementor-element elementor-element-5c50e0b0 elementor-widget elementor-widget-heading\" data-id=\"5c50e0b0\" data-element_type=\"widget\" data-widget_type=\"heading.default\">\n\t\t\t\t\t<h2 class=\"elementor-heading-title elementor-size-default\">L\u00cdNEA DECORACI\u00d3N <\/h2>\t\t\t\t<\/div>\n\t\t\t\t<\/div>\n\t\t<div class=\"elementor-element elementor-element-4bb9cfa4 e-flex e-con-boxed e-con e-parent\" data-id=\"4bb9cfa4\" data-element_type=\"container\">\n\t\t\t\t\t<div class=\"e-con-inner\">\n\t\t<div class=\"elementor-element elementor-element-3876e43c e-con-full e-flex e-con e-child\" data-id=\"3876e43c\" data-element_type=\"container\">\n\t\t\t\t<div class=\"elementor-element elementor-element-7f0115ec elementor-widget elementor-widget-heading\" data-id=\"7f0115ec\" data-element_type=\"widget\" data-widget_type=\"heading.default\">\n\t\t\t\t\t<h1 class=\"elementor-heading-title elementor-size-default\">Bolo canto rodado m\u00e1rmol rosa <\/h1>\t\t\t\t<\/div>\n\t\t\t\t<\/div>\n\t\t\t\t\t<\/div>\n\t\t\t\t<\/div>\n\t\t<div class=\"elementor-element elementor-element-75a86124 e-flex e-con-boxed e-con e-parent\" data-id=\"75a86124\" data-element_type=\"container\" data-settings=\"{&quot;background_background&quot;:&quot;classic&quot;}\">\n\t\t\t\t\t<div class=\"e-con-inner\">\n\t\t<div class=\"elementor-element elementor-element-59e3adbe e-con-full e-flex elementor-invisible e-con e-child\" data-id=\"59e3adbe\" data-element_type=\"container\" data-settings=\"{&quot;animation&quot;:&quot;fadeIn&quot;}\">\n\t\t\t\t<div class=\"elementor-element elementor-element-6230c359 elementor-widget elementor-widget-image\" data-id=\"6230c359\" data-element_type=\"widget\" data-widget_type=\"image.default\">\n\t\t\t\t\t\t\t\t\t\t\t\t\t\t\t<img fetchpriority=\"high\" decoding=\"async\" width=\"747\" height=\"443\" src=\"https:\/\/www.terres-boix.com\/wp-content\/uploads\/2024\/12\/bolo-canto-rodado-marmol-rosa.png\" class=\"attachment-medium_large size-medium_large wp-image-1107\" alt=\"\" srcset=\"https:\/\/www.terres-boix.com\/wp-content\/uploads\/2024\/12\/bolo-canto-rodado-marmol-rosa.png 747w, https:\/\/www.terres-boix.com\/wp-content\/uploads\/2024\/12\/bolo-canto-rodado-marmol-rosa-600x356.png 600w, https:\/\/www.terres-boix.com\/wp-content\/uploads\/2024\/12\/bolo-canto-rodado-marmol-rosa-300x178.png 300w\" sizes=\"(max-width: 747px) 100vw, 747px\" \/>\t\t\t\t\t\t\t\t\t\t\t\t\t\t\t<\/div>\n\t\t\t\t<\/div>\n\t\t<div class=\"elementor-element elementor-element-2ee4837d e-con-full e-flex elementor-invisible e-con e-child\" data-id=\"2ee4837d\" data-element_type=\"container\" data-settings=\"{&quot;animation&quot;:&quot;fadeIn&quot;}\">\n\t\t<div class=\"elementor-element elementor-element-24eabfc2 e-con-full e-flex e-con e-child\" data-id=\"24eabfc2\" data-element_type=\"container\">\n\t\t<div class=\"elementor-element elementor-element-46481de e-con-full e-flex e-con e-child\" data-id=\"46481de\" data-element_type=\"container\">\n\t\t\t\t<div class=\"elementor-element elementor-element-34cdcca6 elementor-widget elementor-widget-heading\" data-id=\"34cdcca6\" data-element_type=\"widget\" data-widget_type=\"heading.default\">\n\t\t\t\t\t<span class=\"elementor-heading-title elementor-size-default\">Granulometr\u00eda:<\/span>\t\t\t\t<\/div>\n\t\t\t\t<div class=\"elementor-element elementor-element-3e59131f elementor-widget elementor-widget-heading\" data-id=\"3e59131f\" data-element_type=\"widget\" data-widget_type=\"heading.default\">\n\t\t\t\t\t<span class=\"elementor-heading-title elementor-size-default\">10 - 20mm \/ 20 - 30mm<\/span>\t\t\t\t<\/div>\n\t\t\t\t<\/div>\n\t\t\t\t<\/div>\n\t\t<div class=\"elementor-element elementor-element-53a2babd e-con-full e-flex e-con e-child\" data-id=\"53a2babd\" data-element_type=\"container\">\n\t\t\t\t<div class=\"elementor-element elementor-element-19bab936 elementor-widget elementor-widget-heading\" data-id=\"19bab936\" data-element_type=\"widget\" data-widget_type=\"heading.default\">\n\t\t\t\t\t<span class=\"elementor-heading-title elementor-size-default\">Comercializaci\u00f3n:<\/span>\t\t\t\t<\/div>\n\t\t\t\t<\/div>\n\t\t<div class=\"elementor-element elementor-element-517c299d e-con-full e-flex e-con e-child\" data-id=\"517c299d\" data-element_type=\"container\">\n\t\t<div class=\"elementor-element elementor-element-3db1d71c e-con-full e-grid e-con e-child\" data-id=\"3db1d71c\" data-element_type=\"container\">\n\t\t<div class=\"elementor-element elementor-element-3daf987a e-con-full e-flex e-con e-child\" data-id=\"3daf987a\" data-element_type=\"container\">\n\t\t\t\t<div class=\"elementor-element elementor-element-2884edb6 elementor-widget elementor-widget-image\" data-id=\"2884edb6\" data-element_type=\"widget\" data-widget_type=\"image.default\">\n\t\t\t\t\t\t\t\t\t\t\t\t\t\t\t<img decoding=\"async\" width=\"120\" height=\"119\" src=\"https:\/\/www.terres-boix.com\/wp-content\/uploads\/2024\/12\/ico-big-bag.png\" class=\"attachment-large size-large wp-image-1205\" alt=\"\" srcset=\"https:\/\/www.terres-boix.com\/wp-content\/uploads\/2024\/12\/ico-big-bag.png 120w, https:\/\/www.terres-boix.com\/wp-content\/uploads\/2024\/12\/ico-big-bag-100x100.png 100w\" sizes=\"(max-width: 120px) 100vw, 120px\" \/>\t\t\t\t\t\t\t\t\t\t\t\t\t\t\t<\/div>\n\t\t\t\t<div class=\"elementor-element elementor-element-73926bae elementor-widget elementor-widget-heading\" data-id=\"73926bae\" data-element_type=\"widget\" data-widget_type=\"heading.default\">\n\t\t\t\t\t<div class=\"elementor-heading-title elementor-size-default\">Big-Bag <br>1.000 Kg +\u2013<\/div>\t\t\t\t<\/div>\n\t\t\t\t<\/div>\n\t\t<div class=\"elementor-element elementor-element-7c1c3676 e-con-full e-flex e-con e-child\" data-id=\"7c1c3676\" data-element_type=\"container\">\n\t\t\t\t<div class=\"elementor-element elementor-element-62a3e2c elementor-widget elementor-widget-image\" data-id=\"62a3e2c\" data-element_type=\"widget\" data-widget_type=\"image.default\">\n\t\t\t\t\t\t\t\t\t\t\t\t\t\t\t<img decoding=\"async\" width=\"119\" height=\"119\" src=\"https:\/\/www.terres-boix.com\/wp-content\/uploads\/2024\/12\/ico-granel.png\" class=\"attachment-large size-large wp-image-1206\" alt=\"\" srcset=\"https:\/\/www.terres-boix.com\/wp-content\/uploads\/2024\/12\/ico-granel.png 119w, https:\/\/www.terres-boix.com\/wp-content\/uploads\/2024\/12\/ico-granel-100x100.png 100w\" sizes=\"(max-width: 119px) 100vw, 119px\" \/>\t\t\t\t\t\t\t\t\t\t\t\t\t\t\t<\/div>\n\t\t\t\t<div class=\"elementor-element elementor-element-605459f3 elementor-widget elementor-widget-heading\" data-id=\"605459f3\" data-element_type=\"widget\" data-widget_type=\"heading.default\">\n\t\t\t\t\t<div class=\"elementor-heading-title elementor-size-default\">Granel (Tn)<\/div>\t\t\t\t<\/div>\n\t\t\t\t<\/div>\n\t\t<div class=\"elementor-element elementor-element-577dac0 e-con-full e-flex e-con e-child\" data-id=\"577dac0\" data-element_type=\"container\">\n\t\t\t\t<div class=\"elementor-element elementor-element-3b1c4bde elementor-widget elementor-widget-image\" data-id=\"3b1c4bde\" data-element_type=\"widget\" data-widget_type=\"image.default\">\n\t\t\t\t\t\t\t\t\t\t\t\t\t\t\t<img loading=\"lazy\" decoding=\"async\" width=\"120\" height=\"119\" src=\"https:\/\/www.terres-boix.com\/wp-content\/uploads\/2024\/12\/ico-saco.png\" class=\"attachment-large size-large wp-image-1208\" alt=\"\" srcset=\"https:\/\/www.terres-boix.com\/wp-content\/uploads\/2024\/12\/ico-saco.png 120w, https:\/\/www.terres-boix.com\/wp-content\/uploads\/2024\/12\/ico-saco-100x100.png 100w\" sizes=\"(max-width: 120px) 100vw, 120px\" \/>\t\t\t\t\t\t\t\t\t\t\t\t\t\t\t<\/div>\n\t\t\t\t<div class=\"elementor-element elementor-element-a342595 elementor-widget elementor-widget-heading\" data-id=\"a342595\" data-element_type=\"widget\" data-widget_type=\"heading.default\">\n\t\t\t\t\t<div class=\"elementor-heading-title elementor-size-default\">Saco 20 Kg<br>(sacos por palet: 64)<\/div>\t\t\t\t<\/div>\n\t\t\t\t<\/div>\n\t\t\t\t<\/div>\n\t\t\t\t<\/div>\n\t\t\t\t<\/div>\n\t\t\t\t\t<\/div>\n\t\t\t\t<\/div>\n\t\t\t\t<\/div>\n\t\t","protected":false},"excerpt":{"rendered":"<p>Comprometidos con la tierra Comprometidos con la tierra Comprometidos con la tierra L\u00cdNEA DECORACI\u00d3N Bolo canto rodado m\u00e1rmol rosa Granulometr\u00eda: 10 &#8211; 20mm \/ 20 &#8211; 30mm Comercializaci\u00f3n: Big-Bag 1.000 Kg +\u2013 Granel (Tn) Saco 20 Kg(sacos por palet: 64)<\/p>\n","protected":false},"author":1,"featured_media":0,"parent":2545,"menu_order":0,"comment_status":"closed","ping_status":"closed","template":"","meta":{"_acf_changed":false,"footnotes":""},"class_list":["post-2553","page","type-page","status-publish","hentry"],"acf":[],"_links":{"self":[{"href":"https:\/\/www.terres-boix.com\/es\/wp-json\/wp\/v2\/pages\/2553","targetHints":{"allow":["GET"]}}],"collection":[{"href":"https:\/\/www.terres-boix.com\/es\/wp-json\/wp\/v2\/pages"}],"about":[{"href":"https:\/\/www.terres-boix.com\/es\/wp-json\/wp\/v2\/types\/page"}],"author":[{"embeddable":true,"href":"https:\/\/www.terres-boix.com\/es\/wp-json\/wp\/v2\/users\/1"}],"replies":[{"embeddable":true,"href":"https:\/\/www.terres-boix.com\/es\/wp-json\/wp\/v2\/comments?post=2553"}],"version-history":[{"count":0,"href":"https:\/\/www.terres-boix.com\/es\/wp-json\/wp\/v2\/pages\/2553\/revisions"}],"up":[{"embeddable":true,"href":"https:\/\/www.terres-boix.com\/es\/wp-json\/wp\/v2\/pages\/2545"}],"wp:attachment":[{"href":"https:\/\/www.terres-boix.com\/es\/wp-json\/wp\/v2\/media?parent=2553"}],"curies":[{"name":"wp","href":"https:\/\/api.w.org\/{rel}","templated":true}]}}