{"id":2547,"date":"2024-12-16T18:13:04","date_gmt":"2024-12-16T17:13:04","guid":{"rendered":"https:\/\/www.terres-boix.com\/linea-decoracion\/bolo-canto-rodado-marmol-blanco\/"},"modified":"2024-12-29T11:16:42","modified_gmt":"2024-12-29T10:16:42","slug":"bolo-canto-rodado-marmol-blanco","status":"publish","type":"page","link":"https:\/\/www.terres-boix.com\/es\/linea-decoracion\/bolo-canto-rodado-marmol-blanco\/","title":{"rendered":"Bolo canto rodado m\u00e1rmol blanco"},"content":{"rendered":"\t\t<div data-elementor-type=\"wp-page\" data-elementor-id=\"2547\" class=\"elementor elementor-2547 elementor-1089\" data-elementor-post-type=\"page\">\n\t\t\t\t<div class=\"elementor-element elementor-element-5701130f e-con-full e-flex e-con e-parent\" data-id=\"5701130f\" data-element_type=\"container\">\n\t\t\t\t<div class=\"elementor-element elementor-element-12e611a2 elementor--h-position-center elementor--v-position-middle elementor-widget elementor-widget-slides\" data-id=\"12e611a2\" data-element_type=\"widget\" data-settings=\"{&quot;navigation&quot;:&quot;none&quot;,&quot;autoplay_speed&quot;:4000,&quot;transition&quot;:&quot;fade&quot;,&quot;transition_speed&quot;:2000,&quot;autoplay&quot;:&quot;yes&quot;,&quot;infinite&quot;:&quot;yes&quot;}\" data-widget_type=\"slides.default\">\n\t\t\t\t\t\t\t\t\t\t<div class=\"elementor-slides-wrapper elementor-main-swiper swiper\" role=\"region\" aria-roledescription=\"carousel\" aria-label=\"Slides\" dir=\"ltr\" data-animation=\"fadeInUp\">\n\t\t\t\t<div class=\"swiper-wrapper elementor-slides\">\n\t\t\t\t\t\t\t\t\t\t<div class=\"elementor-repeater-item-ef4bc5d swiper-slide\" role=\"group\" aria-roledescription=\"slide\"><div class=\"swiper-slide-bg\" role=\"img\"><\/div><div class=\"swiper-slide-inner\" ><div class=\"swiper-slide-contents\"><div class=\"elementor-slide-description\"><p>Comprometidos con la tierra<\/p>\n<\/div><\/div><\/div><\/div>\t\t\t\t<\/div>\n\t\t\t\t\t\t\t<\/div>\n\t\t\t\t\t\t\t\t<\/div>\n\t\t\t\t<\/div>\n\t\t<div class=\"elementor-element elementor-element-6bc0fe23 e-con-full e-flex elementor-invisible e-con e-parent\" data-id=\"6bc0fe23\" data-element_type=\"container\" data-settings=\"{&quot;background_background&quot;:&quot;classic&quot;,&quot;animation&quot;:&quot;fadeIn&quot;}\">\n\t\t\t\t<div class=\"elementor-element elementor-element-314d0055 elementor-widget elementor-widget-heading\" data-id=\"314d0055\" data-element_type=\"widget\" data-widget_type=\"heading.default\">\n\t\t\t\t\t<h2 class=\"elementor-heading-title elementor-size-default\">L\u00cdNEA DECORACI\u00d3N <\/h2>\t\t\t\t<\/div>\n\t\t\t\t<\/div>\n\t\t<div class=\"elementor-element elementor-element-48085bf5 e-flex e-con-boxed e-con e-parent\" data-id=\"48085bf5\" data-element_type=\"container\">\n\t\t\t\t\t<div class=\"e-con-inner\">\n\t\t<div class=\"elementor-element elementor-element-7422cd5b e-con-full e-flex e-con e-child\" data-id=\"7422cd5b\" data-element_type=\"container\">\n\t\t\t\t<div class=\"elementor-element elementor-element-404b0325 elementor-widget elementor-widget-heading\" data-id=\"404b0325\" data-element_type=\"widget\" data-widget_type=\"heading.default\">\n\t\t\t\t\t<h1 class=\"elementor-heading-title elementor-size-default\">Bolo canto rodado m\u00e1rmol blanco <\/h1>\t\t\t\t<\/div>\n\t\t\t\t<\/div>\n\t\t\t\t\t<\/div>\n\t\t\t\t<\/div>\n\t\t<div class=\"elementor-element elementor-element-306d3f1e e-flex e-con-boxed e-con e-parent\" data-id=\"306d3f1e\" data-element_type=\"container\" data-settings=\"{&quot;background_background&quot;:&quot;classic&quot;}\">\n\t\t\t\t\t<div class=\"e-con-inner\">\n\t\t<div class=\"elementor-element elementor-element-4f75bbd e-con-full e-flex elementor-invisible e-con e-child\" data-id=\"4f75bbd\" data-element_type=\"container\" data-settings=\"{&quot;animation&quot;:&quot;fadeIn&quot;}\">\n\t\t\t\t<div class=\"elementor-element elementor-element-39fa94f7 elementor-widget elementor-widget-image\" data-id=\"39fa94f7\" data-element_type=\"widget\" data-widget_type=\"image.default\">\n\t\t\t\t\t\t\t\t\t\t\t\t\t\t\t<img fetchpriority=\"high\" decoding=\"async\" width=\"738\" height=\"434\" src=\"https:\/\/www.terres-boix.com\/wp-content\/uploads\/2024\/12\/bolo-canto-rodado-marmol-blanco.png\" class=\"attachment-medium_large size-medium_large wp-image-1105\" alt=\"\" srcset=\"https:\/\/www.terres-boix.com\/wp-content\/uploads\/2024\/12\/bolo-canto-rodado-marmol-blanco.png 738w, https:\/\/www.terres-boix.com\/wp-content\/uploads\/2024\/12\/bolo-canto-rodado-marmol-blanco-600x353.png 600w, https:\/\/www.terres-boix.com\/wp-content\/uploads\/2024\/12\/bolo-canto-rodado-marmol-blanco-300x176.png 300w\" sizes=\"(max-width: 738px) 100vw, 738px\" \/>\t\t\t\t\t\t\t\t\t\t\t\t\t\t\t<\/div>\n\t\t\t\t<\/div>\n\t\t<div class=\"elementor-element elementor-element-22f1b6b2 e-con-full e-flex elementor-invisible e-con e-child\" data-id=\"22f1b6b2\" data-element_type=\"container\" data-settings=\"{&quot;animation&quot;:&quot;fadeIn&quot;}\">\n\t\t<div class=\"elementor-element elementor-element-611ada44 e-con-full e-flex e-con e-child\" data-id=\"611ada44\" data-element_type=\"container\">\n\t\t<div class=\"elementor-element elementor-element-17248f3b e-con-full e-flex e-con e-child\" data-id=\"17248f3b\" data-element_type=\"container\">\n\t\t\t\t<div class=\"elementor-element elementor-element-7cf9a349 elementor-widget elementor-widget-heading\" data-id=\"7cf9a349\" data-element_type=\"widget\" data-widget_type=\"heading.default\">\n\t\t\t\t\t<span class=\"elementor-heading-title elementor-size-default\">Granulometr\u00eda:<\/span>\t\t\t\t<\/div>\n\t\t\t\t<div class=\"elementor-element elementor-element-4fb8b9ab elementor-widget elementor-widget-heading\" data-id=\"4fb8b9ab\" data-element_type=\"widget\" data-widget_type=\"heading.default\">\n\t\t\t\t\t<span class=\"elementor-heading-title elementor-size-default\">12-25mm  \/ 25-40mm \/ 40-60mm<\/span>\t\t\t\t<\/div>\n\t\t\t\t<\/div>\n\t\t\t\t<\/div>\n\t\t<div class=\"elementor-element elementor-element-3946515c e-con-full e-flex e-con e-child\" data-id=\"3946515c\" data-element_type=\"container\">\n\t\t\t\t<div class=\"elementor-element elementor-element-c57f2e0 elementor-widget elementor-widget-heading\" data-id=\"c57f2e0\" data-element_type=\"widget\" data-widget_type=\"heading.default\">\n\t\t\t\t\t<span class=\"elementor-heading-title elementor-size-default\">Comercializaci\u00f3n:<\/span>\t\t\t\t<\/div>\n\t\t\t\t<\/div>\n\t\t<div class=\"elementor-element elementor-element-5dcc32bb e-con-full e-flex e-con e-child\" data-id=\"5dcc32bb\" data-element_type=\"container\">\n\t\t<div class=\"elementor-element elementor-element-4e9e498e e-con-full e-grid e-con e-child\" data-id=\"4e9e498e\" data-element_type=\"container\">\n\t\t<div class=\"elementor-element elementor-element-3329a325 e-con-full e-flex e-con e-child\" data-id=\"3329a325\" data-element_type=\"container\">\n\t\t\t\t<div class=\"elementor-element elementor-element-219b2679 elementor-widget elementor-widget-image\" data-id=\"219b2679\" data-element_type=\"widget\" data-widget_type=\"image.default\">\n\t\t\t\t\t\t\t\t\t\t\t\t\t\t\t<img decoding=\"async\" width=\"120\" height=\"119\" src=\"https:\/\/www.terres-boix.com\/wp-content\/uploads\/2024\/12\/ico-big-bag.png\" class=\"attachment-large size-large wp-image-1205\" alt=\"\" srcset=\"https:\/\/www.terres-boix.com\/wp-content\/uploads\/2024\/12\/ico-big-bag.png 120w, https:\/\/www.terres-boix.com\/wp-content\/uploads\/2024\/12\/ico-big-bag-100x100.png 100w\" sizes=\"(max-width: 120px) 100vw, 120px\" \/>\t\t\t\t\t\t\t\t\t\t\t\t\t\t\t<\/div>\n\t\t\t\t<div class=\"elementor-element elementor-element-1dad2c7a elementor-widget elementor-widget-heading\" data-id=\"1dad2c7a\" data-element_type=\"widget\" data-widget_type=\"heading.default\">\n\t\t\t\t\t<div class=\"elementor-heading-title elementor-size-default\">Big-Bag <br>1.000 Kg +\u2013<\/div>\t\t\t\t<\/div>\n\t\t\t\t<\/div>\n\t\t<div class=\"elementor-element elementor-element-387debb6 e-con-full e-flex e-con e-child\" data-id=\"387debb6\" data-element_type=\"container\">\n\t\t\t\t<div class=\"elementor-element elementor-element-2b03ed55 elementor-widget elementor-widget-image\" data-id=\"2b03ed55\" data-element_type=\"widget\" data-widget_type=\"image.default\">\n\t\t\t\t\t\t\t\t\t\t\t\t\t\t\t<img decoding=\"async\" width=\"119\" height=\"119\" src=\"https:\/\/www.terres-boix.com\/wp-content\/uploads\/2024\/12\/ico-granel.png\" class=\"attachment-large size-large wp-image-1206\" alt=\"\" srcset=\"https:\/\/www.terres-boix.com\/wp-content\/uploads\/2024\/12\/ico-granel.png 119w, https:\/\/www.terres-boix.com\/wp-content\/uploads\/2024\/12\/ico-granel-100x100.png 100w\" sizes=\"(max-width: 119px) 100vw, 119px\" \/>\t\t\t\t\t\t\t\t\t\t\t\t\t\t\t<\/div>\n\t\t\t\t<div class=\"elementor-element elementor-element-183f4b06 elementor-widget elementor-widget-heading\" data-id=\"183f4b06\" data-element_type=\"widget\" data-widget_type=\"heading.default\">\n\t\t\t\t\t<div class=\"elementor-heading-title elementor-size-default\">Granel (Tn)<\/div>\t\t\t\t<\/div>\n\t\t\t\t<\/div>\n\t\t<div class=\"elementor-element elementor-element-4039925 e-con-full e-flex e-con e-child\" data-id=\"4039925\" data-element_type=\"container\">\n\t\t\t\t<div class=\"elementor-element elementor-element-38182cf0 elementor-widget elementor-widget-image\" data-id=\"38182cf0\" data-element_type=\"widget\" data-widget_type=\"image.default\">\n\t\t\t\t\t\t\t\t\t\t\t\t\t\t\t<img loading=\"lazy\" decoding=\"async\" width=\"120\" height=\"119\" src=\"https:\/\/www.terres-boix.com\/wp-content\/uploads\/2024\/12\/ico-saco.png\" class=\"attachment-large size-large wp-image-1208\" alt=\"\" srcset=\"https:\/\/www.terres-boix.com\/wp-content\/uploads\/2024\/12\/ico-saco.png 120w, https:\/\/www.terres-boix.com\/wp-content\/uploads\/2024\/12\/ico-saco-100x100.png 100w\" sizes=\"(max-width: 120px) 100vw, 120px\" \/>\t\t\t\t\t\t\t\t\t\t\t\t\t\t\t<\/div>\n\t\t\t\t<div class=\"elementor-element elementor-element-4ac3f6d elementor-widget elementor-widget-heading\" data-id=\"4ac3f6d\" data-element_type=\"widget\" data-widget_type=\"heading.default\">\n\t\t\t\t\t<div class=\"elementor-heading-title elementor-size-default\">Saco 20 Kg<br>(sacos por palet: 64)<\/div>\t\t\t\t<\/div>\n\t\t\t\t<\/div>\n\t\t\t\t<\/div>\n\t\t\t\t<\/div>\n\t\t\t\t<\/div>\n\t\t\t\t\t<\/div>\n\t\t\t\t<\/div>\n\t\t\t\t<\/div>\n\t\t","protected":false},"excerpt":{"rendered":"<p>Comprometidos con la tierra L\u00cdNEA DECORACI\u00d3N Bolo canto rodado m\u00e1rmol blanco Granulometr\u00eda: 12-25mm \/ 25-40mm \/ 40-60mm Comercializaci\u00f3n: Big-Bag 1.000 Kg +\u2013 Granel (Tn) Saco 20 Kg(sacos por palet: 64)<\/p>\n","protected":false},"author":1,"featured_media":0,"parent":2545,"menu_order":0,"comment_status":"closed","ping_status":"closed","template":"","meta":{"_acf_changed":false,"footnotes":""},"class_list":["post-2547","page","type-page","status-publish","hentry"],"acf":[],"_links":{"self":[{"href":"https:\/\/www.terres-boix.com\/es\/wp-json\/wp\/v2\/pages\/2547","targetHints":{"allow":["GET"]}}],"collection":[{"href":"https:\/\/www.terres-boix.com\/es\/wp-json\/wp\/v2\/pages"}],"about":[{"href":"https:\/\/www.terres-boix.com\/es\/wp-json\/wp\/v2\/types\/page"}],"author":[{"embeddable":true,"href":"https:\/\/www.terres-boix.com\/es\/wp-json\/wp\/v2\/users\/1"}],"replies":[{"embeddable":true,"href":"https:\/\/www.terres-boix.com\/es\/wp-json\/wp\/v2\/comments?post=2547"}],"version-history":[{"count":0,"href":"https:\/\/www.terres-boix.com\/es\/wp-json\/wp\/v2\/pages\/2547\/revisions"}],"up":[{"embeddable":true,"href":"https:\/\/www.terres-boix.com\/es\/wp-json\/wp\/v2\/pages\/2545"}],"wp:attachment":[{"href":"https:\/\/www.terres-boix.com\/es\/wp-json\/wp\/v2\/media?parent=2547"}],"curies":[{"name":"wp","href":"https:\/\/api.w.org\/{rel}","templated":true}]}}