{"id":2543,"date":"2024-12-08T08:01:31","date_gmt":"2024-12-08T07:01:31","guid":{"rendered":"https:\/\/www.terres-boix.com\/linea-biofilttros-organicos\/"},"modified":"2024-12-29T11:05:35","modified_gmt":"2024-12-29T10:05:35","slug":"linea-biofilttros-organicos","status":"publish","type":"page","link":"https:\/\/www.terres-boix.com\/es\/linea-biofilttros-organicos\/","title":{"rendered":"L\u00cdNEA BIOFILTTROS ORG\u00c1NICOS"},"content":{"rendered":"\t\t<div data-elementor-type=\"wp-page\" data-elementor-id=\"2543\" class=\"elementor elementor-2543 elementor-349\" data-elementor-post-type=\"page\">\n\t\t\t\t<div class=\"elementor-element elementor-element-cdbdad3 e-flex e-con-boxed elementor-invisible e-con e-parent\" data-id=\"cdbdad3\" data-element_type=\"container\" data-settings=\"{&quot;background_background&quot;:&quot;classic&quot;,&quot;animation&quot;:&quot;fadeIn&quot;}\">\n\t\t\t\t\t<div class=\"e-con-inner\">\n\t\t\t\t<div class=\"elementor-element elementor-element-c1335c4 elementor-invisible elementor-widget elementor-widget-heading\" data-id=\"c1335c4\" data-element_type=\"widget\" data-settings=\"{&quot;_animation&quot;:&quot;fadeInUp&quot;}\" data-widget_type=\"heading.default\">\n\t\t\t\t\t<h2 class=\"elementor-heading-title elementor-size-default\">Comprometidos con la tierra<\/h2>\t\t\t\t<\/div>\n\t\t\t\t\t<\/div>\n\t\t\t\t<\/div>\n\t\t<div class=\"elementor-element elementor-element-b914cf1 e-con-full e-flex elementor-invisible e-con e-parent\" data-id=\"b914cf1\" data-element_type=\"container\" data-settings=\"{&quot;background_background&quot;:&quot;classic&quot;,&quot;animation&quot;:&quot;fadeIn&quot;}\">\n\t\t\t\t<div class=\"elementor-element elementor-element-1bcd4e4 elementor-widget elementor-widget-heading\" data-id=\"1bcd4e4\" data-element_type=\"widget\" data-widget_type=\"heading.default\">\n\t\t\t\t\t<h2 class=\"elementor-heading-title elementor-size-default\"> L\u00cdNEA BIOFILTTROS ORG\u00c1NICOS <\/h2>\t\t\t\t<\/div>\n\t\t\t\t<\/div>\n\t\t<div class=\"elementor-element elementor-element-bfb2b4a e-flex e-con-boxed e-con e-parent\" data-id=\"bfb2b4a\" data-element_type=\"container\">\n\t\t\t\t\t<div class=\"e-con-inner\">\n\t\t\t\t<div class=\"elementor-element elementor-element-572b906 elementor-widget__width-initial elementor-widget elementor-widget-text-editor\" data-id=\"572b906\" data-element_type=\"widget\" data-widget_type=\"text-editor.default\">\n\t\t\t\t\t\t\t\t\t<p>En Terres Boix, nos comprometemos con la innovaci\u00f3n y la sostenibilidad en cada proyecto.<br \/>\nUno de nuestros productos destacados son los biofiltros org\u00e1nicos, una soluci\u00f3n natural y ecol\u00f3gica dise\u00f1ada para mejorar la calidad del aire y el agua. Pero, \u00bfqu\u00e9 son exactamente los biofiltros org\u00e1nicos?<br \/>\nLos biofiltros org\u00e1nicos son sistemas vivos que utilizan materiales naturales como el compost u otros sustratos org\u00e1nicos para filtrar contaminantes. Gracias a la acci\u00f3n de microorganismos beneficiosos, estos biofiltros descomponen y eliminan compuestos nocivos, como gases o sustancias qu\u00edmicas, de forma eficiente y respetuosa con el medio ambiente. Esta tecnolog\u00eda se utiliza ampliamente en aplicaciones industriales y urbanas para reducir las emisiones contaminantes y proteger nuestro entorno.<br \/>\nDescubre c\u00f3mo Terres Boix transformamos materiales naturales en soluciones sostenibles para un mundo m\u00e1s limpio y saludable.<\/p>\n\t\t\t\t\t\t\t\t<\/div>\n\t\t\t\t\t<\/div>\n\t\t\t\t<\/div>\n\t\t<div class=\"elementor-element elementor-element-37fb99e e-grid e-con-boxed e-con e-parent\" data-id=\"37fb99e\" data-element_type=\"container\" data-settings=\"{&quot;background_background&quot;:&quot;classic&quot;}\">\n\t\t\t\t\t<div class=\"e-con-inner\">\n\t\t<div class=\"elementor-element elementor-element-d16db19 e-con-full e-flex elementor-invisible e-con e-child\" data-id=\"d16db19\" data-element_type=\"container\" data-settings=\"{&quot;animation&quot;:&quot;fadeInUp&quot;,&quot;background_background&quot;:&quot;classic&quot;}\">\n\t\t\t\t<\/div>\n\t\t<div class=\"elementor-element elementor-element-6d87851 e-con-full e-flex elementor-invisible e-con e-child\" data-id=\"6d87851\" data-element_type=\"container\" data-settings=\"{&quot;animation&quot;:&quot;fadeInUp&quot;,&quot;animation_delay&quot;:200,&quot;background_background&quot;:&quot;classic&quot;}\">\n\t\t\t\t<\/div>\n\t\t<div class=\"elementor-element elementor-element-83e6e67 e-con-full e-flex elementor-invisible e-con e-child\" data-id=\"83e6e67\" data-element_type=\"container\" data-settings=\"{&quot;animation&quot;:&quot;fadeInUp&quot;,&quot;animation_delay&quot;:0,&quot;background_background&quot;:&quot;classic&quot;}\">\n\t\t\t\t<\/div>\n\t\t<div class=\"elementor-element elementor-element-fc6ec42 e-con-full e-flex elementor-invisible e-con e-child\" data-id=\"fc6ec42\" data-element_type=\"container\" data-settings=\"{&quot;animation&quot;:&quot;fadeInUp&quot;,&quot;animation_delay&quot;:200,&quot;background_background&quot;:&quot;classic&quot;}\">\n\t\t\t\t<\/div>\n\t\t\t\t\t<\/div>\n\t\t\t\t<\/div>\n\t\t\t\t<\/div>\n\t\t","protected":false},"excerpt":{"rendered":"<p>Comprometidos con la tierra L\u00cdNEA BIOFILTTROS ORG\u00c1NICOS En Terres Boix, nos comprometemos con la innovaci\u00f3n y la sostenibilidad en cada proyecto. Uno de nuestros productos destacados son los biofiltros org\u00e1nicos, una soluci\u00f3n natural y ecol\u00f3gica dise\u00f1ada para mejorar la calidad del aire y el agua. Pero, \u00bfqu\u00e9 son exactamente los biofiltros org\u00e1nicos? Los biofiltros org\u00e1nicos [&hellip;]<\/p>\n","protected":false},"author":1,"featured_media":0,"parent":0,"menu_order":0,"comment_status":"closed","ping_status":"closed","template":"","meta":{"_acf_changed":false,"footnotes":""},"class_list":["post-2543","page","type-page","status-publish","hentry"],"acf":[],"_links":{"self":[{"href":"https:\/\/www.terres-boix.com\/es\/wp-json\/wp\/v2\/pages\/2543","targetHints":{"allow":["GET"]}}],"collection":[{"href":"https:\/\/www.terres-boix.com\/es\/wp-json\/wp\/v2\/pages"}],"about":[{"href":"https:\/\/www.terres-boix.com\/es\/wp-json\/wp\/v2\/types\/page"}],"author":[{"embeddable":true,"href":"https:\/\/www.terres-boix.com\/es\/wp-json\/wp\/v2\/users\/1"}],"replies":[{"embeddable":true,"href":"https:\/\/www.terres-boix.com\/es\/wp-json\/wp\/v2\/comments?post=2543"}],"version-history":[{"count":0,"href":"https:\/\/www.terres-boix.com\/es\/wp-json\/wp\/v2\/pages\/2543\/revisions"}],"wp:attachment":[{"href":"https:\/\/www.terres-boix.com\/es\/wp-json\/wp\/v2\/media?parent=2543"}],"curies":[{"name":"wp","href":"https:\/\/api.w.org\/{rel}","templated":true}]}}