{"id":2519,"date":"2024-12-07T11:28:57","date_gmt":"2024-12-07T10:28:57","guid":{"rendered":"https:\/\/www.terres-boix.com\/quienes-somos\/"},"modified":"2024-12-28T16:46:33","modified_gmt":"2024-12-28T15:46:33","slug":"quienes-somos","status":"publish","type":"page","link":"https:\/\/www.terres-boix.com\/es\/quienes-somos\/","title":{"rendered":"QUI\u00c9NES SOMOS"},"content":{"rendered":"\t\t<div data-elementor-type=\"wp-page\" data-elementor-id=\"2519\" class=\"elementor elementor-2519 elementor-31\" data-elementor-post-type=\"page\">\n\t\t\t\t<div class=\"elementor-element elementor-element-72c9d2b e-flex e-con-boxed elementor-invisible e-con e-parent\" data-id=\"72c9d2b\" data-element_type=\"container\" data-settings=\"{&quot;background_background&quot;:&quot;classic&quot;,&quot;animation&quot;:&quot;fadeIn&quot;}\">\n\t\t\t\t\t<div class=\"e-con-inner\">\n\t\t\t\t<div class=\"elementor-element elementor-element-fac8629 elementor-invisible elementor-widget elementor-widget-heading\" data-id=\"fac8629\" data-element_type=\"widget\" data-settings=\"{&quot;_animation&quot;:&quot;fadeInUp&quot;}\" data-widget_type=\"heading.default\">\n\t\t\t\t\t<h2 class=\"elementor-heading-title elementor-size-default\">Comprometidos con la tierra<\/h2>\t\t\t\t<\/div>\n\t\t\t\t\t<\/div>\n\t\t\t\t<\/div>\n\t\t<div class=\"elementor-element elementor-element-5e95f6d e-flex e-con-boxed elementor-invisible e-con e-parent\" data-id=\"5e95f6d\" data-element_type=\"container\" data-settings=\"{&quot;background_background&quot;:&quot;classic&quot;,&quot;animation&quot;:&quot;fadeIn&quot;}\">\n\t\t\t\t\t<div class=\"e-con-inner\">\n\t\t\t\t<div class=\"elementor-element elementor-element-cdc9c5a elementor-widget elementor-widget-heading\" data-id=\"cdc9c5a\" data-element_type=\"widget\" data-widget_type=\"heading.default\">\n\t\t\t\t\t<h2 class=\"elementor-heading-title elementor-size-default\">Historia <span>Abonos Org\u00e0nicos Boix SL<\/span><\/h2>\t\t\t\t<\/div>\n\t\t\t\t\t<\/div>\n\t\t\t\t<\/div>\n\t\t<div class=\"elementor-element elementor-element-1c46e9e e-flex e-con-boxed e-con e-parent\" data-id=\"1c46e9e\" data-element_type=\"container\">\n\t\t\t\t\t<div class=\"e-con-inner\">\n\t\t\t\t<div class=\"elementor-element elementor-element-c8750c6 elementor-widget elementor-widget-text-editor\" data-id=\"c8750c6\" data-element_type=\"widget\" data-widget_type=\"text-editor.default\">\n\t\t\t\t\t\t\t\t\tLa historia de Abonos Org\u00e1nicos Boix SL empieza a escribirse en 1988, en el peque\u00f1o pueblo de Tav\u00e8rnoles, en un campo de 5.000 m2 de la Finca de Can Massans, con tres camiones de corteza de pino y dos de esti\u00e9rcol.\t\t\t\t\t\t\t\t<\/div>\n\t\t\t\t\t<\/div>\n\t\t\t\t<\/div>\n\t\t<div class=\"elementor-element elementor-element-69c6886 e-flex e-con-boxed e-con e-parent\" data-id=\"69c6886\" data-element_type=\"container\" data-settings=\"{&quot;background_background&quot;:&quot;classic&quot;}\">\n\t\t\t\t\t<div class=\"e-con-inner\">\n\t\t\t\t<div class=\"elementor-element elementor-element-006ade3 elementor-widget elementor-widget-text-editor\" data-id=\"006ade3\" data-element_type=\"widget\" data-widget_type=\"text-editor.default\">\n\t\t\t\t\t\t\t\t\t<p>All\u00ed empezaron, de la mano de Isidre Fontdevila y Teresita Boix, los primeros pasos de una empresa familiar dedicada a tierras y sustratos para la jardiner\u00eda.<\/p>\n<p>Hoy, Terres Boix con el resultado del esfuerzo y el talento de la familia Fontdevila Boix, ahora conducida por sus hijos, Carme, Eudald y Magda, ha sabido rodearse de un equipo humano potente y decididamente orientado hacia el futuro.<\/p>\n<p>M\u00e1s de 30 a\u00f1os despu\u00e9s, disponemos de una moderna tecnolog\u00eda para la fabricaci\u00f3n de sustratos y un gran servicio para nuestros clientes.<\/p>\n<p>Nuestra gran obsesi\u00f3n, desde el primer d\u00eda, es la de trabajar con las mejores materias primas 100% naturales, para conseguir una amplia gama de productos distintos y de primera calidad. Todo esto con el mayor respeto hacia el medio ambiente.<\/p>\n<p>Sin duda, la clave del \u00e9xito ha sido nuestra capacidad de observar y comprender el entorno y de esta forma hacer mejoras constantes en el proceso, en la calidad de producto y en el servicio.<\/p>\n<p>El equipo de Terres Boix agradece a sus clientes y amigos la confianza depositada durante todos estos a\u00f1os. Con la calidad que nos caracteriza seguiremos trabajando para un futuro y un mundo mejor.<\/p>\n\t\t\t\t\t\t\t\t<\/div>\n\t\t\t\t\t<\/div>\n\t\t\t\t<\/div>\n\t\t<div class=\"elementor-element elementor-element-b2e5af2 e-flex e-con-boxed elementor-invisible e-con e-parent\" data-id=\"b2e5af2\" data-element_type=\"container\" data-settings=\"{&quot;background_background&quot;:&quot;classic&quot;,&quot;animation&quot;:&quot;fadeIn&quot;}\">\n\t\t\t\t\t<div class=\"e-con-inner\">\n\t\t\t\t\t<\/div>\n\t\t\t\t<\/div>\n\t\t\t\t<\/div>\n\t\t","protected":false},"excerpt":{"rendered":"<p>Comprometidos con la tierra Historia Abonos Org\u00e0nicos Boix SL La historia de Abonos Org\u00e1nicos Boix SL empieza a escribirse en 1988, en el peque\u00f1o pueblo de Tav\u00e8rnoles, en un campo de 5.000 m2 de la Finca de Can Massans, con tres camiones de corteza de pino y dos de esti\u00e9rcol. All\u00ed empezaron, de la mano [&hellip;]<\/p>\n","protected":false},"author":1,"featured_media":0,"parent":0,"menu_order":0,"comment_status":"closed","ping_status":"closed","template":"","meta":{"_acf_changed":false,"footnotes":""},"class_list":["post-2519","page","type-page","status-publish","hentry"],"acf":[],"_links":{"self":[{"href":"https:\/\/www.terres-boix.com\/es\/wp-json\/wp\/v2\/pages\/2519","targetHints":{"allow":["GET"]}}],"collection":[{"href":"https:\/\/www.terres-boix.com\/es\/wp-json\/wp\/v2\/pages"}],"about":[{"href":"https:\/\/www.terres-boix.com\/es\/wp-json\/wp\/v2\/types\/page"}],"author":[{"embeddable":true,"href":"https:\/\/www.terres-boix.com\/es\/wp-json\/wp\/v2\/users\/1"}],"replies":[{"embeddable":true,"href":"https:\/\/www.terres-boix.com\/es\/wp-json\/wp\/v2\/comments?post=2519"}],"version-history":[{"count":0,"href":"https:\/\/www.terres-boix.com\/es\/wp-json\/wp\/v2\/pages\/2519\/revisions"}],"wp:attachment":[{"href":"https:\/\/www.terres-boix.com\/es\/wp-json\/wp\/v2\/media?parent=2519"}],"curies":[{"name":"wp","href":"https:\/\/api.w.org\/{rel}","templated":true}]}}