{"id":2515,"date":"2024-12-07T11:28:44","date_gmt":"2024-12-07T10:28:44","guid":{"rendered":"https:\/\/www.terres-boix.com\/consejos\/"},"modified":"2024-12-28T16:40:29","modified_gmt":"2024-12-28T15:40:29","slug":"consejos","status":"publish","type":"page","link":"https:\/\/www.terres-boix.com\/es\/consejos\/","title":{"rendered":"Consejos"},"content":{"rendered":"\t\t<div data-elementor-type=\"wp-page\" data-elementor-id=\"2515\" class=\"elementor elementor-2515 elementor-29\" data-elementor-post-type=\"page\">\n\t\t\t\t<div class=\"elementor-element elementor-element-324f0c3 e-flex e-con-boxed elementor-invisible e-con e-parent\" data-id=\"324f0c3\" data-element_type=\"container\" data-settings=\"{&quot;background_background&quot;:&quot;classic&quot;,&quot;animation&quot;:&quot;fadeIn&quot;}\">\n\t\t\t\t\t<div class=\"e-con-inner\">\n\t\t\t\t<div class=\"elementor-element elementor-element-4a8e3e5 elementor-invisible elementor-widget elementor-widget-heading\" data-id=\"4a8e3e5\" data-element_type=\"widget\" data-settings=\"{&quot;_animation&quot;:&quot;fadeInUp&quot;}\" data-widget_type=\"heading.default\">\n\t\t\t\t\t<h2 class=\"elementor-heading-title elementor-size-default\">Comprometidos con la tierra<\/h2>\t\t\t\t<\/div>\n\t\t\t\t\t<\/div>\n\t\t\t\t<\/div>\n\t\t<div class=\"elementor-element elementor-element-d1783ef e-flex e-con-boxed elementor-invisible e-con e-parent\" data-id=\"d1783ef\" data-element_type=\"container\" data-settings=\"{&quot;background_background&quot;:&quot;classic&quot;,&quot;animation&quot;:&quot;fadeIn&quot;}\">\n\t\t\t\t\t<div class=\"e-con-inner\">\n\t\t\t\t<div class=\"elementor-element elementor-element-6d638a7 elementor-widget elementor-widget-heading\" data-id=\"6d638a7\" data-element_type=\"widget\" data-widget_type=\"heading.default\">\n\t\t\t\t\t<h2 class=\"elementor-heading-title elementor-size-default\">\u00bfC\u00f3mo trasplantar una planta?<\/h2>\t\t\t\t<\/div>\n\t\t\t\t\t<\/div>\n\t\t\t\t<\/div>\n\t\t<div class=\"elementor-element elementor-element-b59620c e-flex e-con-boxed e-con e-parent\" data-id=\"b59620c\" data-element_type=\"container\">\n\t\t\t\t\t<div class=\"e-con-inner\">\n\t\t\t\t<div class=\"elementor-element elementor-element-04c1a42 elementor-widget elementor-widget-text-editor\" data-id=\"04c1a42\" data-element_type=\"widget\" data-widget_type=\"text-editor.default\">\n\t\t\t\t\t\t\t\t\tPara saber cu\u00e1ndo es necesario realizar el trasplante, hay que poner atenci\u00f3n en las ra\u00edces, si llenan o acaparan toda la maceta. Al regar el sustrato antiguo y extraer toda la planta de la maceta, podremos comprobar el nivel de crecimiento que han tenido las ra\u00edces. Si \u00e9stas no han acaparado toda la planta y est\u00e1n muy apretadas, habr\u00e1 que volver a colocarla en su maceta y esperar un tiempo para que est\u00e9 lista.\r\n\r\nEl trasplante prematuro puede ser muy perjudicial. En general, las plantas reci\u00e9n adquiridas vienen en unos recipientes temporales que no son adecuados para su \u00f3ptimo crecimiento, por lo que se recomienda trasplantarlas.\t\t\t\t\t\t\t\t<\/div>\n\t\t\t\t\t<\/div>\n\t\t\t\t<\/div>\n\t\t<div class=\"elementor-element elementor-element-38bf5d1 e-con-full e-flex e-con e-parent\" data-id=\"38bf5d1\" data-element_type=\"container\">\n\t\t\t\t<div class=\"elementor-element elementor-element-c2061bc elementor-widget elementor-widget-template\" data-id=\"c2061bc\" data-element_type=\"widget\" data-widget_type=\"template.default\">\n\t\t\t\t<div class=\"elementor-widget-container\">\n\t\t\t\t\t\t\t<div class=\"elementor-template\">\n\t\t\t\t\t<div data-elementor-type=\"container\" data-elementor-id=\"2686\" class=\"elementor elementor-2686 elementor-436\" data-elementor-post-type=\"elementor_library\">\n\t\t\t\t<div class=\"elementor-element elementor-element-6cb8648f e-flex e-con-boxed e-con e-parent\" data-id=\"6cb8648f\" data-element_type=\"container\" data-settings=\"{&quot;background_background&quot;:&quot;classic&quot;}\">\n\t\t\t\t\t<div class=\"e-con-inner\">\n\t\t\t\t<div class=\"elementor-element elementor-element-7f1d2063 elementor-widget elementor-widget-heading\" data-id=\"7f1d2063\" data-element_type=\"widget\" data-widget_type=\"heading.default\">\n\t\t\t\t\t<h2 class=\"elementor-heading-title elementor-size-default\">CONSEJOS PARA REALIZAR UN TRASPLANTE<\/h2>\t\t\t\t<\/div>\n\t\t<div class=\"elementor-element elementor-element-707b8bda e-grid e-con-full e-con e-child\" data-id=\"707b8bda\" data-element_type=\"container\">\n\t\t<div class=\"elementor-element elementor-element-5d92f8e2 e-con-full e-flex elementor-invisible e-con e-child\" data-id=\"5d92f8e2\" data-element_type=\"container\" data-settings=\"{&quot;animation&quot;:&quot;fadeInUp&quot;}\">\n\t\t<div class=\"elementor-element elementor-element-1c1ed251 e-con-full e-flex e-con e-child\" data-id=\"1c1ed251\" data-element_type=\"container\">\n\t\t\t\t<div class=\"elementor-element elementor-element-64d4e5e5 elementor-widget elementor-widget-image\" data-id=\"64d4e5e5\" data-element_type=\"widget\" data-widget_type=\"image.default\">\n\t\t\t\t\t\t\t\t\t\t\t\t\t\t\t<img decoding=\"async\" width=\"36\" height=\"36\" src=\"https:\/\/www.terres-boix.com\/wp-content\/uploads\/2024\/12\/1.svg\" class=\"attachment-large size-large wp-image-185\" alt=\"\" \/>\t\t\t\t\t\t\t\t\t\t\t\t\t\t\t<\/div>\n\t\t\t\t<div class=\"elementor-element elementor-element-45659990 elementor-widget elementor-widget-text-editor\" data-id=\"45659990\" data-element_type=\"widget\" data-widget_type=\"text-editor.default\">\n\t\t\t\t\t\t\t\t\t<p>Comprobar que la nueva maceta est\u00e9 proporcionada con la antigua.<\/p>\n\t\t\t\t\t\t\t\t<\/div>\n\t\t\t\t<\/div>\n\t\t<div class=\"elementor-element elementor-element-435e7446 e-con-full e-flex e-con e-child\" data-id=\"435e7446\" data-element_type=\"container\">\n\t\t\t\t<div class=\"elementor-element elementor-element-3c345ee6 elementor-widget elementor-widget-image\" data-id=\"3c345ee6\" data-element_type=\"widget\" data-widget_type=\"image.default\">\n\t\t\t\t\t\t\t\t\t\t\t\t\t\t\t<img decoding=\"async\" width=\"222\" height=\"222\" src=\"https:\/\/www.terres-boix.com\/wp-content\/uploads\/2024\/12\/ico-1.svg\" class=\"attachment-large size-large wp-image-189\" alt=\"\" \/>\t\t\t\t\t\t\t\t\t\t\t\t\t\t\t<\/div>\n\t\t\t\t<\/div>\n\t\t\t\t<\/div>\n\t\t<div class=\"elementor-element elementor-element-1bace19c e-con-full e-flex elementor-invisible e-con e-child\" data-id=\"1bace19c\" data-element_type=\"container\" data-settings=\"{&quot;animation&quot;:&quot;fadeInUp&quot;,&quot;animation_delay&quot;:300}\">\n\t\t<div class=\"elementor-element elementor-element-5f36aa74 e-con-full e-flex e-con e-child\" data-id=\"5f36aa74\" data-element_type=\"container\">\n\t\t\t\t<div class=\"elementor-element elementor-element-76dcb6b1 elementor-widget elementor-widget-image\" data-id=\"76dcb6b1\" data-element_type=\"widget\" data-widget_type=\"image.default\">\n\t\t\t\t\t\t\t\t\t\t\t\t\t\t\t<img decoding=\"async\" width=\"36\" height=\"36\" src=\"https:\/\/www.terres-boix.com\/wp-content\/uploads\/2024\/12\/2.svg\" class=\"attachment-large size-large wp-image-186\" alt=\"\" \/>\t\t\t\t\t\t\t\t\t\t\t\t\t\t\t<\/div>\n\t\t\t\t<div class=\"elementor-element elementor-element-11af34a2 elementor-widget elementor-widget-text-editor\" data-id=\"11af34a2\" data-element_type=\"widget\" data-widget_type=\"text-editor.default\">\n\t\t\t\t\t\t\t\t\t<p>Colocar una capa de drenaje con gravilla, suelo volc\u00e1nico o alg\u00fan sustrato similar.<\/p>\n\t\t\t\t\t\t\t\t<\/div>\n\t\t\t\t<\/div>\n\t\t<div class=\"elementor-element elementor-element-183dd3ed e-con-full e-flex e-con e-child\" data-id=\"183dd3ed\" data-element_type=\"container\">\n\t\t\t\t<div class=\"elementor-element elementor-element-7d214e7a elementor-widget elementor-widget-image\" data-id=\"7d214e7a\" data-element_type=\"widget\" data-widget_type=\"image.default\">\n\t\t\t\t\t\t\t\t\t\t\t\t\t\t\t<img loading=\"lazy\" decoding=\"async\" width=\"222\" height=\"222\" src=\"https:\/\/www.terres-boix.com\/wp-content\/uploads\/2024\/12\/ico-2.svg\" class=\"attachment-large size-large wp-image-190\" alt=\"\" \/>\t\t\t\t\t\t\t\t\t\t\t\t\t\t\t<\/div>\n\t\t\t\t<\/div>\n\t\t\t\t<\/div>\n\t\t<div class=\"elementor-element elementor-element-29fb3b7c e-con-full e-flex elementor-invisible e-con e-child\" data-id=\"29fb3b7c\" data-element_type=\"container\" data-settings=\"{&quot;animation&quot;:&quot;fadeInUp&quot;,&quot;animation_delay&quot;:600}\">\n\t\t<div class=\"elementor-element elementor-element-1aeb32b4 e-con-full e-flex e-con e-child\" data-id=\"1aeb32b4\" data-element_type=\"container\">\n\t\t\t\t<div class=\"elementor-element elementor-element-51b7a526 elementor-widget elementor-widget-image\" data-id=\"51b7a526\" data-element_type=\"widget\" data-widget_type=\"image.default\">\n\t\t\t\t\t\t\t\t\t\t\t\t\t\t\t<img loading=\"lazy\" decoding=\"async\" width=\"36\" height=\"36\" src=\"https:\/\/www.terres-boix.com\/wp-content\/uploads\/2024\/12\/3.svg\" class=\"attachment-large size-large wp-image-187\" alt=\"\" \/>\t\t\t\t\t\t\t\t\t\t\t\t\t\t\t<\/div>\n\t\t\t\t<div class=\"elementor-element elementor-element-56f54fa9 elementor-widget elementor-widget-text-editor\" data-id=\"56f54fa9\" data-element_type=\"widget\" data-widget_type=\"text-editor.default\">\n\t\t\t\t\t\t\t\t\t<p>Quitar la planta de la maceta actual con cuidado.<\/p>\n\t\t\t\t\t\t\t\t<\/div>\n\t\t\t\t<\/div>\n\t\t<div class=\"elementor-element elementor-element-56fdbc77 e-con-full e-flex e-con e-child\" data-id=\"56fdbc77\" data-element_type=\"container\">\n\t\t\t\t<div class=\"elementor-element elementor-element-27e535ff elementor-widget elementor-widget-image\" data-id=\"27e535ff\" data-element_type=\"widget\" data-widget_type=\"image.default\">\n\t\t\t\t\t\t\t\t\t\t\t\t\t\t\t<img loading=\"lazy\" decoding=\"async\" width=\"222\" height=\"222\" src=\"https:\/\/www.terres-boix.com\/wp-content\/uploads\/2024\/12\/ico-3.svg\" class=\"attachment-large size-large wp-image-191\" alt=\"\" \/>\t\t\t\t\t\t\t\t\t\t\t\t\t\t\t<\/div>\n\t\t\t\t<\/div>\n\t\t\t\t<\/div>\n\t\t<div class=\"elementor-element elementor-element-82f8dff e-con-full e-flex elementor-invisible e-con e-child\" data-id=\"82f8dff\" data-element_type=\"container\" data-settings=\"{&quot;animation&quot;:&quot;fadeInUp&quot;,&quot;animation_delay&quot;:900}\">\n\t\t<div class=\"elementor-element elementor-element-6f80231c e-con-full e-flex e-con e-child\" data-id=\"6f80231c\" data-element_type=\"container\">\n\t\t\t\t<div class=\"elementor-element elementor-element-60cfb53e elementor-widget elementor-widget-image\" data-id=\"60cfb53e\" data-element_type=\"widget\" data-widget_type=\"image.default\">\n\t\t\t\t\t\t\t\t\t\t\t\t\t\t\t<img loading=\"lazy\" decoding=\"async\" width=\"36\" height=\"36\" src=\"https:\/\/www.terres-boix.com\/wp-content\/uploads\/2024\/12\/4.svg\" class=\"attachment-large size-large wp-image-188\" alt=\"\" \/>\t\t\t\t\t\t\t\t\t\t\t\t\t\t\t<\/div>\n\t\t\t\t<div class=\"elementor-element elementor-element-4403010e elementor-widget elementor-widget-text-editor\" data-id=\"4403010e\" data-element_type=\"widget\" data-widget_type=\"text-editor.default\">\n\t\t\t\t\t\t\t\t\tColoque la planta en la nueva maceta y rellene con el Sustrato SUELOS BOIX. \r\n\t\t\t\t\t\t\t\t<\/div>\n\t\t\t\t<\/div>\n\t\t<div class=\"elementor-element elementor-element-507f6fdb e-con-full e-flex e-con e-child\" data-id=\"507f6fdb\" data-element_type=\"container\">\n\t\t\t\t<div class=\"elementor-element elementor-element-86c272d elementor-widget elementor-widget-image\" data-id=\"86c272d\" data-element_type=\"widget\" data-widget_type=\"image.default\">\n\t\t\t\t\t\t\t\t\t\t\t\t\t\t\t<img loading=\"lazy\" decoding=\"async\" width=\"222\" height=\"222\" src=\"https:\/\/www.terres-boix.com\/wp-content\/uploads\/2024\/12\/ico-4.svg\" class=\"attachment-large size-large wp-image-192\" alt=\"\" \/>\t\t\t\t\t\t\t\t\t\t\t\t\t\t\t<\/div>\n\t\t\t\t<\/div>\n\t\t\t\t<\/div>\n\t\t\t\t<\/div>\n\t\t\t\t\t<\/div>\n\t\t\t\t<\/div>\n\t\t\t\t<\/div>\n\t\t\t\t<\/div>\n\t\t\t\t\t\t<\/div>\n\t\t\t\t<\/div>\n\t\t\t\t<\/div>\n\t\t<div class=\"elementor-element elementor-element-14bbdf8 e-flex e-con-boxed elementor-invisible e-con e-parent\" data-id=\"14bbdf8\" data-element_type=\"container\" data-settings=\"{&quot;background_background&quot;:&quot;classic&quot;,&quot;animation&quot;:&quot;fadeIn&quot;}\">\n\t\t\t\t\t<div class=\"e-con-inner\">\n\t\t\t\t<div class=\"elementor-element elementor-element-b00c82f elementor-widget elementor-widget-heading\" data-id=\"b00c82f\" data-element_type=\"widget\" data-widget_type=\"heading.default\">\n\t\t\t\t\t<h2 class=\"elementor-heading-title elementor-size-default\">Crear un huerto<\/h2>\t\t\t\t<\/div>\n\t\t\t\t\t<\/div>\n\t\t\t\t<\/div>\n\t\t<div class=\"elementor-element elementor-element-f190cad e-flex e-con-boxed e-con e-parent\" data-id=\"f190cad\" data-element_type=\"container\">\n\t\t\t\t\t<div class=\"e-con-inner\">\n\t\t\t\t<div class=\"elementor-element elementor-element-83f9b83 elementor-widget elementor-widget-text-editor\" data-id=\"83f9b83\" data-element_type=\"widget\" data-widget_type=\"text-editor.default\">\n\t\t\t\t\t\t\t\t\t<p><strong>Dicen que el cuidado de un huerto es la \u00fanica afici\u00f3n que te da m\u00e1s de lo que te pide.<\/strong><\/p>\n\t\t\t\t\t\t\t\t<\/div>\n\t\t\t\t<div class=\"elementor-element elementor-element-ce9d7ef elementor-widget elementor-widget-text-editor\" data-id=\"ce9d7ef\" data-element_type=\"widget\" data-widget_type=\"text-editor.default\">\n\t\t\t\t\t\t\t\t\t<p>El huerto exige dedicaci\u00f3n, cuidado y presencia. Si queremos tener un buen huerto con hortalizas de calidad, debemos tener en cuenta diferentes aspectos.<\/p>\n<p>En primer lugar, es importante que le d\u00e9 el sol y que disponga de agua. Para que nuestras hortalizas crezcan fuertes y sanas, resulta fundamental que la tierra sea buena y que escojamos un buen sustrato. Es imprescindible que aporte los nutrientes necesarios para las diferentes plantas de forma equilibrada, continuada y en cantidad suficiente.<br \/>\nEs importante conocer las \u00e9pocas de siembra, trasplante, duraci\u00f3n del crecimiento, d\u00edas de cosecha, etc.<\/p>\n\t\t\t\t\t\t\t\t<\/div>\n\t\t\t\t\t<\/div>\n\t\t\t\t<\/div>\n\t\t<div class=\"elementor-element elementor-element-c796148 e-flex e-con-boxed e-con e-parent\" data-id=\"c796148\" data-element_type=\"container\" data-settings=\"{&quot;background_background&quot;:&quot;classic&quot;}\">\n\t\t\t\t\t<div class=\"e-con-inner\">\n\t\t\t\t<div class=\"elementor-element elementor-element-00ca903 elementor-widget elementor-widget-text-editor\" data-id=\"00ca903\" data-element_type=\"widget\" data-widget_type=\"text-editor.default\">\n\t\t\t\t\t\t\t\t\t<p>PREPARACI\u00d3N DE LA TIERRA:<\/p>\n\t\t\t\t\t\t\t\t<\/div>\n\t\t\t\t<div class=\"elementor-element elementor-element-8e83c29 elementor-widget elementor-widget-text-editor\" data-id=\"8e83c29\" data-element_type=\"widget\" data-widget_type=\"text-editor.default\">\n\t\t\t\t\t\t\t\t\t<p>La fertilidad del suelo depende de la cantidad de humus que tenga. El humus es la materia de color negro que contiene las sustancias asimilables por las plantas. Gracias a \u00e9l, la estructura de la tierra mejora y aumenta su capacidad de retenci\u00f3n de agua. Si queremos mantener, mejorar o crear el suelo de nuestro huerto, debemos utilizar un buen sustrato org\u00e1nico.<\/p>\n<p>En el caso de tener ya un suelo, s\u00f3lo deberemos aplicar una capa del nuevo sustrato por encima del ya existente. Seguidamente mezclar con un pal\u00f3n o motocultor. As\u00ed conseguiremos que el suelo no se compacte. Si se trata de un huerto urbano en cajones o jardineras, debe llenarse de un sustrato bueno que nos aporte los nutrientes y minerales necesarios para que nuestras hortalizas crezcan sanas y fuertes.<\/p>\n\t\t\t\t\t\t\t\t<\/div>\n\t\t\t\t<div class=\"elementor-element elementor-element-cb95b77 elementor-widget elementor-widget-text-editor\" data-id=\"cb95b77\" data-element_type=\"widget\" data-widget_type=\"text-editor.default\">\n\t\t\t\t\t\t\t\t\t<p>SEMBRAR Y PLANTAR:<\/p>\n\t\t\t\t\t\t\t\t<\/div>\n\t\t\t\t<div class=\"elementor-element elementor-element-1bbfbfb elementor-widget elementor-widget-text-editor\" data-id=\"1bbfbfb\" data-element_type=\"widget\" data-widget_type=\"text-editor.default\">\n\t\t\t\t\t\t\t\t\t<p>No todas las hortalizas se plantan o se siembran de la misma manera:<\/p>\n\t\t\t\t\t\t\t\t<\/div>\n\t\t\t\t<div class=\"elementor-element elementor-element-a5e1ea0 elementor-widget elementor-widget-text-editor\" data-id=\"a5e1ea0\" data-element_type=\"widget\" data-widget_type=\"text-editor.default\">\n\t\t\t\t\t\t\t\t\t<p>La siembra:<\/p>\n\t\t\t\t\t\t\t\t<\/div>\n\t\t\t\t<div class=\"elementor-element elementor-element-24daa44 elementor-widget elementor-widget-text-editor\" data-id=\"24daa44\" data-element_type=\"widget\" data-widget_type=\"text-editor.default\">\n\t\t\t\t\t\t\t\t\t<p>&#8211; Siembra a todo viento: se lleva a cabo mediante el gesto t\u00edpico de la siembra, es decir, esparciendo pu\u00f1ados de semillas por el suelo. Luego los enterramos con el rastrillo.<br \/>\n&#8211; Siembra en surco o chorrito: abriendo un surco, esparcimos las semillas, las tapamos y finalmente compactamos un poco el suelo.<br \/>\n&#8211; Siembra a golpe: colocamos las semillas a intervalos variables seg\u00fan la distancia que solicite cada hortaliza.<\/p>\n\t\t\t\t\t\t\t\t<\/div>\n\t\t\t\t<div class=\"elementor-element elementor-element-7275ae5 elementor-widget elementor-widget-text-editor\" data-id=\"7275ae5\" data-element_type=\"widget\" data-widget_type=\"text-editor.default\">\n\t\t\t\t\t\t\t\t\t<p>Plantar:<\/p>\n\t\t\t\t\t\t\t\t<\/div>\n\t\t\t\t<div class=\"elementor-element elementor-element-0feb4d9 elementor-widget elementor-widget-text-editor\" data-id=\"0feb4d9\" data-element_type=\"widget\" data-widget_type=\"text-editor.default\">\n\t\t\t\t\t\t\t\t\t<p>Se lleva a cabo a partir de semillas de plantas que hemos dejado espigar y germinar. Lo podemos hacer en recipientes ya preparados que encontraremos en establecimientos especializados, o bien en elementos de recuperaci\u00f3n (cajas recuperadas, botes\u2026).<br \/>\nLa ventaja es que a la hora de trasplantar se hace con un cepell\u00f3n o terr\u00f3n, por lo que el choque por la planta es muy inferior a si se hace con la ra\u00edz desnuda. Tambi\u00e9n se pueden comprar planteles ya hechos.<\/p>\n<p>El trasplante se realiza colocando los semilleros en el lugar definitivo del huerto, all\u00ed donde deben crecer. Para ello utilizaremos el plantador.<\/p>\n\t\t\t\t\t\t\t\t<\/div>\n\t\t\t\t<div class=\"elementor-element elementor-element-7683466 elementor-widget elementor-widget-text-editor\" data-id=\"7683466\" data-element_type=\"widget\" data-widget_type=\"text-editor.default\">\n\t\t\t\t\t\t\t\t\t<p>REGAR:<\/p>\n\t\t\t\t\t\t\t\t<\/div>\n\t\t\t\t<div class=\"elementor-element elementor-element-e4f522c elementor-widget elementor-widget-text-editor\" data-id=\"e4f522c\" data-element_type=\"widget\" data-widget_type=\"text-editor.default\">\n\t\t\t\t\t\t\t\t\tLos riegos deben ser abundantes y espaciados en el tiempo, m\u00e1s que breves y frecuentes, ya que las ra\u00edces se desarrollan de esta manera a mayor profundidad. Hay que regar de la forma m\u00e1s delicada posible para compactar el suelo el m\u00ednimo.\t\t\t\t\t\t\t\t<\/div>\n\t\t\t\t\t<\/div>\n\t\t\t\t<\/div>\n\t\t\t\t<\/div>\n\t\t","protected":false},"excerpt":{"rendered":"<p>Comprometidos con la tierra \u00bfC\u00f3mo trasplantar una planta? Para saber cu\u00e1ndo es necesario realizar el trasplante, hay que poner atenci\u00f3n en las ra\u00edces, si llenan o acaparan toda la maceta. Al regar el sustrato antiguo y extraer toda la planta de la maceta, podremos comprobar el nivel de crecimiento que han tenido las ra\u00edces. Si [&hellip;]<\/p>\n","protected":false},"author":1,"featured_media":0,"parent":0,"menu_order":0,"comment_status":"closed","ping_status":"closed","template":"","meta":{"_acf_changed":false,"footnotes":""},"class_list":["post-2515","page","type-page","status-publish","hentry"],"acf":[],"_links":{"self":[{"href":"https:\/\/www.terres-boix.com\/es\/wp-json\/wp\/v2\/pages\/2515","targetHints":{"allow":["GET"]}}],"collection":[{"href":"https:\/\/www.terres-boix.com\/es\/wp-json\/wp\/v2\/pages"}],"about":[{"href":"https:\/\/www.terres-boix.com\/es\/wp-json\/wp\/v2\/types\/page"}],"author":[{"embeddable":true,"href":"https:\/\/www.terres-boix.com\/es\/wp-json\/wp\/v2\/users\/1"}],"replies":[{"embeddable":true,"href":"https:\/\/www.terres-boix.com\/es\/wp-json\/wp\/v2\/comments?post=2515"}],"version-history":[{"count":0,"href":"https:\/\/www.terres-boix.com\/es\/wp-json\/wp\/v2\/pages\/2515\/revisions"}],"wp:attachment":[{"href":"https:\/\/www.terres-boix.com\/es\/wp-json\/wp\/v2\/media?parent=2515"}],"curies":[{"name":"wp","href":"https:\/\/api.w.org\/{rel}","templated":true}]}}