{"id":2513,"date":"2024-12-07T11:29:40","date_gmt":"2024-12-07T10:29:40","guid":{"rendered":"https:\/\/www.terres-boix.com\/colaboramos\/"},"modified":"2024-12-28T16:33:54","modified_gmt":"2024-12-28T15:33:54","slug":"colaboramos","status":"publish","type":"page","link":"https:\/\/www.terres-boix.com\/es\/colaboramos\/","title":{"rendered":"Colaboramos"},"content":{"rendered":"\t\t<div data-elementor-type=\"wp-page\" data-elementor-id=\"2513\" class=\"elementor elementor-2513 elementor-35\" data-elementor-post-type=\"page\">\n\t\t\t\t<div class=\"elementor-element elementor-element-96b234d e-flex e-con-boxed elementor-invisible e-con e-parent\" data-id=\"96b234d\" data-element_type=\"container\" data-settings=\"{&quot;background_background&quot;:&quot;classic&quot;,&quot;animation&quot;:&quot;fadeIn&quot;}\">\n\t\t\t\t\t<div class=\"e-con-inner\">\n\t\t\t\t<div class=\"elementor-element elementor-element-32e73a3 elementor-invisible elementor-widget elementor-widget-heading\" data-id=\"32e73a3\" data-element_type=\"widget\" data-settings=\"{&quot;_animation&quot;:&quot;fadeInUp&quot;}\" data-widget_type=\"heading.default\">\n\t\t\t\t\t<h2 class=\"elementor-heading-title elementor-size-default\">\u00bfQuieres colaborar con nosotros?<\/h2>\t\t\t\t<\/div>\n\t\t\t\t\t<\/div>\n\t\t\t\t<\/div>\n\t\t<div class=\"elementor-element elementor-element-795b26a e-flex e-con-boxed elementor-invisible e-con e-parent\" data-id=\"795b26a\" data-element_type=\"container\" data-settings=\"{&quot;background_background&quot;:&quot;classic&quot;,&quot;animation&quot;:&quot;fadeIn&quot;}\">\n\t\t\t\t\t<div class=\"e-con-inner\">\n\t\t\t\t<div class=\"elementor-element elementor-element-8724024 elementor-widget elementor-widget-heading\" data-id=\"8724024\" data-element_type=\"widget\" data-widget_type=\"heading.default\">\n\t\t\t\t\t<h2 class=\"elementor-heading-title elementor-size-default\">\u00bfQuieres colaborar con nosotros?<\/h2>\t\t\t\t<\/div>\n\t\t\t\t\t<\/div>\n\t\t\t\t<\/div>\n\t\t<div class=\"elementor-element elementor-element-5f65fca e-flex e-con-boxed e-con e-parent\" data-id=\"5f65fca\" data-element_type=\"container\">\n\t\t\t\t\t<div class=\"e-con-inner\">\n\t\t\t\t<div class=\"elementor-element elementor-element-007a0fa elementor-widget elementor-widget-text-editor\" data-id=\"007a0fa\" data-element_type=\"widget\" data-widget_type=\"text-editor.default\">\n\t\t\t\t\t\t\t\t\t<p>En Terres Boix, creemos en la fuerza de las alianzas y el valor de la colaboraci\u00f3n para impulsar proyectos innovadores y sostenibles. Si tienes una propuesta, una idea de negocio o un proyecto que encaje con nuestra filosof\u00eda de calidad, sostenibilidad y compromiso con el medio ambiente, nos encantar\u00eda escucharte.<\/p>\n<p>Estamos abiertos a colaboraciones con empresas, instituciones y profesionales del sector para desarrollar soluciones conjuntas que beneficien al mundo de la horticultura, la floricultura, la jardiner\u00eda, los centros de jardiner\u00eda y la gesti\u00f3n de los residuos vegetales. \u00a1Cont\u00e1ctanos y trabajaremos juntos para hacer crecer nuevas oportunidades!<\/p>\n\t\t\t\t\t\t\t\t<\/div>\n\t\t\t\t\t<\/div>\n\t\t\t\t<\/div>\n\t\t<div class=\"elementor-element elementor-element-875b6c9 e-flex e-con-boxed elementor-invisible e-con e-parent\" data-id=\"875b6c9\" data-element_type=\"container\" data-settings=\"{&quot;background_background&quot;:&quot;classic&quot;,&quot;animation&quot;:&quot;fadeIn&quot;}\">\n\t\t\t\t\t<div class=\"e-con-inner\">\n\t\t\t\t\t<\/div>\n\t\t\t\t<\/div>\n\t\t\t\t<\/div>\n\t\t","protected":false},"excerpt":{"rendered":"<p>\u00bfQuieres colaborar con nosotros? \u00bfQuieres colaborar con nosotros? En Terres Boix, creemos en la fuerza de las alianzas y el valor de la colaboraci\u00f3n para impulsar proyectos innovadores y sostenibles. Si tienes una propuesta, una idea de negocio o un proyecto que encaje con nuestra filosof\u00eda de calidad, sostenibilidad y compromiso con el medio ambiente, [&hellip;]<\/p>\n","protected":false},"author":1,"featured_media":0,"parent":0,"menu_order":0,"comment_status":"closed","ping_status":"closed","template":"","meta":{"_acf_changed":false,"footnotes":""},"class_list":["post-2513","page","type-page","status-publish","hentry"],"acf":[],"_links":{"self":[{"href":"https:\/\/www.terres-boix.com\/es\/wp-json\/wp\/v2\/pages\/2513","targetHints":{"allow":["GET"]}}],"collection":[{"href":"https:\/\/www.terres-boix.com\/es\/wp-json\/wp\/v2\/pages"}],"about":[{"href":"https:\/\/www.terres-boix.com\/es\/wp-json\/wp\/v2\/types\/page"}],"author":[{"embeddable":true,"href":"https:\/\/www.terres-boix.com\/es\/wp-json\/wp\/v2\/users\/1"}],"replies":[{"embeddable":true,"href":"https:\/\/www.terres-boix.com\/es\/wp-json\/wp\/v2\/comments?post=2513"}],"version-history":[{"count":0,"href":"https:\/\/www.terres-boix.com\/es\/wp-json\/wp\/v2\/pages\/2513\/revisions"}],"wp:attachment":[{"href":"https:\/\/www.terres-boix.com\/es\/wp-json\/wp\/v2\/media?parent=2513"}],"curies":[{"name":"wp","href":"https:\/\/api.w.org\/{rel}","templated":true}]}}