{"id":2505,"date":"2024-12-07T11:33:24","date_gmt":"2024-12-07T10:33:24","guid":{"rendered":"https:\/\/www.terres-boix.com\/aviso-legal\/"},"modified":"2024-12-30T22:07:12","modified_gmt":"2024-12-30T21:07:12","slug":"aviso-legal","status":"publish","type":"page","link":"https:\/\/www.terres-boix.com\/es\/aviso-legal\/","title":{"rendered":"Aviso legal"},"content":{"rendered":"\t\t<div data-elementor-type=\"wp-page\" data-elementor-id=\"2505\" class=\"elementor elementor-2505 elementor-50\" data-elementor-post-type=\"page\">\n\t\t\t\t<div class=\"elementor-element elementor-element-f4871f2 e-flex e-con-boxed e-con e-parent\" data-id=\"f4871f2\" data-element_type=\"container\" data-settings=\"{&quot;background_background&quot;:&quot;classic&quot;}\">\n\t\t\t\t\t<div class=\"e-con-inner\">\n\t\t\t\t\t<\/div>\n\t\t\t\t<\/div>\n\t\t<div class=\"elementor-element elementor-element-d181d0c e-flex e-con-boxed e-con e-parent\" data-id=\"d181d0c\" data-element_type=\"container\">\n\t\t\t\t\t<div class=\"e-con-inner\">\n\t\t\t\t<div class=\"elementor-element elementor-element-aebc4e1 elementor-widget elementor-widget-heading\" data-id=\"aebc4e1\" data-element_type=\"widget\" data-widget_type=\"heading.default\">\n\t\t\t\t\t<h2 class=\"elementor-heading-title elementor-size-default\">AVISO LEGAL<\/h2>\t\t\t\t<\/div>\n\t\t\t\t<div class=\"elementor-element elementor-element-a906fa9 elementor-widget elementor-widget-text-editor\" data-id=\"a906fa9\" data-element_type=\"widget\" data-widget_type=\"text-editor.default\">\n\t\t\t\t\t\t\t\t\t<p><strong>PROPIEDAD INTELECTUAL<br \/><\/strong>El sitio web www.terres-boix.com y sus contenidos (vg, textos, im\u00e1genes, sonido, animaciones, video y el resto de los contenidos de esta web) son propiedad de ABONOS ORGANICOS BOIX SL o terceras personas que han dado una licencia o autorizado a ABONOS ORGANICOS BOIX SL . Todos los logotipos, marcas y dise\u00f1os industriales que aparecen en este sitio web forman parte de los derechos de Propiedad Industrial e Intelectual registrados por ABONOS ORGANICOS BOIX SL o de terceras personas que han dado una licencia o autorizado a ABONOS ORGANICOS BOIX SL, quedando prohibida cualquier modalidad de explotaci\u00f3n, es decir, la reproducci\u00f3n, distribuci\u00f3n, comunicaci\u00f3n p\u00fablica y transformaci\u00f3n u otra forma de explotaci\u00f3n sin la autorizaci\u00f3n expresa de ABONOS ORGANICOS BOIX SL. Se proh\u00edbe la divulgaci\u00f3n, utilizaci\u00f3n, transmisi\u00f3n, distribuci\u00f3n, reproducci\u00f3n y transformaci\u00f3n, total o parcial, en cualquier soporte o medio de los contenidos de este sitio web sin el consentimiento previo y expreso de ABONOS ORGANICOS BOIX SL salvo que se indique expresamente otra cosa o su uso sea a t\u00edtulo personal o estrictamente necesario para el uso y visualizaci\u00f3n de los mismos desde un ordenador personal y no vulnere los derechos reconocidos de ABONOS ORGANICOS BOIX SL por la legislaci\u00f3n vigente. ABONOS ORGANICOS BOIX SL se reserva expresamente el derecho de cambiar, modificar, complementar o suprimir, parcial o totalmente, contenidos de este sitio web sin aviso previo, as\u00ed como de proceder a la suspensi\u00f3n de su publicaci\u00f3n de forma transitoria o definitiva.<br \/>ABONOS ORG\u00c1NICOS BOIX SL se reserva, asimismo, la facultad de presentar las acciones civiles o penales que considere oportunas por la utilizaci\u00f3n indebida de su sitio web y contenidos, o por el incumplimiento de las presentes condiciones.<br \/>La relaci\u00f3n entre el usuario y el prestador se regir\u00e1 por la normativa vigente y de aplicaci\u00f3n en el territorio espa\u00f1ol. De surgir cualquier controversia las partes podr\u00e1n someter sus conflictos a arbitraje o acudir a la jurisdicci\u00f3n ordinaria cumpliendo con las normas sobre jurisdicci\u00f3n y competencia al respecto. ABONOS ORG\u00c1NICOS BOIX SL tiene su domicilio en BARCELONA, Espa\u00f1a.<\/p><p><strong>INFORMACI\u00d3N ADICIONAL<\/strong><\/p><p>Para su comodidad, este sitio contiene enlaces de hipertexto con otros sitios web que pueden tener pol\u00edticas de privacidad diferentes. Le recomendamos examinar sus respectivas cl\u00e1usulas sobre protecci\u00f3n de datos. Bajo ning\u00fan concepto se intercambiar\u00e1n datos de car\u00e1cter personal con estos sitios web externos. ABONOS ORGANICOS BOIX SL no se hace responsable ni del contenido, ni de cualquier otro aspecto relacionado con sitios web pertenecientes o dirigidos por terceras personas. La inclusi\u00f3n de v\u00ednculos con otros sitios web no implica, adem\u00e1s, la existencia de ning\u00fan tipo de asociaci\u00f3n entre ABONOS ORGANICOS BOIX SL y sus titulares. Salvo autorizaci\u00f3n expresa del ABONOS ORGANICOS BOIX SL se proh\u00edbe el establecimiento de v\u00ednculos desde sitios web ajenos al ABONOS ORGANICOS BOIX SL .<\/p><p>De conformidad con el art\u00edculo 12 de la Ley 34\/2002, de 11 de julio, de Servicios de la Sociedad de la Informaci\u00f3n y Comercio Electr\u00f3nico, deberemos retener en nuestro servidor los datos de conexi\u00f3n y tr\u00e1fico generados por las comunicaciones establecidas por un per\u00edodo de doce meses.<br \/>ABONOS ORG\u00c1NICOS BOIX SL declara haber adoptado todas las medidas necesarias para evitar cualquier da\u00f1o a los usuarios de su sitio web, que pudieran derivarse de la navegaci\u00f3n por su sitio web. En consecuencia, ABONOS ORG\u00c1NICOS BOIX SL no se hace responsable, en ning\u00fan caso, de los eventuales da\u00f1os que por la navegaci\u00f3n por Internet pudiera sufrir el usuario.<\/p><p><strong>POL\u00cdTICA DE PRIVACIDAD<\/strong><\/p><p>De acuerdo con la Ley Org\u00e1nica 15\/1999, de 13 de diciembre, de Protecci\u00f3n de Datos de Car\u00e1cter Personal (en adelante \u00abLOPD\u00bb). Concretamente le informamos de la existencia de un fichero automatizado bajo responsabilidad de ABONOS ORGANICOS BOIX SL, FINCA MASSANS, s\/n 08519 TAVERNOLES. (BARCELONA) y debidamente legalizado tal y como dispone la LOPD para el almacenamiento de los datos de car\u00e1cter personal proporcionados en esta p\u00e1gina web. Podr\u00e1 ejercer su derecho de acceso, rectificaci\u00f3n, cancelaci\u00f3n y oposici\u00f3n al tratamiento de sus datos personales tal como estipula la LOPD, dirigi\u00e9ndose por correo o por fax a:<\/p><p><strong>ABONOS ORGANICOS BOIX SL<\/strong><\/p><p>FINCA MASSANS, s\/n 08519 TAVERNOLES. (BARCELONA)<br \/>B60892148<br \/>938122073<br \/>Inscrita en el Registro mercantil: Folio: 123, Tomo: 28393, Inscripci\u00f3n: B-134693.<\/p><p>Para su comodidad, tambi\u00e9n podr\u00e1 ejercitar los derechos descritos con anterioridad dirigi\u00e9ndose a la direcci\u00f3n electr\u00f3nica info@terres-boix.com comunic\u00e1ndonos como desea que sean tratados sus datos.<\/p><p>Los datos de car\u00e1cter personal facilitados por usted en comunicarse con nosotros se almacenar\u00e1n en el archivo automatizado antes mencionado bajo la responsabilidad de ABONOS ORGANICOS BOIX SL con el fin de poder prestar los servicios comerciales, consultas y otras gestiones que se pueden realizar en nuestra web. La entrada de datos err\u00f3neos o incompletos en los formularios puestos a su disposici\u00f3n puede impedirnos contactar con usted. Se presupone que usted se asegura de facilitarnos la informaci\u00f3n y los datos de car\u00e1cter personal de forma exacta y actualizada, y que nos autoriza a procesarlos bajo las condiciones mencionadas.<\/p><p>Le informamos que han sido adoptadas todas las medidas de seguridad de tipo t\u00e9cnico y organizativo necesarias para garantizar la protecci\u00f3n de sus datos de car\u00e1cter personal y evitar su alteraci\u00f3n, p\u00e9rdida, tratamiento y \/ o acceso no autorizado, habida cuenta del estado de la t\u00e9cnica, la naturaleza de los datos almacenados y los riesgos a que est\u00e1n expuestos. Con el objetivo de recibir los m\u00e1ximos servicios posibles, el Usuario autoriza expresamente que ABONOS ORGANICOS BOIX SL pueda remitirle la informaci\u00f3n de sus servicios o productos, as\u00ed como ceder sus datos de car\u00e1cter personal a terceras personas o empresas que colaboren con ABONOS ORGANICOS BOIX SL en la prestaci\u00f3n de dichos servicios, observando siempre el secreto profesional.<\/p><p><strong>Recogida de datos en la posible contrataci\u00f3n de servicios de ABONOS ORG\u00c1NICOS BOIX SL<\/strong><\/p><p>En el momento de la aceptaci\u00f3n de las condiciones de contrataci\u00f3n de los servicios de ABONOS ORG\u00c1NICOS BOIX SL, \u00e9sta precisar\u00e1 la recogida de unos datos b\u00e1sicos e imprescindibles para la prestaci\u00f3n de los servicios. En cada momento, el usuario ser\u00e1 informado de los car\u00e1cteres necesarios de la recogida de tales datos para la correcta gesti\u00f3n de la prestaci\u00f3n de servicios.<br \/>Asimismo, para la prestaci\u00f3n de los servicios, ABONOS ORG\u00c1NICOS BOIX podr\u00e1 solicitar al usuario una serie de datos complementarios a trav\u00e9s de asistencia en persona o telef\u00f3nicamente, para lo que ser\u00e1 informado, en su momento, de la recogida y tratamiento de los mismos.<br \/>Siempre que ABONOS ORG\u00c1NICOS BOIX solicite el n\u00famero de una cuenta corriente bancaria del cliente que desee contratar, lo har\u00e1 de forma cifrada y cumpliendo el m\u00e1s estricto deber de confidencialidad.<br \/>Para una mejor prestaci\u00f3n de servicios, usted autoriza a que ABONOS ORG\u00c1NICOS BOIX tenga el derecho de verificar, investigar y\/o comprobar los datos proporcionados. Usted acepta que ABONOS ORG\u00c1NICOS BOIX podr\u00e1 revelar sus datos personales, cumpliendo con lo exigido en un procedimiento u orden judicial o en un proceso legal. Adem\u00e1s, usted acepta que si ABONOS ORG\u00c1NICOS BOIX vende parte o toda la empresa o se fusiona con otra, pueda revelar su informaci\u00f3n a los nuevos socios comerciales.<\/p><p><strong>LIMITACI\u00d3N DE RESPONSABILIDAD<\/strong><\/p><p>ABONOS ORG\u00c1NICOS BOIX es responsable \u00fanicamente de la informaci\u00f3n que solicita y recaba de los usuarios que deseen contratar, no teniendo responsabilidad en ning\u00fan momento de toda otra informaci\u00f3n personal que, de manera eventual, pudiera cederse, transmitirse o facilitarse por los propios usuarios de los sitios web mediante cualquier otro mecanismo.<br \/>El sitio web de ABONOS ORG\u00c1NICOS BOIX SL proporciona gran diversidad de informaci\u00f3n, servicios y datos. El usuario asume su responsabilidad en el uso del sitio web. Esta responsabilidad se extender\u00e1 a:<br \/>&#8211; La veracidad y licitud de las informaciones aportadas por el usuario en los formularios extendidos por ABONOS ORG\u00c1NICOS BOIX SL para el acceso a ciertos contenidos o servicios ofrecidos por el web.<br \/>&#8211; El uso de la informaci\u00f3n, servicios y datos ofrecidos por ABONOS ORG\u00c1NICOS BOIX SL contrariamente o lo dispuesto por las presentes condiciones, la Ley, la moral, las buenas costumbres o el orden p\u00fablico, o que de cualquier otro modo puedan suponer lesi\u00f3n de los derechos de terceros o del mismo funcionamiento del sitio web.<\/p><p><strong>MODIFICACIONES<\/strong><\/p><p>ABONOS ORG\u00c1NICOS BOIX SL se reserva el derecho a realizar las modificaciones que considere oportunas, sin previo aviso, en el contenido de su sitio web. Tanto a la referente a los contenidos del sitio web, como en las condiciones de uso del mismo. Dichas modificaciones podr\u00e1n realizarse a trav\u00e9s de su sitio web por cualquier forma admisible en derecho y ser\u00e1n de obligado cumplimiento durante el tiempo en que se encuentren publicadas en la web y hasta que no sean modificadas v\u00e1lidamente por otras posteriores.<\/p>\t\t\t\t\t\t\t\t<\/div>\n\t\t\t\t\t<\/div>\n\t\t\t\t<\/div>\n\t\t\t\t<\/div>\n\t\t","protected":false},"excerpt":{"rendered":"<p>AVISO LEGAL PROPIEDAD INTELECTUALEl sitio web www.terres-boix.com y sus contenidos (vg, textos, im\u00e1genes, sonido, animaciones, video y el resto de los contenidos de esta web) son propiedad de ABONOS ORGANICOS BOIX SL o terceras personas que han dado una licencia o autorizado a ABONOS ORGANICOS BOIX SL . Todos los logotipos, marcas y dise\u00f1os industriales [&hellip;]<\/p>\n","protected":false},"author":1,"featured_media":0,"parent":0,"menu_order":0,"comment_status":"closed","ping_status":"closed","template":"","meta":{"_acf_changed":false,"footnotes":""},"class_list":["post-2505","page","type-page","status-publish","hentry"],"acf":[],"_links":{"self":[{"href":"https:\/\/www.terres-boix.com\/es\/wp-json\/wp\/v2\/pages\/2505","targetHints":{"allow":["GET"]}}],"collection":[{"href":"https:\/\/www.terres-boix.com\/es\/wp-json\/wp\/v2\/pages"}],"about":[{"href":"https:\/\/www.terres-boix.com\/es\/wp-json\/wp\/v2\/types\/page"}],"author":[{"embeddable":true,"href":"https:\/\/www.terres-boix.com\/es\/wp-json\/wp\/v2\/users\/1"}],"replies":[{"embeddable":true,"href":"https:\/\/www.terres-boix.com\/es\/wp-json\/wp\/v2\/comments?post=2505"}],"version-history":[{"count":0,"href":"https:\/\/www.terres-boix.com\/es\/wp-json\/wp\/v2\/pages\/2505\/revisions"}],"wp:attachment":[{"href":"https:\/\/www.terres-boix.com\/es\/wp-json\/wp\/v2\/media?parent=2505"}],"curies":[{"name":"wp","href":"https:\/\/api.w.org\/{rel}","templated":true}]}}